{"id":3,"date":"2022-10-24T23:31:41","date_gmt":"2022-10-24T23:31:41","guid":{"rendered":"https:\/\/mobzin.com\/?page_id=3"},"modified":"2023-10-31T07:48:30","modified_gmt":"2023-10-31T07:48:30","slug":"%d0%bf%d0%be%d0%bb%d0%b8%d1%82%d0%b8%d0%ba%d0%b0-%d0%b7%d0%b0-%d0%bf%d0%be%d0%b2%d0%b5%d1%80%d0%b8%d1%82%d0%b5%d0%bb%d0%bd%d0%be%d1%81%d1%82","status":"publish","type":"page","link":"https:\/\/mobzin.com\/bg\/%d0%bf%d0%be%d0%bb%d0%b8%d1%82%d0%b8%d0%ba%d0%b0-%d0%b7%d0%b0-%d0%bf%d0%be%d0%b2%d0%b5%d1%80%d0%b8%d1%82%d0%b5%d0%bb%d0%bd%d0%be%d1%81%d1%82\/","title":{"rendered":"\u041f\u043e\u043b\u0438\u0442\u0438\u043a\u0430 \u0437\u0430 \u043f\u043e\u0432\u0435\u0440\u0438\u0442\u0435\u043b\u043d\u043e\u0441\u0442"},"content":{"rendered":"<p>\u0412\u0430\u0448\u0430\u0442\u0430 \u043f\u043e\u0432\u0435\u0440\u0438\u0442\u0435\u043b\u043d\u043e\u0441\u0442 \u0435 \u0432\u0430\u0436\u043d\u0430 \u0437\u0430 \u043d\u0430\u0441. \u041f\u043e\u043b\u0438\u0442\u0438\u043a\u0430 \u043d\u0430 Mobzin \u0435 \u0434\u0430 \u0443\u0432\u0430\u0436\u0430\u0432\u0430 \u0432\u0430\u0448\u0430\u0442\u0430 \u043f\u043e\u0432\u0435\u0440\u0438\u0442\u0435\u043b\u043d\u043e\u0441\u0442 \u043f\u043e \u043e\u0442\u043d\u043e\u0448\u0435\u043d\u0438\u0435 \u043d\u0430 \u0432\u0441\u044f\u043a\u0430 \u0438\u043d\u0444\u043e\u0440\u043c\u0430\u0446\u0438\u044f, \u043a\u043e\u044f\u0442\u043e \u043c\u043e\u0436\u0435\u043c \u0434\u0430 \u0441\u044a\u0431\u0435\u0440\u0435\u043c \u043e\u0442 \u0432\u0430\u0441 \u043d\u0430 \u0443\u0435\u0431\u0441\u0430\u0439\u0442\u0430 <a href=\"https:\/\/mobzin.com\/bg\/\">\u043c\u043e\u0431\u0437\u0438\u043d<\/a>, \u0438 \u0434\u0440\u0443\u0433\u0438 \u0441\u0430\u0439\u0442\u043e\u0432\u0435, \u043a\u043e\u0438\u0442\u043e \u043f\u0440\u0438\u0442\u0435\u0436\u0430\u0432\u0430\u043c\u0435 \u0438 \u043e\u043f\u0435\u0440\u0438\u0440\u0430\u043c\u0435.<\/p>\n\n\n\n<p>\u041d\u0438\u0435 \u0438\u0437\u0438\u0441\u043a\u0432\u0430\u043c\u0435 \u043b\u0438\u0447\u043d\u0430 \u0438\u043d\u0444\u043e\u0440\u043c\u0430\u0446\u0438\u044f \u0441\u0430\u043c\u043e \u043a\u043e\u0433\u0430\u0442\u043e \u043d\u0430\u0438\u0441\u0442\u0438\u043d\u0430 \u0441\u0435 \u043d\u0443\u0436\u0434\u0430\u0435\u043c \u043e\u0442 \u043d\u0435\u044f, \u0437\u0430 \u0434\u0430 \u0432\u0438 \u043f\u0440\u0435\u0434\u043e\u0441\u0442\u0430\u0432\u0438\u043c \u0443\u0441\u043b\u0443\u0433\u0430. \u041d\u0438\u0435 \u043f\u0440\u0430\u0432\u0438\u043c \u0442\u043e\u0432\u0430 \u0441 \u0447\u0435\u0441\u0442\u043d\u0438 \u0438 \u0437\u0430\u043a\u043e\u043d\u043d\u0438 \u0441\u0440\u0435\u0434\u0441\u0442\u0432\u0430, \u0441 \u0432\u0430\u0448\u0435\u0442\u043e \u0437\u043d\u0430\u043d\u0438\u0435 \u0438 \u0441\u044a\u0433\u043b\u0430\u0441\u0438\u0435. \u0421\u044a\u0449\u043e \u0442\u0430\u043a\u0430 \u0432\u0438 \u043a\u0430\u0437\u0432\u0430\u043c\u0435 \u0437\u0430\u0449\u043e \u0433\u043e \u0441\u044a\u0431\u0438\u0440\u0430\u043c\u0435 \u0438 \u043a\u0430\u043a \u0449\u0435 \u0441\u0435 \u0438\u0437\u043f\u043e\u043b\u0437\u0432\u0430.<\/p>\n\n\n\n<p>\u041d\u0438\u0435 \u0441\u044a\u0445\u0440\u0430\u043d\u044f\u0432\u0430\u043c\u0435 \u0441\u044a\u0431\u0440\u0430\u043d\u0430\u0442\u0430 \u0438\u043d\u0444\u043e\u0440\u043c\u0430\u0446\u0438\u044f \u0441\u0430\u043c\u043e \u0442\u043e\u043b\u043a\u043e\u0432\u0430 \u0434\u044a\u043b\u0433\u043e, \u043a\u043e\u043b\u043a\u043e\u0442\u043e \u0435 \u043d\u0435\u043e\u0431\u0445\u043e\u0434\u0438\u043c\u043e \u0437\u0430 \u043f\u0440\u0435\u0434\u043e\u0441\u0442\u0430\u0432\u044f\u043d\u0435 \u043d\u0430 \u0438\u0441\u043a\u0430\u043d\u0430\u0442\u0430 \u0443\u0441\u043b\u0443\u0433\u0430. \u041a\u043e\u0433\u0430\u0442\u043e \u0441\u044a\u0445\u0440\u0430\u043d\u044f\u0432\u0430\u043c\u0435 \u0434\u0430\u043d\u043d\u0438, \u043d\u0438\u0435 \u0433\u0438 \u0437\u0430\u0449\u0438\u0442\u0430\u0432\u0430\u043c\u0435 \u0441 \u0442\u044a\u0440\u0433\u043e\u0432\u0441\u043a\u0438 \u043f\u0440\u0438\u0435\u043c\u043b\u0438\u0432\u0438 \u0441\u0440\u0435\u0434\u0441\u0442\u0432\u0430, \u0437\u0430 \u0434\u0430 \u043f\u0440\u0435\u0434\u043e\u0442\u0432\u0440\u0430\u0442\u0438\u043c \u0437\u0430\u0433\u0443\u0431\u0430 \u0438 \u043a\u0440\u0430\u0436\u0431\u0430, \u043a\u0430\u043a\u0442\u043e \u0438 \u043d\u0435\u043e\u0442\u043e\u0440\u0438\u0437\u0438\u0440\u0430\u043d \u0434\u043e\u0441\u0442\u044a\u043f, \u0440\u0430\u0437\u043a\u0440\u0438\u0432\u0430\u043d\u0435, \u043a\u043e\u043f\u0438\u0440\u0430\u043d\u0435, \u0438\u0437\u043f\u043e\u043b\u0437\u0432\u0430\u043d\u0435 \u0438\u043b\u0438 \u043c\u043e\u0434\u0438\u0444\u0438\u043a\u0430\u0446\u0438\u044f.<\/p>\n\n\n\n<p>\u041d\u0438\u0435 \u043d\u0435 \u0441\u043f\u043e\u0434\u0435\u043b\u044f\u043c\u0435 \u0438\u043d\u0444\u043e\u0440\u043c\u0430\u0446\u0438\u044f, \u043a\u043e\u044f\u0442\u043e \u043c\u043e\u0436\u0435 \u0434\u0430 \u0432\u0438 \u0438\u0434\u0435\u043d\u0442\u0438\u0444\u0438\u0446\u0438\u0440\u0430 \u043b\u0438\u0447\u043d\u043e, \u043f\u0443\u0431\u043b\u0438\u0447\u043d\u043e \u0438\u043b\u0438 \u0441 \u0442\u0440\u0435\u0442\u0438 \u0441\u0442\u0440\u0430\u043d\u0438, \u043e\u0441\u0432\u0435\u043d \u043a\u043e\u0433\u0430\u0442\u043e \u0442\u043e\u0432\u0430 \u0441\u0435 \u0438\u0437\u0438\u0441\u043a\u0432\u0430 \u043e\u0442 \u0437\u0430\u043a\u043e\u043d\u0430.<\/p>\n\n\n\n<p>\u041d\u0430\u0448\u0438\u044f\u0442 \u0443\u0435\u0431\u0441\u0430\u0439\u0442 \u043c\u043e\u0436\u0435 \u0434\u0430 \u0438\u043c\u0430 \u0432\u0440\u044a\u0437\u043a\u0438 \u043a\u044a\u043c \u0432\u044a\u043d\u0448\u043d\u0438 \u0443\u0435\u0431\u0441\u0430\u0439\u0442\u043e\u0432\u0435, \u043a\u043e\u0438\u0442\u043e \u043d\u0435 \u0441\u0435 \u0443\u043f\u0440\u0430\u0432\u043b\u044f\u0432\u0430\u0442 \u043e\u0442 \u043d\u0430\u0441. \u041c\u043e\u043b\u044f, \u0438\u043c\u0430\u0439\u0442\u0435 \u043f\u0440\u0435\u0434\u0432\u0438\u0434, \u0447\u0435 \u043d\u0438\u0435 \u043d\u044f\u043c\u0430\u043c\u0435 \u043a\u043e\u043d\u0442\u0440\u043e\u043b \u0432\u044a\u0440\u0445\u0443 \u0441\u044a\u0434\u044a\u0440\u0436\u0430\u043d\u0438\u0435\u0442\u043e \u0438 \u043f\u0440\u0430\u043a\u0442\u0438\u043a\u0438\u0442\u0435 \u043d\u0430 \u0442\u0435\u0437\u0438 \u0441\u0430\u0439\u0442\u043e\u0432\u0435 \u0438 \u043d\u0435 \u043c\u043e\u0436\u0435\u043c \u0434\u0430 \u043f\u043e\u0435\u043c\u0435\u043c \u043e\u0442\u0433\u043e\u0432\u043e\u0440\u043d\u043e\u0441\u0442 \u0437\u0430 \u0441\u044a\u043e\u0442\u0432\u0435\u0442\u043d\u0438\u0442\u0435 \u0438\u043c \u043f\u043e\u043b\u0438\u0442\u0438\u043a\u0438 \u0437\u0430 \u043f\u043e\u0432\u0435\u0440\u0438\u0442\u0435\u043b\u043d\u043e\u0441\u0442.<\/p>\n\n\n\n<p>\u0412\u0438\u0435 \u0441\u0442\u0435 \u0441\u0432\u043e\u0431\u043e\u0434\u043d\u0438 \u0434\u0430 \u043e\u0442\u043a\u0430\u0436\u0435\u0442\u0435 \u043d\u0430\u0448\u0435\u0442\u043e \u0438\u0441\u043a\u0430\u043d\u0435 \u0437\u0430 \u0432\u0430\u0448\u0430\u0442\u0430 \u043b\u0438\u0447\u043d\u0430 \u0438\u043d\u0444\u043e\u0440\u043c\u0430\u0446\u0438\u044f, \u043a\u0430\u0442\u043e \u0441\u0435 \u0440\u0430\u0437\u0431\u0438\u0440\u0430, \u0447\u0435 \u043c\u043e\u0436\u0435 \u0434\u0430 \u043d\u0435 \u0441\u043c\u0435 \u0432 \u0441\u044a\u0441\u0442\u043e\u044f\u043d\u0438\u0435 \u0434\u0430 \u0432\u0438 \u043f\u0440\u0435\u0434\u043e\u0441\u0442\u0430\u0432\u0438\u043c \u043d\u044f\u043a\u043e\u0438 \u043e\u0442 \u0436\u0435\u043b\u0430\u043d\u0438\u0442\u0435 \u043e\u0442 \u0432\u0430\u0441 \u0443\u0441\u043b\u0443\u0433\u0438.<\/p>\n\n\n\n<p>\u041f\u0440\u043e\u0434\u044a\u043b\u0436\u0430\u0432\u0430\u0449\u043e\u0442\u043e \u0432\u0438 \u0438\u0437\u043f\u043e\u043b\u0437\u0432\u0430\u043d\u0435 \u043d\u0430 \u043d\u0430\u0448\u0438\u044f \u0443\u0435\u0431\u0441\u0430\u0439\u0442 \u0449\u0435 \u0441\u0435 \u0441\u0447\u0438\u0442\u0430 \u0437\u0430 \u043f\u0440\u0438\u0435\u043c\u0430\u043d\u0435 \u043d\u0430 \u043d\u0430\u0448\u0438\u0442\u0435 \u043f\u0440\u0430\u043a\u0442\u0438\u043a\u0438 \u043e\u0442\u043d\u043e\u0441\u043d\u043e \u043f\u043e\u0432\u0435\u0440\u0438\u0442\u0435\u043b\u043d\u043e\u0441\u0442\u0442\u0430 \u0438 \u043b\u0438\u0447\u043d\u0430\u0442\u0430 \u0438\u043d\u0444\u043e\u0440\u043c\u0430\u0446\u0438\u044f. \u0410\u043a\u043e \u0438\u043c\u0430\u0442\u0435 \u0432\u044a\u043f\u0440\u043e\u0441\u0438 \u043e\u0442\u043d\u043e\u0441\u043d\u043e \u0442\u043e\u0432\u0430 \u043a\u0430\u043a \u043e\u0431\u0440\u0430\u0431\u043e\u0442\u0432\u0430\u043c\u0435 \u043f\u043e\u0442\u0440\u0435\u0431\u0438\u0442\u0435\u043b\u0441\u043a\u0438 \u0434\u0430\u043d\u043d\u0438 \u0438 \u043b\u0438\u0447\u043d\u0430 \u0438\u043d\u0444\u043e\u0440\u043c\u0430\u0446\u0438\u044f, \u043c\u043e\u043b\u044f, \u0441\u0432\u044a\u0440\u0436\u0435\u0442\u0435 \u0441\u0435 \u0441 \u043d\u0430\u0441.<\/p>\n\n\n\n<ul class=\"wp-block-list\">\n<li>\u0423\u0441\u043b\u0443\u0433\u0430\u0442\u0430 Google AdSense, \u043a\u043e\u044f\u0442\u043e \u0438\u0437\u043f\u043e\u043b\u0437\u0432\u0430\u043c\u0435 \u0437\u0430 \u043f\u043e\u043a\u0430\u0437\u0432\u0430\u043d\u0435 \u043d\u0430 \u0440\u0435\u043a\u043b\u0430\u043c\u0438, \u0438\u0437\u043f\u043e\u043b\u0437\u0432\u0430 \u0431\u0438\u0441\u043a\u0432\u0438\u0442\u043a\u0430 DoubleClick, \u0437\u0430 \u0434\u0430 \u043f\u043e\u043a\u0430\u0437\u0432\u0430 \u043f\u043e-\u043f\u043e\u0434\u0445\u043e\u0434\u044f\u0449\u0438 \u0440\u0435\u043a\u043b\u0430\u043c\u0438 \u0432 \u043c\u0440\u0435\u0436\u0430\u0442\u0430 \u0438 \u0434\u0430 \u043e\u0433\u0440\u0430\u043d\u0438\u0447\u0430\u0432\u0430 \u0431\u0440\u043e\u044f \u043f\u044a\u0442\u0438, \u0432 \u043a\u043e\u0438\u0442\u043e \u0434\u0430\u0434\u0435\u043d\u0430 \u0440\u0435\u043a\u043b\u0430\u043c\u0430 \u0432\u0438 \u0441\u0435 \u043f\u043e\u043a\u0430\u0437\u0432\u0430.<\/li>\n\n\n\n<li>\u0417\u0430 \u043f\u043e\u0432\u0435\u0447\u0435 \u0438\u043d\u0444\u043e\u0440\u043c\u0430\u0446\u0438\u044f \u043e\u0442\u043d\u043e\u0441\u043d\u043e Google AdSense \u0432\u0438\u0436\u0442\u0435 \u043e\u0444\u0438\u0446\u0438\u0430\u043b\u043d\u0438\u0442\u0435 \u0447\u0435\u0441\u0442\u043e \u0437\u0430\u0434\u0430\u0432\u0430\u043d\u0438 \u0432\u044a\u043f\u0440\u043e\u0441\u0438 \u043e\u0442\u043d\u043e\u0441\u043d\u043e \u043f\u043e\u0432\u0435\u0440\u0438\u0442\u0435\u043b\u043d\u043e\u0441\u0442\u0442\u0430 \u043d\u0430 Google AdSense.<\/li>\n\n\n\n<li>\u041d\u0438\u0435 \u0438\u0437\u043f\u043e\u043b\u0437\u0432\u0430\u043c\u0435 \u0440\u0435\u043a\u043b\u0430\u043c\u0438, \u0437\u0430 \u0434\u0430 \u043a\u043e\u043c\u043f\u0435\u043d\u0441\u0438\u0440\u0430\u043c\u0435 \u0440\u0430\u0437\u0445\u043e\u0434\u0438\u0442\u0435 \u0437\u0430 \u043f\u043e\u0434\u0434\u044a\u0440\u0436\u0430\u043d\u0435 \u043d\u0430 \u0442\u043e\u0437\u0438 \u0441\u0430\u0439\u0442 \u0438 \u0434\u0430 \u043e\u0441\u0438\u0433\u0443\u0440\u0438\u043c \u0444\u0438\u043d\u0430\u043d\u0441\u0438\u0440\u0430\u043d\u0435 \u0437\u0430 \u0431\u044a\u0434\u0435\u0449\u043e \u0440\u0430\u0437\u0432\u0438\u0442\u0438\u0435. \u041f\u043e\u0432\u0435\u0434\u0435\u043d\u0447\u0435\u0441\u043a\u0438\u0442\u0435 \u0440\u0435\u043a\u043b\u0430\u043c\u043d\u0438 \u0431\u0438\u0441\u043a\u0432\u0438\u0442\u043a\u0438, \u0438\u0437\u043f\u043e\u043b\u0437\u0432\u0430\u043d\u0438 \u043e\u0442 \u0442\u043e\u0437\u0438 \u0441\u0430\u0439\u0442, \u0441\u0430 \u043f\u0440\u0435\u0434\u043d\u0430\u0437\u043d\u0430\u0447\u0435\u043d\u0438 \u0434\u0430 \u0433\u0430\u0440\u0430\u043d\u0442\u0438\u0440\u0430\u0442, \u0447\u0435 \u0432\u0438 \u043f\u0440\u0435\u0434\u043e\u0441\u0442\u0430\u0432\u044f\u043c\u0435 \u043d\u0430\u0439-\u043f\u043e\u0434\u0445\u043e\u0434\u044f\u0449\u0438\u0442\u0435 \u0440\u0435\u043a\u043b\u0430\u043c\u0438, \u043a\u044a\u0434\u0435\u0442\u043e \u0435 \u0432\u044a\u0437\u043c\u043e\u0436\u043d\u043e, \u043a\u0430\u0442\u043e \u0430\u043d\u043e\u043d\u0438\u043c\u043d\u043e \u043f\u0440\u043e\u0441\u043b\u0435\u0434\u044f\u0432\u0430\u043c\u0435 \u0432\u0430\u0448\u0438\u0442\u0435 \u0438\u043d\u0442\u0435\u0440\u0435\u0441\u0438 \u0438 \u043f\u0440\u0435\u0434\u0441\u0442\u0430\u0432\u044f\u043c\u0435 \u043f\u043e\u0434\u043e\u0431\u043d\u0438 \u043d\u0435\u0449\u0430, \u043a\u043e\u0438\u0442\u043e \u043c\u043e\u0436\u0435 \u0434\u0430 \u043f\u0440\u0435\u0434\u0441\u0442\u0430\u0432\u043b\u044f\u0432\u0430\u0442 \u0438\u043d\u0442\u0435\u0440\u0435\u0441 \u0437\u0430 \u0432\u0430\u0441.<\/li>\n\n\n\n<li>\u041d\u044f\u043a\u043e\u043b\u043a\u043e \u043f\u0430\u0440\u0442\u043d\u044c\u043e\u0440\u0430 \u0440\u0435\u043a\u043b\u0430\u043c\u0438\u0440\u0430\u0442 \u043e\u0442 \u043d\u0430\u0448\u0435 \u0438\u043c\u0435 \u0438 \u0431\u0438\u0441\u043a\u0432\u0438\u0442\u043a\u0438\u0442\u0435 \u0437\u0430 \u043f\u0440\u043e\u0441\u043b\u0435\u0434\u044f\u0432\u0430\u043d\u0435 \u043d\u0430 \u0430\u0444\u0438\u043b\u0438\u0435\u0439\u0442 \u043f\u0440\u043e\u0441\u0442\u043e \u043d\u0438 \u043f\u043e\u0437\u0432\u043e\u043b\u044f\u0432\u0430\u0442 \u0434\u0430 \u0432\u0438\u0434\u0438\u043c \u0434\u0430\u043b\u0438 \u043a\u043b\u0438\u0435\u043d\u0442\u0438\u0442\u0435 \u043d\u0438 \u0441\u0430 \u0432\u043b\u0435\u0437\u043b\u0438 \u0432 \u0441\u0430\u0439\u0442\u0430 \u043f\u0440\u0435\u0437 \u043d\u044f\u043a\u043e\u0439 \u043e\u0442 \u0441\u0430\u0439\u0442\u043e\u0432\u0435\u0442\u0435 \u043d\u0430 \u043d\u0430\u0448\u0438\u0442\u0435 \u043f\u0430\u0440\u0442\u043d\u044c\u043e\u0440\u0438, \u0442\u0430\u043a\u0430 \u0447\u0435 \u0434\u0430 \u043c\u043e\u0436\u0435\u043c \u0434\u0430 \u0433\u0438 \u043a\u0440\u0435\u0434\u0438\u0442\u0438\u0440\u0430\u043c\u0435 \u043f\u043e \u043f\u043e\u0434\u0445\u043e\u0434\u044f\u0449 \u043d\u0430\u0447\u0438\u043d \u0438, \u043a\u043e\u0433\u0430\u0442\u043e \u0435 \u043f\u0440\u0438\u043b\u043e\u0436\u0438\u043c\u043e, \u0434\u0430 \u043f\u043e\u0437\u0432\u043e\u043b\u0438\u043c \u043d\u0430 \u043d\u0430\u0448\u0438\u0442\u0435 \u0430\u0444\u0438\u043b\u0438\u0435\u0439\u0442 \u043f\u0430\u0440\u0442\u043d\u044c\u043e\u0440\u0438 \u0434\u0430 \u043f\u0440\u0435\u0434\u043b\u043e\u0436\u0430\u0442 \u0432\u0441\u044f\u043a\u0430 \u043f\u0440\u043e\u043c\u043e\u0446\u0438\u044f, \u043a\u043e\u044f\u0442\u043e \u043c\u043e\u0436\u0435 \u0434\u0430 \u0432\u0438 \u043f\u0440\u0435\u0434\u043e\u0441\u0442\u0430\u0432\u0438 \u0434\u0430 \u043d\u0430\u043f\u0440\u0430\u0432\u0438\u0442\u0435 \u043f\u043e\u043a\u0443\u043f\u043a\u0430.<\/li>\n<\/ul>\n\n\n\n<h3 class=\"wp-block-heading\">\u041f\u043e\u0442\u0440\u0435\u0431\u0438\u0442\u0435\u043b\u0441\u043a\u0438 \u0430\u043d\u0433\u0430\u0436\u0438\u043c\u0435\u043d\u0442<\/h3>\n\n\n\n<p>\u041f\u043e\u0442\u0440\u0435\u0431\u0438\u0442\u0435\u043b\u044f\u0442 \u0441\u0435 \u0437\u0430\u0434\u044a\u043b\u0436\u0430\u0432\u0430 \u0434\u0430 \u0438\u0437\u043f\u043e\u043b\u0437\u0432\u0430 \u043f\u043e \u043f\u043e\u0434\u0445\u043e\u0434\u044f\u0449 \u043d\u0430\u0447\u0438\u043d \u0441\u044a\u0434\u044a\u0440\u0436\u0430\u043d\u0438\u0435\u0442\u043e \u0438 \u0438\u043d\u0444\u043e\u0440\u043c\u0430\u0446\u0438\u044f\u0442\u0430, \u043a\u043e\u0438\u0442\u043e Mobzin \u043f\u0440\u0435\u0434\u043b\u0430\u0433\u0430 \u043d\u0430 \u0443\u0435\u0431\u0441\u0430\u0439\u0442\u0430 \u0438 \u0441 \u0438\u0437\u044f\u0441\u043d\u0438\u0442\u0435\u043b\u0435\u043d, \u043d\u043e \u043d\u0435 \u043e\u0433\u0440\u0430\u043d\u0438\u0447\u0430\u0432\u0430\u0449 \u0445\u0430\u0440\u0430\u043a\u0442\u0435\u0440:<\/p>\n\n\n\n<ul class=\"wp-block-list\">\n<li>\u0410) \u0414\u0430 \u043d\u0435 \u0443\u0447\u0430\u0441\u0442\u0432\u0430 \u0432 \u0434\u0435\u0439\u043d\u043e\u0441\u0442\u0438, \u043a\u043e\u0438\u0442\u043e \u0441\u0430 \u043d\u0435\u0437\u0430\u043a\u043e\u043d\u043d\u0438 \u0438\u043b\u0438 \u043f\u0440\u043e\u0442\u0438\u0432\u043e\u0440\u0435\u0447\u0430\u0442 \u043d\u0430 \u0434\u043e\u0431\u0440\u043e\u0441\u044a\u0432\u0435\u0441\u0442\u043d\u043e\u0441\u0442\u0442\u0430 \u0438 \u043e\u0431\u0449\u0435\u0441\u0442\u0432\u0435\u043d\u0438\u044f \u0440\u0435\u0434;<\/li>\n\n\n\n<li>\u0411) \u041d\u0435 \u0440\u0430\u0437\u043f\u0440\u043e\u0441\u0442\u0440\u0430\u043d\u044f\u0432\u0430\u0439\u0442\u0435 \u043f\u0440\u043e\u043f\u0430\u0433\u0430\u043d\u0434\u0430 \u0438\u043b\u0438 \u0441\u044a\u0434\u044a\u0440\u0436\u0430\u043d\u0438\u0435 \u0441 \u0440\u0430\u0441\u0438\u0441\u0442\u043a\u0438, \u043a\u0441\u0435\u043d\u043e\u0444\u043e\u0431\u0441\u043a\u0438, \u0431\u0435\u0442\u0430\u043d\u043e \u0438\u043b\u0438 \u043b\u043e\u0448 \u0445\u0430\u0440\u0430\u043a\u0442\u0435\u0440, \u043a\u0430\u043a\u044a\u0432\u0442\u043e \u0438 \u0434\u0430 \u0435 \u0432\u0438\u0434 \u043d\u0435\u0437\u0430\u043a\u043e\u043d\u043d\u0430 \u043f\u043e\u0440\u043d\u043e\u0433\u0440\u0430\u0444\u0438\u044f, \u0432 \u043f\u043e\u0434\u043a\u0440\u0435\u043f\u0430 \u043d\u0430 \u0442\u0435\u0440\u043e\u0440\u0438\u0437\u043c\u0430 \u0438\u043b\u0438 \u043f\u0440\u043e\u0442\u0438\u0432 \u0447\u043e\u0432\u0435\u0448\u043a\u0438\u0442\u0435 \u043f\u0440\u0430\u0432\u0430;<\/li>\n\n\n\n<li>C) \u041d\u0435 \u043f\u0440\u0438\u0447\u0438\u043d\u044f\u0432\u0430\u0439\u0442\u0435 \u0449\u0435\u0442\u0438 \u043d\u0430 \u0444\u0438\u0437\u0438\u0447\u0435\u0441\u043a\u0438\u0442\u0435 (\u0445\u0430\u0440\u0434\u0443\u0435\u0440\u043d\u0438) \u0438 \u043b\u043e\u0433\u0438\u0447\u0435\u0441\u043a\u0438 (\u0441\u043e\u0444\u0442\u0443\u0435\u0440\u043d\u0438) \u0441\u0438\u0441\u0442\u0435\u043c\u0438 \u043d\u0430 Mobzin, \u043d\u0435\u0433\u043e\u0432\u0438\u0442\u0435 \u0434\u043e\u0441\u0442\u0430\u0432\u0447\u0438\u0446\u0438 \u0438\u043b\u0438 \u0442\u0440\u0435\u0442\u0438 \u0441\u0442\u0440\u0430\u043d\u0438, \u0437\u0430 \u0434\u0430 \u0432\u044a\u0432\u0435\u0436\u0434\u0430\u0442\u0435 \u0438\u043b\u0438 \u0440\u0430\u0437\u043f\u0440\u043e\u0441\u0442\u0440\u0430\u043d\u044f\u0432\u0430\u0442\u0435 \u043a\u043e\u043c\u043f\u044e\u0442\u044a\u0440\u043d\u0438 \u0432\u0438\u0440\u0443\u0441\u0438 \u0438\u043b\u0438 \u0434\u0440\u0443\u0433\u0438 \u0445\u0430\u0440\u0434\u0443\u0435\u0440\u043d\u0438 \u0438\u043b\u0438 \u0441\u043e\u0444\u0442\u0443\u0435\u0440\u043d\u0438 \u0441\u0438\u0441\u0442\u0435\u043c\u0438, \u043a\u043e\u0438\u0442\u043e \u043c\u043e\u0433\u0430\u0442 \u0434\u0430 \u043f\u0440\u0438\u0447\u0438\u043d\u044f\u0442 \u0433\u043e\u0440\u0435\u0441\u043f\u043e\u043c\u0435\u043d\u0430\u0442\u0438\u0442\u0435 \u0449\u0435\u0442\u0438.<\/li>\n<\/ul>\n\n\n\n<h3 class=\"wp-block-heading\">\u041f\u043e\u0432\u0435\u0447\u0435 \u0438\u043d\u0444\u043e\u0440\u043c\u0430\u0446\u0438\u044f<\/h3>\n\n\n\n<p>\u041d\u0430\u0434\u044f\u0432\u0430\u043c\u0435 \u0441\u0435, \u0447\u0435 \u0442\u043e\u0432\u0430 \u0435 \u044f\u0441\u043d\u043e \u0438 \u043a\u0430\u043a\u0442\u043e \u0441\u043f\u043e\u043c\u0435\u043d\u0430\u0445\u043c\u0435 \u043f\u043e-\u0440\u0430\u043d\u043e, \u0430\u043a\u043e \u0438\u043c\u0430 \u043d\u0435\u0449\u043e, \u0437\u0430 \u043a\u043e\u0435\u0442\u043e \u043d\u0435 \u0441\u0442\u0435 \u0441\u0438\u0433\u0443\u0440\u043d\u0438 \u0434\u0430\u043b\u0438 \u0438\u043c\u0430\u0442\u0435 \u043d\u0443\u0436\u0434\u0430 \u0438\u043b\u0438 \u043d\u0435, \u043e\u0431\u0438\u043a\u043d\u043e\u0432\u0435\u043d\u043e \u0435 \u043f\u043e-\u0431\u0435\u0437\u043e\u043f\u0430\u0441\u043d\u043e \u0434\u0430 \u043e\u0441\u0442\u0430\u0432\u0438\u0442\u0435 \u0431\u0438\u0441\u043a\u0432\u0438\u0442\u043a\u0438\u0442\u0435 \u0430\u043a\u0442\u0438\u0432\u0438\u0440\u0430\u043d\u0438, \u0432 \u0441\u043b\u0443\u0447\u0430\u0439 \u0447\u0435 \u0432\u0437\u0430\u0438\u043c\u043e\u0434\u0435\u0439\u0441\u0442\u0432\u0430\u0442 \u0441 \u043d\u044f\u043a\u043e\u044f \u043e\u0442 \u0444\u0443\u043d\u043a\u0446\u0438\u0438\u0442\u0435, \u043a\u043e\u0438\u0442\u043e \u0438\u0437\u043f\u043e\u043b\u0437\u0432\u0430\u0442\u0435 \u043d\u0430 \u043d\u0430\u0448\u0438\u044f \u0441\u0430\u0439\u0442.<\/p>\n\n\n\n<p>\u0422\u0430\u0437\u0438 \u043f\u043e\u043b\u0438\u0442\u0438\u043a\u0430 \u0435 \u0432 \u0441\u0438\u043b\u0430 \u043e\u0442 16 \u0430\u043f\u0440\u0438\u043b 2023 \u0433. 22:42<\/p>\n\n\n\n<p><\/p>","protected":false},"excerpt":{"rendered":"<p>A sua privacidade \u00e9 importante para n\u00f3s. \u00c9 pol\u00edtica do Mobzin respeitar a sua privacidade em rela\u00e7\u00e3o a qualquer informa\u00e7\u00e3o sua que possamos coletar no site mobzin, e outros sites que possu\u00edmos e operamos. Solicitamos informa\u00e7\u00f5es pessoais apenas quando realmente precisamos delas para lhe fornecer um servi\u00e7o. Fazemo-lo por meios justos e legais, com o [&hellip;]<\/p>\n","protected":false},"author":4,"featured_media":0,"parent":0,"menu_order":0,"comment_status":"closed","ping_status":"closed","template":"","meta":{"footnotes":""},"class_list":["post-3","page","type-page","status-publish"],"_links":{"self":[{"href":"https:\/\/mobzin.com\/bg\/wp-json\/wp\/v2\/pages\/3","targetHints":{"allow":["GET"]}}],"collection":[{"href":"https:\/\/mobzin.com\/bg\/wp-json\/wp\/v2\/pages"}],"about":[{"href":"https:\/\/mobzin.com\/bg\/wp-json\/wp\/v2\/types\/page"}],"author":[{"embeddable":true,"href":"https:\/\/mobzin.com\/bg\/wp-json\/wp\/v2\/users\/4"}],"replies":[{"embeddable":true,"href":"https:\/\/mobzin.com\/bg\/wp-json\/wp\/v2\/comments?post=3"}],"version-history":[{"count":4,"href":"https:\/\/mobzin.com\/bg\/wp-json\/wp\/v2\/pages\/3\/revisions"}],"predecessor-version":[{"id":465,"href":"https:\/\/mobzin.com\/bg\/wp-json\/wp\/v2\/pages\/3\/revisions\/465"}],"wp:attachment":[{"href":"https:\/\/mobzin.com\/bg\/wp-json\/wp\/v2\/media?parent=3"}],"curies":[{"name":"wp","href":"https:\/\/api.w.org\/{rel}","templated":true}]}}