{"id":3,"date":"2022-10-24T23:31:41","date_gmt":"2022-10-24T23:31:41","guid":{"rendered":"https:\/\/mobzin.com\/?page_id=3"},"modified":"2023-10-31T07:48:30","modified_gmt":"2023-10-31T07:48:30","slug":"zasady-ochrany-osobnich-udaju","status":"publish","type":"page","link":"https:\/\/mobzin.com\/cs\/zasady-ochrany-osobnich-udaju\/","title":{"rendered":"Z\u00e1sady ochrany osobn\u00edch \u00fadaj\u016f"},"content":{"rendered":"<p>Va\u0161e soukrom\u00ed je pro n\u00e1s d\u016fle\u017eit\u00e9. Z\u00e1sadou spole\u010dnosti Mobzin je respektovat va\u0161e soukrom\u00ed, pokud jde o jak\u00e9koli informace, kter\u00e9 od v\u00e1s m\u016f\u017eeme na webu shrom\u00e1\u017edit <a href=\"https:\/\/mobzin.com\/cs\/\">mobzin<\/a>a dal\u0161\u00ed str\u00e1nky, kter\u00e9 vlastn\u00edme a provozujeme.<\/p>\n\n\n\n<p>Osobn\u00ed \u00fadaje po\u017eadujeme pouze tehdy, kdy\u017e je skute\u010dn\u011b pot\u0159ebujeme k tomu, abychom v\u00e1m mohli poskytnout slu\u017ebu. \u010cin\u00edme tak spravedliv\u00fdmi a z\u00e1konn\u00fdmi prost\u0159edky, s va\u0161\u00edm v\u011bdom\u00edm a souhlasem. Tak\u00e9 v\u00e1m \u0159ekneme, pro\u010d jej sb\u00edr\u00e1me a jak bude pou\u017eit.<\/p>\n\n\n\n<p>Shrom\u00e1\u017ed\u011bn\u00e9 informace uchov\u00e1v\u00e1me pouze po dobu nezbytn\u011b nutnou k poskytnut\u00ed po\u017eadovan\u00e9 slu\u017eby. Kdy\u017e data uchov\u00e1v\u00e1me, chr\u00e1n\u00edme je komer\u010dn\u011b p\u0159ijateln\u00fdmi prost\u0159edky, abychom zabr\u00e1nili ztr\u00e1t\u011b a kr\u00e1de\u017ei, jako\u017e i neopr\u00e1vn\u011bn\u00e9mu p\u0159\u00edstupu, zve\u0159ejn\u011bn\u00ed, kop\u00edrov\u00e1n\u00ed, pou\u017eit\u00ed nebo \u00faprav\u011b.<\/p>\n\n\n\n<p>Osobn\u00ed \u00fadaje nesd\u00edl\u00edme ve\u0159ejn\u011b ani se t\u0159et\u00edmi stranami, pokud to nevy\u017eaduje z\u00e1kon.<\/p>\n\n\n\n<p>Na\u0161e webov\u00e9 str\u00e1nky mohou obsahovat odkazy na extern\u00ed webov\u00e9 str\u00e1nky, kter\u00e9 neprovozujeme. Uv\u011bdomte si pros\u00edm, \u017ee nem\u00e1me \u017e\u00e1dnou kontrolu nad obsahem a praktikami t\u011bchto str\u00e1nek a nem\u016f\u017eeme p\u0159ijmout odpov\u011bdnost za jejich p\u0159\u00edslu\u0161n\u00e9 z\u00e1sady ochrany osobn\u00edch \u00fadaj\u016f.<\/p>\n\n\n\n<p>M\u016f\u017eete odm\u00edtnout na\u0161i \u017e\u00e1dost o va\u0161e osobn\u00ed \u00fadaje s t\u00edm, \u017ee v\u00e1m mo\u017en\u00e1 nebudeme moci poskytnout n\u011bkter\u00e9 z v\u00e1mi po\u017eadovan\u00fdch slu\u017eeb.<\/p>\n\n\n\n<p>Va\u0161e dal\u0161\u00ed pou\u017e\u00edv\u00e1n\u00ed na\u0161ich webov\u00fdch str\u00e1nek bude pova\u017eov\u00e1no za p\u0159ijet\u00ed na\u0161ich postup\u016f v oblasti ochrany osobn\u00edch \u00fadaj\u016f a osobn\u00edch \u00fadaj\u016f. M\u00e1te-li jak\u00e9koli dotazy ohledn\u011b toho, jak nakl\u00e1d\u00e1me s u\u017eivatelsk\u00fdmi \u00fadaji a osobn\u00edmi \u00fadaji, kontaktujte n\u00e1s.<\/p>\n\n\n\n<ul class=\"wp-block-list\">\n<li>Slu\u017eba Google AdSense, kterou pou\u017e\u00edv\u00e1me k zobrazov\u00e1n\u00ed reklam, pou\u017e\u00edv\u00e1 soubor cookie DoubleClick k zobrazov\u00e1n\u00ed relevantn\u011bj\u0161\u00edch reklam na webu a k omezen\u00ed po\u010dtu zobrazen\u00ed konkr\u00e9tn\u00ed reklamy.<\/li>\n\n\n\n<li>Dal\u0161\u00ed informace o Google AdSense naleznete v ofici\u00e1ln\u00edch nej\u010dast\u011bj\u0161\u00edch dotazech ohledn\u011b ochrany osobn\u00edch \u00fadaj\u016f Google AdSense.<\/li>\n\n\n\n<li>Inzer\u00e1ty pou\u017e\u00edv\u00e1me ke kompenzaci n\u00e1klad\u016f na provoz t\u011bchto str\u00e1nek a poskytov\u00e1n\u00ed finan\u010dn\u00edch prost\u0159edk\u016f na budouc\u00ed rozvoj. Behavior\u00e1ln\u00ed reklamn\u00ed cookies pou\u017e\u00edvan\u00e9 touto str\u00e1nkou jsou navr\u017eeny tak, aby zajistily, \u017ee v\u00e1m poskytneme ty nejrelevantn\u011bj\u0161\u00ed reklamy, kde je to mo\u017en\u00e9, anonymn\u00edm sledov\u00e1n\u00edm va\u0161ich z\u00e1jm\u016f a prezentac\u00ed podobn\u00fdch v\u011bc\u00ed, kter\u00e9 by v\u00e1s mohly zaj\u00edmat.<\/li>\n\n\n\n<li>N\u011bkolik partner\u016f inzeruje na\u0161\u00edm jm\u00e9nem a soubory cookie pro sledov\u00e1n\u00ed affiliate partner\u016f n\u00e1m jednodu\u0161e umo\u017e\u0148uj\u00ed zjistit, zda na\u0161i z\u00e1kazn\u00edci p\u0159istoupili na str\u00e1nky prost\u0159ednictv\u00edm str\u00e1nek n\u011bkter\u00e9ho z na\u0161ich partner\u016f, abychom jim mohli pat\u0159i\u010dn\u011b p\u0159ipsat kredit a p\u0159\u00edpadn\u011b umo\u017enit na\u0161im affiliate partner\u016fm nab\u00edzet jakoukoli propagaci, kter\u00e1 v\u00e1m m\u016f\u017ee poskytnout n\u00e1kup.<\/li>\n<\/ul>\n\n\n\n<h3 class=\"wp-block-heading\">Z\u00e1vazek u\u017eivatele<\/h3>\n\n\n\n<p>U\u017eivatel se zavazuje n\u00e1le\u017eit\u011b vyu\u017e\u00edvat obsah a informace, kter\u00e9 Mobzin nab\u00edz\u00ed na webov\u00fdch str\u00e1nk\u00e1ch, a to s v\u00fdslovn\u00fdm, nikoli v\u0161ak omezuj\u00edc\u00edm charakterem:<\/p>\n\n\n\n<ul class=\"wp-block-list\">\n<li>A) nezapojovat se do \u010dinnost\u00ed, kter\u00e9 jsou nez\u00e1konn\u00e9 nebo jsou v rozporu s dobrou v\u00edrou a ve\u0159ejn\u00fdm po\u0159\u00e1dkem;<\/li>\n\n\n\n<li>B) ne\u0161\u00ed\u0159it propagandu nebo obsah rasistick\u00e9, xenofobn\u00ed, betano nebo \u0161patn\u00e9 povahy, jak\u00fdkoli druh neleg\u00e1ln\u00ed pornografie na podporu terorismu nebo proti lidsk\u00fdm pr\u00e1v\u016fm;<\/li>\n\n\n\n<li>C) Nepo\u0161kozovat fyzick\u00e9 (hardwarov\u00e9) a logick\u00e9 (softwarov\u00e9) syst\u00e9my spole\u010dnosti Mobzin, jej\u00edch dodavatel\u016f nebo t\u0159et\u00edch stran, zav\u00e1d\u011bt nebo \u0161\u00ed\u0159it po\u010d\u00edta\u010dov\u00e9 viry nebo jak\u00e9koli jin\u00e9 hardwarov\u00e9 nebo softwarov\u00e9 syst\u00e9my, kter\u00e9 jsou schopny zp\u016fsobit v\u00fd\u0161e uveden\u00e9 \u0161kody.<\/li>\n<\/ul>\n\n\n\n<h3 class=\"wp-block-heading\">V\u00edce informac\u00ed<\/h3>\n\n\n\n<p>Doufejme, \u017ee je to jasn\u00e9, a jak ji\u017e bylo zm\u00edn\u011bno d\u0159\u00edve, pokud si n\u011bco nejste jisti, zda to pot\u0159ebujete nebo ne, je obvykle bezpe\u010dn\u011bj\u0161\u00ed ponechat soubory cookie povolen\u00e9 pro p\u0159\u00edpad, \u017ee by to interagovalo s n\u011bkterou z funkc\u00ed, kter\u00e9 na na\u0161em webu pou\u017e\u00edv\u00e1te.<\/p>\n\n\n\n<p>Tyto z\u00e1sady jsou \u00fa\u010dinn\u00e9 od 16. dubna 2023 22:42<\/p>\n\n\n\n<p><\/p>","protected":false},"excerpt":{"rendered":"<p>A sua privacidade \u00e9 importante para n\u00f3s. \u00c9 pol\u00edtica do Mobzin respeitar a sua privacidade em rela\u00e7\u00e3o a qualquer informa\u00e7\u00e3o sua que possamos coletar no site mobzin, e outros sites que possu\u00edmos e operamos. Solicitamos informa\u00e7\u00f5es pessoais apenas quando realmente precisamos delas para lhe fornecer um servi\u00e7o. Fazemo-lo por meios justos e legais, com o [&hellip;]<\/p>\n","protected":false},"author":4,"featured_media":0,"parent":0,"menu_order":0,"comment_status":"closed","ping_status":"closed","template":"","meta":{"footnotes":""},"class_list":["post-3","page","type-page","status-publish"],"_links":{"self":[{"href":"https:\/\/mobzin.com\/cs\/wp-json\/wp\/v2\/pages\/3","targetHints":{"allow":["GET"]}}],"collection":[{"href":"https:\/\/mobzin.com\/cs\/wp-json\/wp\/v2\/pages"}],"about":[{"href":"https:\/\/mobzin.com\/cs\/wp-json\/wp\/v2\/types\/page"}],"author":[{"embeddable":true,"href":"https:\/\/mobzin.com\/cs\/wp-json\/wp\/v2\/users\/4"}],"replies":[{"embeddable":true,"href":"https:\/\/mobzin.com\/cs\/wp-json\/wp\/v2\/comments?post=3"}],"version-history":[{"count":4,"href":"https:\/\/mobzin.com\/cs\/wp-json\/wp\/v2\/pages\/3\/revisions"}],"predecessor-version":[{"id":465,"href":"https:\/\/mobzin.com\/cs\/wp-json\/wp\/v2\/pages\/3\/revisions\/465"}],"wp:attachment":[{"href":"https:\/\/mobzin.com\/cs\/wp-json\/wp\/v2\/media?parent=3"}],"curies":[{"name":"wp","href":"https:\/\/api.w.org\/{rel}","templated":true}]}}