{"id":89,"date":"2022-11-02T00:36:48","date_gmt":"2022-11-02T00:36:48","guid":{"rendered":"https:\/\/mobzin.com\/?page_id=89"},"modified":"2023-10-06T05:22:34","modified_gmt":"2023-10-06T05:22:34","slug":"podminky-pouziti","status":"publish","type":"page","link":"https:\/\/mobzin.com\/cs\/podminky-pouziti\/","title":{"rendered":"Podm\u00ednky pou\u017eit\u00ed"},"content":{"rendered":"<p>Podm\u00ednky pou\u017e\u00edv\u00e1n\u00ed<br>V\u00edtejte v Mobzinu!<br>Tyto obchodn\u00ed podm\u00ednky popisuj\u00ed pravidla pro pou\u017e\u00edv\u00e1n\u00ed webov\u00fdch str\u00e1nek spole\u010dnosti Mobzin, kter\u00e9 se nach\u00e1zej\u00ed na adrese https:\/\/mobzin.com\/.<\/p>\n\n\n\n<p>Vstupem na tuto webovou str\u00e1nku pova\u017eujeme za souhlas s n\u00ed\u017ee uveden\u00fdmi podm\u00ednkami. Nepokra\u010dujte v pou\u017e\u00edv\u00e1n\u00ed Mobzinu, pokud nesouhlas\u00edte s podm\u00ednkami popsan\u00fdmi v t\u00e9to smlouv\u011b.<\/p>\n\n\n\n<p><strong>Soubory cookie<\/strong>:<br>Web pou\u017e\u00edv\u00e1 soubory cookie, kter\u00e9 v\u00e1m pomohou personalizovat v\u00e1\u0161 internetov\u00fd z\u00e1\u017eitek. Vstupem na web Mobzin souhlas\u00edte s pou\u017e\u00edv\u00e1n\u00edm po\u017eadovan\u00fdch soubor\u016f cookie.<\/p>\n\n\n\n<p>Cookies jsou textov\u00e9 soubory um\u00edst\u011bn\u00e9 na va\u0161em pevn\u00e9m disku serverem webov\u00e9 str\u00e1nky. Soubory cookie nesm\u011bj\u00ed spou\u0161t\u011bt programy nebo p\u0159en\u00e1\u0161et viry do va\u0161eho po\u010d\u00edta\u010de. Soubory cookie jsou jedine\u010dn\u011b spojeny s v\u00e1mi a m\u016f\u017ee je \u010d\u00edst pouze webov\u00fd server dom\u00e9ny, kter\u00e1 soubor cookie vydala.<\/p>\n\n\n\n<p>Soubory cookie m\u016f\u017eeme pou\u017e\u00edvat ke shroma\u017e\u010fov\u00e1n\u00ed, ukl\u00e1d\u00e1n\u00ed nebo sledov\u00e1n\u00ed informac\u00ed pro statistick\u00e9 a marketingov\u00e9 \u00fa\u010dely na na\u0161ich webov\u00fdch str\u00e1nk\u00e1ch. M\u00e1te mo\u017enost p\u0159ijmout nebo odm\u00edtnout voliteln\u00e9 soubory cookie. Existuj\u00ed n\u011bkter\u00e9 povinn\u00e9 soubory cookie, kter\u00e9 jsou nezbytn\u00e9 pro fungov\u00e1n\u00ed na\u0161ich webov\u00fdch str\u00e1nek. Tyto povinn\u00e9 soubory cookie vy\u017eaduj\u00ed v\u00e1\u0161 souhlas. M\u011bjte pros\u00edm na pam\u011bti, \u017ee p\u0159ijet\u00edm povinn\u00fdch soubor\u016f cookie p\u0159ij\u00edm\u00e1te tak\u00e9 soubory cookie t\u0159et\u00edch stran, kter\u00e9 mohou b\u00fdt pou\u017e\u00edv\u00e1ny t\u0159et\u00edmi stranami, pokud pou\u017e\u00edv\u00e1te slu\u017eby jimi poskytovan\u00e9 na na\u0161em webu \u2013 nap\u0159\u00edklad okno pro p\u0159ehr\u00e1v\u00e1n\u00ed videa poskytovan\u00e9 spole\u010dnostmi t\u0159et\u00edch stran a integrov\u00e1ny do na\u0161ich webov\u00fdch str\u00e1nek.<\/p>\n\n\n\n<p><strong>Licence<\/strong>:<br>Nen\u00ed-li uvedeno jinak, m\u00e1 spole\u010dnost Mobzin a jej\u00ed poskytovatel\u00e9 licenc\u00ed n\u00e1rok na pr\u00e1va du\u0161evn\u00edho vlastnictv\u00ed ve\u0161ker\u00e9ho materi\u00e1lu zve\u0159ejn\u011bn\u00e9ho na webu Mobzin. V\u0161echna pr\u00e1va du\u0161evn\u00edho vlastnictv\u00ed jsou vyhrazena.<\/p>\n\n\n\n<p><strong>To nen\u00ed dovoleno<\/strong>:<\/p>\n\n\n\n<p>Zkop\u00edrujte nebo znovu publikujte materi\u00e1ly z Mobzinu<br>Prod\u00e1vejte, p\u016fj\u010dujte nebo podn\u00e1jem materi\u00e1l\u016f od Mobzin<br>Reprodukujte, duplikujte nebo kop\u00edrujte materi\u00e1ly z Mobzinu<br>Redistribuujte obsah Mobzin<br>Tato smlouva nabude \u00fa\u010dinnosti od sou\u010dasn\u00e9ho data.<\/p>\n\n\n\n<p>\u010c\u00e1sti tohoto webu nab\u00edzej\u00ed u\u017eivateli mo\u017enost zve\u0159ej\u0148ovat a diskutovat o n\u00e1zorech a informac\u00edch v ur\u010dit\u00fdch oblastech. Mobzin nefiltruje, neupravuje, nepublikuje ani nekontroluje koment\u00e1\u0159e p\u0159edt\u00edm, ne\u017e se objev\u00ed na webu. Koment\u00e1\u0159e odr\u00e1\u017eej\u00ed n\u00e1zory osoby, kter\u00e1 je pos\u00edl\u00e1. V rozsahu, v jak\u00e9m to dovoluj\u00ed platn\u00e9 z\u00e1kony, nenese Mobzin pr\u00e1vn\u00ed odpov\u011bdnost za Koment\u00e1\u0159e nebo jak\u00e9koli \u0161kody, rizika nebo v\u00fddaje zp\u016fsoben\u00e9 nebo utrp\u011bn\u00e9 v d\u016fsledku pou\u017eit\u00ed a\/nebo zve\u0159ejn\u011bn\u00ed a\/nebo zobrazen\u00ed Koment\u00e1\u0159\u016f na t\u00e9to webov\u00e9 str\u00e1nce.<\/p>\n\n\n\n<p>Mobzin si vyhrazuje pr\u00e1vo odstranit jak\u00e9koli koment\u00e1\u0159e, kter\u00e9 mohou b\u00fdt pova\u017eov\u00e1ny za nevhodn\u00e9, ur\u00e1\u017eliv\u00e9 nebo poru\u0161uj\u00edc\u00ed podm\u00ednky t\u00e9to smlouvy.<\/p>\n\n\n\n<p><strong>To prohla\u0161ujete a zaru\u010dujete<\/strong>:<\/p>\n\n\n\n<p>M\u00e1te pr\u00e1vo zve\u0159ej\u0148ovat koment\u00e1\u0159e na na\u0161ich webov\u00fdch str\u00e1nk\u00e1ch a m\u00e1te k tomu v\u0161echny licence a souhlasy;<br>Va\u0161e koment\u00e1\u0159e nenaru\u0161uj\u00ed \u017e\u00e1dn\u00e9 du\u0161evn\u00ed vlastnictv\u00ed, v\u010detn\u011b autorsk\u00fdch pr\u00e1v, patent\u016f nebo ochrann\u00fdch zn\u00e1mek jak\u00e9koli t\u0159et\u00ed strany;<br>Va\u0161e koment\u00e1\u0159e neobsahuj\u00ed pomlouva\u010dn\u00fd, ur\u00e1\u017eliv\u00fd, ur\u00e1\u017eliv\u00fd, neslu\u0161n\u00fd nebo jinak nez\u00e1konn\u00fd materi\u00e1l, kter\u00fd naru\u0161uje soukrom\u00ed.<br>Va\u0161e koment\u00e1\u0159e nebudou pou\u017eity k z\u00edsk\u00e1v\u00e1n\u00ed nebo propagaci podnik\u00e1n\u00ed nebo prezentaci komer\u010dn\u00edch aktivit nebo nez\u00e1konn\u00fdch aktivit.<br>T\u00edmto ud\u011blujete spole\u010dnosti Mobzin nev\u00fdhradn\u00ed licenci k pou\u017e\u00edv\u00e1n\u00ed, reprodukov\u00e1n\u00ed, \u00faprav\u011b a oprav\u0148ujete ostatn\u00ed k pou\u017eit\u00ed, reprodukci nebo \u00faprav\u011b jak\u00fdchkoli va\u0161ich koment\u00e1\u0159\u016f v jak\u00e9koli form\u011b, form\u00e1tech a m\u00e9di\u00edch.<\/p>\n\n\n\n<p>Vytv\u00e1\u0159en\u00ed odkaz\u016f na n\u00e1\u0161 obsah<br>N\u00e1sleduj\u00edc\u00ed organizace mohou odkazovat na na\u0161e webov\u00e9 str\u00e1nky bez p\u0159edchoz\u00edho p\u00edsemn\u00e9ho souhlasu:<\/p>\n\n\n\n<p>Vl\u00e1dn\u00ed agentury;<br>Vyhled\u00e1va\u010de;<br>Medi\u00e1ln\u00ed organizace;<br>Distributo\u0159i online adres\u00e1\u0159\u016f mohou hyperlinkovat na na\u0161i webovou str\u00e1nku stejn\u00fdm zp\u016fsobem, jako hyperlinkuj\u00ed na webov\u00e9 str\u00e1nky jin\u00fdch uveden\u00fdch spole\u010dnost\u00ed; to je<br>Akreditovan\u00e9 podniky, s v\u00fdjimkou neziskov\u00fdch fundraisingov\u00fdch organizac\u00ed a charitativn\u00edch fundraisingov\u00fdch skupin, nesm\u00ed odkazovat na na\u0161e str\u00e1nky bez p\u0159edchoz\u00edho souhlasu.<br>Tyto organizace mohou zve\u0159ej\u0148ovat odkazy na na\u0161i domovskou str\u00e1nku, publikace nebo jin\u00e9 webov\u00e9 str\u00e1nky, pokud odkaz: (a) nen\u00ed v \u017e\u00e1dn\u00e9m p\u0159\u00edpad\u011b zav\u00e1d\u011bj\u00edc\u00ed; (b) nepravdiv\u011b nenazna\u010duj\u00ed existenci sponzorsk\u00e9ho, schvalovac\u00edho nebo schvalovac\u00edho vztahu s n\u00e1mi ohledn\u011b produkt\u016f a\/nebo slu\u017eeb; a c) je vhodn\u00fd pro kontext, do kter\u00e9ho je vlo\u017een.<\/p>\n\n\n\n<p>M\u016f\u017eeme zv\u00e1\u017eit a schv\u00e1lit \u017e\u00e1dosti o propojen\u00ed od n\u00e1sleduj\u00edc\u00edch typ\u016f organizac\u00ed:<\/p>\n\n\n\n<p>dob\u0159e zn\u00e1m\u00e9 zdroje informac\u00ed o produktech a podnic\u00edch;<br>komunitn\u00ed weby dot.com;<br>sdru\u017een\u00ed a jin\u00e9 skupiny zastupuj\u00edc\u00ed charitativn\u00ed organizace;<br>online distributo\u0159i adres\u00e1\u0159\u016f;<br>internetov\u00e9 port\u00e1ly;<br>\u00fa\u010detn\u00ed, pr\u00e1vn\u00ed a poradensk\u00e9 firmy; to je<br>vzd\u011bl\u00e1vac\u00ed instituce a t\u0159\u00eddn\u00ed spolky.<br>\u017d\u00e1dosti o propojen\u00ed podan\u00e9 v\u00fd\u0161e uveden\u00fdmi typy organizac\u00ed schv\u00e1l\u00edme, pokud usoud\u00edme, \u017ee: (a) odkaz nen\u00ed nep\u0159\u00edzniv\u00fd pro na\u0161i image a\/nebo image akreditovan\u00fdch spole\u010dnost\u00ed; (b) \u017e\u00e1daj\u00edc\u00ed organizace u n\u00e1s nem\u00e1 negativn\u00ed historii; (c) p\u0159\u00ednos, kter\u00fd z\u00edsk\u00e1me z viditelnosti odkazu, kompenzuje absenci Mobzinu; a (d) odkaz bude um\u00edst\u011bn v obecn\u00e9m informa\u010dn\u00edm kontextu.<\/p>\n\n\n\n<p>Tyto organizace mohou zve\u0159ej\u0148ovat odkazy na na\u0161i domovskou str\u00e1nku, pokud odkaz: (a) nen\u00ed v \u017e\u00e1dn\u00e9m p\u0159\u00edpad\u011b zav\u00e1d\u011bj\u00edc\u00ed; (b) nepravdiv\u011b nenazna\u010duj\u00ed existenci sponzorstv\u00ed, podpory nebo schv\u00e1len\u00ed produkt\u016f a\/nebo slu\u017eeb z na\u0161\u00ed strany; a c) je vhodn\u00fd pro kontext, do kter\u00e9ho je vlo\u017een.<\/p>\n\n\n\n<p>Pokud zastupujete jednu z organizac\u00ed uveden\u00fdch v odstavci 2 v\u00fd\u0161e a m\u00e1te z\u00e1jem o zve\u0159ejn\u011bn\u00ed odkazu na na\u0161e webov\u00e9 str\u00e1nky, mus\u00edte n\u00e1s o sv\u00e9m z\u00e1jmu informovat zasl\u00e1n\u00edm e-mailu spole\u010dnosti Mobzin. Uve\u010fte pros\u00edm sv\u00e9 jm\u00e9no, n\u00e1zev va\u0161\u00ed organizace a kontaktn\u00ed \u00fadaje a tak\u00e9 adresu URL va\u0161eho webu, seznam adres URL na na\u0161em webu, na kter\u00e9 chcete odkazovat, a seznam web\u016f, na kter\u00fdch m\u00e1te v \u00famyslu zve\u0159ejnit na\u0161e Adresy URL. Po\u010dkejte pros\u00edm 2 a\u017e 3 t\u00fddny, ne\u017e obdr\u017e\u00edte odpov\u011b\u010f.<\/p>\n\n\n\n<p>Schv\u00e1len\u00e9 organizace mohou zve\u0159ej\u0148ovat odkazy na na\u0161e str\u00e1nky n\u00e1sleduj\u00edc\u00edmi zp\u016fsoby:<\/p>\n\n\n\n<p>pou\u017e\u00edv\u00e1n\u00ed n\u00e1zvu na\u0161\u00ed spole\u010dnosti; nebo<br>Pou\u017eit\u00ed adresy URL, na kterou odkaz p\u0159esm\u011brov\u00e1v\u00e1; nebo<br>Pou\u017eit\u00ed jak\u00e9hokoli jin\u00e9ho popisu na\u0161eho webu, kter\u00fd d\u00e1v\u00e1 smysl v kontextu a form\u00e1tu obsahu, na kter\u00fd je odkaz vkl\u00e1d\u00e1n.<br>Pou\u017eit\u00ed nebo zve\u0159ejn\u011bn\u00ed odkaz\u016f na logo Mobzin a\/nebo jin\u00e9 vizu\u00e1ln\u00ed prvky nebude povoleno bez licen\u010dn\u00ed smlouvy na pou\u017e\u00edv\u00e1n\u00ed ochrann\u00e9 zn\u00e1mky.<\/p>\n\n\n\n<p><strong>Zodpov\u011bdnost za obsah<\/strong>:<br>Neneseme pr\u00e1vn\u00ed odpov\u011bdnost za jak\u00fdkoli obsah, kter\u00fd se objev\u00ed na va\u0161ich str\u00e1nk\u00e1ch. Souhlas\u00edte s t\u00edm, \u017ee n\u00e1s budete chr\u00e1nit a br\u00e1nit proti v\u0161em obvin\u011bn\u00edm vznesen\u00fdm na va\u0161em webu. Na \u017e\u00e1dn\u00e9 webov\u00e9 str\u00e1nce by se nem\u011bly objevit \u017e\u00e1dn\u00e9 odkazy, kter\u00e9 by mohly b\u00fdt vykl\u00e1d\u00e1ny jako ur\u00e1\u017eliv\u00e9, obsc\u00e9nn\u00ed, trestn\u00e9 nebo kter\u00e9 poru\u0161uj\u00ed, poru\u0161uj\u00ed nebo obhajuj\u00ed poru\u0161ov\u00e1n\u00ed jak\u00fdchkoli pr\u00e1v t\u0159et\u00edch stran.<\/p>\n\n\n\n<p><strong>V\u00fdhrada pr\u00e1v<\/strong>:<br>Vyhrazujeme si pr\u00e1vo po\u017eadovat, abyste odstranili v\u0161echny odkazy nebo jak\u00e9koli odkazy, kter\u00e9 p\u0159esm\u011brov\u00e1vaj\u00ed na na\u0161e webov\u00e9 str\u00e1nky. Souhlas\u00edte s t\u00edm, \u017ee po po\u017eadovan\u00e9m odstran\u011bn\u00ed okam\u017eit\u011b odstran\u00edte v\u0161echny odkazy na na\u0161e webov\u00e9 str\u00e1nky. Vyhrazujeme si tak\u00e9 pr\u00e1vo tyto podm\u00ednky kdykoli doplnit a zm\u011bnit. Neust\u00e1l\u00fdm zve\u0159ej\u0148ov\u00e1n\u00edm odkaz\u016f na na\u0161i webovou str\u00e1nku souhlas\u00edte s t\u00edm, \u017ee budete v\u00e1z\u00e1ni t\u011bmito podm\u00ednkami propojen\u00ed.<\/p>\n\n\n\n<p><strong>Odstran\u011bn\u00ed odkaz\u016f um\u00edst\u011bn\u00fdch na na\u0161em webu<\/strong>:<br>Pokud na na\u0161ich webov\u00fdch str\u00e1nk\u00e1ch najdete jak\u00fdkoli odkaz, kter\u00fd je jak\u00fdmkoli zp\u016fsobem ur\u00e1\u017eliv\u00fd, m\u016f\u017eete n\u00e1s kdykoli kontaktovat a informovat n\u00e1s o probl\u00e9mu. Budeme zva\u017eovat \u017e\u00e1dosti o odstran\u011bn\u00ed odkaz\u016f, ale nejsme povinni odstra\u0148ovat jak\u00e9koli odkazy na na\u0161e webov\u00e9 str\u00e1nky nebo p\u0159\u00edmo reagovat na v\u00e1\u0161 po\u017eadavek.<\/p>\n\n\n\n<p>Nezaru\u010dujeme, \u017ee informace obsa\u017een\u00e9 na t\u00e9to webov\u00e9 str\u00e1nce jsou spr\u00e1vn\u00e9. Nezaru\u010dujeme \u00faplnost ani p\u0159esnost obsahu. Nezaru\u010dujeme, \u017ee web z\u016fstane dostupn\u00fd nebo \u017ee materi\u00e1l na webu bude aktualizov\u00e1n.<\/p>\n\n\n\n<p><strong>Z\u0159eknut\u00ed se odpov\u011bdnosti<\/strong>:<br>V maxim\u00e1ln\u00ed m\u00ed\u0159e povolen\u00e9 z\u00e1konem vylu\u010dujeme ve\u0161ker\u00e1 prohl\u00e1\u0161en\u00ed, z\u00e1ruky a podm\u00ednky t\u00fdkaj\u00edc\u00ed se na\u0161ich webov\u00fdch str\u00e1nek a pou\u017e\u00edv\u00e1n\u00ed t\u011bchto webov\u00fdch str\u00e1nek. Nic v tomto vylou\u010den\u00ed odpov\u011bdnosti nebude:<\/p>\n\n\n\n<p>omezit nebo vylou\u010dit na\u0161i nebo va\u0161i odpov\u011bdnost za smrt nebo zran\u011bn\u00ed osob;<br>omezit nebo vylou\u010dit na\u0161i nebo va\u0161i odpov\u011bdnost za podvod nebo podvodn\u00e9 uveden\u00ed v omyl;<br>omezit na\u0161i nebo va\u0161i odpov\u011bdnost jak\u00fdmkoli zp\u016fsobem, kter\u00fd nen\u00ed povolen z\u00e1konem;<br>vylou\u010dit jak\u00e9koli va\u0161e nebo na\u0161e z\u00e1vazky, kter\u00e9 nelze vylou\u010dit podle platn\u00fdch z\u00e1kon\u016f.<br>Omezen\u00ed a z\u00e1kazy odpov\u011bdnosti uveden\u00e9 v t\u00e9to \u010d\u00e1sti a jinde v tomto prohl\u00e1\u0161en\u00ed: (a) podl\u00e9haj\u00ed p\u0159edchoz\u00edmu odstavci; a (b) \u0159\u00edd\u00ed v\u0161echny z\u00e1vazky vypl\u00fdvaj\u00edc\u00ed z prohl\u00e1\u0161en\u00ed, v\u010detn\u011b z\u00e1vazk\u016f vypl\u00fdvaj\u00edc\u00edch ze smlouvy, z deliktu a za poru\u0161en\u00ed pr\u00e1vn\u00ed povinnosti.<\/p>\n\n\n\n<p>Dokud jsou webov\u00e9 str\u00e1nky a informace a slu\u017eby na webov\u00fdch str\u00e1nk\u00e1ch poskytov\u00e1ny zdarma, neneseme odpov\u011bdnost za jakoukoli ztr\u00e1tu nebo po\u0161kozen\u00ed jak\u00e9koli povahy.<\/p>","protected":false},"excerpt":{"rendered":"<p>Termos e Condi\u00e7\u00f5es de UsoSeja bem-vindo ao Mobzin!Estes termos e condi\u00e7\u00f5es descrevem as regras de uso do site da empresa Mobzin, localizado no endere\u00e7o https:\/\/mobzin.com\/. Ao acessar este site, consideramos que voc\u00ea est\u00e1 de acordo com os termos e condi\u00e7\u00f5es abaixo. N\u00e3o continue a usar o Mobzin caso voc\u00ea discorde dos termos e condi\u00e7\u00f5es descritos [&hellip;]<\/p>\n","protected":false},"author":4,"featured_media":0,"parent":0,"menu_order":0,"comment_status":"closed","ping_status":"closed","template":"","meta":{"footnotes":""},"class_list":["post-89","page","type-page","status-publish"],"_links":{"self":[{"href":"https:\/\/mobzin.com\/cs\/wp-json\/wp\/v2\/pages\/89","targetHints":{"allow":["GET"]}}],"collection":[{"href":"https:\/\/mobzin.com\/cs\/wp-json\/wp\/v2\/pages"}],"about":[{"href":"https:\/\/mobzin.com\/cs\/wp-json\/wp\/v2\/types\/page"}],"author":[{"embeddable":true,"href":"https:\/\/mobzin.com\/cs\/wp-json\/wp\/v2\/users\/4"}],"replies":[{"embeddable":true,"href":"https:\/\/mobzin.com\/cs\/wp-json\/wp\/v2\/comments?post=89"}],"version-history":[{"count":5,"href":"https:\/\/mobzin.com\/cs\/wp-json\/wp\/v2\/pages\/89\/revisions"}],"predecessor-version":[{"id":346,"href":"https:\/\/mobzin.com\/cs\/wp-json\/wp\/v2\/pages\/89\/revisions\/346"}],"wp:attachment":[{"href":"https:\/\/mobzin.com\/cs\/wp-json\/wp\/v2\/media?parent=89"}],"curies":[{"name":"wp","href":"https:\/\/api.w.org\/{rel}","templated":true}]}}