{"id":3,"date":"2022-10-24T23:31:41","date_gmt":"2022-10-24T23:31:41","guid":{"rendered":"https:\/\/mobzin.com\/?page_id=3"},"modified":"2023-10-31T07:48:30","modified_gmt":"2023-10-31T07:48:30","slug":"datenschutzrichtlinie","status":"publish","type":"page","link":"https:\/\/mobzin.com\/de\/datenschutzrichtlinie\/","title":{"rendered":"Datenschutzrichtlinie"},"content":{"rendered":"<p>Ihre Privatsph\u00e4re ist uns wichtig. Es ist Mobzins Politik, Ihre Privatsph\u00e4re in Bezug auf alle Informationen zu respektieren, die wir auf der Website von Ihnen sammeln <a href=\"https:\/\/mobzin.com\/de\/\">mobzin<\/a>, und andere Websites, die wir besitzen und betreiben.<\/p>\n\n\n\n<p>Wir fordern personenbezogene Daten nur dann an, wenn wir sie wirklich ben\u00f6tigen, um Ihnen eine Dienstleistung bereitzustellen. Wir tun dies auf faire und legale Weise, mit Ihrem Wissen und Ihrer Zustimmung. Wir erkl\u00e4ren Ihnen auch, warum wir sie sammeln und wie sie verwendet werden.<\/p>\n\n\n\n<p>Wir bewahren die erfassten Informationen nur so lange auf, wie es f\u00fcr die Bereitstellung der angeforderten Dienstleistung erforderlich ist. Wenn wir Daten speichern, sch\u00fctzen wir sie mit kommerziell akzeptablen Mitteln, um Verlust und Diebstahl sowie unbefugten Zugriff, unbefugte Offenlegung, Vervielf\u00e4ltigung, Verwendung oder \u00c4nderung zu verhindern.<\/p>\n\n\n\n<p>Wir geben personenbezogene Daten nicht \u00f6ffentlich oder an Dritte weiter, es sei denn, dies ist gesetzlich vorgeschrieben.<\/p>\n\n\n\n<p>Unsere Website kann Links zu externen Websites enthalten, die nicht von uns betrieben werden. Bitte beachten Sie, dass wir keine Kontrolle \u00fcber den Inhalt und die Praktiken dieser Websites haben und keine Verantwortung f\u00fcr deren jeweilige Datenschutzrichtlinien \u00fcbernehmen k\u00f6nnen.<\/p>\n\n\n\n<p>Es steht Ihnen frei, unsere Anfrage nach Ihren pers\u00f6nlichen Daten abzulehnen, mit der Ma\u00dfgabe, dass wir Ihnen m\u00f6glicherweise einige der von Ihnen gew\u00fcnschten Dienstleistungen nicht anbieten k\u00f6nnen.<\/p>\n\n\n\n<p>Ihre fortgesetzte Nutzung unserer Website gilt als Zustimmung zu unseren Praktiken in Bezug auf Datenschutz und pers\u00f6nliche Daten. Wenn Sie Fragen zum Umgang mit Nutzerdaten und pers\u00f6nlichen Informationen haben, kontaktieren Sie uns bitte.<\/p>\n\n\n\n<ul class=\"wp-block-list\">\n<li>Der Google AdSense-Dienst, den wir zur Schaltung von Werbung verwenden, verwendet ein DoubleClick-Cookie, um relevantere Anzeigen im gesamten Web zu schalten und die H\u00e4ufigkeit zu begrenzen, mit der Ihnen eine bestimmte Anzeige angezeigt wird.<\/li>\n\n\n\n<li>Weitere Informationen zu Google AdSense finden Sie in den offiziellen Google AdSense-Datenschutz-FAQs.<\/li>\n\n\n\n<li>Wir verwenden Werbung, um die Kosten f\u00fcr den Betrieb dieser Website auszugleichen und Mittel f\u00fcr die zuk\u00fcnftige Entwicklung bereitzustellen. Die von dieser Website verwendeten Cookies f\u00fcr verhaltensbasierte Werbung sollen sicherstellen, dass wir Ihnen m\u00f6glichst relevante Werbung anbieten, indem wir Ihre Interessen anonym verfolgen und \u00e4hnliche Dinge pr\u00e4sentieren, die f\u00fcr Sie von Interesse sein k\u00f6nnten.<\/li>\n\n\n\n<li>Mehrere Partner werben in unserem Namen und Affiliate-Tracking-Cookies erm\u00f6glichen es uns einfach zu sehen, ob unsere Kunden \u00fcber die Websites unserer Partner auf die Website zugegriffen haben, damit wir ihnen eine entsprechende Gutschrift geben k\u00f6nnen und unseren Affiliate-Partnern gegebenenfalls die M\u00f6glichkeit geben, entsprechende Werbeaktionen anzubieten kann Ihnen die M\u00f6glichkeit bieten, einen Kauf zu t\u00e4tigen.<\/li>\n<\/ul>\n\n\n\n<h3 class=\"wp-block-heading\">Benutzerverpflichtung<\/h3>\n\n\n\n<p>Der Nutzer verpflichtet sich, die Inhalte und Informationen, die Mobzin auf der Website anbietet, angemessen zu nutzen und zwar mit aussagekr\u00e4ftigem, aber nicht einschr\u00e4nkendem Charakter:<\/p>\n\n\n\n<ul class=\"wp-block-list\">\n<li>A) sich nicht an Aktivit\u00e4ten zu beteiligen, die illegal sind oder gegen Treu und Glauben und die \u00f6ffentliche Ordnung versto\u00dfen;<\/li>\n\n\n\n<li>B) Verbreiten Sie keine Propaganda oder Inhalte rassistischer, fremdenfeindlicher, betano- oder b\u00f6sartiger Natur, keine illegale Pornografie jeglicher Art, zur Unterst\u00fctzung des Terrorismus oder gegen die Menschenrechte.<\/li>\n\n\n\n<li>C) Den physischen (Hardware) und logischen (Software) Systemen von Mobzin, seinen Lieferanten oder Dritten keinen Schaden zuf\u00fcgen, keine Computerviren oder andere Hardware- oder Softwaresysteme einschleusen oder verbreiten, die in der Lage sind, die oben genannten Sch\u00e4den zu verursachen.<\/li>\n<\/ul>\n\n\n\n<h3 class=\"wp-block-heading\">Mehr Informationen<\/h3>\n\n\n\n<p>Hoffentlich ist das klar, und wie bereits erw\u00e4hnt: Wenn Sie sich bei etwas nicht sicher sind, ob Sie es ben\u00f6tigen oder nicht, ist es normalerweise sicherer, Cookies aktiviert zu lassen, falls es mit einer der Funktionen interagiert, die Sie auf unserer Website verwenden.<\/p>\n\n\n\n<p>Diese Richtlinie gilt ab dem 16. April 2023, 22:42 Uhr<\/p>\n\n\n\n<p><\/p>","protected":false},"excerpt":{"rendered":"<p>A sua privacidade \u00e9 importante para n\u00f3s. \u00c9 pol\u00edtica do Mobzin respeitar a sua privacidade em rela\u00e7\u00e3o a qualquer informa\u00e7\u00e3o sua que possamos coletar no site mobzin, e outros sites que possu\u00edmos e operamos. Solicitamos informa\u00e7\u00f5es pessoais apenas quando realmente precisamos delas para lhe fornecer um servi\u00e7o. Fazemo-lo por meios justos e legais, com o [&hellip;]<\/p>\n","protected":false},"author":4,"featured_media":0,"parent":0,"menu_order":0,"comment_status":"closed","ping_status":"closed","template":"","meta":{"footnotes":""},"class_list":["post-3","page","type-page","status-publish"],"_links":{"self":[{"href":"https:\/\/mobzin.com\/de\/wp-json\/wp\/v2\/pages\/3","targetHints":{"allow":["GET"]}}],"collection":[{"href":"https:\/\/mobzin.com\/de\/wp-json\/wp\/v2\/pages"}],"about":[{"href":"https:\/\/mobzin.com\/de\/wp-json\/wp\/v2\/types\/page"}],"author":[{"embeddable":true,"href":"https:\/\/mobzin.com\/de\/wp-json\/wp\/v2\/users\/4"}],"replies":[{"embeddable":true,"href":"https:\/\/mobzin.com\/de\/wp-json\/wp\/v2\/comments?post=3"}],"version-history":[{"count":4,"href":"https:\/\/mobzin.com\/de\/wp-json\/wp\/v2\/pages\/3\/revisions"}],"predecessor-version":[{"id":465,"href":"https:\/\/mobzin.com\/de\/wp-json\/wp\/v2\/pages\/3\/revisions\/465"}],"wp:attachment":[{"href":"https:\/\/mobzin.com\/de\/wp-json\/wp\/v2\/media?parent=3"}],"curies":[{"name":"wp","href":"https:\/\/api.w.org\/{rel}","templated":true}]}}