{"id":89,"date":"2022-11-02T00:36:48","date_gmt":"2022-11-02T00:36:48","guid":{"rendered":"https:\/\/mobzin.com\/?page_id=89"},"modified":"2023-10-06T05:22:34","modified_gmt":"2023-10-06T05:22:34","slug":"nutzungsbedingungen","status":"publish","type":"page","link":"https:\/\/mobzin.com\/de\/nutzungsbedingungen\/","title":{"rendered":"Nutzungsbedingungen"},"content":{"rendered":"<p>Allgemeine Gesch\u00e4ftsbedingungen<br>Willkommen in Mobzin!<br>Diese Allgemeinen Gesch\u00e4ftsbedingungen beschreiben die Regeln f\u00fcr die Nutzung der Mobzin-Unternehmenswebsite unter https:\/\/mobzin.com\/.<\/p>\n\n\n\n<p>Durch den Zugriff auf diese Website gehen wir davon aus, dass Sie mit den nachstehenden Bedingungen einverstanden sind. Nutzen Sie Mobzin nicht weiter, wenn Sie mit den in dieser Vereinbarung beschriebenen Bedingungen nicht einverstanden sind.<\/p>\n\n\n\n<p><strong>Kekse<\/strong>:<br>Die Website verwendet Cookies, um Ihr Internet-Erlebnis zu personalisieren. Durch den Zugriff auf die Mobzin-Website stimmen Sie der Verwendung erforderlicher Cookies zu.<\/p>\n\n\n\n<p>Cookies sind Textdateien, die von einem Webseitenserver auf Ihrer Festplatte abgelegt werden. Cookies d\u00fcrfen keine Programme ausf\u00fchren oder Viren auf Ihren Computer \u00fcbertragen. Cookies sind eindeutig mit Ihnen verkn\u00fcpft und k\u00f6nnen nur vom Webserver der Domain gelesen werden, die das Cookie ausgegeben hat.<\/p>\n\n\n\n<p>Wir k\u00f6nnen Cookies verwenden, um Informationen f\u00fcr statistische und Marketingzwecke auf unserer Website zu sammeln, zu speichern oder zu verfolgen. Sie haben die M\u00f6glichkeit, optionale Cookies zu akzeptieren oder abzulehnen. Es gibt einige obligatorische Cookies, die f\u00fcr die Funktion unserer Website erforderlich sind. Diese obligatorischen Cookies erfordern Ihre Zustimmung. Bitte beachten Sie, dass Sie mit der Annahme obligatorischer Cookies auch Cookies von Drittanbietern akzeptieren, die von Drittanbietern verwendet werden k\u00f6nnen, wenn Sie deren Dienste auf unserer Website nutzen \u2013 zum Beispiel ein von Drittanbietern bereitgestelltes Videowiedergabefenster und in unsere Website integriert.<\/p>\n\n\n\n<p><strong>Lizenz<\/strong>:<br>Sofern nicht anders angegeben, haben Mobzin und seine Lizenzgeber Anspruch auf die geistigen Eigentumsrechte aller auf Mobzin ver\u00f6ffentlichten Materialien. Alle geistigen Eigentumsrechte bleiben vorbehalten.<\/p>\n\n\n\n<p><strong>Du darfst nicht<\/strong>:<\/p>\n\n\n\n<p>Kopieren oder ver\u00f6ffentlichen Sie Materialien von Mobzin erneut<br>Verkaufen, vermieten oder untervermieten Sie Materialien von Mobzin<br>Reproduzieren, duplizieren oder kopieren Sie Materialien von Mobzin<br>Verteilen Sie Mobzin-Inhalte weiter<br>Diese Vereinbarung gilt ab dem heutigen Datum.<\/p>\n\n\n\n<p>Teile dieser Website bieten dem Nutzer die M\u00f6glichkeit, Meinungen und Informationen zu bestimmten Bereichen zu posten und zu diskutieren. Mobzin filtert, bearbeitet, ver\u00f6ffentlicht oder \u00fcberpr\u00fcft Kommentare nicht, bevor sie auf der Website erscheinen. Kommentare spiegeln die Meinung der Person wider, die sie ver\u00f6ffentlicht. Soweit die geltenden Gesetze dies zulassen, ist Mobzin rechtlich nicht verantwortlich f\u00fcr die Kommentare oder Sch\u00e4den, Risiken oder Kosten, die durch die Nutzung und\/oder Ver\u00f6ffentlichung und\/oder das Erscheinen der Kommentare auf dieser Website entstehen oder entstehen.<\/p>\n\n\n\n<p>Mobzin beh\u00e4lt sich das Recht vor, Kommentare zu entfernen, die als unangemessen oder beleidigend angesehen werden oder gegen die Allgemeinen Gesch\u00e4ftsbedingungen dieser Vereinbarung versto\u00dfen.<\/p>\n\n\n\n<p><strong>Sie vertreten und garantieren dies<\/strong>:<\/p>\n\n\n\n<p>Sie haben das Recht, Kommentare auf unserer Website zu ver\u00f6ffentlichen und verf\u00fcgen \u00fcber alle Lizenzen und Einwilligungen dazu;<br>Ihre Kommentare verletzen kein geistiges Eigentum, einschlie\u00dflich Urheberrechte, Patente oder Marken Dritter;<br>Ihre Kommentare enthalten kein diffamierendes, verleumderisches, beleidigendes, unanst\u00e4ndiges oder anderweitig rechtswidriges Material, das einen Eingriff in die Privatsph\u00e4re darstellt.<br>Ihre Kommentare werden nicht zur Anwerbung oder F\u00f6rderung von Gesch\u00e4ften oder zur Darstellung kommerzieller oder rechtswidriger Aktivit\u00e4ten verwendet.<br>Sie gew\u00e4hren Mobzin hiermit eine nicht ausschlie\u00dfliche Lizenz zur Nutzung, Vervielf\u00e4ltigung, Bearbeitung und erm\u00e4chtigen andere zur Nutzung, Vervielf\u00e4ltigung oder Bearbeitung Ihrer Kommentare in allen Formen, Formaten und Medien.<\/p>\n\n\n\n<p>Erstellen von Links zu unseren Inhalten<br>Die folgenden Organisationen d\u00fcrfen ohne vorherige schriftliche Genehmigung auf unsere Website verlinken:<\/p>\n\n\n\n<p>Regierungsbeh\u00f6rden;<br>Suchmaschinen;<br>Medienorganisationen;<br>Online-Verzeichnisverteiler k\u00f6nnen auf die gleiche Weise auf unsere Website verlinken, wie sie auf die Websites anderer gelisteter Unternehmen verlinken; Es ist<br>Akkreditierte Unternehmen, mit Ausnahme gemeinn\u00fctziger Fundraising-Organisationen und wohlt\u00e4tiger Fundraising-Gruppen, d\u00fcrfen ohne vorherige Genehmigung nicht auf unsere Website verlinken.<br>Diese Organisationen d\u00fcrfen Links zu unserer Homepage, Ver\u00f6ffentlichungen oder anderen Website-Informationen ver\u00f6ffentlichen, sofern der Link: (a) in keiner Weise irref\u00fchrend ist; (b) nicht f\u00e4lschlicherweise das Bestehen einer Sponsoring-, Empfehlungs- oder Genehmigungsbeziehung mit uns in Bezug auf Produkte und\/oder Dienstleistungen implizieren; und (c) f\u00fcr den Kontext geeignet ist, in den es eingef\u00fcgt wird.<\/p>\n\n\n\n<p>Wir k\u00f6nnen Linkanfragen der folgenden Arten von Organisationen ber\u00fccksichtigen und genehmigen:<\/p>\n\n\n\n<p>bekannte Informationsquellen \u00fcber Produkte und Unternehmen;<br>dot.com-Community-Sites;<br>Verb\u00e4nde und andere Gruppen, die Wohlt\u00e4tigkeitsorganisationen vertreten;<br>Online-Verteiler von Verzeichnissen;<br>Internetportale;<br>Buchhaltungs-, Anwalts- und Beratungsfirmen; Es ist<br>Bildungseinrichtungen und Klassenvereinigungen.<br>Wir genehmigen Linkanfragen der oben aufgef\u00fchrten Arten von Organisationen, wenn wir der Meinung sind, dass: (a) der Link unserem Image und\/oder dem Image akkreditierter Unternehmen nicht abtr\u00e4glich ist; (b) die anfragende Organisation hat keine negative Vergangenheit bei uns; (c) der Nutzen, den wir aus der Sichtbarkeit des Links ziehen, kompensiert das Fehlen von Mobzin; und (d) der Link wird in einen allgemeinen Informationskontext gestellt.<\/p>\n\n\n\n<p>Diese Organisationen d\u00fcrfen Links zu unserer Homepage ver\u00f6ffentlichen, sofern der Link: (a) in keiner Weise irref\u00fchrend ist; (b) nicht f\u00e4lschlicherweise den Eindruck erwecken, dass Produkte und\/oder Dienstleistungen von uns gesponsert, bef\u00fcrwortet oder genehmigt werden; und (c) f\u00fcr den Kontext geeignet ist, in den es eingef\u00fcgt wird.<\/p>\n\n\n\n<p>Wenn Sie eine der in Absatz 2 oben aufgef\u00fchrten Organisationen vertreten und daran interessiert sind, einen Link zu unserer Website zu ver\u00f6ffentlichen, m\u00fcssen Sie uns Ihr Interesse mitteilen, indem Sie eine E-Mail an Mobzin senden. Bitte geben Sie Ihren Namen, den Namen Ihrer Organisation und Kontaktinformationen sowie die URL Ihrer Website, eine Liste der URLs auf unserer Website, auf die Sie verlinken m\u00f6chten, und eine Liste der Websites an, auf denen Sie unsere Beitr\u00e4ge ver\u00f6ffentlichen m\u00f6chten URLs. Es kann 2 bis 3 Wochen dauern, bis Sie eine Antwort erhalten.<\/p>\n\n\n\n<p>Zugelassene Organisationen k\u00f6nnen auf folgende Weise Links zu unserer Website ver\u00f6ffentlichen:<\/p>\n\n\n\n<p>Verwendung unseres Firmennamens; oder<br>Verwenden der URL, zu der der Link weiterleitet; oder<br>Verwendung einer anderen Beschreibung unserer Website, die im Kontext und Format des Inhalts, zu dem der Link eingef\u00fcgt wird, sinnvoll ist.<br>Die Nutzung oder Ver\u00f6ffentlichung von Links zum Mobzin-Logo und\/oder anderen visuellen Elementen ist ohne eine Lizenzvereinbarung zur Nutzung der Marke nicht gestattet.<\/p>\n\n\n\n<p><strong>Verantwortlichkeit f\u00fcr den Inhalt<\/strong>:<br>Wir \u00fcbernehmen keine rechtliche Verantwortung f\u00fcr Inhalte, die auf Ihrer Website erscheinen. Sie erkl\u00e4ren sich damit einverstanden, uns gegen alle auf Ihrer Website erhobenen Vorw\u00fcrfe zu sch\u00fctzen und zu verteidigen. Auf einer Website d\u00fcrfen keine Links erscheinen, die als verleumderisch, obsz\u00f6n oder kriminell ausgelegt werden k\u00f6nnten oder die Rechte Dritter verletzen, verletzen oder deren Verletzung bef\u00fcrworten.<\/p>\n\n\n\n<p><strong>Vorbehalt der Rechte<\/strong>:<br>Wir behalten uns das Recht vor, Sie aufzufordern, alle Links oder Links, die auf unsere Website weiterleiten, zu entfernen. Sie erkl\u00e4ren sich damit einverstanden, alle Links zu unserer Website nach Aufforderung unverz\u00fcglich zu entfernen. Wir behalten uns au\u00dferdem das Recht vor, diese Allgemeinen Gesch\u00e4ftsbedingungen jederzeit zu erg\u00e4nzen und zu \u00e4ndern. Indem Sie fortlaufend Links zu unserer Website ver\u00f6ffentlichen, erkl\u00e4ren Sie sich mit diesen Verlinkungsbedingungen einverstanden.<\/p>\n\n\n\n<p><strong>Entfernung der auf unserer Website ver\u00f6ffentlichten Links<\/strong>:<br>Wenn Sie auf unserer Website einen Link finden, der in irgendeiner Weise anst\u00f6\u00dfig ist, k\u00f6nnen Sie uns jederzeit kontaktieren und uns \u00fcber das Problem informieren. Wir werden Anfragen zur Entfernung von Links ber\u00fccksichtigen, sind jedoch nicht verpflichtet, Links zu unserer Website zu entfernen oder direkt auf Ihre Anfrage zu antworten.<\/p>\n\n\n\n<p>Wir \u00fcbernehmen keine Garantie daf\u00fcr, dass die auf dieser Website enthaltenen Informationen korrekt sind. F\u00fcr die Vollst\u00e4ndigkeit und Richtigkeit der Inhalte \u00fcbernehmen wir keine Gew\u00e4hr. Wir garantieren nicht, dass die Website verf\u00fcgbar bleibt oder dass das Material auf der Website aktuell bleibt.<\/p>\n\n\n\n<p><strong>Haftungsausschluss<\/strong>:<br>Soweit gesetzlich zul\u00e4ssig, schlie\u00dfen wir alle Zusicherungen, Gew\u00e4hrleistungen und Bedingungen im Zusammenhang mit unserer Website und der Nutzung dieser Website aus. Nichts in diesem Haftungsausschluss wird:<\/p>\n\n\n\n<p>unsere oder Ihre Haftung f\u00fcr Tod oder K\u00f6rperverletzung einzuschr\u00e4nken oder auszuschlie\u00dfen;<br>unsere oder Ihre Haftung f\u00fcr Betrug oder arglistige Falschdarstellung einzuschr\u00e4nken oder auszuschlie\u00dfen;<br>unsere oder Ihre Haftung in einer Weise einzuschr\u00e4nken, die gesetzlich nicht zul\u00e4ssig ist;<br>schlie\u00dfen Sie jegliche Haftung von Ihnen oder uns aus, die nach geltendem Recht m\u00f6glicherweise nicht ausgeschlossen ist.<br>Die in diesem Abschnitt und an anderer Stelle in dieser Erkl\u00e4rung aufgef\u00fchrten Haftungsbeschr\u00e4nkungen und -verbote: (a) unterliegen dem vorstehenden Absatz; und (b) regeln alle Verbindlichkeiten, die sich aus der Erkl\u00e4rung ergeben, einschlie\u00dflich der Verbindlichkeiten, die sich aus Vertrag, unerlaubter Handlung und der Verletzung gesetzlicher Verpflichtungen ergeben.<\/p>\n\n\n\n<p>Solange die Website und die Informationen und Dienste auf der Website kostenlos zur Verf\u00fcgung gestellt werden, haften wir nicht f\u00fcr Verluste oder Sch\u00e4den jeglicher Art.<\/p>","protected":false},"excerpt":{"rendered":"<p>Termos e Condi\u00e7\u00f5es de UsoSeja bem-vindo ao Mobzin!Estes termos e condi\u00e7\u00f5es descrevem as regras de uso do site da empresa Mobzin, localizado no endere\u00e7o https:\/\/mobzin.com\/. Ao acessar este site, consideramos que voc\u00ea est\u00e1 de acordo com os termos e condi\u00e7\u00f5es abaixo. N\u00e3o continue a usar o Mobzin caso voc\u00ea discorde dos termos e condi\u00e7\u00f5es descritos [&hellip;]<\/p>\n","protected":false},"author":4,"featured_media":0,"parent":0,"menu_order":0,"comment_status":"closed","ping_status":"closed","template":"","meta":{"footnotes":""},"class_list":["post-89","page","type-page","status-publish"],"_links":{"self":[{"href":"https:\/\/mobzin.com\/de\/wp-json\/wp\/v2\/pages\/89","targetHints":{"allow":["GET"]}}],"collection":[{"href":"https:\/\/mobzin.com\/de\/wp-json\/wp\/v2\/pages"}],"about":[{"href":"https:\/\/mobzin.com\/de\/wp-json\/wp\/v2\/types\/page"}],"author":[{"embeddable":true,"href":"https:\/\/mobzin.com\/de\/wp-json\/wp\/v2\/users\/4"}],"replies":[{"embeddable":true,"href":"https:\/\/mobzin.com\/de\/wp-json\/wp\/v2\/comments?post=89"}],"version-history":[{"count":5,"href":"https:\/\/mobzin.com\/de\/wp-json\/wp\/v2\/pages\/89\/revisions"}],"predecessor-version":[{"id":346,"href":"https:\/\/mobzin.com\/de\/wp-json\/wp\/v2\/pages\/89\/revisions\/346"}],"wp:attachment":[{"href":"https:\/\/mobzin.com\/de\/wp-json\/wp\/v2\/media?parent=89"}],"curies":[{"name":"wp","href":"https:\/\/api.w.org\/{rel}","templated":true}]}}