{"id":89,"date":"2022-11-02T00:36:48","date_gmt":"2022-11-02T00:36:48","guid":{"rendered":"https:\/\/mobzin.com\/?page_id=89"},"modified":"2023-10-06T05:22:34","modified_gmt":"2023-10-06T05:22:34","slug":"terminos-de-uso","status":"publish","type":"page","link":"https:\/\/mobzin.com\/es\/terminos-de-uso\/","title":{"rendered":"Terminos de uso"},"content":{"rendered":"<p>T\u00e9rminos y condiciones de uso<br>\u00a1Bienvenidos a Mobzin!<br>Estos t\u00e9rminos y condiciones describen las reglas para usar el sitio web de la empresa Mobzin, ubicado en https:\/\/mobzin.com\/.<\/p>\n\n\n\n<p>Al acceder a este sitio web, consideramos que est\u00e1 de acuerdo con los t\u00e9rminos y condiciones a continuaci\u00f3n. No contin\u00fae usando Mobzin si no est\u00e1 de acuerdo con los t\u00e9rminos y condiciones descritos en este acuerdo.<\/p>\n\n\n\n<p><strong>Galletas<\/strong>:<br>El sitio web utiliza cookies para ayudar a personalizar su experiencia en Internet. Al acceder al sitio web de Mobzin, acepta el uso de cookies requeridas.<\/p>\n\n\n\n<p>Las cookies son archivos de texto que un servidor de p\u00e1ginas web coloca en su disco duro. No se permite que las cookies ejecuten programas o transfieran virus a su computadora. Las cookies est\u00e1n asociadas exclusivamente con usted y solo pueden ser le\u00eddas por el servidor web del dominio que emiti\u00f3 la cookie.<\/p>\n\n\n\n<p>Podemos utilizar cookies para recopilar, almacenar o rastrear informaci\u00f3n con fines estad\u00edsticos y de marketing en nuestro sitio web. Tiene la opci\u00f3n de aceptar o rechazar las cookies opcionales. Hay algunas cookies obligatorias, que son necesarias para que nuestro sitio web funcione. Estas cookies obligatorias requieren su consentimiento. Tenga en cuenta que al aceptar cookies obligatorias, tambi\u00e9n acepta cookies de terceros, que pueden ser utilizadas por terceros si utiliza los servicios proporcionados por ellos en nuestro sitio web, por ejemplo, una ventana de reproducci\u00f3n de v\u00eddeo proporcionada por empresas de terceros. e integrado en nuestro sitio web.<\/p>\n\n\n\n<p><strong>Licencia<\/strong>:<br>Salvo que se indique lo contrario, Mobzin y sus licenciantes tienen derecho a los derechos de propiedad intelectual de todo el material publicado en Mobzin. Todos los derechos de propiedad intelectual est\u00e1n reservados.<\/p>\n\n\n\n<p><strong>No tienes permitido<\/strong>:<\/p>\n\n\n\n<p>Copiar o volver a publicar materiales de Mobzin<br>Vender, alquilar o subarrendar materiales de Mobzin<br>Reproducir, duplicar o copiar materiales de Mobzin<br>Redistribuir el contenido de Mobzin<br>Este Acuerdo entrar\u00e1 en vigor a partir de la presente fecha.<\/p>\n\n\n\n<p>Partes de este sitio web ofrecen al usuario la oportunidad de publicar y discutir opiniones e informaci\u00f3n en determinadas \u00e1reas. Mobzin no filtra, edita, publica ni revisa los comentarios antes de que aparezcan en el sitio. Los comentarios reflejan las opiniones de la persona que los publica. En la medida en que lo permitan las leyes aplicables, Mobzin no ser\u00e1 legalmente responsable de los Comentarios ni de ning\u00fan da\u00f1o, riesgo o gasto causado o sufrido como resultado del uso, publicaci\u00f3n y\/o apariencia de los Comentarios en este sitio web.<\/p>\n\n\n\n<p>Mobzin se reserva el derecho de eliminar cualquier comentario que pueda considerarse inapropiado, ofensivo o que infrinja los t\u00e9rminos y condiciones de este acuerdo.<\/p>\n\n\n\n<p><strong>Usted declara y garantiza que<\/strong>:<\/p>\n\n\n\n<p>Tiene derecho a publicar Comentarios en nuestro sitio web y tiene todas las licencias y consentimientos para hacerlo;<br>Sus comentarios no invaden ninguna propiedad intelectual, incluidos derechos de autor, patentes o marcas comerciales de terceros;<br>Sus comentarios no contienen material difamatorio, calumnioso, ofensivo, indecente o ilegal que constituya una invasi\u00f3n de la privacidad.<br>Sus comentarios no se utilizar\u00e1n para solicitar o promover negocios ni presentar actividades comerciales o actividades ilegales.<br>Por la presente, otorga a Mobzin la licencia no exclusiva para usar, reproducir, editar y autorizar a otros a usar, reproducir o editar cualquiera de sus Comentarios en todas y cada una de las formas, formatos y medios.<\/p>\n\n\n\n<p>Creando enlaces a nuestro contenido.<br>Las siguientes organizaciones pueden vincularse a nuestro sitio web sin aprobaci\u00f3n previa por escrito:<\/p>\n\n\n\n<p>Agencias gubernamentales;<br>Los motores de b\u00fasqueda;<br>Organizaciones de medios;<br>Los distribuidores de directorios en l\u00ednea pueden realizar hiperv\u00ednculos a nuestro sitio web de la misma manera que lo hacen a los sitios web de otras empresas enumeradas; Es<br>Las empresas acreditadas, excepto las organizaciones sin fines de lucro y los grupos ben\u00e9ficos de recaudaci\u00f3n de fondos, no pueden vincularse a nuestro Sitio sin aprobaci\u00f3n previa.<br>Estas organizaciones pueden publicar enlaces a nuestra p\u00e1gina de inicio, publicaciones u otra informaci\u00f3n del sitio web siempre que el enlace: (a) no sea de ninguna manera enga\u00f1oso; (b) no implican falsamente la existencia de una relaci\u00f3n de patrocinio, respaldo o aprobaci\u00f3n con nosotros con respecto a productos y\/o servicios; y (c) sea apropiado para el contexto en el que se inserta.<\/p>\n\n\n\n<p>Podemos considerar y aprobar solicitudes de enlaces de los siguientes tipos de organizaciones:<\/p>\n\n\n\n<p>fuentes conocidas de informaci\u00f3n sobre productos y negocios;<br>sitios comunitarios punto.com;<br>asociaciones y otros grupos que representan organizaciones ben\u00e9ficas;<br>distribuidores de directorios en l\u00ednea;<br>portales de internet;<br>firmas de contabilidad, derecho y consultor\u00eda; Es<br>instituciones educativas y asociaciones de clases.<br>Aprobaremos las solicitudes de enlace realizadas por los tipos de organizaciones enumeradas anteriormente si consideramos que: (a) el enlace no es desfavorable para nuestra imagen y\/o la imagen de las empresas acreditadas; (b) la organizaci\u00f3n solicitante no tiene un historial negativo con nosotros; (c) el beneficio que obtenemos de la visibilidad del v\u00ednculo compensa la ausencia de Mobzin; y (d) el enlace se colocar\u00e1 en un contexto informativo general.<\/p>\n\n\n\n<p>Estas organizaciones pueden publicar enlaces a nuestra p\u00e1gina de inicio siempre que el enlace: (a) no sea de ninguna manera enga\u00f1oso; (b) no implican falsamente la existencia de un patrocinio, respaldo o aprobaci\u00f3n de productos y\/o servicios por nuestra parte; y (c) sea apropiado para el contexto en el que se inserta.<\/p>\n\n\n\n<p>Si representa a una de las organizaciones enumeradas en el p\u00e1rrafo 2 anterior y est\u00e1 interesado en publicar un enlace a nuestro sitio web, debe informarnos de su inter\u00e9s enviando un correo electr\u00f3nico a Mobzin. Incluya su nombre, el nombre de su organizaci\u00f3n y la informaci\u00f3n de contacto, as\u00ed como la URL de su sitio, una lista de las URL de nuestro sitio a las que desea vincular y una lista de los sitios en los que desea publicar nuestro URL. Espere de 2 a 3 semanas para recibir una respuesta.<\/p>\n\n\n\n<p>Las organizaciones aprobadas pueden publicar enlaces a nuestro Sitio de las siguientes maneras:<\/p>\n\n\n\n<p>Usando nuestro nombre corporativo; o<br>Utilizando la URL a la que redirige el enlace; o<br>Usar cualquier otra descripci\u00f3n de nuestro Sitio que tenga sentido dentro del contexto y formato del contenido al que se inserta el enlace.<br>No se permitir\u00e1 el uso o publicaci\u00f3n de enlaces al logotipo de Mobzin y\/u otros elementos visuales sin un acuerdo de licencia para usar la marca registrada.<\/p>\n\n\n\n<p><strong>Responsabilidad por el contenido<\/strong>:<br>No seremos legalmente responsables de ning\u00fan contenido que aparezca en su Sitio. Usted acepta protegernos y defendernos contra todas las acusaciones planteadas en su Sitio. No deben aparecer enlaces en ning\u00fan sitio web que puedan interpretarse como difamatorios, obscenos, criminales o que infrinjan, violen o defiendan la violaci\u00f3n de derechos de terceros.<\/p>\n\n\n\n<p><strong>Reserva de Derechos<\/strong>:<br>Nos reservamos el derecho de solicitarle que elimine todos los enlaces o cualquier enlace que redirija a nuestro sitio web. Usted acepta eliminar inmediatamente todos los enlaces a nuestro sitio web cuando se solicite su eliminaci\u00f3n. Tambi\u00e9n nos reservamos el derecho de modificar y cambiar estos t\u00e9rminos y condiciones en cualquier momento. Al publicar continuamente enlaces a nuestro sitio web, usted acepta estar sujeto a estos t\u00e9rminos y condiciones de enlace.<\/p>\n\n\n\n<p><strong>Eliminaci\u00f3n de enlaces publicados en nuestro sitio web<\/strong>:<br>Si encuentra alg\u00fan enlace en nuestro sitio web que sea ofensivo de alguna manera, puede contactarnos e informarnos del problema en cualquier momento. Consideraremos las solicitudes para eliminar enlaces, pero no estamos obligados a eliminar ning\u00fan enlace a nuestro sitio web ni a responder directamente a su solicitud.<\/p>\n\n\n\n<p>No garantizamos que la informaci\u00f3n contenida en este sitio web sea correcta. No garantizamos la integridad o exactitud del contenido. No garantizamos que el sitio web permanecer\u00e1 disponible o que el material del sitio web se mantendr\u00e1 actualizado.<\/p>\n\n\n\n<p><strong>Descargo de responsabilidad<\/strong>:<br>En la medida m\u00e1xima permitida por la ley, excluimos todas las representaciones, garant\u00edas y condiciones relacionadas con nuestro sitio web y el uso de este sitio web. Nada en este descargo de responsabilidad:<\/p>\n\n\n\n<p>limitar o excluir nuestra o su responsabilidad por muerte o lesiones personales;<br>limitar o excluir nuestra o su responsabilidad por fraude o tergiversaci\u00f3n fraudulenta;<br>limitar nuestra responsabilidad o la suya de cualquier forma que no est\u00e9 permitida por la ley;<br>excluir cualquier responsabilidad suya o nuestra que no pueda excluirse seg\u00fan la ley aplicable.<br>Las limitaciones y prohibiciones de responsabilidad enumeradas en esta Secci\u00f3n y en otras partes de esta declaraci\u00f3n: (a) est\u00e1n sujetas al p\u00e1rrafo anterior; y (b) regir todas las responsabilidades que surjan bajo la declaraci\u00f3n, incluidas las responsabilidades que surjan en el contrato, en agravio y por incumplimiento de obligaci\u00f3n legal.<\/p>\n\n\n\n<p>Siempre que el sitio web y la informaci\u00f3n y los servicios del sitio web se proporcionen de forma gratuita, no seremos responsables de ninguna p\u00e9rdida o da\u00f1o de cualquier naturaleza.<\/p>","protected":false},"excerpt":{"rendered":"<p>Termos e Condi\u00e7\u00f5es de UsoSeja bem-vindo ao Mobzin!Estes termos e condi\u00e7\u00f5es descrevem as regras de uso do site da empresa Mobzin, localizado no endere\u00e7o https:\/\/mobzin.com\/. Ao acessar este site, consideramos que voc\u00ea est\u00e1 de acordo com os termos e condi\u00e7\u00f5es abaixo. N\u00e3o continue a usar o Mobzin caso voc\u00ea discorde dos termos e condi\u00e7\u00f5es descritos [&hellip;]<\/p>\n","protected":false},"author":4,"featured_media":0,"parent":0,"menu_order":0,"comment_status":"closed","ping_status":"closed","template":"","meta":{"footnotes":""},"class_list":["post-89","page","type-page","status-publish"],"_links":{"self":[{"href":"https:\/\/mobzin.com\/es\/wp-json\/wp\/v2\/pages\/89","targetHints":{"allow":["GET"]}}],"collection":[{"href":"https:\/\/mobzin.com\/es\/wp-json\/wp\/v2\/pages"}],"about":[{"href":"https:\/\/mobzin.com\/es\/wp-json\/wp\/v2\/types\/page"}],"author":[{"embeddable":true,"href":"https:\/\/mobzin.com\/es\/wp-json\/wp\/v2\/users\/4"}],"replies":[{"embeddable":true,"href":"https:\/\/mobzin.com\/es\/wp-json\/wp\/v2\/comments?post=89"}],"version-history":[{"count":5,"href":"https:\/\/mobzin.com\/es\/wp-json\/wp\/v2\/pages\/89\/revisions"}],"predecessor-version":[{"id":346,"href":"https:\/\/mobzin.com\/es\/wp-json\/wp\/v2\/pages\/89\/revisions\/346"}],"wp:attachment":[{"href":"https:\/\/mobzin.com\/es\/wp-json\/wp\/v2\/media?parent=89"}],"curies":[{"name":"wp","href":"https:\/\/api.w.org\/{rel}","templated":true}]}}