{"id":89,"date":"2022-11-02T00:36:48","date_gmt":"2022-11-02T00:36:48","guid":{"rendered":"https:\/\/mobzin.com\/?page_id=89"},"modified":"2023-10-06T05:22:34","modified_gmt":"2023-10-06T05:22:34","slug":"conditions-dutilisation","status":"publish","type":"page","link":"https:\/\/mobzin.com\/fr\/conditions-dutilisation\/","title":{"rendered":"Conditions d&#039;utilisation"},"content":{"rendered":"<p>Termes et conditions d&#039;utilisation<br>Bienvenue sur Mobzin !<br>Les pr\u00e9sentes conditions g\u00e9n\u00e9rales d\u00e9crivent les r\u00e8gles d&#039;utilisation du site Internet de la soci\u00e9t\u00e9 Mobzin, situ\u00e9 \u00e0 l&#039;adresse https:\/\/mobzin.com\/.<\/p>\n\n\n\n<p>En acc\u00e9dant \u00e0 ce site Web, nous consid\u00e9rons que vous acceptez les termes et conditions ci-dessous. Ne continuez pas \u00e0 utiliser Mobzin si vous n&#039;\u00eates pas d&#039;accord avec les termes et conditions d\u00e9crits dans cet accord.<\/p>\n\n\n\n<p><strong>Biscuits<\/strong>:<br>Le site Web utilise des cookies pour vous aider \u00e0 personnaliser votre exp\u00e9rience Internet. En acc\u00e9dant au site Mobzin, vous acceptez l&#039;utilisation des cookies requis.<\/p>\n\n\n\n<p>Les cookies sont des fichiers texte plac\u00e9s sur votre disque dur par un serveur de pages Web. Les cookies ne sont pas autoris\u00e9s \u00e0 ex\u00e9cuter des programmes ou \u00e0 transf\u00e9rer des virus sur votre ordinateur. Les cookies vous sont associ\u00e9s de mani\u00e8re unique et ne peuvent \u00eatre lus que par le serveur Web du domaine qui a \u00e9mis le cookie.<\/p>\n\n\n\n<p>Nous pouvons utiliser des cookies pour collecter, stocker ou suivre des informations \u00e0 des fins statistiques et marketing sur notre site Web. Vous avez la possibilit\u00e9 d&#039;accepter ou de refuser les cookies facultatifs. Il existe certains cookies obligatoires, n\u00e9cessaires au fonctionnement de notre site Web. Ces cookies obligatoires n\u00e9cessitent votre consentement. Veuillez garder \u00e0 l&#039;esprit qu&#039;en acceptant les cookies obligatoires, vous acceptez \u00e9galement les cookies tiers, qui peuvent \u00eatre utilis\u00e9s par des tiers si vous utilisez les services qu&#039;ils fournissent sur notre site Web \u2013 par exemple, une fen\u00eatre de lecture vid\u00e9o fournie par des soci\u00e9t\u00e9s tierces. et int\u00e9gr\u00e9 \u00e0 notre site Internet.<\/p>\n\n\n\n<p><strong>Licence<\/strong>:<br>Sauf indication contraire, Mobzin et ses conc\u00e9dants de licence ont droit aux droits de propri\u00e9t\u00e9 intellectuelle de tout le mat\u00e9riel publi\u00e9 sur Mobzin. Tous les droits de propri\u00e9t\u00e9 intellectuelle sont r\u00e9serv\u00e9s.<\/p>\n\n\n\n<p><strong>Vous n&#039;\u00eates pas autoris\u00e9 \u00e0<\/strong>:<\/p>\n\n\n\n<p>Copier ou republier des documents de Mobzin<br>Vendre, louer ou sous-louer du mat\u00e9riel de Mobzin<br>Reproduire, dupliquer ou copier des documents de Mobzin<br>Redistribuer le contenu Mobzin<br>Le pr\u00e9sent accord entrera en vigueur \u00e0 compter de la date actuelle.<\/p>\n\n\n\n<p>Certaines parties de ce site Web offrent \u00e0 l&#039;utilisateur la possibilit\u00e9 de publier et de discuter des opinions et des informations dans certains domaines. Mobzin ne filtre, ne modifie, ne publie ni ne r\u00e9vise les commentaires avant qu&#039;ils n&#039;apparaissent sur le site. Les commentaires refl\u00e8tent les opinions de la personne qui les publie. Dans la mesure o\u00f9 les lois applicables le permettent, Mobzin ne sera pas l\u00e9galement responsable des commentaires ou de tout dommage, risque ou d\u00e9pense caus\u00e9 ou subi \u00e0 la suite de l&#039;utilisation et\/ou de la publication et\/ou de l&#039;apparition des commentaires sur ce site Web.<\/p>\n\n\n\n<p>Mobzin se r\u00e9serve le droit de supprimer tout commentaire pouvant \u00eatre consid\u00e9r\u00e9 comme inappropri\u00e9, offensant ou violant les termes et conditions de cet accord.<\/p>\n\n\n\n<p><strong>Vous d\u00e9clarez et garantissez que<\/strong>:<\/p>\n\n\n\n<p>Vous avez le droit de publier des commentaires sur notre site Web et disposez de toutes les licences et consentements pour le faire\u00a0;<br>Vos commentaires n&#039;envahissent aucune propri\u00e9t\u00e9 intellectuelle, y compris les droits d&#039;auteur, les brevets ou les marques de tiers\u00a0;<br>Vos commentaires ne contiennent aucun \u00e9l\u00e9ment diffamatoire, offensant, ind\u00e9cent ou autrement ill\u00e9gal qui constitue une atteinte \u00e0 la vie priv\u00e9e.<br>Vos commentaires ne seront pas utilis\u00e9s pour solliciter ou promouvoir des affaires ou pr\u00e9senter des activit\u00e9s commerciales ou des activit\u00e9s ill\u00e9gales.<br>Par la pr\u00e9sente, vous accordez \u00e0 Mobzin une licence non exclusive pour utiliser, reproduire, \u00e9diter et autoriser d&#039;autres personnes \u00e0 utiliser, reproduire ou \u00e9diter n&#039;importe lequel de vos commentaires sous toutes formes, formats et supports.<\/p>\n\n\n\n<p>Cr\u00e9er des liens vers notre contenu<br>Les organisations suivantes peuvent cr\u00e9er des liens vers notre site Web sans autorisation \u00e9crite pr\u00e9alable\u00a0:<\/p>\n\n\n\n<p>Organismes gouvernementaux;<br>Moteurs de recherche;<br>Organisations m\u00e9diatiques\u00a0;<br>Les distributeurs d&#039;annuaires en ligne peuvent cr\u00e9er des hyperliens vers notre site Web de la m\u00eame mani\u00e8re qu&#039;ils cr\u00e9ent des hyperliens vers les sites Web d&#039;autres entreprises r\u00e9pertori\u00e9es\u00a0; C&#039;est<br>Les entreprises accr\u00e9dit\u00e9es, \u00e0 l&#039;exception des organismes de collecte de fonds \u00e0 but non lucratif et des groupes caritatifs de collecte de fonds, ne peuvent pas cr\u00e9er de lien vers notre site sans autorisation pr\u00e9alable.<br>Ces organisations peuvent publier des liens vers notre page d&#039;accueil, nos publications ou d&#039;autres informations sur notre site Web \u00e0 condition que le lien\u00a0: (a) ne soit en aucun cas trompeur\u00a0; (b) n&#039;impliquez pas faussement l&#039;existence d&#039;une relation de parrainage, d&#039;approbation ou d&#039;approbation avec nous concernant les produits et\/ou services\u00a0; et (c) est appropri\u00e9 au contexte dans lequel il est ins\u00e9r\u00e9.<\/p>\n\n\n\n<p>Nous pouvons examiner et approuver les demandes de liens \u00e9manant des types d&#039;organisations suivants\u00a0:<\/p>\n\n\n\n<p>sources d&#039;informations bien connues sur les produits et les entreprises\u00a0;<br>sites communautaires dot.com\u00a0;<br>les associations et autres groupes repr\u00e9sentant des \u0153uvres caritatives\u00a0;<br>distributeurs d&#039;annuaires en ligne;<br>portails Internet;<br>cabinets de comptabilit\u00e9, d&#039;avocats et de conseil; C&#039;est<br>les \u00e9tablissements d&#039;enseignement et les associations de classe.<br>Nous approuverons les demandes de lien formul\u00e9es par les types d&#039;organisations list\u00e9es ci-dessus si nous jugeons que : (a) le lien n&#039;est pas d\u00e9favorable \u00e0 notre image et\/ou \u00e0 l&#039;image des entreprises accr\u00e9dit\u00e9es ; (b) l&#039;organisation requ\u00e9rante n&#039;a pas d&#039;ant\u00e9c\u00e9dents n\u00e9gatifs avec nous\u00a0; (c) le b\u00e9n\u00e9fice que nous tirons de la visibilit\u00e9 du lien compense l&#039;absence de Mobzin ; et (d) le lien sera plac\u00e9 dans un contexte informatif g\u00e9n\u00e9ral.<\/p>\n\n\n\n<p>Ces organisations peuvent publier des liens vers notre page d&#039;accueil \u00e0 condition que le lien\u00a0: (a) ne soit en aucun cas trompeur\u00a0; (b) n\u2019impliquez pas faussement l\u2019existence d\u2019un parrainage, d\u2019une approbation ou d\u2019une approbation de produits et\/ou services de notre part\u00a0; et (c) est appropri\u00e9 au contexte dans lequel il est ins\u00e9r\u00e9.<\/p>\n\n\n\n<p>Si vous repr\u00e9sentez l&#039;une des organisations \u00e9num\u00e9r\u00e9es au paragraphe 2 ci-dessus et que vous souhaitez publier un lien vers notre site Web, vous devez nous informer de votre int\u00e9r\u00eat en envoyant un e-mail \u00e0 Mobzin. Veuillez inclure votre nom, le nom de votre organisation et vos coordonn\u00e9es, ainsi que l&#039;URL de votre site, une liste des URL de notre site vers lesquelles vous avez l&#039;intention de cr\u00e9er un lien et une liste des sites sur lesquels vous avez l&#039;intention de publier notre URL. Veuillez pr\u00e9voir 2 \u00e0 3 semaines pour recevoir une r\u00e9ponse.<\/p>\n\n\n\n<p>Les organisations agr\u00e9\u00e9es peuvent publier des liens vers notre site des mani\u00e8res suivantes\u00a0:<\/p>\n\n\n\n<p>Utiliser notre raison sociale\u00a0; ou<br>Utiliser l&#039;URL vers laquelle le lien redirige\u00a0; ou<br>Utiliser toute autre description de notre Site qui a du sens dans le contexte et le format du contenu vers lequel le lien est ins\u00e9r\u00e9.<br>L&#039;utilisation ou la publication de liens vers le logo de Mobzin et\/ou d&#039;autres \u00e9l\u00e9ments visuels ne sera pas autoris\u00e9e sans un accord de licence pour utiliser la marque.<\/p>\n\n\n\n<p><strong>Responsabilit\u00e9 du contenu<\/strong>:<br>Nous ne serons pas tenus l\u00e9galement responsables de tout contenu apparaissant sur votre site. Vous acceptez de nous prot\u00e9ger et de nous d\u00e9fendre contre toutes les all\u00e9gations soulev\u00e9es sur votre Site. Aucun lien ne doit appara\u00eetre sur un site Web qui pourrait \u00eatre interpr\u00e9t\u00e9 comme diffamatoire, obsc\u00e8ne, criminel ou qui enfreint, viole ou pr\u00e9conise la violation des droits de tiers.<\/p>\n\n\n\n<p><strong>R\u00e9serve de droits<\/strong>:<br>Nous nous r\u00e9servons le droit de vous demander de supprimer tous les liens ou tout lien redirigeant vers notre site Web. Vous acceptez de supprimer imm\u00e9diatement tous les liens vers notre site Web lors de la suppression demand\u00e9e. Nous nous r\u00e9servons \u00e9galement le droit de modifier et de changer ces termes et conditions \u00e0 tout moment. En publiant continuellement des liens vers notre site Web, vous acceptez d&#039;\u00eatre li\u00e9 par ces termes et conditions de cr\u00e9ation de liens.<\/p>\n\n\n\n<p><strong>Suppression des liens affich\u00e9s sur notre site Internet<\/strong>:<br>Si vous trouvez un lien offensant sur notre site Web, vous \u00eates libre de nous contacter et de nous informer du probl\u00e8me \u00e0 tout moment. Nous examinerons les demandes de suppression de liens, mais nous ne sommes pas oblig\u00e9s de supprimer les liens vers notre site Web ni de r\u00e9pondre directement \u00e0 votre demande.<\/p>\n\n\n\n<p>Nous ne garantissons pas que les informations contenues sur ce site Web soient exactes. Nous ne garantissons pas l&#039;exhaustivit\u00e9 ou l&#039;exactitude du contenu. Nous ne garantissons pas que le site Web restera disponible ou que le contenu du site Web sera tenu \u00e0 jour.<\/p>\n\n\n\n<p><strong>Clause de non-responsabilit\u00e9<\/strong>:<br>Dans la mesure permise par la loi, nous excluons toutes les repr\u00e9sentations, garanties et conditions relatives \u00e0 notre site Web et \u00e0 l&#039;utilisation de ce site Web. Rien dans cette clause de non-responsabilit\u00e9\u00a0:<\/p>\n\n\n\n<p>limiter ou exclure notre ou votre responsabilit\u00e9 en cas de d\u00e9c\u00e8s ou de blessures corporelles\u00a0;<br>limiter ou exclure notre ou votre responsabilit\u00e9 en cas de fraude ou de fausse d\u00e9claration frauduleuse\u00a0;<br>limiter notre ou votre responsabilit\u00e9 d&#039;une mani\u00e8re qui n&#039;est pas autoris\u00e9e par la loi\u00a0;<br>exclure toute responsabilit\u00e9 de vous ou de nous qui ne peut pas \u00eatre exclue en vertu de la loi applicable.<br>Les limitations et interdictions de responsabilit\u00e9 \u00e9num\u00e9r\u00e9es dans cette section et ailleurs dans cette d\u00e9claration\u00a0: (a) sont soumises au paragraphe pr\u00e9c\u00e9dent\u00a0; et (b) r\u00e9gissent toutes les responsabilit\u00e9s d\u00e9coulant de la d\u00e9claration, y compris les responsabilit\u00e9s d\u00e9coulant du contrat, de la responsabilit\u00e9 d\u00e9lictuelle et de la violation d&#039;une obligation l\u00e9gale.<\/p>\n\n\n\n<p>Tant que le site Web ainsi que les informations et services propos\u00e9s sur le site Web sont fournis gratuitement, nous ne serons pas responsables de toute perte ou dommage de quelque nature que ce soit.<\/p>","protected":false},"excerpt":{"rendered":"<p>Termos e Condi\u00e7\u00f5es de UsoSeja bem-vindo ao Mobzin!Estes termos e condi\u00e7\u00f5es descrevem as regras de uso do site da empresa Mobzin, localizado no endere\u00e7o https:\/\/mobzin.com\/. Ao acessar este site, consideramos que voc\u00ea est\u00e1 de acordo com os termos e condi\u00e7\u00f5es abaixo. N\u00e3o continue a usar o Mobzin caso voc\u00ea discorde dos termos e condi\u00e7\u00f5es descritos [&hellip;]<\/p>\n","protected":false},"author":4,"featured_media":0,"parent":0,"menu_order":0,"comment_status":"closed","ping_status":"closed","template":"","meta":{"footnotes":""},"class_list":["post-89","page","type-page","status-publish"],"_links":{"self":[{"href":"https:\/\/mobzin.com\/fr\/wp-json\/wp\/v2\/pages\/89","targetHints":{"allow":["GET"]}}],"collection":[{"href":"https:\/\/mobzin.com\/fr\/wp-json\/wp\/v2\/pages"}],"about":[{"href":"https:\/\/mobzin.com\/fr\/wp-json\/wp\/v2\/types\/page"}],"author":[{"embeddable":true,"href":"https:\/\/mobzin.com\/fr\/wp-json\/wp\/v2\/users\/4"}],"replies":[{"embeddable":true,"href":"https:\/\/mobzin.com\/fr\/wp-json\/wp\/v2\/comments?post=89"}],"version-history":[{"count":5,"href":"https:\/\/mobzin.com\/fr\/wp-json\/wp\/v2\/pages\/89\/revisions"}],"predecessor-version":[{"id":346,"href":"https:\/\/mobzin.com\/fr\/wp-json\/wp\/v2\/pages\/89\/revisions\/346"}],"wp:attachment":[{"href":"https:\/\/mobzin.com\/fr\/wp-json\/wp\/v2\/media?parent=89"}],"curies":[{"name":"wp","href":"https:\/\/api.w.org\/{rel}","templated":true}]}}