{"id":3,"date":"2022-10-24T23:31:41","date_gmt":"2022-10-24T23:31:41","guid":{"rendered":"https:\/\/mobzin.com\/?page_id=3"},"modified":"2023-10-31T07:48:30","modified_gmt":"2023-10-31T07:48:30","slug":"politika-privatnosti","status":"publish","type":"page","link":"https:\/\/mobzin.com\/hr\/politika-privatnosti\/","title":{"rendered":"Politika privatnosti"},"content":{"rendered":"<p>Va\u0161a privatnost nam je va\u017ena. Politika Mobzina je po\u0161tivanje va\u0161e privatnosti u vezi sa svim informacijama koje mo\u017eemo prikupiti od vas na web stranici <a href=\"https:\/\/mobzin.com\/hr\/\">mobzin<\/a>, i druge stranice koje posjedujemo i kojima upravljamo.<\/p>\n\n\n\n<p>Osobne podatke tra\u017eimo samo kada su nam doista potrebni kako bismo vam pru\u017eili uslugu. To \u010dinimo po\u0161tenim i zakonitim sredstvima, uz va\u0161e znanje i pristanak. Tako\u0111er vam ka\u017eemo za\u0161to ih prikupljamo i kako \u0107emo ih koristiti.<\/p>\n\n\n\n<p>Prikupljene podatke zadr\u017eavamo samo onoliko dugo koliko je potrebno za pru\u017eanje tra\u017eene usluge. Kada pohranjujemo podatke, \u0161titimo ih u okviru komercijalno prihvatljivih sredstava kako bismo sprije\u010dili gubitak i kra\u0111u, kao i neovla\u0161teni pristup, otkrivanje, kopiranje, kori\u0161tenje ili modificiranje.<\/p>\n\n\n\n<p>Ne dijelimo osobne podatke javno ili s tre\u0107im stranama, osim kada to zahtijeva zakon.<\/p>\n\n\n\n<p>Na\u0161a web stranica mo\u017ee sadr\u017eavati poveznice na vanjske web stranice kojima ne upravljamo mi. Imajte na umu da nemamo kontrolu nad sadr\u017eajem i praksama ovih stranica i ne mo\u017eemo prihvatiti odgovornost za njihova pravila privatnosti.<\/p>\n\n\n\n<p>Slobodni ste odbiti na\u0161 zahtjev za va\u0161im osobnim podacima, uz razumijevanje da vam mo\u017eda ne\u0107emo mo\u0107i pru\u017eiti neke od \u017eeljenih usluga.<\/p>\n\n\n\n<p>Va\u0161e daljnje kori\u0161tenje na\u0161e web stranice smatrat \u0107e se prihva\u0107anjem na\u0161e prakse u vezi s privatno\u0161\u0107u i osobnim podacima. Ako imate bilo kakvih pitanja o tome kako postupamo s korisni\u010dkim podacima i osobnim podacima, obratite nam se.<\/p>\n\n\n\n<ul class=\"wp-block-list\">\n<li>Usluga Google AdSense koju koristimo za poslu\u017eivanje ogla\u0161avanja koristi DoubleClick kola\u010di\u0107 za poslu\u017eivanje relevantnijih oglasa na webu i ograni\u010davanje broja prikaza odre\u0111enog oglasa.<\/li>\n\n\n\n<li>Za vi\u0161e informacija o Google AdSenseu pogledajte slu\u017ebena \u010desto postavljana pitanja o privatnosti Google AdSensea.<\/li>\n\n\n\n<li>Koristimo se oglasima kako bismo nadoknadili tro\u0161kove rada ove stranice i osigurali sredstva za budu\u0107i razvoj. Kola\u010di\u0107i za bihevioralno ogla\u0161avanje koje koristi ova stranica osmi\u0161ljeni su kako bi vam osigurali najrelevantnije oglase gdje je to mogu\u0107e anonimnim pra\u0107enjem va\u0161ih interesa i predstavljanjem sli\u010dnih stvari koje bi vas mogle zanimati.<\/li>\n\n\n\n<li>Nekoliko partnera reklamira u na\u0161e ime, a kola\u010di\u0107i za pra\u0107enje pridru\u017eenih partnera jednostavno nam omogu\u0107uju da vidimo jesu li na\u0161i klijenti pristupili web-mjestu putem web-mjesta na\u0161ih partnera kako bismo ih mogli na odgovaraju\u0107i na\u010din kreditirati i, gdje je primjenjivo, dopustiti na\u0161im pridru\u017eenim partnerima da ponude bilo kakvu promociju koja mo\u017ee vam omogu\u0107iti kupnju.<\/li>\n<\/ul>\n\n\n\n<h3 class=\"wp-block-heading\">Obveza korisnika<\/h3>\n\n\n\n<p>Korisnik se obvezuje da \u0107e na odgovaraju\u0107i na\u010din koristiti sadr\u017eaj i informacije koje Mobzin nudi na web stranici i koji su izri\u010ditog, ali ne ograni\u010davaju\u0107eg karaktera:<\/p>\n\n\n\n<ul class=\"wp-block-list\">\n<li>A) Ne sudjelovati u aktivnostima koje su nezakonite ili protivne dobroj vjeri i javnom redu;<\/li>\n\n\n\n<li>B) Nemojte \u0161iriti propagandu ili sadr\u017eaj rasisti\u010dke, ksenofobi\u010dne, betano ili lo\u0161e prirode, bilo koju vrstu ilegalne pornografije, koja podr\u017eava terorizam ili protiv ljudskih prava;<\/li>\n\n\n\n<li>C) Nemojte uzrokovati \u0161tetu fizi\u010dkim (hardverskim) i logi\u010dkim (softverskim) sustavima Mobzina, njegovih dobavlja\u010da ili tre\u0107ih strana, uvesti ili \u0161iriti ra\u010dunalne viruse ili bilo koje druge hardverske ili softverske sustave koji mogu prouzro\u010diti gore navedene \u0161tete.<\/li>\n<\/ul>\n\n\n\n<h3 class=\"wp-block-heading\">Vi\u0161e informacija<\/h3>\n\n\n\n<p>Nadamo se da je to jasno, a kao \u0161to je ranije spomenuto, ako postoji ne\u0161to za \u0161to niste sigurni trebate li ili ne, obi\u010dno je sigurnije ostaviti kola\u010di\u0107e omogu\u0107enima u slu\u010daju da su u interakciji s jednom od zna\u010dajki koje koristite na na\u0161oj stranici.<\/p>\n\n\n\n<p>Ova politika je na snazi od 16. travnja 2023. u 22:42<\/p>\n\n\n\n<p><\/p>","protected":false},"excerpt":{"rendered":"<p>A sua privacidade \u00e9 importante para n\u00f3s. \u00c9 pol\u00edtica do Mobzin respeitar a sua privacidade em rela\u00e7\u00e3o a qualquer informa\u00e7\u00e3o sua que possamos coletar no site mobzin, e outros sites que possu\u00edmos e operamos. Solicitamos informa\u00e7\u00f5es pessoais apenas quando realmente precisamos delas para lhe fornecer um servi\u00e7o. Fazemo-lo por meios justos e legais, com o [&hellip;]<\/p>\n","protected":false},"author":4,"featured_media":0,"parent":0,"menu_order":0,"comment_status":"closed","ping_status":"closed","template":"","meta":{"footnotes":""},"class_list":["post-3","page","type-page","status-publish"],"_links":{"self":[{"href":"https:\/\/mobzin.com\/hr\/wp-json\/wp\/v2\/pages\/3","targetHints":{"allow":["GET"]}}],"collection":[{"href":"https:\/\/mobzin.com\/hr\/wp-json\/wp\/v2\/pages"}],"about":[{"href":"https:\/\/mobzin.com\/hr\/wp-json\/wp\/v2\/types\/page"}],"author":[{"embeddable":true,"href":"https:\/\/mobzin.com\/hr\/wp-json\/wp\/v2\/users\/4"}],"replies":[{"embeddable":true,"href":"https:\/\/mobzin.com\/hr\/wp-json\/wp\/v2\/comments?post=3"}],"version-history":[{"count":4,"href":"https:\/\/mobzin.com\/hr\/wp-json\/wp\/v2\/pages\/3\/revisions"}],"predecessor-version":[{"id":465,"href":"https:\/\/mobzin.com\/hr\/wp-json\/wp\/v2\/pages\/3\/revisions\/465"}],"wp:attachment":[{"href":"https:\/\/mobzin.com\/hr\/wp-json\/wp\/v2\/media?parent=3"}],"curies":[{"name":"wp","href":"https:\/\/api.w.org\/{rel}","templated":true}]}}