{"id":89,"date":"2022-11-02T00:36:48","date_gmt":"2022-11-02T00:36:48","guid":{"rendered":"https:\/\/mobzin.com\/?page_id=89"},"modified":"2023-10-06T05:22:34","modified_gmt":"2023-10-06T05:22:34","slug":"uvjeti-koristenja","status":"publish","type":"page","link":"https:\/\/mobzin.com\/hr\/uvjeti-koristenja\/","title":{"rendered":"Uvjeti kori\u0161tenja"},"content":{"rendered":"<p>Pravila i uvjeti kori\u0161tenja<br>Dobrodo\u0161li u Mobzin!<br>Ovi uvjeti opisuju pravila kori\u0161tenja web stranice tvrtke Mobzin koja se nalazi na https:\/\/mobzin.com\/.<\/p>\n\n\n\n<p>Pristupanjem ovoj web stranici smatramo da ste suglasni s dolje navedenim uvjetima i odredbama. Nemojte nastaviti koristiti Mobzin ako se ne sla\u017eete s odredbama i uvjetima opisanim u ovom ugovoru.<\/p>\n\n\n\n<p><strong>Kola\u010di\u0107i<\/strong>:<br>Web stranica koristi kola\u010di\u0107e za personalizaciju va\u0161eg internetskog iskustva. Pristupom web stranici Mobzin pristajete na kori\u0161tenje obaveznih kola\u010di\u0107a.<\/p>\n\n\n\n<p>Kola\u010di\u0107i su tekstualne datoteke koje na va\u0161 tvrdi disk postavlja poslu\u017eitelj web stranice. Kola\u010di\u0107ima nije dopu\u0161teno pokretanje programa ili prijenos virusa na va\u0161e ra\u010dunalo. Kola\u010di\u0107i su jedinstveno povezani s vama i mo\u017ee ih pro\u010ditati samo web poslu\u017eitelj domene koja je izdala kola\u010di\u0107.<\/p>\n\n\n\n<p>Mo\u017eemo koristiti kola\u010di\u0107e za prikupljanje, pohranjivanje ili pra\u0107enje informacija u statisti\u010dke i marketin\u0161ke svrhe na na\u0161oj web stranici. Imate mogu\u0107nost prihvatiti ili odbiti neobavezne kola\u010di\u0107e. Postoje neki obvezni kola\u010di\u0107i koji su nu\u017eni za funkcioniranje na\u0161e web stranice. Za ove obavezne kola\u010di\u0107e potreban je va\u0161 pristanak. Imajte na umu da prihva\u0107anjem obaveznih kola\u010di\u0107a prihva\u0107ate i kola\u010di\u0107e tre\u0107e strane, koje mogu koristiti tre\u0107e strane ako koristite usluge koje one pru\u017eaju na na\u0161oj web stranici \u2013 na primjer, prozor za reprodukciju videozapisa koji pru\u017eaju tvrtke tre\u0107e strane i integrirani u na\u0161u web stranicu.<\/p>\n\n\n\n<p><strong>Licenca<\/strong>:<br>Osim ako nije druga\u010dije navedeno, Mobzin i njegovi davatelji licence imaju pravo na prava intelektualnog vlasni\u0161tva nad svim materijalima objavljenim na Mobzinu. Sva prava intelektualnog vlasni\u0161tva su pridr\u017eana.<\/p>\n\n\n\n<p><strong>Nije vam dopu\u0161teno<\/strong>:<\/p>\n\n\n\n<p>Kopirajte ili ponovno objavite materijale s Mobzina<br>Prodajte, iznajmite ili podzakupite materijale iz Mobzina<br>Reproducirati, umno\u017eavati ili kopirati materijale iz Mobzina<br>Redistribuirati Mobzin sadr\u017eaj<br>Ovaj Ugovor stupa na snagu od sada\u0161njeg datuma.<\/p>\n\n\n\n<p>Dijelovi ove web stranice nude korisniku mogu\u0107nost postavljanja i raspravljanja mi\u0161ljenja i informacija u odre\u0111enim podru\u010djima. Mobzin ne filtrira, ne ure\u0111uje, ne objavljuje niti pregledava komentare prije nego \u0161to se pojave na stranici. Komentari odra\u017eavaju mi\u0161ljenje osobe koja ih objavljuje. U mjeri u kojoj to dopu\u0161taju primjenjivi zakoni, Mobzin ne\u0107e biti zakonski odgovoran za komentare ili bilo kakvu \u0161tetu, rizike ili tro\u0161kove uzrokovane ili pretrpljene kao rezultat kori\u0161tenja, i\/ili objavljivanja i\/ili izgleda komentara na ovoj web stranici.<\/p>\n\n\n\n<p>Mobzin zadr\u017eava pravo ukloniti sve komentare koji se mogu smatrati neprikladnim, uvredljivim ili kr\u0161e Uvjete i odredbe ovog ugovora.<\/p>\n\n\n\n<p><strong>Vi to predstavljate i jam\u010dite<\/strong>:<\/p>\n\n\n\n<p>Imate pravo objavljivati komentare na na\u0161oj web stranici i imate sve licence i suglasnosti za to;<br>Va\u0161i komentari ne zadiru u intelektualno vlasni\u0161tvo, uklju\u010duju\u0107i autorska prava, patent ili za\u0161titni znak bilo koje tre\u0107e strane;<br>Va\u0161i komentari ne sadr\u017ee klevetni\u010dke, klevetni\u010dke, uvredljive, nepristojne ili na bilo koji drugi na\u010din nezakonite materijale koji predstavljaju invaziju na privatnost.<br>Va\u0161i se komentari ne\u0107e koristiti za tra\u017eenje ili promicanje poslovanja ili predstavljanje komercijalnih aktivnosti ili nezakonitih aktivnosti.<br>Ovime dajete Mobzinu neisklju\u010divu licencu za kori\u0161tenje, reprodukciju, ure\u0111ivanje i ovlastite druge da koriste, reproduciraju ili ure\u0111uju bilo koji od va\u0161ih komentara u bilo kojem i svim oblicima, formatima i medijima.<\/p>\n\n\n\n<p>Izrada poveznica na na\u0161 sadr\u017eaj<br>Sljede\u0107e organizacije mogu se povezati s na\u0161im web mjestom bez prethodnog pismenog odobrenja:<\/p>\n\n\n\n<p>Vladine agencije;<br>Tra\u017eilice;<br>Medijske organizacije;<br>Distributeri online imenika mogu hiperlinkovati na na\u0161u web stranicu na isti na\u010din kao \u0161to hiperlinkuju na web stranice drugih navedenih tvrtki; to je<br>Ovla\u0161tene tvrtke, osim neprofitnih organizacija za prikupljanje sredstava i dobrotvornih grupa za prikupljanje sredstava, ne smiju se povezivati na na\u0161u stranicu bez prethodnog odobrenja.<br>Te organizacije mogu objavljivati poveznice na na\u0161u po\u010detnu stranicu, publikacije ili druge informacije na web-mjestu sve dok veza: (a) ni na koji na\u010din ne dovodi u zabludu; (b) ne implicirati la\u017eno postojanje sponzorstva, podr\u0161ke ili odnosa s nama u vezi s proizvodima i\/ili uslugama; i (c) odgovara kontekstu u koji se ume\u0107e.<\/p>\n\n\n\n<p>Mo\u017eemo razmotriti i odobriti zahtjeve za povezivanje sljede\u0107ih vrsta organizacija:<\/p>\n\n\n\n<p>dobro poznati izvori informacija o proizvodima i poslovima;<br>stranice dot.com zajednice;<br>udruge i druge skupine koje predstavljaju dobrotvorne organizacije;<br>distributeri online imenika;<br>internetski portali;<br>ra\u010dunovodstvene, odvjetni\u010dke i konzultantske tvrtke; to je<br>obrazovne ustanove i razredne udruge.<br>Odobrit \u0107emo zahtjeve za povezivanje gore navedenih vrsta organizacija ako ocijenimo da: (a) poveznica nije nepovoljna za na\u0161u sliku i\/ili sliku ovla\u0161tenih tvrtki; (b) organizacija koja podnosi zahtjev nema negativnu povijest kod nas; (c) korist koju dobivamo od vidljivosti poveznice nadokna\u0111uje odsutnost Mobzina; i (d) poveznica \u0107e biti postavljena u op\u0107i informativni kontekst.<\/p>\n\n\n\n<p>Te organizacije mogu postavljati poveznice na na\u0161u po\u010detnu stranicu sve dok poveznica: (a) ni na koji na\u010din ne dovodi u zabludu; (b) ne implicirati la\u017eno postojanje sponzorstva, podr\u0161ke ili odobrenja proizvoda i\/ili usluga s na\u0161e strane; i (c) odgovara kontekstu u koji se ume\u0107e.<\/p>\n\n\n\n<p>Ako predstavljate jednu od organizacija navedenih u gornjem stavku 2. i zainteresirani ste za objavu poveznice na na\u0161u web stranicu, morate nas obavijestiti o svom interesu slanjem e-maila Mobzinu. Uklju\u010dite svoje ime, naziv svoje organizacije i podatke za kontakt, kao i URL svoje web stranice, popis URL-ova na na\u0161oj web stranici na koje se namjeravate povezati i popis web stranica na kojima namjeravate objaviti na\u0161e URL-ovi. Pri\u010dekajte 2 do 3 tjedna da primite odgovor.<\/p>\n\n\n\n<p>Odobrene organizacije mogu postavljati poveznice na na\u0161u stranicu na sljede\u0107e na\u010dine:<\/p>\n\n\n\n<p>Kori\u0161tenje naziva na\u0161e tvrtke; ili<br>Kori\u0161tenje URL-a na koji veza preusmjerava; ili<br>Kori\u0161tenje bilo kojeg drugog opisa na\u0161e stranice koji ima smisla unutar konteksta i formata sadr\u017eaja na koji se ume\u0107e poveznica.<br>Kori\u0161tenje ili objavljivanje poveznica na Mobzin logo i\/ili druge vizualne elemente ne\u0107e biti dopu\u0161teno bez licencnog ugovora za kori\u0161tenje robne marke.<\/p>\n\n\n\n<p><strong>Odgovornost za sadr\u017eaj<\/strong>:<br>Ne\u0107emo biti zakonski odgovorni za bilo kakav sadr\u017eaj koji se pojavljuje na va\u0161oj stranici. Sla\u017eete se da \u0107ete nas \u0161tititi i braniti od svih optu\u017ebi iznesenih na va\u0161oj stranici. Nijedna(e) poveznica(e) ne bi se smjela pojavljivati na bilo kojoj web stranici koja bi se mogla protuma\u010diti kao klevetni\u010dka, opscena, kriminalna ili koja kr\u0161i, kr\u0161i ili zagovara kr\u0161enje prava tre\u0107ih strana.<\/p>\n\n\n\n<p><strong>Zadr\u017eavanje prava<\/strong>:<br>Zadr\u017eavamo pravo zatra\u017eiti da uklonite sve poveznice ili poveznice koje preusmjeravaju na na\u0161u web stranicu. Sla\u017eete se da \u0107ete odmah ukloniti sve poveznice na na\u0161e web mjesto nakon zahtjeva za uklanjanje. Tako\u0111er zadr\u017eavamo pravo izmjene i dopune ovih uvjeta i odredbi u bilo kojem trenutku. Kontinuiranim postavljanjem poveznica na na\u0161u web stranicu, sla\u017eete se s ovim uvjetima povezivanja.<\/p>\n\n\n\n<p><strong>Uklanjanje poveznica objavljenih na na\u0161oj web stranici<\/strong>:<br>Ako prona\u0111ete bilo koju poveznicu na na\u0161oj web stranici koja je na bilo koji na\u010din uvredljiva, slobodni ste nas kontaktirati i obavijestiti nas o problemu u bilo kojem trenutku. Razmotrit \u0107emo zahtjeve za uklanjanje poveznica, ali nismo obavezni ukloniti bilo koje poveznice na na\u0161e web mjesto ili izravno odgovoriti na va\u0161 zahtjev.<\/p>\n\n\n\n<p>Ne jam\u010dimo da su informacije sadr\u017eane na ovoj web stranici to\u010dne. Ne jam\u010dimo cjelovitost ili to\u010dnost sadr\u017eaja. Ne jam\u010dimo da \u0107e web stranica ostati dostupna ili da \u0107e materijal na web stranici biti a\u017euran.<\/p>\n\n\n\n<p><strong>Odricanje<\/strong>:<br>U najve\u0107oj mjeri dopu\u0161tenoj zakonom, isklju\u010dujemo sve izjave, jamstva i uvjete koji se odnose na na\u0161u web stranicu i kori\u0161tenje ove web stranice. Ni\u0161ta u ovom odricanju odgovornosti ne\u0107e:<\/p>\n\n\n\n<p>ograni\u010diti ili isklju\u010diti na\u0161u ili va\u0161u odgovornost za smrt ili osobnu ozljedu;<br>ograni\u010diti ili isklju\u010diti na\u0161u ili va\u0161u odgovornost za prijevaru ili la\u017eno predstavljanje;<br>ograni\u010diti na\u0161u ili va\u0161u odgovornost na bilo koji na\u010din koji nije dopu\u0161ten zakonom;<br>isklju\u010diti sve va\u0161e ili na\u0161e obveze koje se ne mogu isklju\u010diti prema primjenjivom zakonu.<br>Ograni\u010denja i zabrane odgovornosti navedene u ovom odjeljku i drugdje u ovoj izjavi: (a) podlije\u017eu prethodnom paragrafu; i (b) ure\u0111uju sve obveze koje proizlaze iz izjave, uklju\u010duju\u0107i obveze koje proizlaze iz ugovora, delikta i zbog kr\u0161enja zakonskih obveza.<\/p>\n\n\n\n<p>Sve dok se web stranica te informacije i usluge na web stranici pru\u017eaju besplatno, ne\u0107emo biti odgovorni za bilo kakav gubitak ili \u0161tetu bilo koje prirode.<\/p>","protected":false},"excerpt":{"rendered":"<p>Termos e Condi\u00e7\u00f5es de UsoSeja bem-vindo ao Mobzin!Estes termos e condi\u00e7\u00f5es descrevem as regras de uso do site da empresa Mobzin, localizado no endere\u00e7o https:\/\/mobzin.com\/. Ao acessar este site, consideramos que voc\u00ea est\u00e1 de acordo com os termos e condi\u00e7\u00f5es abaixo. N\u00e3o continue a usar o Mobzin caso voc\u00ea discorde dos termos e condi\u00e7\u00f5es descritos [&hellip;]<\/p>\n","protected":false},"author":4,"featured_media":0,"parent":0,"menu_order":0,"comment_status":"closed","ping_status":"closed","template":"","meta":{"footnotes":""},"class_list":["post-89","page","type-page","status-publish"],"_links":{"self":[{"href":"https:\/\/mobzin.com\/hr\/wp-json\/wp\/v2\/pages\/89","targetHints":{"allow":["GET"]}}],"collection":[{"href":"https:\/\/mobzin.com\/hr\/wp-json\/wp\/v2\/pages"}],"about":[{"href":"https:\/\/mobzin.com\/hr\/wp-json\/wp\/v2\/types\/page"}],"author":[{"embeddable":true,"href":"https:\/\/mobzin.com\/hr\/wp-json\/wp\/v2\/users\/4"}],"replies":[{"embeddable":true,"href":"https:\/\/mobzin.com\/hr\/wp-json\/wp\/v2\/comments?post=89"}],"version-history":[{"count":5,"href":"https:\/\/mobzin.com\/hr\/wp-json\/wp\/v2\/pages\/89\/revisions"}],"predecessor-version":[{"id":346,"href":"https:\/\/mobzin.com\/hr\/wp-json\/wp\/v2\/pages\/89\/revisions\/346"}],"wp:attachment":[{"href":"https:\/\/mobzin.com\/hr\/wp-json\/wp\/v2\/media?parent=89"}],"curies":[{"name":"wp","href":"https:\/\/api.w.org\/{rel}","templated":true}]}}