{"id":89,"date":"2022-11-02T00:36:48","date_gmt":"2022-11-02T00:36:48","guid":{"rendered":"https:\/\/mobzin.com\/?page_id=89"},"modified":"2023-10-06T05:22:34","modified_gmt":"2023-10-06T05:22:34","slug":"hasznalati-feltetelek","status":"publish","type":"page","link":"https:\/\/mobzin.com\/hu\/hasznalati-feltetelek\/","title":{"rendered":"Haszn\u00e1lati felt\u00e9telek"},"content":{"rendered":"<p>Felhaszn\u00e1l\u00e1si felt\u00e9telek<br>\u00dcdv\u00f6z\u00f6lj\u00fck a Mobzinban!<br>Ezek a felt\u00e9telek a Mobzin c\u00e9g https:\/\/mobzin.com\/ webhely\u00e9nek haszn\u00e1lat\u00e1ra vonatkoz\u00f3 szab\u00e1lyokat \u00edrj\u00e1k le.<\/p>\n\n\n\n<p>A weboldal megnyit\u00e1s\u00e1val \u00fagy tekintj\u00fck, hogy \u00d6n egyet\u00e9rt az al\u00e1bbi felt\u00e9telekkel. Ne haszn\u00e1lja tov\u00e1bb a Mobzint, ha nem \u00e9rt egyet a jelen szerz\u0151d\u00e9sben le\u00edrt felt\u00e9telekkel.<\/p>\n\n\n\n<p><strong>Cookie-k<\/strong>:<br>A weboldal cookie-kat haszn\u00e1l az internetes \u00e9lm\u00e9ny szem\u00e9lyre szab\u00e1sa \u00e9rdek\u00e9ben. A Mobzin weboldal\u00e1nak megnyit\u00e1s\u00e1val \u00d6n hozz\u00e1j\u00e1rul a sz\u00fcks\u00e9ges cookie-k haszn\u00e1lat\u00e1hoz.<\/p>\n\n\n\n<p>A cookie-k sz\u00f6veges f\u00e1jlok, amelyeket egy weblapszerver helyez el a merevlemezen. A cookie-k nem futtathatnak programokat vagy nem tov\u00e1bb\u00edthatnak v\u00edrusokat az \u00d6n sz\u00e1m\u00edt\u00f3g\u00e9p\u00e9re. A cookie-k egyedileg kapcsol\u00f3dnak \u00d6nh\u00f6z, \u00e9s csak a cookie-t kibocs\u00e1t\u00f3 domain webszervere tudja elolvasni.<\/p>\n\n\n\n<p>Cookie-kat haszn\u00e1lhatunk statisztikai \u00e9s marketing c\u00e9l\u00fa inform\u00e1ci\u00f3k gy\u0171jt\u00e9s\u00e9re, t\u00e1rol\u00e1s\u00e1ra vagy nyomon k\u00f6vet\u00e9s\u00e9re weboldalunkon. Lehet\u0151s\u00e9ge van az opcion\u00e1lis cookie-k elfogad\u00e1s\u00e1ra vagy elutas\u00edt\u00e1s\u00e1ra. Vannak olyan k\u00f6telez\u0151 cookie-k, amelyek sz\u00fcks\u00e9gesek weboldalunk m\u0171k\u00f6d\u00e9s\u00e9hez. Ezekhez a k\u00f6telez\u0151 s\u00fctikhez az \u00d6n hozz\u00e1j\u00e1rul\u00e1sa sz\u00fcks\u00e9ges. K\u00e9rj\u00fck, ne feledje, hogy a k\u00f6telez\u0151 cookie-k elfogad\u00e1s\u00e1val harmadik f\u00e9lt\u0151l sz\u00e1rmaz\u00f3 cookie-kat is elfogad, amelyeket harmadik felek haszn\u00e1lhatnak fel, ha \u00d6n \u00e1ltaluk ny\u00fajtott szolg\u00e1ltat\u00e1sokat vesz ig\u00e9nybe a weboldalunkon \u2013 p\u00e9ld\u00e1ul egy k\u00fcls\u0151 c\u00e9gek \u00e1ltal biztos\u00edtott vide\u00f3 lej\u00e1tsz\u00e1si ablakot. \u00e9s be\u00e9p\u00fcl a weboldalunkba.<\/p>\n\n\n\n<p><strong>Enged\u00e9ly<\/strong>:<br>Hacsak m\u00e1sk\u00e9nt nem jelezz\u00fck, a Mobzint \u00e9s licencad\u00f3it megilletik a Mobzinon k\u00f6zz\u00e9tett \u00f6sszes anyag szellemi tulajdonjogai. Minden szellemi tulajdonjog fenntartva.<\/p>\n\n\n\n<p><strong>Nem szabad<\/strong>:<\/p>\n\n\n\n<p>M\u00e1solja ki vagy tegye \u00fajra k\u00f6zz\u00e9 a Mobzin anyagait<br>Anyagok elad\u00e1sa, b\u00e9rbead\u00e1sa vagy alb\u00e9rlete a Mobzin c\u00e9gt\u0151l<br>A Mobzin anyagainak reproduk\u00e1l\u00e1sa, sokszoros\u00edt\u00e1sa vagy m\u00e1sol\u00e1sa<br>A Mobzin tartalmak \u00fajraterjeszt\u00e9se<br>Ez a meg\u00e1llapod\u00e1s a mai napt\u00f3l hat\u00e1lyos.<\/p>\n\n\n\n<p>A webhely egyes r\u00e9szei lehet\u0151s\u00e9get k\u00edn\u00e1lnak a felhaszn\u00e1l\u00f3nak, hogy bizonyos ter\u00fcleteken v\u00e9lem\u00e9nyeket \u00e9s inform\u00e1ci\u00f3kat k\u00f6z\u00f6lj\u00f6n \u00e9s megvitasson. A Mobzin nem sz\u0171ri, szerkeszti, nem teszi k\u00f6zz\u00e9 vagy n\u00e9zi \u00e1t a megjegyz\u00e9seket, miel\u0151tt azok megjelenn\u00e9nek az oldalon. A megjegyz\u00e9sek az \u0151ket k\u00f6zz\u00e9tev\u0151 szem\u00e9ly v\u00e9lem\u00e9ny\u00e9t t\u00fckr\u00f6zik. A hat\u00e1lyos t\u00f6rv\u00e9nyek \u00e1ltal megengedett m\u00e9rt\u00e9kig a Mobzin nem v\u00e1llal jogi felel\u0151ss\u00e9get a Megjegyz\u00e9sek\u00e9rt, illetve a megjegyz\u00e9sek ezen a webhelyen t\u00f6rt\u00e9n\u0151 felhaszn\u00e1l\u00e1s\u00e1b\u00f3l \u00e9s\/vagy k\u00f6zz\u00e9t\u00e9tel\u00e9b\u0151l \u00e9s\/vagy megjelen\u00e9s\u00e9b\u0151l ered\u0151 k\u00e1rok\u00e9rt, kock\u00e1zatok\u00e9rt vagy kiad\u00e1sok\u00e9rt.<\/p>\n\n\n\n<p>A Mobzin fenntartja a jogot, hogy elt\u00e1vol\u00edtson minden olyan megjegyz\u00e9st, amely nem megfelel\u0151, s\u00e9rt\u0151 vagy s\u00e9rti a jelen meg\u00e1llapod\u00e1s \u00c1ltal\u00e1nos Szerz\u0151d\u00e9si Felt\u00e9teleit.<\/p>\n\n\n\n<p><strong>Ezt \u00d6n k\u00e9pviseli \u00e9s garant\u00e1lja<\/strong>:<\/p>\n\n\n\n<p>\u00d6nnek jog\u00e1ban \u00e1ll megjegyz\u00e9seket k\u00f6zz\u00e9tenni a weboldalunkon, \u00e9s rendelkeznie kell minden enged\u00e9llyel \u00e9s hozz\u00e1j\u00e1rul\u00e1ssal ehhez;<br>Hozz\u00e1sz\u00f3l\u00e1sai nem s\u00e9rtenek semmilyen szellemi tulajdont, bele\u00e9rtve b\u00e1rmely harmadik f\u00e9l szerz\u0151i jog\u00e1t, szabadalm\u00e1t vagy v\u00e9djegy\u00e9t;<br>Hozz\u00e1sz\u00f3l\u00e1sai nem tartalmaznak r\u00e1galmaz\u00f3, r\u00e1galmaz\u00f3, s\u00e9rt\u0151, illetlen vagy egy\u00e9b m\u00f3don jogellenes anyagokat, amelyek s\u00e9rtik a mag\u00e1n\u00e9letet.<br>Hozz\u00e1sz\u00f3l\u00e1sait nem haszn\u00e1ljuk fel \u00fczleti tev\u00e9kenys\u00e9g \u00f6szt\u00f6nz\u00e9s\u00e9re vagy n\u00e9pszer\u0171s\u00edt\u00e9s\u00e9re, illetve kereskedelmi vagy jogellenes tev\u00e9kenys\u00e9gek bemutat\u00e1s\u00e1ra.<br>\u00d6n ezennel nem kiz\u00e1r\u00f3lagos enged\u00e9lyt ad a Mobzin sz\u00e1m\u00e1ra, hogy felhaszn\u00e1lja, reproduk\u00e1lja, szerkessze, \u00e9s felhatalmazza m\u00e1sokat arra, hogy b\u00e1rmilyen form\u00e1ban, form\u00e1tumban \u00e9s m\u00e9di\u00e1ban felhaszn\u00e1lj\u00e1k, reproduk\u00e1lj\u00e1k vagy szerkessz\u00e9k az \u00d6n megjegyz\u00e9seit.<\/p>\n\n\n\n<p>Linkek l\u00e9trehoz\u00e1sa a tartalomra<br>A k\u00f6vetkez\u0151 szervezetek el\u0151zetes \u00edr\u00e1sbeli enged\u00e9ly n\u00e9lk\u00fcl hivatkozhatnak weboldalunkra:<\/p>\n\n\n\n<p>Korm\u00e1nyzati szervek;<br>Keres\u0151 motorok;<br>M\u00e9diaszervezetek;<br>Az online c\u00edmjegyz\u00e9k-terjeszt\u0151k ugyan\u00fagy hiperhivatkoz\u00e1sokat hozhatnak l\u00e9tre Webhely\u00fcnkre, mint m\u00e1s list\u00e1n szerepl\u0151 v\u00e1llalkoz\u00e1sok webhelyeire mutat\u00f3 hivatkoz\u00e1sokat; Ez<br>Az akkredit\u00e1lt v\u00e1llalkoz\u00e1sok, kiv\u00e9ve a non-profit adom\u00e1nygy\u0171jt\u0151 szervezeteket \u00e9s a j\u00f3t\u00e9konys\u00e1gi adom\u00e1nygy\u0171jt\u0151 csoportokat, el\u0151zetes j\u00f3v\u00e1hagy\u00e1s n\u00e9lk\u00fcl nem hivatkozhatnak webhely\u00fcnkre.<br>Ezek a szervezetek elhelyezhetnek linkeket a honlapunkra, kiadv\u00e1nyainkra vagy a Weboldal egy\u00e9b inform\u00e1ci\u00f3ira, amennyiben a hivatkoz\u00e1s: (a) semmilyen m\u00f3don nem f\u00e9lrevezet\u0151; (b) ne utaljanak hamisan a term\u00e9kekre \u00e9s\/vagy szolg\u00e1ltat\u00e1sokra vonatkoz\u00f3 szponzor\u00e1ci\u00f3s, j\u00f3v\u00e1hagy\u00e1si vagy j\u00f3v\u00e1hagy\u00e1si kapcsolatunkra; \u00e9s (c) megfelel a sz\u00f6vegk\u00f6rnyezetnek, amelybe beillesztik.<\/p>\n\n\n\n<p>A k\u00f6vetkez\u0151 t\u00edpus\u00fa szervezetekt\u0151l sz\u00e1rmaz\u00f3 \u00f6sszekapcsol\u00e1si k\u00e9relmeket m\u00e9rlegelhet\u00fcnk \u00e9s j\u00f3v\u00e1hagyhatunk:<\/p>\n\n\n\n<p>j\u00f3l ismert inform\u00e1ci\u00f3forr\u00e1sok a term\u00e9kekr\u0151l \u00e9s a v\u00e1llalkoz\u00e1sokr\u00f3l;<br>dot.com k\u00f6z\u00f6ss\u00e9gi oldalak;<br>j\u00f3t\u00e9konys\u00e1gi szervezeteket k\u00e9pvisel\u0151 egyes\u00fcletek \u00e9s egy\u00e9b csoportok;<br>online c\u00edmjegyz\u00e9k-terjeszt\u0151k;<br>internetes port\u00e1lok;<br>sz\u00e1mviteli, jogi \u00e9s tan\u00e1csad\u00f3 c\u00e9gek; Ez<br>oktat\u00e1si int\u00e9zm\u00e9nyek \u00e9s oszt\u00e1lysz\u00f6vets\u00e9gek.<br>J\u00f3v\u00e1hagyjuk a fent felsorolt t\u00edpus\u00fa szervezetek \u00e1ltal beny\u00fajtott linkel\u00e9si k\u00e9relmeket, ha \u00fagy \u00edt\u00e9lj\u00fck meg, hogy: (a) a link nem k\u00e1ros a mi im\u00e1zsunkra \u00e9s\/vagy az akkredit\u00e1lt v\u00e1llalatokr\u00f3l alkotott k\u00e9pre; (b) a k\u00e9relmez\u0151 szervezetnek nincs negat\u00edv m\u00faltja vel\u00fcnk; (c) a link l\u00e1that\u00f3s\u00e1g\u00e1b\u00f3l sz\u00e1rmaz\u00f3 el\u0151ny kompenz\u00e1lja a Mobzin hi\u00e1ny\u00e1t; \u00e9s (d) a linket \u00e1ltal\u00e1nos inform\u00e1ci\u00f3s kontextusba helyezik.<\/p>\n\n\n\n<p>Ezek a szervezetek linkeket helyezhetnek el honlapunkra, amennyiben a link: (a) semmilyen m\u00f3don nem f\u00e9lrevezet\u0151; (b) ne utaljanak hamisan a term\u00e9kek \u00e9s\/vagy szolg\u00e1ltat\u00e1sok szponzor\u00e1l\u00e1s\u00e1nak, t\u00e1mogat\u00e1s\u00e1nak vagy j\u00f3v\u00e1hagy\u00e1s\u00e1nak megl\u00e9t\u00e9re r\u00e9sz\u00fcnkr\u0151l; \u00e9s (c) megfelel a sz\u00f6vegk\u00f6rnyezetnek, amelybe beillesztik.<\/p>\n\n\n\n<p>Ha \u00d6n a fenti 2. bekezd\u00e9sben felsorolt szervezetek valamelyik\u00e9t k\u00e9pviseli, \u00e9s szeretne egy linket elhelyezni weboldalunkra, akkor \u00e9rdekl\u0151d\u00e9s\u00e9r\u0151l a Mobzin c\u00edmre k\u00fcld\u00f6tt e-mailben kell \u00e9rtes\u00edtenie benn\u00fcnket. K\u00e9rj\u00fck, adja meg nev\u00e9t, szervezete nev\u00e9t \u00e9s el\u00e9rhet\u0151s\u00e9geit, valamint webhelye URL-j\u00e9t, a webhely\u00fcnk azon URL-c\u00edmeinek list\u00e1j\u00e1t, amelyekre hivatkozni k\u00edv\u00e1n, valamint azon webhelyek list\u00e1j\u00e1t, amelyeken k\u00f6zz\u00e9 k\u00edv\u00e1nja tenni URL-ek. K\u00e9rj\u00fck, v\u00e1rjon 2\u20133 hetet, am\u00edg meg\u00e9rkezik a v\u00e1lasz.<\/p>\n\n\n\n<p>A j\u00f3v\u00e1hagyott szervezetek a k\u00f6vetkez\u0151 m\u00f3dokon helyezhetnek el linkeket a webhely\u00fcnkre:<\/p>\n\n\n\n<p>V\u00e1llalati nev\u00fcnk haszn\u00e1lata; vagy<br>Az URL haszn\u00e1lata, ahov\u00e1 a link \u00e1tir\u00e1ny\u00edt; vagy<br>A Webhely\u00fcnk b\u00e1rmely m\u00e1s le\u00edr\u00e1s\u00e1nak haszn\u00e1lata, amely annak a tartalomnak a kontextus\u00e1ban \u00e9s form\u00e1tum\u00e1ban, amelyre a hivatkoz\u00e1st beilleszti, logikus.<br>A Mobzin log\u00f3j\u00e1ra \u00e9s\/vagy egy\u00e9b vizu\u00e1lis elemeire mutat\u00f3 linkek haszn\u00e1lata vagy k\u00f6zz\u00e9t\u00e9tele nem enged\u00e9lyezett a v\u00e9djegy haszn\u00e1lat\u00e1ra vonatkoz\u00f3 licencszerz\u0151d\u00e9s n\u00e9lk\u00fcl.<\/p>\n\n\n\n<p><strong>A tartalom\u00e9rt val\u00f3 felel\u0151ss\u00e9g<\/strong>:<br>Nem v\u00e1llalunk jogi felel\u0151ss\u00e9get a webhely\u00e9n megjelen\u0151 tartalom\u00e9rt. \u00d6n beleegyezik abba, hogy megv\u00e9d minket \u00e9s megv\u00e9d minket az \u00d6n Webhely\u00e9n felvetett minden \u00e1ll\u00edt\u00e1s ellen. A Weboldalon nem jelenhetnek meg olyan hivatkoz\u00e1sok, amelyek r\u00e1galmaz\u00f3nak, obszc\u00e9nnek, b\u0171n\u00f6z\u0151nek tekinthet\u0151k, vagy amelyek s\u00e9rtik, s\u00e9rtik vagy megs\u00e9rtik harmadik f\u00e9l jogait.<\/p>\n\n\n\n<p><strong>Jogok fenntart\u00e1sa<\/strong>:<br>Fenntartjuk magunknak a jogot arra, hogy megk\u00e9rj\u00fck, hogy t\u00e1vol\u00edtson el minden linket, vagy minden olyan hivatkoz\u00e1st, amely a weboldalunkra ir\u00e1ny\u00edt \u00e1t. \u00d6n beleegyezik abba, hogy az elt\u00e1vol\u00edt\u00e1s k\u00e9r\u00e9s\u00e9re halad\u00e9ktalanul elt\u00e1vol\u00edtja a webhely\u00fcnkre mutat\u00f3 linkeket. Fenntartjuk tov\u00e1bb\u00e1 a jogot arra, hogy ezeket a felt\u00e9teleket b\u00e1rmikor m\u00f3dos\u00edtsuk \u00e9s m\u00f3dos\u00edtsuk. A Weboldalunkra mutat\u00f3 hivatkoz\u00e1sok folyamatos k\u00f6zz\u00e9t\u00e9tel\u00e9vel \u00d6n mag\u00e1ra n\u00e9zve k\u00f6telez\u0151nek ismeri el a jelen linkel\u00e9si felt\u00e9teleket.<\/p>\n\n\n\n<p><strong>Weboldalunkon elhelyezett linkek elt\u00e1vol\u00edt\u00e1sa<\/strong>:<br>Ha weboldalunkon b\u00e1rmilyen s\u00e9rt\u0151 hivatkoz\u00e1st tal\u00e1l, b\u00e1rmikor felveheti vel\u00fcnk a kapcsolatot, \u00e9s \u00e9rtes\u00edthet minket a probl\u00e9m\u00e1r\u00f3l. Figyelembe vessz\u00fck a linkek elt\u00e1vol\u00edt\u00e1s\u00e1ra ir\u00e1nyul\u00f3 k\u00e9r\u00e9seket, de nem vagyunk k\u00f6telesek elt\u00e1vol\u00edtani a Webhely\u00fcnkre mutat\u00f3 hivatkoz\u00e1sokat, vagy k\u00f6zvetlen\u00fcl v\u00e1laszolni az \u00d6n k\u00e9r\u00e9s\u00e9re.<\/p>\n\n\n\n<p>Nem garant\u00e1ljuk, hogy a weboldalon tal\u00e1lhat\u00f3 inform\u00e1ci\u00f3k helyesek. Nem garant\u00e1ljuk a tartalom teljess\u00e9g\u00e9t vagy pontoss\u00e1g\u00e1t. Nem garant\u00e1ljuk, hogy a weboldal el\u00e9rhet\u0151 marad, vagy hogy a weboldalon tal\u00e1lhat\u00f3 anyagok naprak\u00e9szek lesznek.<\/p>\n\n\n\n<p><strong>Jogi nyilatkozat<\/strong>:<br>A t\u00f6rv\u00e9ny \u00e1ltal megengedett maxim\u00e1lis m\u00e9rt\u00e9kig kiz\u00e1runk minden, a weboldalunkkal \u00e9s a weboldal haszn\u00e1lat\u00e1val kapcsolatos nyilatkozatot, garanci\u00e1t \u00e9s felt\u00e9telt. Ebben a felel\u0151ss\u00e9gkiz\u00e1r\u00e1sban semmi sem:<\/p>\n\n\n\n<p>korl\u00e1tozza vagy kiz\u00e1rja a mi vagy az \u00d6n felel\u0151ss\u00e9g\u00e9t hal\u00e1l vagy szem\u00e9lyi s\u00e9r\u00fcl\u00e9s eset\u00e9n;<br>korl\u00e1tozza vagy kiz\u00e1rja a mi vagy az \u00d6n felel\u0151ss\u00e9g\u00e9t csal\u00e1s\u00e9rt vagy csal\u00e1rd f\u00e9lrevezet\u00e9s\u00e9rt;<br>korl\u00e1tozza a mi vagy az \u00d6n felel\u0151ss\u00e9g\u00e9t a t\u00f6rv\u00e9ny \u00e1ltal meg nem engedett m\u00f3don;<br>kiz\u00e1r minden olyan k\u00f6telezetts\u00e9get \u00d6nr\u0151l vagy r\u00e1nk n\u00e9zve, amely a vonatkoz\u00f3 jogszab\u00e1lyok szerint nem z\u00e1rhat\u00f3 ki.<br>Az ebben a szakaszban \u00e9s a nyilatkozatban m\u00e1shol felsorolt felel\u0151ss\u00e9gi korl\u00e1toz\u00e1sok \u00e9s tilalmak: (a) az el\u0151z\u0151 bekezd\u00e9s hat\u00e1lya al\u00e1 tartoznak; \u00e9s (b) szab\u00e1lyozza a nyilatkozatb\u00f3l ered\u0151 \u00f6sszes k\u00f6telezetts\u00e9get, bele\u00e9rtve a szerz\u0151d\u00e9sb\u0151l, a k\u00e1rokoz\u00e1sb\u00f3l \u00e9s a jogi k\u00f6telezetts\u00e9gek megszeg\u00e9s\u00e9b\u0151l ered\u0151 k\u00f6telezetts\u00e9geket.<\/p>\n\n\n\n<p>Mindaddig, am\u00edg a weboldal \u00e9s a weboldalon tal\u00e1lhat\u00f3 inform\u00e1ci\u00f3k \u00e9s szolg\u00e1ltat\u00e1sok ingyenesek, nem v\u00e1llalunk felel\u0151ss\u00e9get semmilyen jelleg\u0171 vesztes\u00e9g\u00e9rt vagy k\u00e1r\u00e9rt.<\/p>","protected":false},"excerpt":{"rendered":"<p>Termos e Condi\u00e7\u00f5es de UsoSeja bem-vindo ao Mobzin!Estes termos e condi\u00e7\u00f5es descrevem as regras de uso do site da empresa Mobzin, localizado no endere\u00e7o https:\/\/mobzin.com\/. Ao acessar este site, consideramos que voc\u00ea est\u00e1 de acordo com os termos e condi\u00e7\u00f5es abaixo. N\u00e3o continue a usar o Mobzin caso voc\u00ea discorde dos termos e condi\u00e7\u00f5es descritos [&hellip;]<\/p>\n","protected":false},"author":4,"featured_media":0,"parent":0,"menu_order":0,"comment_status":"closed","ping_status":"closed","template":"","meta":{"footnotes":""},"class_list":["post-89","page","type-page","status-publish"],"_links":{"self":[{"href":"https:\/\/mobzin.com\/hu\/wp-json\/wp\/v2\/pages\/89","targetHints":{"allow":["GET"]}}],"collection":[{"href":"https:\/\/mobzin.com\/hu\/wp-json\/wp\/v2\/pages"}],"about":[{"href":"https:\/\/mobzin.com\/hu\/wp-json\/wp\/v2\/types\/page"}],"author":[{"embeddable":true,"href":"https:\/\/mobzin.com\/hu\/wp-json\/wp\/v2\/users\/4"}],"replies":[{"embeddable":true,"href":"https:\/\/mobzin.com\/hu\/wp-json\/wp\/v2\/comments?post=89"}],"version-history":[{"count":5,"href":"https:\/\/mobzin.com\/hu\/wp-json\/wp\/v2\/pages\/89\/revisions"}],"predecessor-version":[{"id":346,"href":"https:\/\/mobzin.com\/hu\/wp-json\/wp\/v2\/pages\/89\/revisions\/346"}],"wp:attachment":[{"href":"https:\/\/mobzin.com\/hu\/wp-json\/wp\/v2\/media?parent=89"}],"curies":[{"name":"wp","href":"https:\/\/api.w.org\/{rel}","templated":true}]}}