{"id":3,"date":"2022-10-24T23:31:41","date_gmt":"2022-10-24T23:31:41","guid":{"rendered":"https:\/\/mobzin.com\/?page_id=3"},"modified":"2023-10-31T07:48:30","modified_gmt":"2023-10-31T07:48:30","slug":"%e3%83%97%e3%83%a9%e3%82%a4%e3%83%90%e3%82%b7%e3%83%bc%e3%83%9d%e3%83%aa%e3%82%b7%e3%83%bc","status":"publish","type":"page","link":"https:\/\/mobzin.com\/ja\/%e3%83%97%e3%83%a9%e3%82%a4%e3%83%90%e3%82%b7%e3%83%bc%e3%83%9d%e3%83%aa%e3%82%b7%e3%83%bc\/","title":{"rendered":"\u30d7\u30e9\u30a4\u30d0\u30b7\u30fc\u30dd\u30ea\u30b7\u30fc"},"content":{"rendered":"<p>\u3042\u306a\u305f\u306e\u30d7\u30e9\u30a4\u30d0\u30b7\u30fc\u306f\u79c1\u305f\u3061\u306b\u3068\u3063\u3066\u91cd\u8981\u3067\u3059\u3002\u30a6\u30a7\u30d6\u30b5\u30a4\u30c8\u4e0a\u3067\u304a\u5ba2\u69d8\u304b\u3089\u53ce\u96c6\u3059\u308b\u60c5\u5831\u306b\u95a2\u3057\u3066\u3001\u304a\u5ba2\u69d8\u306e\u30d7\u30e9\u30a4\u30d0\u30b7\u30fc\u3092\u5c0a\u91cd\u3059\u308b\u3053\u3068\u304cMobzin\u306e\u30dd\u30ea\u30b7\u30fc\u3067\u3059\u3002 <a href=\"https:\/\/mobzin.com\/ja\/\">\u30e2\u30d6\u30b8\u30f3<\/a>\u3001\u304a\u3088\u3073\u5f53\u793e\u304c\u6240\u6709\u304a\u3088\u3073\u904b\u55b6\u3059\u308b\u305d\u306e\u4ed6\u306e\u30b5\u30a4\u30c8\u3002<\/p>\n\n\n\n<p>\u5f53\u793e\u306f\u3001\u30b5\u30fc\u30d3\u30b9\u3092\u63d0\u4f9b\u3059\u308b\u305f\u3081\u306b\u672c\u5f53\u306b\u5fc5\u8981\u306a\u5834\u5408\u306b\u306e\u307f\u500b\u4eba\u60c5\u5831\u3092\u8981\u6c42\u3057\u307e\u3059\u3002\u5f53\u793e\u306f\u3001\u304a\u5ba2\u69d8\u306e\u77e5\u8b58\u3068\u540c\u610f\u3092\u5f97\u305f\u4e0a\u3067\u3001\u516c\u6b63\u304b\u3064\u5408\u6cd5\u7684\u306a\u624b\u6bb5\u306b\u3088\u3063\u3066\u3053\u308c\u3092\u884c\u3044\u307e\u3059\u3002\u307e\u305f\u3001\u53ce\u96c6\u3059\u308b\u7406\u7531\u3068\u305d\u306e\u4f7f\u7528\u65b9\u6cd5\u306b\u3064\u3044\u3066\u3082\u8aac\u660e\u3057\u307e\u3059\u3002<\/p>\n\n\n\n<p>\u5f53\u793e\u306f\u3001\u53ce\u96c6\u3057\u305f\u60c5\u5831\u3092\u3001\u8981\u6c42\u3055\u308c\u305f\u30b5\u30fc\u30d3\u30b9\u3092\u63d0\u4f9b\u3059\u308b\u305f\u3081\u306b\u5fc5\u8981\u306a\u671f\u9593\u306e\u307f\u4fdd\u6301\u3057\u307e\u3059\u3002\u30c7\u30fc\u30bf\u3092\u4fdd\u5b58\u3059\u308b\u5834\u5408\u3001\u5f53\u793e\u306f\u7d1b\u5931\u3084\u76d7\u96e3\u3001\u4e0d\u6b63\u306a\u30a2\u30af\u30bb\u30b9\u3001\u958b\u793a\u3001\u30b3\u30d4\u30fc\u3001\u4f7f\u7528\u3001\u5909\u66f4\u3092\u9632\u3050\u305f\u3081\u306b\u3001\u5546\u696d\u7684\u306b\u8a31\u5bb9\u3055\u308c\u308b\u624b\u6bb5\u306e\u7bc4\u56f2\u5185\u3067\u30c7\u30fc\u30bf\u3092\u4fdd\u8b77\u3057\u307e\u3059\u3002<\/p>\n\n\n\n<p>\u5f53\u793e\u306f\u3001\u6cd5\u5f8b\u3067\u7fa9\u52d9\u4ed8\u3051\u3089\u308c\u3066\u3044\u308b\u5834\u5408\u3092\u9664\u304d\u3001\u500b\u4eba\u3092\u7279\u5b9a\u3067\u304d\u308b\u60c5\u5831\u3092\u516c\u306b\u5171\u6709\u3057\u305f\u308a\u3001\u7b2c\u4e09\u8005\u3068\u5171\u6709\u3057\u305f\u308a\u3059\u308b\u3053\u3068\u306f\u3042\u308a\u307e\u305b\u3093\u3002<\/p>\n\n\n\n<p>\u5f53\u793e\u30a6\u30a7\u30d6\u30b5\u30a4\u30c8\u306b\u306f\u3001\u5f53\u793e\u304c\u904b\u55b6\u3057\u3066\u3044\u306a\u3044\u5916\u90e8\u30a6\u30a7\u30d6\u30b5\u30a4\u30c8\u3078\u306e\u30ea\u30f3\u30af\u304c\u542b\u307e\u308c\u3066\u3044\u308b\u5834\u5408\u304c\u3042\u308a\u307e\u3059\u3002\u5f53\u793e\u306f\u3053\u308c\u3089\u306e\u30b5\u30a4\u30c8\u306e\u30b3\u30f3\u30c6\u30f3\u30c4\u3084\u6163\u884c\u3092\u7ba1\u7406\u3059\u308b\u3053\u3068\u304c\u3067\u304d\u305a\u3001\u305d\u308c\u305e\u308c\u306e\u30d7\u30e9\u30a4\u30d0\u30b7\u30fc \u30dd\u30ea\u30b7\u30fc\u306b\u3064\u3044\u3066\u8cac\u4efb\u3092\u8ca0\u3046\u3053\u3068\u304c\u3067\u304d\u306a\u3044\u3053\u3068\u306b\u3054\u6ce8\u610f\u304f\u3060\u3055\u3044\u3002<\/p>\n\n\n\n<p>\u304a\u5ba2\u69d8\u306f\u3001\u3054\u5e0c\u671b\u306e\u30b5\u30fc\u30d3\u30b9\u306e\u4e00\u90e8\u3092\u63d0\u4f9b\u3067\u304d\u306a\u3044\u5834\u5408\u304c\u3042\u308b\u3053\u3068\u3092\u7406\u89e3\u3057\u305f\u4e0a\u3067\u3001\u500b\u4eba\u60c5\u5831\u306e\u8981\u6c42\u3092\u81ea\u7531\u306b\u62d2\u5426\u3059\u308b\u3053\u3068\u304c\u3067\u304d\u307e\u3059\u3002<\/p>\n\n\n\n<p>\u5f53\u793e\u30a6\u30a7\u30d6\u30b5\u30a4\u30c8\u3092\u7d99\u7d9a\u3057\u3066\u3054\u5229\u7528\u3044\u305f\u3060\u304f\u3068\u3001\u30d7\u30e9\u30a4\u30d0\u30b7\u30fc\u3068\u500b\u4eba\u60c5\u5831\u306b\u95a2\u3059\u308b\u5f53\u793e\u306e\u6163\u884c\u306b\u540c\u610f\u3057\u305f\u3082\u306e\u3068\u307f\u306a\u3055\u308c\u307e\u3059\u3002\u5f53\u793e\u306b\u3088\u308b\u30e6\u30fc\u30b6\u30fc\u30c7\u30fc\u30bf\u304a\u3088\u3073\u500b\u4eba\u60c5\u5831\u306e\u53d6\u308a\u6271\u3044\u306b\u3064\u3044\u3066\u3054\u8cea\u554f\u304c\u3042\u308b\u5834\u5408\u306f\u3001\u5f53\u793e\u307e\u3067\u304a\u554f\u3044\u5408\u308f\u305b\u304f\u3060\u3055\u3044\u3002<\/p>\n\n\n\n<ul class=\"wp-block-list\">\n<li>\u5e83\u544a\u306e\u914d\u4fe1\u306b\u5f53\u793e\u304c\u4f7f\u7528\u3059\u308b Google AdSense \u30b5\u30fc\u30d3\u30b9\u306f\u3001DoubleClick Cookie \u3092\u4f7f\u7528\u3057\u3066\u3001\u30a6\u30a7\u30d6\u4e0a\u3067\u3088\u308a\u95a2\u9023\u6027\u306e\u9ad8\u3044\u5e83\u544a\u3092\u914d\u4fe1\u3057\u3001\u7279\u5b9a\u306e\u5e83\u544a\u304c\u8868\u793a\u3055\u308c\u308b\u56de\u6570\u3092\u5236\u9650\u3057\u307e\u3059\u3002<\/li>\n\n\n\n<li>Google AdSense \u306e\u8a73\u7d30\u306b\u3064\u3044\u3066\u306f\u3001Google AdSense \u306e\u516c\u5f0f\u30d7\u30e9\u30a4\u30d0\u30b7\u30fc FAQ \u3092\u3054\u89a7\u304f\u3060\u3055\u3044\u3002<\/li>\n\n\n\n<li>\u3053\u306e\u30b5\u30a4\u30c8\u306e\u904b\u55b6\u30b3\u30b9\u30c8\u3092\u76f8\u6bba\u3057\u3001\u5c06\u6765\u306e\u958b\u767a\u306b\u8cc7\u91d1\u3092\u63d0\u4f9b\u3059\u308b\u305f\u3081\u306b\u5e83\u544a\u3092\u4f7f\u7528\u3057\u307e\u3059\u3002\u3053\u306e\u30b5\u30a4\u30c8\u3067\u4f7f\u7528\u3055\u308c\u308b\u884c\u52d5\u5e83\u544a Cookie \u306f\u3001\u533f\u540d\u3067\u30e6\u30fc\u30b6\u30fc\u306e\u8208\u5473\u3092\u8ffd\u8de1\u3057\u3001\u30e6\u30fc\u30b6\u30fc\u304c\u8208\u5473\u3092\u6301\u3064\u53ef\u80fd\u6027\u306e\u3042\u308b\u985e\u4f3c\u306e\u3082\u306e\u3092\u63d0\u793a\u3059\u308b\u3053\u3068\u3067\u3001\u53ef\u80fd\u306a\u9650\u308a\u6700\u3082\u95a2\u9023\u6027\u306e\u9ad8\u3044\u5e83\u544a\u3092\u63d0\u4f9b\u3067\u304d\u308b\u3088\u3046\u306b\u8a2d\u8a08\u3055\u308c\u3066\u3044\u307e\u3059\u3002<\/li>\n\n\n\n<li>\u3044\u304f\u3064\u304b\u306e\u30d1\u30fc\u30c8\u30ca\u30fc\u304c\u5f53\u793e\u306b\u4ee3\u308f\u3063\u3066\u5e83\u544a\u3092\u63b2\u8f09\u3057\u3066\u304a\u308a\u3001\u30a2\u30d5\u30a3\u30ea\u30a8\u30a4\u30c8 \u30c8\u30e9\u30c3\u30ad\u30f3\u30b0 Cookie \u3092\u4f7f\u7528\u3059\u308b\u3068\u3001\u304a\u5ba2\u69d8\u304c\u5f53\u793e\u306e\u30d1\u30fc\u30c8\u30ca\u30fc\u306e\u30b5\u30a4\u30c8\u306e\u3044\u305a\u308c\u304b\u3092\u4ecb\u3057\u3066\u30b5\u30a4\u30c8\u306b\u30a2\u30af\u30bb\u30b9\u3057\u305f\u304b\u3069\u3046\u304b\u3092\u78ba\u8a8d\u3067\u304d\u308b\u3060\u3051\u3067\u3001\u5f53\u793e\u306f\u304a\u5ba2\u69d8\u306b\u9069\u5207\u306b\u30af\u30ec\u30b8\u30c3\u30c8\u3092\u4ed8\u4e0e\u3067\u304d\u3001\u8a72\u5f53\u3059\u308b\u5834\u5408\u306f\u30a2\u30d5\u30a3\u30ea\u30a8\u30a4\u30c8 \u30d1\u30fc\u30c8\u30ca\u30fc\u304c\u30d7\u30ed\u30e2\u30fc\u30b7\u30e7\u30f3\u3092\u63d0\u4f9b\u3067\u304d\u308b\u3088\u3046\u306b\u306a\u308a\u307e\u3059\u3002\u8cfc\u5165\u3092\u63d0\u4f9b\u3067\u304d\u307e\u3059\u3002<\/li>\n<\/ul>\n\n\n\n<h3 class=\"wp-block-heading\">\u30e6\u30fc\u30b6\u30fc\u306e\u30b3\u30df\u30c3\u30c8\u30e1\u30f3\u30c8<\/h3>\n\n\n\n<p>\u30e6\u30fc\u30b6\u30fc\u306f\u3001Mobzin \u304c Web \u30b5\u30a4\u30c8\u4e0a\u3067\u63d0\u4f9b\u3059\u308b\u30b3\u30f3\u30c6\u30f3\u30c4\u3068\u60c5\u5831\u3092\u3001\u660e\u78ba\u3067\u306f\u3042\u308b\u304c\u9650\u5b9a\u7684\u3067\u306f\u306a\u3044\u6027\u8cea\u3067\u9069\u5207\u306b\u4f7f\u7528\u3059\u308b\u3053\u3068\u3092\u7d04\u675f\u3057\u307e\u3059\u3002<\/p>\n\n\n\n<ul class=\"wp-block-list\">\n<li>A) \u9055\u6cd5\u306a\u6d3b\u52d5\u3001\u307e\u305f\u306f\u4fe1\u7fa9\u5247\u3084\u516c\u5e8f\u826f\u4fd7\u306b\u53cd\u3059\u308b\u6d3b\u52d5\u306b\u5f93\u4e8b\u3057\u306a\u3044\u3053\u3068\u3002<\/li>\n\n\n\n<li>B) \u30c6\u30ed\u652f\u63f4\u3084\u4eba\u6a29\u306b\u53cd\u3059\u308b\u3001\u4eba\u7a2e\u5dee\u5225\u7684\u3001\u5916\u56fd\u4eba\u6392\u65a5\u3001\u5351\u52a3\u306a\u3001\u307e\u305f\u306f\u6027\u60aa\u306a\u6027\u8cea\u306e\u30d7\u30ed\u30d1\u30ac\u30f3\u30c0\u3084\u30b3\u30f3\u30c6\u30f3\u30c4\u3001\u3042\u3089\u3086\u308b\u7a2e\u985e\u306e\u9055\u6cd5\u30dd\u30eb\u30ce\u3092\u5e83\u3081\u306a\u3044\u3067\u304f\u3060\u3055\u3044\u3002<\/li>\n\n\n\n<li>C) Mobzin\u3001\u305d\u306e\u30b5\u30d7\u30e9\u30a4\u30e4\u30fc\u3001\u307e\u305f\u306f\u7b2c\u4e09\u8005\u306e\u7269\u7406 (\u30cf\u30fc\u30c9\u30a6\u30a7\u30a2) \u304a\u3088\u3073\u8ad6\u7406 (\u30bd\u30d5\u30c8\u30a6\u30a7\u30a2) \u30b7\u30b9\u30c6\u30e0\u306b\u640d\u5bb3\u3092\u4e0e\u3048\u3066\u3001\u30b3\u30f3\u30d4\u30e5\u30fc\u30bf\u30fc \u30a6\u30a4\u30eb\u30b9\u3084\u3001\u524d\u8ff0\u306e\u640d\u5bb3\u3092\u5f15\u304d\u8d77\u3053\u3059\u53ef\u80fd\u6027\u306e\u3042\u308b\u305d\u306e\u4ed6\u306e\u30cf\u30fc\u30c9\u30a6\u30a7\u30a2\u307e\u305f\u306f\u30bd\u30d5\u30c8\u30a6\u30a7\u30a2 \u30b7\u30b9\u30c6\u30e0\u3092\u5c0e\u5165\u307e\u305f\u306f\u5e83\u3081\u306a\u3044\u3067\u304f\u3060\u3055\u3044\u3002<\/li>\n<\/ul>\n\n\n\n<h3 class=\"wp-block-heading\">\u8a73\u7d30\u60c5\u5831<\/h3>\n\n\n\n<p>\u305d\u308c\u304c\u660e\u3089\u304b\u3067\u3042\u308c\u3070\u5e78\u3044\u3067\u3059\u3002\u524d\u8ff0\u3057\u305f\u3088\u3046\u306b\u3001\u5fc5\u8981\u304b\u3069\u3046\u304b\u4e0d\u660e\u306a\u70b9\u304c\u3042\u308b\u5834\u5408\u306f\u3001\u30b5\u30a4\u30c8\u3067\u4f7f\u7528\u3059\u308b\u6a5f\u80fd\u306e 1 \u3064\u3068\u76f8\u4e92\u4f5c\u7528\u3059\u308b\u5834\u5408\u306b\u5099\u3048\u3066\u3001Cookie \u3092\u6709\u52b9\u306b\u3057\u305f\u307e\u307e\u306b\u3057\u3066\u304a\u304f\u65b9\u304c\u901a\u5e38\u306f\u5b89\u5168\u3067\u3059\u3002<\/p>\n\n\n\n<p>\u3053\u306e\u30dd\u30ea\u30b7\u30fc\u306f\u30012023 \u5e74 4 \u6708 16 \u65e5 22:42 \u304b\u3089\u767a\u52b9\u3057\u307e\u3059\u3002<\/p>\n\n\n\n<p><\/p>","protected":false},"excerpt":{"rendered":"<p>A sua privacidade \u00e9 importante para n\u00f3s. \u00c9 pol\u00edtica do Mobzin respeitar a sua privacidade em rela\u00e7\u00e3o a qualquer informa\u00e7\u00e3o sua que possamos coletar no site mobzin, e outros sites que possu\u00edmos e operamos. Solicitamos informa\u00e7\u00f5es pessoais apenas quando realmente precisamos delas para lhe fornecer um servi\u00e7o. Fazemo-lo por meios justos e legais, com o seu conhecimento e consentimento. Tamb\u00e9m informamos por que estamos coletando e como ser\u00e1 usado. Apenas retemos as informa\u00e7\u00f5es coletadas pelo tempo necess\u00e1rio para fornecer o servi\u00e7o solicitado. Quando armazenamos dados, protegemos dentro de meios comercialmente aceit\u00e1veis \u200b\u200bpara evitar perdas e roubos, bem como acesso, divulga\u00e7\u00e3o, c\u00f3pia, uso ou modifica\u00e7\u00e3o n\u00e3o autorizados. N\u00e3o compartilhamos informa\u00e7\u00f5es de [&hellip;]<\/p>\n","protected":false},"author":4,"featured_media":0,"parent":0,"menu_order":0,"comment_status":"closed","ping_status":"closed","template":"","meta":{"footnotes":""},"class_list":["post-3","page","type-page","status-publish"],"_links":{"self":[{"href":"https:\/\/mobzin.com\/ja\/wp-json\/wp\/v2\/pages\/3","targetHints":{"allow":["GET"]}}],"collection":[{"href":"https:\/\/mobzin.com\/ja\/wp-json\/wp\/v2\/pages"}],"about":[{"href":"https:\/\/mobzin.com\/ja\/wp-json\/wp\/v2\/types\/page"}],"author":[{"embeddable":true,"href":"https:\/\/mobzin.com\/ja\/wp-json\/wp\/v2\/users\/4"}],"replies":[{"embeddable":true,"href":"https:\/\/mobzin.com\/ja\/wp-json\/wp\/v2\/comments?post=3"}],"version-history":[{"count":4,"href":"https:\/\/mobzin.com\/ja\/wp-json\/wp\/v2\/pages\/3\/revisions"}],"predecessor-version":[{"id":465,"href":"https:\/\/mobzin.com\/ja\/wp-json\/wp\/v2\/pages\/3\/revisions\/465"}],"wp:attachment":[{"href":"https:\/\/mobzin.com\/ja\/wp-json\/wp\/v2\/media?parent=3"}],"curies":[{"name":"wp","href":"https:\/\/api.w.org\/{rel}","templated":true}]}}