{"id":89,"date":"2022-11-02T00:36:48","date_gmt":"2022-11-02T00:36:48","guid":{"rendered":"https:\/\/mobzin.com\/?page_id=89"},"modified":"2023-10-06T05:22:34","modified_gmt":"2023-10-06T05:22:34","slug":"%e5%88%a9%e7%94%a8%e8%a6%8f%e7%b4%84","status":"publish","type":"page","link":"https:\/\/mobzin.com\/ja\/%e5%88%a9%e7%94%a8%e8%a6%8f%e7%b4%84\/","title":{"rendered":"\u5229\u7528\u898f\u7d04"},"content":{"rendered":"<p>\u5229\u7528\u898f\u7d04<br>\u30e2\u30d6\u30b8\u30f3\u3078\u3088\u3046\u3053\u305d\uff01<br>\u3053\u308c\u3089\u306e\u5229\u7528\u898f\u7d04\u3067\u306f\u3001https:\/\/mobzin.com\/ \u306b\u3042\u308b Mobzin \u4f1a\u793e\u306e Web \u30b5\u30a4\u30c8\u3092\u4f7f\u7528\u3059\u308b\u305f\u3081\u306e\u898f\u5247\u306b\u3064\u3044\u3066\u8aac\u660e\u3057\u307e\u3059\u3002<\/p>\n\n\n\n<p>\u672c\u30a6\u30a7\u30d6\u30b5\u30a4\u30c8\u306b\u30a2\u30af\u30bb\u30b9\u3055\u308c\u305f\u5834\u5408\u306b\u306f\u3001\u4ee5\u4e0b\u306e\u3054\u5229\u7528\u6761\u4ef6\u306b\u540c\u610f\u3055\u308c\u305f\u3082\u306e\u3068\u307f\u306a\u3055\u308c\u307e\u3059\u3002\u3053\u306e\u5951\u7d04\u306b\u8a18\u8f09\u3055\u308c\u3066\u3044\u308b\u5229\u7528\u898f\u7d04\u306b\u540c\u610f\u3057\u306a\u3044\u5834\u5408\u306f\u3001Mobzin \u306e\u4f7f\u7528\u3092\u7d99\u7d9a\u3057\u306a\u3044\u3067\u304f\u3060\u3055\u3044\u3002<\/p>\n\n\n\n<p><strong>\u30af\u30c3\u30ad\u30fc<\/strong>:<br>\u3053\u306e Web \u30b5\u30a4\u30c8\u3067\u306f\u3001\u30a4\u30f3\u30bf\u30fc\u30cd\u30c3\u30c8\u4f53\u9a13\u3092\u30d1\u30fc\u30bd\u30ca\u30e9\u30a4\u30ba\u3059\u308b\u305f\u3081\u306b Cookie \u3092\u4f7f\u7528\u3057\u3066\u3044\u307e\u3059\u3002 Mobzin Web \u30b5\u30a4\u30c8\u306b\u30a2\u30af\u30bb\u30b9\u3059\u308b\u3068\u3001\u5fc5\u9808\u306e Cookie \u306e\u4f7f\u7528\u306b\u540c\u610f\u3057\u305f\u3053\u3068\u306b\u306a\u308a\u307e\u3059\u3002<\/p>\n\n\n\n<p>Cookie \u306f\u3001Web \u30da\u30fc\u30b8 \u30b5\u30fc\u30d0\u30fc\u306b\u3088\u3063\u3066\u30cf\u30fc\u30c9 \u30c9\u30e9\u30a4\u30d6\u306b\u914d\u7f6e\u3055\u308c\u308b\u30c6\u30ad\u30b9\u30c8 \u30d5\u30a1\u30a4\u30eb\u3067\u3059\u3002 Cookie \u3092\u4f7f\u7528\u3057\u3066\u30d7\u30ed\u30b0\u30e9\u30e0\u3092\u5b9f\u884c\u3057\u305f\u308a\u3001\u30b3\u30f3\u30d4\u30e5\u30fc\u30bf\u30fc\u306b\u30a6\u30a4\u30eb\u30b9\u3092\u8ee2\u9001\u3057\u305f\u308a\u3059\u308b\u3053\u3068\u306f\u8a31\u53ef\u3055\u308c\u3066\u3044\u307e\u305b\u3093\u3002 Cookie \u306f\u30e6\u30fc\u30b6\u30fc\u306b\u4e00\u610f\u306b\u95a2\u9023\u4ed8\u3051\u3089\u308c\u3066\u304a\u308a\u3001Cookie \u3092\u767a\u884c\u3057\u305f\u30c9\u30e1\u30a4\u30f3\u306e Web \u30b5\u30fc\u30d0\u30fc\u306b\u3088\u3063\u3066\u306e\u307f\u8aad\u307f\u53d6\u308b\u3053\u3068\u304c\u3067\u304d\u307e\u3059\u3002<\/p>\n\n\n\n<p>\u5f53\u793e\u306f\u3001Web \u30b5\u30a4\u30c8\u4e0a\u3067\u7d71\u8a08\u304a\u3088\u3073\u30de\u30fc\u30b1\u30c6\u30a3\u30f3\u30b0\u3092\u76ee\u7684\u3068\u3057\u3066\u60c5\u5831\u3092\u53ce\u96c6\u3001\u4fdd\u5b58\u3001\u307e\u305f\u306f\u8ffd\u8de1\u3059\u308b\u305f\u3081\u306b Cookie \u3092\u4f7f\u7528\u3059\u308b\u5834\u5408\u304c\u3042\u308a\u307e\u3059\u3002\u30aa\u30d7\u30b7\u30e7\u30f3\u306e Cookie \u3092\u53d7\u3051\u5165\u308c\u308b\u304b\u62d2\u5426\u3059\u308b\u304b\u3092\u9078\u629e\u3067\u304d\u307e\u3059\u3002\u5f53\u793e\u306e\u30a6\u30a7\u30d6\u30b5\u30a4\u30c8\u304c\u6a5f\u80fd\u3059\u308b\u305f\u3081\u306b\u5fc5\u8981\u306a\u5fc5\u9808\u306e Cookie \u304c\u3044\u304f\u3064\u304b\u3042\u308a\u307e\u3059\u3002\u3053\u308c\u3089\u306e\u5fc5\u9808 Cookie \u306b\u306f\u30e6\u30fc\u30b6\u30fc\u306e\u540c\u610f\u304c\u5fc5\u8981\u3067\u3059\u3002\u5fc5\u9808 Cookie \u3092\u53d7\u3051\u5165\u308c\u308b\u3053\u3068\u306b\u3088\u308a\u3001\u30b5\u30fc\u30c9\u30d1\u30fc\u30c6\u30a3 Cookie \u3082\u53d7\u3051\u5165\u308c\u308b\u3053\u3068\u306b\u306a\u308b\u3053\u3068\u306b\u6ce8\u610f\u3057\u3066\u304f\u3060\u3055\u3044\u3002\u30b5\u30fc\u30c9\u30d1\u30fc\u30c6\u30a3 Cookie \u306f\u3001\u30b5\u30fc\u30c9\u30d1\u30fc\u30c6\u30a3\u4f01\u696d\u304c\u63d0\u4f9b\u3059\u308b\u30d3\u30c7\u30aa\u518d\u751f\u30a6\u30a3\u30f3\u30c9\u30a6\u306a\u3069\u3001\u5f53\u793e\u306e Web \u30b5\u30a4\u30c8\u4e0a\u3067\u30b5\u30fc\u30c9\u30d1\u30fc\u30c6\u30a3\u304c\u63d0\u4f9b\u3059\u308b\u30b5\u30fc\u30d3\u30b9\u3092\u4f7f\u7528\u3059\u308b\u5834\u5408\u306b\u4f7f\u7528\u3055\u308c\u308b\u53ef\u80fd\u6027\u304c\u3042\u308a\u307e\u3059\u3002\u305d\u3057\u3066\u79c1\u305f\u3061\u306e\u30a6\u30a7\u30d6\u30b5\u30a4\u30c8\u306b\u7d71\u5408\u3055\u308c\u307e\u3057\u305f\u3002<\/p>\n\n\n\n<p><strong>\u30e9\u30a4\u30bb\u30f3\u30b9<\/strong>:<br>\u5225\u6bb5\u306e\u8a18\u8f09\u304c\u306a\u3044\u9650\u308a\u3001Mobzin \u304a\u3088\u3073\u305d\u306e\u30e9\u30a4\u30bb\u30f3\u30b5\u30fc\u306f\u3001Mobzin \u306b\u6295\u7a3f\u3055\u308c\u305f\u3059\u3079\u3066\u306e\u7d20\u6750\u306e\u77e5\u7684\u8ca1\u7523\u6a29\u3092\u6709\u3059\u308b\u6a29\u5229\u3092\u6709\u3057\u307e\u3059\u3002\u3059\u3079\u3066\u306e\u77e5\u7684\u8ca1\u7523\u6a29\u306f\u7559\u4fdd\u3055\u308c\u3066\u3044\u307e\u3059\u3002<\/p>\n\n\n\n<p><strong>\u8a31\u53ef\u3055\u308c\u3066\u3044\u307e\u305b\u3093<\/strong>:<\/p>\n\n\n\n<p>Mobzin \u304b\u3089\u30de\u30c6\u30ea\u30a2\u30eb\u3092\u30b3\u30d4\u30fc\u307e\u305f\u306f\u518d\u516c\u958b\u3059\u308b<br>Mobzin \u304b\u3089\u306e\u30de\u30c6\u30ea\u30a2\u30eb\u306e\u8ca9\u58f2\u3001\u30ec\u30f3\u30bf\u30eb\u3001\u307e\u305f\u306f\u30b5\u30d6\u30ea\u30fc\u30b9<br>Mobzin \u304b\u3089\u306e\u7d20\u6750\u306e\u8907\u88fd\u3001\u8907\u88fd\u3001\u307e\u305f\u306f\u30b3\u30d4\u30fc<br>Mobzin \u30b3\u30f3\u30c6\u30f3\u30c4\u306e\u518d\u914d\u5e03<br>\u672c\u5951\u7d04\u306f\u672c\u65e5\u3088\u308a\u767a\u52b9\u3057\u307e\u3059\u3002<\/p>\n\n\n\n<p>\u3053\u306e Web \u30b5\u30a4\u30c8\u306e\u4e00\u90e8\u3067\u306f\u3001\u7279\u5b9a\u306e\u5206\u91ce\u306b\u95a2\u3059\u308b\u610f\u898b\u3084\u60c5\u5831\u3092\u6295\u7a3f\u3057\u3001\u8b70\u8ad6\u3059\u308b\u6a5f\u4f1a\u304c\u30e6\u30fc\u30b6\u30fc\u306b\u63d0\u4f9b\u3055\u308c\u3066\u3044\u307e\u3059\u3002 Mobzin \u306f\u3001\u30b3\u30e1\u30f3\u30c8\u304c\u30b5\u30a4\u30c8\u306b\u8868\u793a\u3055\u308c\u308b\u524d\u306b\u3001\u30d5\u30a3\u30eb\u30bf\u30ea\u30f3\u30b0\u3001\u7de8\u96c6\u3001\u516c\u958b\u3001\u307e\u305f\u306f\u30ec\u30d3\u30e5\u30fc\u3092\u884c\u3044\u307e\u305b\u3093\u3002\u30b3\u30e1\u30f3\u30c8\u306f\u6295\u7a3f\u8005\u306e\u610f\u898b\u3092\u53cd\u6620\u3057\u3066\u3044\u307e\u3059\u3002\u9069\u7528\u6cd5\u304c\u8a31\u3059\u9650\u308a\u3001Mobzin \u306f\u3001\u30b3\u30e1\u30f3\u30c8\u3001\u3042\u308b\u3044\u306f\u672c\u30a6\u30a7\u30d6\u30b5\u30a4\u30c8\u4e0a\u306e\u30b3\u30e1\u30f3\u30c8\u306e\u4f7f\u7528\u3001\u6295\u7a3f\u304a\u3088\u3073\/\u307e\u305f\u306f\u8868\u793a\u306e\u7d50\u679c\u751f\u3058\u305f\u307e\u305f\u306f\u88ab\u3063\u305f\u3044\u304b\u306a\u308b\u640d\u5bb3\u3001\u30ea\u30b9\u30af\u3001\u8cbb\u7528\u306b\u3064\u3044\u3066\u3082\u6cd5\u7684\u8cac\u4efb\u3092\u8ca0\u308f\u306a\u3044\u3082\u306e\u3068\u3057\u307e\u3059\u3002<\/p>\n\n\n\n<p>Mobzin \u306f\u3001\u4e0d\u9069\u5207\u3001\u653b\u6483\u7684\u3001\u307e\u305f\u306f\u672c\u5951\u7d04\u306e\u5229\u7528\u898f\u7d04\u306b\u9055\u53cd\u3059\u308b\u3068\u8003\u3048\u3089\u308c\u308b\u30b3\u30e1\u30f3\u30c8\u3092\u524a\u9664\u3059\u308b\u6a29\u5229\u3092\u7559\u4fdd\u3057\u307e\u3059\u3002<\/p>\n\n\n\n<p><strong>\u3042\u306a\u305f\u306f\u305d\u308c\u3092\u8868\u660e\u3057\u3001\u4fdd\u8a3c\u3057\u307e\u3059<\/strong>:<\/p>\n\n\n\n<p>\u3042\u306a\u305f\u306b\u306f\u3001\u5f53\u793e\u306e\u30a6\u30a7\u30d6\u30b5\u30a4\u30c8\u306b\u30b3\u30e1\u30f3\u30c8\u3092\u6295\u7a3f\u3059\u308b\u6a29\u5229\u304c\u3042\u308a\u3001\u305d\u3046\u3059\u308b\u305f\u3081\u306e\u3059\u3079\u3066\u306e\u30e9\u30a4\u30bb\u30f3\u30b9\u3068\u540c\u610f\u3092\u6301\u3063\u3066\u3044\u307e\u3059\u3002<br>\u3042\u306a\u305f\u306e\u30b3\u30e1\u30f3\u30c8\u306f\u3001\u7b2c\u4e09\u8005\u306e\u8457\u4f5c\u6a29\u3001\u7279\u8a31\u3001\u5546\u6a19\u306a\u3069\u306e\u77e5\u7684\u8ca1\u7523\u3092\u4fb5\u5bb3\u3059\u308b\u3082\u306e\u3067\u306f\u3042\u308a\u307e\u305b\u3093\u3002<br>\u3042\u306a\u305f\u306e\u30b3\u30e1\u30f3\u30c8\u306b\u306f\u3001\u540d\u8a89\u6bc0\u640d\u3001\u540d\u8a89\u6bc0\u640d\u3001\u653b\u6483\u7684\u3001\u308f\u3044\u305b\u3064\u3001\u307e\u305f\u306f\u30d7\u30e9\u30a4\u30d0\u30b7\u30fc\u306e\u4fb5\u5bb3\u3068\u306a\u308b\u9055\u6cd5\u306a\u5185\u5bb9\u306f\u542b\u307e\u308c\u3066\u3044\u307e\u305b\u3093\u3002<br>\u3042\u306a\u305f\u306e\u30b3\u30e1\u30f3\u30c8\u306f\u3001\u30d3\u30b8\u30cd\u30b9\u3092\u52e7\u8a98\u307e\u305f\u306f\u4fc3\u9032\u3057\u305f\u308a\u3001\u5546\u696d\u6d3b\u52d5\u3084\u9055\u6cd5\u884c\u70ba\u3092\u7d39\u4ecb\u3057\u305f\u308a\u3059\u308b\u305f\u3081\u306b\u4f7f\u7528\u3055\u308c\u308b\u3053\u3068\u306f\u3042\u308a\u307e\u305b\u3093\u3002<br>\u3042\u306a\u305f\u306f\u3053\u3053\u306b\u3001Mobzin \u306b\u5bfe\u3057\u3001\u3042\u3089\u3086\u308b\u5f62\u5f0f\u3001\u5f62\u5f0f\u3001\u30e1\u30c7\u30a3\u30a2\u3067\u3042\u306a\u305f\u306e\u30b3\u30e1\u30f3\u30c8\u3092\u4f7f\u7528\u3001\u8907\u88fd\u3001\u7de8\u96c6\u3057\u3001\u4ed6\u8005\u304c\u4f7f\u7528\u3001\u8907\u88fd\u3001\u7de8\u96c6\u3059\u308b\u3053\u3068\u3092\u8a31\u53ef\u3059\u308b\u975e\u72ec\u5360\u7684\u30e9\u30a4\u30bb\u30f3\u30b9\u3092\u4ed8\u4e0e\u3057\u307e\u3059\u3002<\/p>\n\n\n\n<p>\u30b3\u30f3\u30c6\u30f3\u30c4\u3078\u306e\u30ea\u30f3\u30af\u306e\u4f5c\u6210<br>\u4ee5\u4e0b\u306e\u7d44\u7e54\u306f\u3001\u4e8b\u524d\u306e\u66f8\u9762\u306b\u3088\u308b\u627f\u8a8d\u306a\u3057\u306b\u5f53\u793e\u306e Web \u30b5\u30a4\u30c8\u306b\u30ea\u30f3\u30af\u3059\u308b\u3053\u3068\u304c\u3067\u304d\u307e\u3059\u3002<\/p>\n\n\n\n<p>\u653f\u5e9c\u6a5f\u95a2;<br>\u691c\u7d22\u30a8\u30f3\u30b8\u30f3;<br>\u5831\u9053\u6a5f\u95a2\u3002<br>\u30aa\u30f3\u30e9\u30a4\u30f3 \u30c7\u30a3\u30ec\u30af\u30c8\u30ea\u306e\u30c7\u30a3\u30b9\u30c8\u30ea\u30d3\u30e5\u30fc\u30bf\u306f\u3001\u4ed6\u306e\u4e0a\u5834\u4f01\u696d\u306e Web \u30b5\u30a4\u30c8\u306b\u30cf\u30a4\u30d1\u30fc\u30ea\u30f3\u30af\u3059\u308b\u306e\u3068\u540c\u3058\u65b9\u6cd5\u3067\u3001\u5f53\u793e\u306e Web \u30b5\u30a4\u30c8\u306b\u30cf\u30a4\u30d1\u30fc\u30ea\u30f3\u30af\u3092\u8a2d\u5b9a\u3067\u304d\u307e\u3059\u3002\u305d\u3057\u3066<br>\u975e\u55b6\u5229\u52df\u91d1\u56e3\u4f53\u304a\u3088\u3073\u6148\u5584\u52df\u91d1\u56e3\u4f53\u3092\u9664\u304f\u8a8d\u5b9a\u4f01\u696d\u306f\u3001\u4e8b\u524d\u306e\u627f\u8a8d\u306a\u3057\u306b\u5f53\u793e\u306e\u30b5\u30a4\u30c8\u306b\u30ea\u30f3\u30af\u3059\u308b\u3053\u3068\u306f\u3067\u304d\u307e\u305b\u3093\u3002<br>\u3053\u308c\u3089\u306e\u7d44\u7e54\u306f\u3001\u30ea\u30f3\u30af\u304c\u4ee5\u4e0b\u306e\u5834\u5408\u306b\u9650\u308a\u3001\u5f53\u793e\u306e\u30db\u30fc\u30e0\u30da\u30fc\u30b8\u3001\u51fa\u7248\u7269\u3001\u307e\u305f\u306f\u305d\u306e\u4ed6\u306e Web \u30b5\u30a4\u30c8\u60c5\u5831\u3078\u306e\u30ea\u30f3\u30af\u3092\u63b2\u8f09\u3059\u308b\u3053\u3068\u304c\u3042\u308a\u307e\u3059\u3002(a) \u3044\u304b\u306a\u308b\u5f62\u3067\u3082\u8aa4\u89e3\u3092\u62db\u304f\u3082\u306e\u3067\u306f\u306a\u3044\u3002 (b) \u88fd\u54c1\u304a\u3088\u3073\/\u307e\u305f\u306f\u30b5\u30fc\u30d3\u30b9\u306b\u95a2\u3057\u3066\u5f53\u793e\u3068\u306e\u30b9\u30dd\u30f3\u30b5\u30fc\u30b7\u30c3\u30d7\u3001\u63a8\u5968\u3001\u307e\u305f\u306f\u627f\u8a8d\u95a2\u4fc2\u306e\u5b58\u5728\u3092\u8aa4\u3063\u3066\u307b\u306e\u3081\u304b\u3055\u306a\u3044\u3053\u3068\u3002 (c) \u633f\u5165\u3055\u308c\u308b\u30b3\u30f3\u30c6\u30ad\u30b9\u30c8\u306b\u9069\u5207\u3067\u3042\u308b\u3053\u3068\u3002<\/p>\n\n\n\n<p>\u5f53\u793e\u306f\u3001\u6b21\u306e\u7a2e\u985e\u306e\u7d44\u7e54\u304b\u3089\u306e\u30ea\u30f3\u30af \u30ea\u30af\u30a8\u30b9\u30c8\u3092\u691c\u8a0e\u3057\u3001\u627f\u8a8d\u3059\u308b\u5834\u5408\u304c\u3042\u308a\u307e\u3059\u3002<\/p>\n\n\n\n<p>\u88fd\u54c1\u3084\u30d3\u30b8\u30cd\u30b9\u306b\u95a2\u3059\u308b\u6709\u540d\u306a\u60c5\u5831\u6e90\u3002<br>dot.com \u30b3\u30df\u30e5\u30cb\u30c6\u30a3 \u30b5\u30a4\u30c8\u3002<br>\u6148\u5584\u56e3\u4f53\u3092\u4ee3\u8868\u3059\u308b\u5354\u4f1a\u304a\u3088\u3073\u305d\u306e\u4ed6\u306e\u30b0\u30eb\u30fc\u30d7\u3002<br>\u30aa\u30f3\u30e9\u30a4\u30f3 \u30c7\u30a3\u30ec\u30af\u30c8\u30ea\u306e\u30c7\u30a3\u30b9\u30c8\u30ea\u30d3\u30e5\u30fc\u30bf\u3002<br>\u30a4\u30f3\u30bf\u30fc\u30cd\u30c3\u30c8\u30dd\u30fc\u30bf\u30eb\u3002<br>\u4f1a\u8a08\u4e8b\u52d9\u6240\u3001\u6cd5\u5f8b\u4e8b\u52d9\u6240\u3001\u30b3\u30f3\u30b5\u30eb\u30c6\u30a3\u30f3\u30b0\u4f1a\u793e\u3002\u305d\u3057\u3066<br>\u6559\u80b2\u6a5f\u95a2\u3068\u30af\u30e9\u30b9\u5354\u4f1a\u3002<br>\u5f53\u793e\u306f\u3001\u4ee5\u4e0b\u306e\u5224\u65ad\u3092\u4e0b\u3059\u5834\u5408\u306b\u306f\u3001\u4e0a\u8a18\u306e\u7a2e\u985e\u306e\u7d44\u7e54\u304b\u3089\u306e\u30ea\u30f3\u30af\u30ea\u30af\u30a8\u30b9\u30c8\u3092\u627f\u8a8d\u3057\u307e\u3059\u3002 (a) \u30ea\u30f3\u30af\u304c\u5f53\u793e\u304a\u3088\u3073\/\u307e\u305f\u306f\u8a8d\u5b9a\u4f01\u696d\u306e\u30a4\u30e1\u30fc\u30b8\u306b\u4e0d\u5229\u306a\u3082\u306e\u3067\u306f\u306a\u3044\u3053\u3068\u3002 (b) \u30ea\u30af\u30a8\u30b9\u30c8\u3092\u884c\u3063\u3066\u3044\u308b\u7d44\u7e54\u306f\u3001\u5f53\u793e\u3068\u306e\u9593\u306b\u30de\u30a4\u30ca\u30b9\u306a\u904e\u53bb\u3092\u6301\u3063\u3066\u3044\u307e\u305b\u3093\u3002 (c) \u30ea\u30f3\u30af\u306e\u53ef\u8996\u6027\u304b\u3089\u5f97\u3089\u308c\u308b\u5229\u76ca\u306f\u3001Mobzin \u306e\u4e0d\u5728\u3092\u88dc\u3044\u307e\u3059\u3002 (d) \u30ea\u30f3\u30af\u306f\u4e00\u822c\u7684\u306a\u60c5\u5831\u30b3\u30f3\u30c6\u30ad\u30b9\u30c8\u306b\u914d\u7f6e\u3055\u308c\u307e\u3059\u3002<\/p>\n\n\n\n<p>\u3053\u308c\u3089\u306e\u7d44\u7e54\u306f\u3001\u30ea\u30f3\u30af\u304c\u4ee5\u4e0b\u306e\u5834\u5408\u306b\u9650\u308a\u3001\u5f53\u793e\u306e\u30db\u30fc\u30e0\u30da\u30fc\u30b8\u3078\u306e\u30ea\u30f3\u30af\u3092\u63b2\u8f09\u3059\u308b\u3053\u3068\u304c\u3067\u304d\u307e\u3059\u3002(a) \u8aa4\u89e3\u3092\u62db\u304f\u3082\u306e\u3067\u306f\u306a\u3044\u3053\u3068\u3002 (b) \u5f53\u793e\u5074\u306e\u88fd\u54c1\u304a\u3088\u3073\/\u307e\u305f\u306f\u30b5\u30fc\u30d3\u30b9\u306e\u5f8c\u63f4\u3001\u652f\u6301\u3001\u307e\u305f\u306f\u627f\u8a8d\u306e\u5b58\u5728\u3092\u8aa4\u3063\u3066\u307b\u306e\u3081\u304b\u3055\u306a\u3044\u3053\u3068\u3002 (c) \u633f\u5165\u3055\u308c\u308b\u30b3\u30f3\u30c6\u30ad\u30b9\u30c8\u306b\u9069\u5207\u3067\u3042\u308b\u3053\u3068\u3002<\/p>\n\n\n\n<p>\u4e0a\u8a18\u7b2c 2 \u9805\u306b\u8a18\u8f09\u3055\u308c\u3066\u3044\u308b\u7d44\u7e54\u306e\u3044\u305a\u308c\u304b\u306e\u4ee3\u8868\u8005\u3067\u3001\u5f53\u793e Web \u30b5\u30a4\u30c8\u3078\u306e\u30ea\u30f3\u30af\u306e\u63b2\u8f09\u306b\u8208\u5473\u304c\u3042\u308b\u5834\u5408\u306f\u3001Mobzin \u306b\u96fb\u5b50\u30e1\u30fc\u30eb\u3092\u9001\u4fe1\u3057\u3066\u3001\u305d\u306e\u65e8\u3092\u5f53\u793e\u306b\u901a\u77e5\u3059\u308b\u5fc5\u8981\u304c\u3042\u308a\u307e\u3059\u3002\u3042\u306a\u305f\u306e\u540d\u524d\u3001\u3042\u306a\u305f\u306e\u7d44\u7e54\u540d\u3001\u9023\u7d61\u5148\u60c5\u5831\u3001\u3042\u306a\u305f\u306e\u30b5\u30a4\u30c8\u306e URL\u3001\u3042\u306a\u305f\u304c\u30ea\u30f3\u30af\u3059\u308b\u4e88\u5b9a\u306e\u5f53\u793e\u30b5\u30a4\u30c8\u4e0a\u306e URL \u306e\u30ea\u30b9\u30c8\u3001\u304a\u3088\u3073\u5f53\u793e\u306e\u60c5\u5831\u3092\u516c\u958b\u3059\u308b\u4e88\u5b9a\u306e\u30b5\u30a4\u30c8\u306e\u30ea\u30b9\u30c8\u3092\u542b\u3081\u3066\u304f\u3060\u3055\u3044\u3002 URL \u306b\u3064\u3044\u3066\u306f\u3001\u8fd4\u4fe1\u304c\u5c4a\u304f\u307e\u3067 2 \uff5e 3 \u9031\u9593\u304b\u304b\u308a\u307e\u3059\u3002<\/p>\n\n\n\n<p>\u627f\u8a8d\u3055\u308c\u305f\u7d44\u7e54\u306f\u3001\u6b21\u306e\u65b9\u6cd5\u3067\u5f53\u793e\u30b5\u30a4\u30c8\u3078\u306e\u30ea\u30f3\u30af\u3092\u6295\u7a3f\u3067\u304d\u307e\u3059\u3002<\/p>\n\n\n\n<p>\u5f53\u793e\u306e\u793e\u540d\u3092\u4f7f\u7528\u3059\u308b\u3002\u307e\u305f\u306f<br>\u30ea\u30f3\u30af\u304c\u30ea\u30c0\u30a4\u30ec\u30af\u30c8\u3059\u308b URL \u3092\u4f7f\u7528\u3057\u307e\u3059\u3002\u307e\u305f\u306f<br>\u30ea\u30f3\u30af\u304c\u633f\u5165\u3055\u308c\u308b\u30b3\u30f3\u30c6\u30f3\u30c4\u306e\u30b3\u30f3\u30c6\u30ad\u30b9\u30c8\u304a\u3088\u3073\u30d5\u30a9\u30fc\u30de\u30c3\u30c8\u5185\u3067\u610f\u5473\u3092\u306a\u3059\u3001\u5f53\u793e\u30b5\u30a4\u30c8\u306e\u305d\u306e\u4ed6\u306e\u8aac\u660e\u3092\u4f7f\u7528\u3059\u308b\u3053\u3068\u3002<br>Mobzin \u306e\u30ed\u30b4\u304a\u3088\u3073\/\u307e\u305f\u306f\u305d\u306e\u4ed6\u306e\u8996\u899a\u8981\u7d20\u3078\u306e\u30ea\u30f3\u30af\u306e\u4f7f\u7528\u307e\u305f\u306f\u516c\u958b\u306f\u3001\u5546\u6a19\u4f7f\u7528\u306e\u30e9\u30a4\u30bb\u30f3\u30b9\u5951\u7d04\u304c\u306a\u3044\u9650\u308a\u8a31\u53ef\u3055\u308c\u307e\u305b\u3093\u3002<\/p>\n\n\n\n<p><strong>\u30b3\u30f3\u30c6\u30f3\u30c4\u306b\u5bfe\u3059\u308b\u8cac\u4efb<\/strong>:<br>\u5f53\u793e\u306f\u3001\u304a\u5ba2\u69d8\u306e\u30b5\u30a4\u30c8\u306b\u8868\u793a\u3055\u308c\u308b\u30b3\u30f3\u30c6\u30f3\u30c4\u306b\u3064\u3044\u3066\u6cd5\u7684\u8cac\u4efb\u3092\u8ca0\u3044\u307e\u305b\u3093\u3002\u3042\u306a\u305f\u306f\u3001\u3042\u306a\u305f\u306e\u30b5\u30a4\u30c8\u3067\u63d0\u8d77\u3055\u308c\u305f\u3059\u3079\u3066\u306e\u7533\u3057\u7acb\u3066\u306b\u5bfe\u3057\u3066\u5f53\u793e\u3092\u4fdd\u8b77\u3057\u5f01\u8b77\u3059\u308b\u3053\u3068\u306b\u540c\u610f\u3057\u307e\u3059\u3002\u540d\u8a89\u6bc0\u640d\u3001\u308f\u3044\u305b\u3064\u3001\u72af\u7f6a\u7684\u3068\u89e3\u91c8\u3055\u308c\u308b\u53ef\u80fd\u6027\u306e\u3042\u308b\u30ea\u30f3\u30af\u3001\u307e\u305f\u306f\u7b2c\u4e09\u8005\u306e\u6a29\u5229\u3092\u4fb5\u5bb3\u3001\u4fb5\u5bb3\u3001\u4fb5\u5bb3\u3092\u52a9\u9577\u3059\u308b\u30ea\u30f3\u30af\u3092 Web \u30b5\u30a4\u30c8\u306b\u8868\u793a\u3057\u3066\u306f\u306a\u308a\u307e\u305b\u3093\u3002<\/p>\n\n\n\n<p><strong>\u6a29\u5229\u306e\u7559\u4fdd<\/strong>:<br>\u5f53\u793e\u306f\u3001\u3059\u3079\u3066\u306e\u30ea\u30f3\u30af\u3001\u307e\u305f\u306f\u5f53\u793e\u306e Web \u30b5\u30a4\u30c8\u306b\u30ea\u30c0\u30a4\u30ec\u30af\u30c8\u3059\u308b\u30ea\u30f3\u30af\u3092\u524a\u9664\u3059\u308b\u3088\u3046\u8981\u6c42\u3059\u308b\u6a29\u5229\u3092\u7559\u4fdd\u3057\u307e\u3059\u3002\u304a\u5ba2\u69d8\u306f\u3001\u524a\u9664\u8981\u6c42\u304c\u3042\u3063\u305f\u5834\u5408\u306b\u306f\u3001\u5f53\u793e\u30a6\u30a7\u30d6\u30b5\u30a4\u30c8\u3078\u306e\u3059\u3079\u3066\u306e\u30ea\u30f3\u30af\u3092\u76f4\u3061\u306b\u524a\u9664\u3059\u308b\u3053\u3068\u306b\u540c\u610f\u3059\u308b\u3082\u306e\u3068\u3057\u307e\u3059\u3002\u307e\u305f\u3001\u5f53\u793e\u306f\u3053\u308c\u3089\u306e\u5229\u7528\u898f\u7d04\u3092\u3044\u3064\u3067\u3082\u4fee\u6b63\u304a\u3088\u3073\u5909\u66f4\u3059\u308b\u6a29\u5229\u3092\u7559\u4fdd\u3057\u307e\u3059\u3002\u5f53\u793e\u30a6\u30a7\u30d6\u30b5\u30a4\u30c8\u3078\u306e\u30ea\u30f3\u30af\u3092\u7d99\u7d9a\u7684\u306b\u6295\u7a3f\u3059\u308b\u3053\u3068\u306b\u3088\u308a\u3001\u3053\u308c\u3089\u306e\u30ea\u30f3\u30af\u5229\u7528\u898f\u7d04\u306b\u62d8\u675f\u3055\u308c\u308b\u3053\u3068\u306b\u540c\u610f\u3057\u305f\u3082\u306e\u3068\u307f\u306a\u3055\u308c\u307e\u3059\u3002<\/p>\n\n\n\n<p><strong>\u5f53\u793e\u30a6\u30a7\u30d6\u30b5\u30a4\u30c8\u306b\u63b2\u8f09\u3055\u308c\u3066\u3044\u308b\u30ea\u30f3\u30af\u306e\u524a\u9664<\/strong>:<br>\u5f53\u793e\u30a6\u30a7\u30d6\u30b5\u30a4\u30c8\u4e0a\u306b\u4f55\u3089\u304b\u306e\u5f62\u3067\u653b\u6483\u7684\u306a\u30ea\u30f3\u30af\u3092\u898b\u3064\u3051\u305f\u5834\u5408\u306f\u3001\u3044\u3064\u3067\u3082\u3054\u81ea\u7531\u306b\u5f53\u793e\u306b\u3054\u9023\u7d61\u3044\u305f\u3060\u304d\u3001\u554f\u984c\u3092\u304a\u77e5\u3089\u305b\u304f\u3060\u3055\u3044\u3002\u5f53\u793e\u306f\u30ea\u30f3\u30af\u306e\u524a\u9664\u30ea\u30af\u30a8\u30b9\u30c8\u3092\u691c\u8a0e\u3057\u307e\u3059\u304c\u3001\u5f53\u793e\u30a6\u30a7\u30d6\u30b5\u30a4\u30c8\u3078\u306e\u30ea\u30f3\u30af\u3092\u524a\u9664\u3057\u305f\u308a\u3001\u304a\u5ba2\u69d8\u306e\u30ea\u30af\u30a8\u30b9\u30c8\u306b\u76f4\u63a5\u5bfe\u5fdc\u3057\u305f\u308a\u3059\u308b\u7fa9\u52d9\u306f\u3042\u308a\u307e\u305b\u3093\u3002<\/p>\n\n\n\n<p>\u5f53\u793e\u306f\u3001\u672c\u30a6\u30a7\u30d6\u30b5\u30a4\u30c8\u306b\u63b2\u8f09\u3055\u308c\u3066\u3044\u308b\u60c5\u5831\u304c\u6b63\u78ba\u3067\u3042\u308b\u3053\u3068\u3092\u4fdd\u8a3c\u3057\u307e\u305b\u3093\u3002\u5185\u5bb9\u306e\u5b8c\u5168\u6027\u3084\u6b63\u78ba\u6027\u3092\u4fdd\u8a3c\u3059\u308b\u3082\u306e\u3067\u306f\u3042\u308a\u307e\u305b\u3093\u3002\u5f53\u793e\u306f\u3001\u30a6\u30a7\u30d6\u30b5\u30a4\u30c8\u304c\u5f15\u304d\u7d9a\u304d\u5229\u7528\u53ef\u80fd\u3067\u3042\u308b\u3053\u3068\u3001\u307e\u305f\u306f\u30a6\u30a7\u30d6\u30b5\u30a4\u30c8\u4e0a\u306e\u30b3\u30f3\u30c6\u30f3\u30c4\u304c\u6700\u65b0\u306e\u72b6\u614b\u306b\u4fdd\u305f\u308c\u308b\u3053\u3068\u3092\u4fdd\u8a3c\u3057\u307e\u305b\u3093\u3002<\/p>\n\n\n\n<p><strong>\u514d\u8cac\u4e8b\u9805<\/strong>:<br>\u6cd5\u5f8b\u3067\u8a8d\u3081\u3089\u308c\u308b\u6700\u5927\u9650\u306e\u7bc4\u56f2\u3067\u3001\u5f53\u793e\u306f\u5f53\u793e\u306e Web \u30b5\u30a4\u30c8\u304a\u3088\u3073\u3053\u306e Web \u30b5\u30a4\u30c8\u306e\u4f7f\u7528\u306b\u95a2\u3059\u308b\u3059\u3079\u3066\u306e\u8868\u660e\u3001\u4fdd\u8a3c\u3001\u304a\u3088\u3073\u6761\u4ef6\u3092\u9664\u5916\u3057\u307e\u3059\u3002\u3053\u306e\u514d\u8cac\u4e8b\u9805\u306b\u306f\u6b21\u306e\u3088\u3046\u306a\u5185\u5bb9\u306f\u542b\u307e\u308c\u307e\u305b\u3093\u3002<\/p>\n\n\n\n<p>\u6b7b\u4ea1\u307e\u305f\u306f\u4eba\u8eab\u50b7\u5bb3\u306b\u5bfe\u3059\u308b\u5f53\u793e\u307e\u305f\u306f\u304a\u5ba2\u69d8\u306e\u8cac\u4efb\u3092\u5236\u9650\u307e\u305f\u306f\u9664\u5916\u3059\u308b\u3002<br>\u8a50\u6b3a\u307e\u305f\u306f\u8a50\u6b3a\u7684\u865a\u507d\u8868\u793a\u306b\u5bfe\u3059\u308b\u5f53\u793e\u307e\u305f\u306f\u304a\u5ba2\u69d8\u306e\u8cac\u4efb\u3092\u5236\u9650\u307e\u305f\u306f\u9664\u5916\u3059\u308b\u3002<br>\u6cd5\u5f8b\u3067\u8a31\u53ef\u3055\u308c\u3066\u3044\u306a\u3044\u65b9\u6cd5\u3067\u5f53\u793e\u307e\u305f\u306f\u304a\u5ba2\u69d8\u306e\u8cac\u4efb\u3092\u5236\u9650\u3059\u308b\u3053\u3068\u3002<br>\u9069\u7528\u6cd5\u306e\u4e0b\u3067\u9664\u5916\u3055\u308c\u306a\u3044\u304a\u5ba2\u69d8\u307e\u305f\u306f\u5f53\u793e\u306e\u3044\u304b\u306a\u308b\u8cac\u4efb\u3082\u9664\u5916\u3057\u307e\u3059\u3002<br>\u3053\u306e\u30bb\u30af\u30b7\u30e7\u30f3\u304a\u3088\u3073\u3053\u306e\u30b9\u30c6\u30fc\u30c8\u30e1\u30f3\u30c8\u306e\u4ed6\u306e\u5834\u6240\u306b\u8a18\u8f09\u3055\u308c\u3066\u3044\u308b\u8cac\u4efb\u306e\u5236\u9650\u304a\u3088\u3073\u7981\u6b62\u4e8b\u9805\u306f\u6b21\u306e\u3068\u304a\u308a\u3067\u3059\u3002(a) \u524d\u6bb5\u843d\u306e\u5bfe\u8c61\u3068\u306a\u308a\u307e\u3059\u3002 (b) \u5951\u7d04\u3001\u4e0d\u6cd5\u884c\u70ba\u3001\u304a\u3088\u3073\u6cd5\u7684\u7fa9\u52d9\u9055\u53cd\u306b\u3088\u3063\u3066\u751f\u3058\u308b\u8cac\u4efb\u3092\u542b\u3080\u3001\u5ba3\u8a00\u306b\u57fa\u3065\u3044\u3066\u751f\u3058\u308b\u3059\u3079\u3066\u306e\u8cac\u4efb\u3092\u7ba1\u7406\u3057\u307e\u3059\u3002<\/p>\n\n\n\n<p>\u30a6\u30a7\u30d6\u30b5\u30a4\u30c8\u304a\u3088\u3073\u30a6\u30a7\u30d6\u30b5\u30a4\u30c8\u4e0a\u306e\u60c5\u5831\u304a\u3088\u3073\u30b5\u30fc\u30d3\u30b9\u304c\u7121\u6599\u3067\u63d0\u4f9b\u3055\u308c\u3066\u3044\u308b\u9650\u308a\u3001\u5f53\u793e\u306f\u3044\u304b\u306a\u308b\u6027\u8cea\u306e\u640d\u5931\u307e\u305f\u306f\u640d\u5bb3\u306b\u3064\u3044\u3066\u3082\u8cac\u4efb\u3092\u8ca0\u3044\u307e\u305b\u3093\u3002<\/p>","protected":false},"excerpt":{"rendered":"<p>Termos e Condi\u00e7\u00f5es de UsoSeja bem-vindo ao Mobzin!Estes termos e condi\u00e7\u00f5es descrevem as regras de uso do site da empresa Mobzin, localizado no endere\u00e7o https:\/\/mobzin.com\/. Ao acessar este site, consideramos que voc\u00ea est\u00e1 de acordo com os termos e condi\u00e7\u00f5es abaixo. N\u00e3o continue a usar o Mobzin caso voc\u00ea discorde dos termos e condi\u00e7\u00f5es descritos neste contrato. Cookies:O site usa cookies para ajudar na personaliza\u00e7\u00e3o da sua experi\u00eancia na internet. Ao acessar o site Mobzin, voc\u00ea concorda com o uso dos cookies requeridos. Cookies s\u00e3o arquivos de texto inseridos no seu disco r\u00edgido por um servidor de p\u00e1gina web. Os cookies n\u00e3o t\u00eam permiss\u00e3o para executar programas ou transferir v\u00edrus [&hellip;]<\/p>\n","protected":false},"author":4,"featured_media":0,"parent":0,"menu_order":0,"comment_status":"closed","ping_status":"closed","template":"","meta":{"footnotes":""},"class_list":["post-89","page","type-page","status-publish"],"_links":{"self":[{"href":"https:\/\/mobzin.com\/ja\/wp-json\/wp\/v2\/pages\/89","targetHints":{"allow":["GET"]}}],"collection":[{"href":"https:\/\/mobzin.com\/ja\/wp-json\/wp\/v2\/pages"}],"about":[{"href":"https:\/\/mobzin.com\/ja\/wp-json\/wp\/v2\/types\/page"}],"author":[{"embeddable":true,"href":"https:\/\/mobzin.com\/ja\/wp-json\/wp\/v2\/users\/4"}],"replies":[{"embeddable":true,"href":"https:\/\/mobzin.com\/ja\/wp-json\/wp\/v2\/comments?post=89"}],"version-history":[{"count":5,"href":"https:\/\/mobzin.com\/ja\/wp-json\/wp\/v2\/pages\/89\/revisions"}],"predecessor-version":[{"id":346,"href":"https:\/\/mobzin.com\/ja\/wp-json\/wp\/v2\/pages\/89\/revisions\/346"}],"wp:attachment":[{"href":"https:\/\/mobzin.com\/ja\/wp-json\/wp\/v2\/media?parent=89"}],"curies":[{"name":"wp","href":"https:\/\/api.w.org\/{rel}","templated":true}]}}