{"id":3,"date":"2022-10-24T23:31:41","date_gmt":"2022-10-24T23:31:41","guid":{"rendered":"https:\/\/mobzin.com\/?page_id=3"},"modified":"2023-10-31T07:48:30","modified_gmt":"2023-10-31T07:48:30","slug":"%ea%b0%9c%ec%9d%b8-%ec%a0%95%eb%b3%b4-%eb%b3%b4%ed%98%b8-%ec%a0%95%ec%b1%85","status":"publish","type":"page","link":"https:\/\/mobzin.com\/ko\/%ea%b0%9c%ec%9d%b8-%ec%a0%95%eb%b3%b4-%eb%b3%b4%ed%98%b8-%ec%a0%95%ec%b1%85\/","title":{"rendered":"\uac1c\uc778 \uc815\ubcf4 \uc815\ucc45"},"content":{"rendered":"<p>\uadc0\ud558\uc758 \uac1c\uc778\uc815\ubcf4\ub294 \uc6b0\ub9ac\uc5d0\uac8c \uc911\uc694\ud569\ub2c8\ub2e4. \uc6f9\uc0ac\uc774\ud2b8\uc5d0\uc11c \uadc0\ud558\ub85c\ubd80\ud130 \uc218\uc9d1\ud560 \uc218 \uc788\ub294 \ubaa8\ub4e0 \uc815\ubcf4\uc640 \uad00\ub828\ud558\uc5ec \uadc0\ud558\uc758 \uac1c\uc778\uc815\ubcf4\ub97c \uc874\uc911\ud558\ub294 \uac83\uc774 Mobzin\uc758 \uc815\ucc45\uc785\ub2c8\ub2e4. <a href=\"https:\/\/mobzin.com\/ko\/\">\ubab9\uc9c4<\/a>, \ub2f9\uc0ac\uac00 \uc18c\uc720\ud558\uace0 \uc6b4\uc601\ud558\ub294 \uae30\ud0c0 \uc0ac\uc774\ud2b8.<\/p>\n\n\n\n<p>\ub2f9\uc0ac\ub294 \uadc0\ud558\uc5d0\uac8c \uc11c\ube44\uc2a4\ub97c \uc81c\uacf5\ud558\uae30 \uc704\ud574 \uaf2d \ud544\uc694\ud55c \uacbd\uc6b0\uc5d0\ub9cc \uac1c\uc778\uc815\ubcf4\ub97c \uc694\uccad\ud569\ub2c8\ub2e4. \uc6b0\ub9ac\ub294 \uadc0\ud558\uc758 \uc9c0\uc2dd\uacfc \ub3d9\uc758\ub97c \ubc14\ud0d5\uc73c\ub85c \uacf5\uc815\ud558\uace0 \ud569\ubc95\uc801\uc778 \uc218\ub2e8\uc73c\ub85c \uc774\ub97c \uc218\ud589\ud569\ub2c8\ub2e4. \ub610\ud55c, \uc815\ubcf4\ub97c \uc218\uc9d1\ud558\ub294 \uc774\uc720\uc640 \uc0ac\uc6a9 \ubc29\ubc95\uc5d0 \ub300\ud574\uc11c\ub3c4 \uc54c\ub824\ub4dc\ub9bd\ub2c8\ub2e4.<\/p>\n\n\n\n<p>\ub2f9\uc0ac\ub294 \uc694\uccad\ub41c \uc11c\ube44\uc2a4\ub97c \uc81c\uacf5\ud558\ub294 \ub370 \ud544\uc694\ud55c \uae30\uac04 \ub3d9\uc548\ub9cc \uc218\uc9d1\ub41c \uc815\ubcf4\ub97c \ubcf4\uad00\ud569\ub2c8\ub2e4. \ub2f9\uc0ac\ub294 \ub370\uc774\ud130\ub97c \uc800\uc7a5\ud560 \ub54c \uc190\uc2e4\uacfc \ub3c4\ub09c\uc740 \ubb3c\ub860 \ubb34\ub2e8 \uc561\uc138\uc2a4, \uacf5\uac1c, \ubcf5\uc0ac, \uc0ac\uc6a9 \ub610\ub294 \uc218\uc815\uc744 \ubc29\uc9c0\ud558\uae30 \uc704\ud574 \uc0c1\uc5c5\uc801\uc73c\ub85c \ud5c8\uc6a9\ub418\ub294 \uc218\ub2e8\uc73c\ub85c \ub370\uc774\ud130\ub97c \ubcf4\ud638\ud569\ub2c8\ub2e4.<\/p>\n\n\n\n<p>\ub2f9\uc0ac\ub294 \ubc95\ub960\uc5d0\uc11c \uc694\uad6c\ud558\ub294 \uacbd\uc6b0\ub97c \uc81c\uc678\ud558\uace0 \uac1c\uc778 \uc2dd\ubcc4 \uc815\ubcf4\ub97c \uacf5\uac1c\uc801\uc73c\ub85c \ub610\ub294 \uc81c3\uc790\uc640 \uacf5\uc720\ud558\uc9c0 \uc54a\uc2b5\ub2c8\ub2e4.<\/p>\n\n\n\n<p>\ub2f9\uc0ac \uc6f9\uc0ac\uc774\ud2b8\uc5d0\ub294 \ub2f9\uc0ac\uac00 \uc6b4\uc601\ud558\uc9c0 \uc54a\ub294 \uc678\ubd80 \uc6f9\uc0ac\uc774\ud2b8\uc5d0 \ub300\ud55c \ub9c1\ud06c\uac00 \uc788\uc744 \uc218 \uc788\uc2b5\ub2c8\ub2e4. \ub2f9\uc0ac\ub294 \uc774\ub7ec\ud55c \uc0ac\uc774\ud2b8\uc758 \ucf58\ud150\uce20\uc640 \uad00\ud589\uc744 \ud1b5\uc81c\ud560 \uc218 \uc5c6\uc73c\uba70 \uac01 \uac1c\uc778\uc815\ubcf4 \ubcf4\ud638\uc815\ucc45\uc5d0 \ub300\ud574 \ucc45\uc784\uc744 \uc9c8 \uc218 \uc5c6\ub2e4\ub294 \uc810\uc744 \uc720\uc758\ud558\uc2dc\uae30 \ubc14\ub78d\ub2c8\ub2e4.<\/p>\n\n\n\n<p>\uadc0\ud558\ub294 \uadc0\ud558\uac00 \uc6d0\ud558\ub294 \uc11c\ube44\uc2a4 \uc911 \uc77c\ubd80\ub97c \ub2f9\uc0ac\uac00 \uc81c\uacf5\ud558\uc9c0 \ubabb\ud560 \uc218\ub3c4 \uc788\ub2e4\ub294 \uc810\uc744 \uc774\ud574\ud558\uace0 \uadc0\ud558\uc758 \uac1c\uc778 \uc815\ubcf4\uc5d0 \ub300\ud55c \ub2f9\uc0ac\uc758 \uc694\uccad\uc744 \uc790\uc720\ub86d\uac8c \uac70\ubd80\ud560 \uc218 \uc788\uc2b5\ub2c8\ub2e4.<\/p>\n\n\n\n<p>\uadc0\ud558\uac00 \ub2f9\uc0ac \uc6f9\uc0ac\uc774\ud2b8\ub97c \uacc4\uc18d \uc0ac\uc6a9\ud558\ub294 \uac83\uc740 \uac1c\uc778 \uc815\ubcf4 \ubcf4\ud638 \ubc0f \uac1c\uc778 \uc815\ubcf4\uc5d0 \uad00\ud55c \ub2f9\uc0ac\uc758 \uad00\ud589\uc744 \uc218\ub77d\ud558\ub294 \uac83\uc73c\ub85c \uac04\uc8fc\ub429\ub2c8\ub2e4. \ub2f9\uc0ac\uac00 \uc0ac\uc6a9\uc790 \ub370\uc774\ud130 \ubc0f \uac1c\uc778\uc815\ubcf4\ub97c \ucc98\ub9ac\ud558\ub294 \ubc29\ubc95\uc5d0 \ub300\ud574 \uad81\uae08\ud55c \uc810\uc774 \uc788\uc73c\uba74 \ub2f9\uc0ac\uc5d0 \ubb38\uc758\ud558\uc138\uc694.<\/p>\n\n\n\n<ul class=\"wp-block-list\">\n<li>\uad11\uace0 \uc81c\uacf5\uc744 \uc704\ud574 \ub2f9\uc0ac\uac00 \uc0ac\uc6a9\ud558\ub294 Google \uc560\ub4dc\uc13c\uc2a4 \uc11c\ube44\uc2a4\ub294 DoubleClick \ucfe0\ud0a4\ub97c \uc0ac\uc6a9\ud558\uc5ec \uc6f9 \uc804\ubc18\uc5d0 \uac78\uccd0 \ubcf4\ub2e4 \uad00\ub828\uc131 \ub192\uc740 \uad11\uace0\ub97c \uc81c\uacf5\ud558\uace0 \ud2b9\uc815 \uad11\uace0\uac00 \uadc0\ud558\uc5d0\uac8c \ud45c\uc2dc\ub418\ub294 \ud69f\uc218\ub97c \uc81c\ud55c\ud569\ub2c8\ub2e4.<\/li>\n\n\n\n<li>Google \uc560\ub4dc\uc13c\uc2a4\uc5d0 \ub300\ud55c \uc790\uc138\ud55c \ub0b4\uc6a9\uc740 \uacf5\uc2dd Google \uc560\ub4dc\uc13c\uc2a4 \uac1c\uc778\uc815\ubcf4 \ubcf4\ud638 FAQ\ub97c \ucc38\uc870\ud558\uc138\uc694.<\/li>\n\n\n\n<li>\uc6b0\ub9ac\ub294 \uc774 \uc0ac\uc774\ud2b8\uc758 \uc6b4\uc601 \ube44\uc6a9\uc744 \uc0c1\uc1c4\ud558\uace0 \ud5a5\ud6c4 \uac1c\ubc1c\uc744 \uc704\ud55c \uc790\uae08\uc744 \uc81c\uacf5\ud558\uae30 \uc704\ud574 \uad11\uace0\ub97c \uc0ac\uc6a9\ud569\ub2c8\ub2e4. \uc774 \uc0ac\uc774\ud2b8\uc5d0\uc11c \uc0ac\uc6a9\ud558\ub294 \ud589\ub3d9 \uad11\uace0 \ucfe0\ud0a4\ub294 \uadc0\ud558\uc758 \uad00\uc2ec\uc0ac\ub97c \uc775\uba85\uc73c\ub85c \ucd94\uc801\ud558\uace0 \uadc0\ud558\uac00 \uad00\uc2ec\uc744 \uac00\uc9c8 \uc218 \uc788\ub294 \uc720\uc0ac\ud55c \ud56d\ubaa9\uc744 \uc81c\uc2dc\ud568\uc73c\ub85c\uc368 \uac00\ub2a5\ud55c \ud55c \uac00\uc7a5 \uad00\ub828\uc131\uc774 \ub192\uc740 \uad11\uace0\ub97c \uc81c\uacf5\ud558\ub3c4\ub85d \uc124\uacc4\ub418\uc5c8\uc2b5\ub2c8\ub2e4.<\/li>\n\n\n\n<li>\uc5ec\ub7ec \ud30c\ud2b8\ub108\uac00 \uc6b0\ub9ac\ub97c \ub300\uc2e0\ud558\uc5ec \uad11\uace0\ud558\uace0 \uc81c\ud734 \ucd94\uc801 \ucfe0\ud0a4\ub97c \uc0ac\uc6a9\ud558\uba74 \uace0\uac1d\uc774 \ud30c\ud2b8\ub108 \uc0ac\uc774\ud2b8 \uc911 \ud558\ub098\ub97c \ud1b5\ud574 \uc0ac\uc774\ud2b8\uc5d0 \uc561\uc138\uc2a4\ud588\ub294\uc9c0 \ud655\uc778\ud560 \uc218 \uc788\uc73c\ubbc0\ub85c \uc801\uc808\ud558\uac8c \ud06c\ub808\ub527\uc744 \ubc1b\uc744 \uc218 \uc788\uc73c\uba70, \ud574\ub2f9\ub418\ub294 \uacbd\uc6b0 \uc81c\ud734 \ud30c\ud2b8\ub108\uac00 \ub2e4\uc74c\uacfc \uac19\uc740 \ud504\ub85c\ubaa8\uc158\uc744 \uc81c\uacf5\ud560 \uc218 \uc788\uc2b5\ub2c8\ub2e4. \uad6c\ub9e4\ub97c \uc81c\uacf5\ud560 \uc218 \uc788\uc2b5\ub2c8\ub2e4.<\/li>\n<\/ul>\n\n\n\n<h3 class=\"wp-block-heading\">\uc0ac\uc6a9\uc790 \uc57d\uc18d<\/h3>\n\n\n\n<p>\uc0ac\uc6a9\uc790\ub294 Mobzin\uc774 \uc6f9\uc0ac\uc774\ud2b8\uc5d0\uc11c \uc81c\uacf5\ud558\ub294 \ucf58\ud150\uce20\uc640 \uc815\ubcf4\ub97c \uba85\ubc31\ud558\uc9c0\ub9cc \uc81c\ud55c\uc801\uc774\uc9c0 \uc54a\uc740 \uc131\uaca9\uc73c\ub85c \uc801\uc808\ud558\uac8c \uc0ac\uc6a9\ud560 \uac83\uc744 \uc57d\uc18d\ud569\ub2c8\ub2e4.<\/p>\n\n\n\n<ul class=\"wp-block-list\">\n<li>A) \ubd88\ubc95\uc801\uc774\uac70\ub098 \uc120\uc758\uc640 \uacf5\uacf5\uc9c8\uc11c\uc5d0 \ubc18\ud558\ub294 \ud589\uc704\ub97c \ud558\uc9c0 \uc54a\uc2b5\ub2c8\ub2e4.<\/li>\n\n\n\n<li>B) \ud14c\ub7ec\ub97c \uc9c0\uc9c0\ud558\uac70\ub098 \uc778\uad8c\uc5d0 \ubc18\ud558\ub294 \uc778\uc885\ucc28\ubcc4, \uc678\uad6d\uc778 \ud610\uc624, \ubca0\ud0c0\ud14c\uc778 \ub610\ub294 \ub098\uc05c \uc131\uaca9\uc758 \uc120\uc804\uc774\ub098 \ub0b4\uc6a9, \ubaa8\ub4e0 \uc720\ud615\uc758 \ubd88\ubc95 \uc74c\ub780\ubb3c\uc744 \uc720\ud3ec\ud558\uc9c0 \ub9c8\uc2ed\uc2dc\uc624.<\/li>\n\n\n\n<li>\ub2e4) Mobzin, \uadf8 \uacf5\uae09\uc790 \ub610\ub294 \uc81c3\uc790\uc758 \ubb3c\ub9ac\uc801(\ud558\ub4dc\uc6e8\uc5b4) \ubc0f \ub17c\ub9ac\uc801(\uc18c\ud504\ud2b8\uc6e8\uc5b4) \uc2dc\uc2a4\ud15c\uc5d0 \uc190\uc0c1\uc744 \uac00\ud558\uc5ec \uc55e\uc11c \uc5b8\uae09\ud55c \uc190\uc0c1\uc744 \uc77c\uc73c\ud0ac \uc218 \uc788\ub294 \ucef4\ud4e8\ud130 \ubc14\uc774\ub7ec\uc2a4\ub098 \uae30\ud0c0 \ud558\ub4dc\uc6e8\uc5b4 \ub610\ub294 \uc18c\ud504\ud2b8\uc6e8\uc5b4 \uc2dc\uc2a4\ud15c\uc744 \ub3c4\uc785\ud558\uac70\ub098 \uc804\ud30c\ud558\uc9c0 \ub9c8\uc2ed\uc2dc\uc624.<\/li>\n<\/ul>\n\n\n\n<h3 class=\"wp-block-heading\">\ucd94\uac00 \uc815\ubcf4<\/h3>\n\n\n\n<p>\uc774\ub294 \ubd84\uba85\ud558\uae30\ub97c \ubc14\ub77c\uba70, \uc774\uc804\uc5d0 \uc5b8\uae09\ud588\ub4ef\uc774 \ud544\uc694\ud55c\uc9c0 \uc544\ub2cc\uc9c0 \ud655\uc2e4\ud558\uc9c0 \uc54a\uc740 \uac83\uc774 \uc788\ub294 \uacbd\uc6b0 \uc77c\ubc18\uc801\uc73c\ub85c \ucfe0\ud0a4\uac00 \ub2f9\uc0ac \uc0ac\uc774\ud2b8\uc5d0\uc11c \uc0ac\uc6a9\ud558\ub294 \uae30\ub2a5 \uc911 \ud558\ub098\uc640 \uc0c1\ud638 \uc791\uc6a9\ud560 \uacbd\uc6b0\ub97c \ub300\ube44\ud574 \ucfe0\ud0a4\ub97c \ud65c\uc131\ud654\ud574 \ub450\ub294 \uac83\uc774 \ub354 \uc548\uc804\ud569\ub2c8\ub2e4.<\/p>\n\n\n\n<p>\ubcf8 \ubc29\uce68\uc740 2023\ub144 4\uc6d4 16\uc77c 22\uc2dc 42\ubd84\ubd80\ud130 \uc2dc\ud589\ub429\ub2c8\ub2e4.<\/p>\n\n\n\n<p><\/p>","protected":false},"excerpt":{"rendered":"<p>A sua privacidade \u00e9 importante para n\u00f3s. \u00c9 pol\u00edtica do Mobzin respeitar a sua privacidade em rela\u00e7\u00e3o a qualquer informa\u00e7\u00e3o sua que possamos coletar no site mobzin, e outros sites que possu\u00edmos e operamos. Solicitamos informa\u00e7\u00f5es pessoais apenas quando realmente precisamos delas para lhe fornecer um servi\u00e7o. Fazemo-lo por meios justos e legais, com o [&hellip;]<\/p>\n","protected":false},"author":4,"featured_media":0,"parent":0,"menu_order":0,"comment_status":"closed","ping_status":"closed","template":"","meta":{"footnotes":""},"class_list":["post-3","page","type-page","status-publish"],"_links":{"self":[{"href":"https:\/\/mobzin.com\/ko\/wp-json\/wp\/v2\/pages\/3","targetHints":{"allow":["GET"]}}],"collection":[{"href":"https:\/\/mobzin.com\/ko\/wp-json\/wp\/v2\/pages"}],"about":[{"href":"https:\/\/mobzin.com\/ko\/wp-json\/wp\/v2\/types\/page"}],"author":[{"embeddable":true,"href":"https:\/\/mobzin.com\/ko\/wp-json\/wp\/v2\/users\/4"}],"replies":[{"embeddable":true,"href":"https:\/\/mobzin.com\/ko\/wp-json\/wp\/v2\/comments?post=3"}],"version-history":[{"count":4,"href":"https:\/\/mobzin.com\/ko\/wp-json\/wp\/v2\/pages\/3\/revisions"}],"predecessor-version":[{"id":465,"href":"https:\/\/mobzin.com\/ko\/wp-json\/wp\/v2\/pages\/3\/revisions\/465"}],"wp:attachment":[{"href":"https:\/\/mobzin.com\/ko\/wp-json\/wp\/v2\/media?parent=3"}],"curies":[{"name":"wp","href":"https:\/\/api.w.org\/{rel}","templated":true}]}}