{"id":89,"date":"2022-11-02T00:36:48","date_gmt":"2022-11-02T00:36:48","guid":{"rendered":"https:\/\/mobzin.com\/?page_id=89"},"modified":"2023-10-06T05:22:34","modified_gmt":"2023-10-06T05:22:34","slug":"%ec%9d%b4%ec%9a%a9-%ec%95%bd%ea%b4%80","status":"publish","type":"page","link":"https:\/\/mobzin.com\/ko\/%ec%9d%b4%ec%9a%a9-%ec%95%bd%ea%b4%80\/","title":{"rendered":"\uc774\uc6a9\uc57d\uad00"},"content":{"rendered":"<p>\uc774\uc6a9\uc57d\uad00<br>Mobzin\uc5d0 \uc624\uc2e0 \uac83\uc744 \ud658\uc601\ud569\ub2c8\ub2e4!<br>\ubcf8 \uc774\uc6a9 \uc57d\uad00\uc740 Mobzin \ud68c\uc0ac \uc6f9\uc0ac\uc774\ud2b8(https:\/\/mobzin.com\/) \uc0ac\uc6a9\uc5d0 \ub300\ud55c \uaddc\uce59\uc744 \uc124\uba85\ud569\ub2c8\ub2e4.<\/p>\n\n\n\n<p>\ubcf8 \uc6f9\uc0ac\uc774\ud2b8\uc5d0 \uc811\uc18d\ud568\uc73c\ub85c\uc368 \ub2f9\uc0ac\ub294 \uadc0\ud558\uac00 \uc544\ub798 \uc774\uc6a9\uc57d\uad00\uc5d0 \ub3d9\uc758\ud558\ub294 \uac83\uc73c\ub85c \uac04\uc8fc\ud569\ub2c8\ub2e4. \ubcf8 \uacc4\uc57d\uc5d0 \uc124\uba85\ub41c \uc774\uc6a9 \uc57d\uad00\uc5d0 \ub3d9\uc758\ud558\uc9c0 \uc54a\ub294 \uacbd\uc6b0 Mobzin\uc744 \uacc4\uc18d \uc0ac\uc6a9\ud558\uc9c0 \ub9c8\uc2ed\uc2dc\uc624.<\/p>\n\n\n\n<p><strong>\ucfe0\ud0a4<\/strong>:<br>\uc6f9\uc0ac\uc774\ud2b8\ub294 \uadc0\ud558\uc758 \uc778\ud130\ub137 \uacbd\ud5d8\uc744 \uac1c\uc778\ud654\ud558\uae30 \uc704\ud574 \ucfe0\ud0a4\ub97c \uc0ac\uc6a9\ud569\ub2c8\ub2e4. Mobzin \uc6f9\uc0ac\uc774\ud2b8\uc5d0 \uc811\uc18d\ud558\uba74 \ud544\uc218 \ucfe0\ud0a4 \uc0ac\uc6a9\uc5d0 \ub3d9\uc758\ud558\uac8c \ub429\ub2c8\ub2e4.<\/p>\n\n\n\n<p>\ucfe0\ud0a4\ub294 \uc6f9\ud398\uc774\uc9c0 \uc11c\ubc84\uac00 \uadc0\ud558\uc758 \ud558\ub4dc \ub4dc\ub77c\uc774\ube0c\uc5d0 \uc800\uc7a5\ud558\ub294 \ud14d\uc2a4\ud2b8 \ud30c\uc77c\uc785\ub2c8\ub2e4. \ucfe0\ud0a4\ub294 \ud504\ub85c\uadf8\ub7a8\uc744 \uc2e4\ud589\ud558\uac70\ub098 \uadc0\ud558\uc758 \ucef4\ud4e8\ud130\uc5d0 \ubc14\uc774\ub7ec\uc2a4\ub97c \uc804\uc1a1\ud558\ub294 \uac83\uc744 \ud5c8\uc6a9\ud558\uc9c0 \uc54a\uc2b5\ub2c8\ub2e4. \ucfe0\ud0a4\ub294 \uadc0\ud558\uc640 \uace0\uc720\ud558\uac8c \uc5f0\uacb0\ub418\uc5b4 \uc788\uc73c\uba70 \ucfe0\ud0a4\ub97c \ubc1c\ud589\ud55c \ub3c4\uba54\uc778\uc758 \uc6f9 \uc11c\ubc84\uc5d0\uc11c\ub9cc \uc77d\uc744 \uc218 \uc788\uc2b5\ub2c8\ub2e4.<\/p>\n\n\n\n<p>\ub2f9\uc0ac\ub294 \uc6f9\uc0ac\uc774\ud2b8\uc5d0\uc11c \ud1b5\uacc4 \ubc0f \ub9c8\ucf00\ud305 \ubaa9\uc801\uc73c\ub85c \uc815\ubcf4\ub97c \uc218\uc9d1, \uc800\uc7a5 \ub610\ub294 \ucd94\uc801\ud558\uae30 \uc704\ud574 \ucfe0\ud0a4\ub97c \uc0ac\uc6a9\ud560 \uc218 \uc788\uc2b5\ub2c8\ub2e4. \uadc0\ud558\ub294 \uc120\ud0dd\uc801 \ucfe0\ud0a4\ub97c \uc218\ub77d\ud558\uac70\ub098 \uac70\ubd80\ud560 \uc218 \uc788\uc2b5\ub2c8\ub2e4. \ub2f9\uc0ac \uc6f9\uc0ac\uc774\ud2b8\uac00 \uc791\ub3d9\ud558\ub294 \ub370 \ud544\uc694\ud55c \uba87 \uac00\uc9c0 \ud544\uc218 \ucfe0\ud0a4\uac00 \uc788\uc2b5\ub2c8\ub2e4. \uc774\ub7ec\ud55c \ud544\uc218 \ucfe0\ud0a4\ub294 \uadc0\ud558\uc758 \ub3d9\uc758\uac00 \ud544\uc694\ud569\ub2c8\ub2e4. \ud544\uc218 \ucfe0\ud0a4\ub97c \ud5c8\uc6a9\ud558\uba74 \uc81c3\uc790 \ucfe0\ud0a4\ub3c4 \ud5c8\uc6a9\ud558\uac8c \ub41c\ub2e4\ub294 \uc810\uc744 \uba85\uc2ec\ud558\uc2ed\uc2dc\uc624. \ub2f9\uc0ac \uc6f9\uc0ac\uc774\ud2b8\uc5d0\uc11c \uc81c3\uc790\uac00 \uc81c\uacf5\ud558\ub294 \uc11c\ube44\uc2a4(\uc608: \uc81c3\uc790\uac00 \uc81c\uacf5\ud558\ub294 \ube44\ub514\uc624 \uc7ac\uc0dd \ucc3d)\ub97c \uc774\uc6a9\ud558\ub294 \uacbd\uc6b0 \uc81c3\uc790\uac00 \uc0ac\uc6a9\ud560 \uc218 \uc788\uc2b5\ub2c8\ub2e4. \uadf8\ub9ac\uace0 \uc6b0\ub9ac \uc6f9\uc0ac\uc774\ud2b8\uc5d0 \ud1b5\ud569\ub418\uc5c8\uc2b5\ub2c8\ub2e4.<\/p>\n\n\n\n<p><strong>\ud2b9\ud5c8<\/strong>:<br>\ub2ec\ub9ac \uba85\uc2dc\ub418\uc9c0 \uc54a\ub294 \ud55c, Mobzin\uacfc \uadf8 \ub77c\uc774\uc13c\uc2a4 \uc81c\uacf5\uc790\ub294 Mobzin\uc5d0 \uac8c\uc2dc\ub41c \ubaa8\ub4e0 \uc790\ub8cc\uc758 \uc9c0\uc801\uc7ac\uc0b0\uad8c\uc744 \ubcf4\uc720\ud569\ub2c8\ub2e4. \ubaa8\ub4e0 \uc9c0\uc801 \uc7ac\uc0b0\uad8c\uc740 \ubcf4\uc720\ub429\ub2c8\ub2e4.<\/p>\n\n\n\n<p><strong>\ub2f9\uc2e0\uc740 \ud5c8\uc6a9\ub418\uc9c0 \uc54a\uc2b5\ub2c8\ub2e4<\/strong>:<\/p>\n\n\n\n<p>Mobzin\uc758 \uc790\ub8cc \ubcf5\uc0ac \ub610\ub294 \uc7ac\ucd9c\ud310<br>Mobzin\uc5d0\uc11c \uc790\ub8cc\ub97c \ud310\ub9e4, \uc784\ub300 \ub610\ub294 \uc804\ub300\ud569\ub2c8\ub2e4.<br>Mobzin\uc758 \uc790\ub8cc \ubcf5\uc81c, \ubcf5\uc81c \ub610\ub294 \ubcf5\uc0ac<br>Mobzin \ucf58\ud150\uce20 \uc7ac\ubc30\ud3ec<br>\ubcf8 \uacc4\uc57d\uc740 \ud604 \uc2dc\uc810\ubd80\ud130 \uc720\ud6a8\ud569\ub2c8\ub2e4.<\/p>\n\n\n\n<p>\uc774 \uc6f9\uc0ac\uc774\ud2b8\uc758 \uc77c\ubd80\ub294 \uc0ac\uc6a9\uc790\uc5d0\uac8c \ud2b9\uc815 \uc601\uc5ed\uc5d0 \ub300\ud55c \uc758\uacac\uacfc \uc815\ubcf4\ub97c \uac8c\uc2dc\ud558\uace0 \ud1a0\ub860\ud560 \uc218 \uc788\ub294 \uae30\ud68c\ub97c \uc81c\uacf5\ud569\ub2c8\ub2e4. Mobzin\uc740 \ub313\uae00\uc774 \uc0ac\uc774\ud2b8\uc5d0 \ud45c\uc2dc\ub418\uae30 \uc804\uc5d0 \ud544\ud130\ub9c1, \ud3b8\uc9d1, \uac8c\uc2dc \ub610\ub294 \uac80\ud1a0\ud558\uc9c0 \uc54a\uc2b5\ub2c8\ub2e4. \ub313\uae00\uc740 \uac8c\uc2dc\ud55c \uc0ac\ub78c\uc758 \uc758\uacac\uc744 \ubc18\uc601\ud569\ub2c8\ub2e4. \ud574\ub2f9 \ubc95\ub960\uc774 \ud5c8\uc6a9\ud558\ub294 \ud55c, Mobzin\uc740 \uc774 \uc6f9 \uc0ac\uc774\ud2b8\uc5d0 \uc788\ub294 \ub313\uae00\uc758 \uc0ac\uc6a9, \uac8c\uc2dc \ubc0f\/\ub610\ub294 \ucd9c\ud604\uc73c\ub85c \uc778\ud574 \ubc1c\uc0dd\ud558\uac70\ub098 \uacaa\uc740 \ub313\uae00\uc774\ub098 \uc190\ud574, \uc704\ud5d8 \ub610\ub294 \ube44\uc6a9\uc5d0 \ub300\ud574 \ubc95\uc801 \ucc45\uc784\uc744 \uc9c0\uc9c0 \uc54a\uc2b5\ub2c8\ub2e4.<\/p>\n\n\n\n<p>Mobzin\uc740 \ubd80\uc801\uc808\ud558\uac70\ub098 \uacf5\uaca9\uc801\uc774\uac70\ub098 \ubcf8 \uacc4\uc57d\uc758 \uc774\uc6a9 \uc57d\uad00\uc744 \uc704\ubc18\ud558\ub294 \uac83\uc73c\ub85c \uac04\uc8fc\ub420 \uc218 \uc788\ub294 \ub313\uae00\uc744 \uc0ad\uc81c\ud560 \uad8c\ub9ac\ub97c \ubcf4\uc720\ud569\ub2c8\ub2e4.<\/p>\n\n\n\n<p><strong>\uadc0\ud558\ub294 \ub2e4\uc74c\uc744 \uc9c4\uc220\ud558\uace0 \ubcf4\uc99d\ud569\ub2c8\ub2e4.<\/strong>:<\/p>\n\n\n\n<p>\uadc0\ud558\ub294 \ub2f9\uc0ac \uc6f9\uc0ac\uc774\ud2b8\uc5d0 \ub313\uae00\uc744 \uac8c\uc2dc\ud560 \uad8c\ub9ac\uac00 \uc788\uc73c\uba70 \uc774\uc5d0 \ub300\ud55c \ubaa8\ub4e0 \ub77c\uc774\uc13c\uc2a4\uc640 \ub3d9\uc758\ub97c \ubcf4\uc720\ud558\uace0 \uc788\uc2b5\ub2c8\ub2e4.<br>\uadc0\ud558\uc758 \uc758\uacac\uc740 \uc81c3\uc790\uc758 \uc800\uc791\uad8c, \ud2b9\ud5c8 \ub610\ub294 \uc0c1\ud45c\uad8c\uc744 \ud3ec\ud568\ud55c \uc9c0\uc801 \uc7ac\uc0b0\uad8c\uc744 \uce68\ud574\ud558\uc9c0 \uc54a\uc2b5\ub2c8\ub2e4.<br>\uadc0\ud558\uc758 \ub313\uae00\uc5d0\ub294 \uba85\uc608\ub97c \ud6fc\uc190\ud558\uac70\ub098, \ube44\ubc29\ud558\uac70\ub098, \ubaa8\uc695\uc801\uc774\uac70\ub098, \uc678\uc124\uc801\uc774\uac70\ub098 \uae30\ud0c0 \uac1c\uc778 \uc815\ubcf4\ub97c \uce68\ud574\ud558\ub294 \ubd88\ubc95\uc801\uc778 \uc790\ub8cc\uac00 \ud3ec\ud568\ub418\uc5b4 \uc788\uc9c0 \uc54a\uc2b5\ub2c8\ub2e4.<br>\uadc0\ud558\uc758 \uc758\uacac\uc740 \uc0ac\uc5c5\uc744 \uad8c\uc720 \ub610\ub294 \ud64d\ubcf4\ud558\uac70\ub098 \uc0c1\uc5c5 \ud65c\ub3d9\uc774\ub098 \ubd88\ubc95 \ud65c\ub3d9\uc744 \uc81c\uc2dc\ud558\ub294 \ub370 \uc0ac\uc6a9\ub418\uc9c0 \uc54a\uc2b5\ub2c8\ub2e4.<br>\uadc0\ud558\ub294 \uc774\uc5d0 \ub530\ub77c Mobzin\uc5d0\uac8c \ubaa8\ub4e0 \ud615\uc2dd, \ud615\uc2dd \ubc0f \ubbf8\ub514\uc5b4\uc5d0\uc11c \uadc0\ud558\uc758 \ub313\uae00\uc744 \uc0ac\uc6a9, \ubcf5\uc81c, \ud3b8\uc9d1\ud558\uace0 \ub2e4\ub978 \uc0ac\ub78c\uc774 \uc0ac\uc6a9, \ubcf5\uc81c \ub610\ub294 \ud3b8\uc9d1\ud560 \uc218 \uc788\ub294 \uad8c\ud55c\uc744 \ubd80\uc5ec\ud560 \uc218 \uc788\ub294 \ube44\ub3c5\uc810\uc801 \ub77c\uc774\uc13c\uc2a4\ub97c \ubd80\uc5ec\ud569\ub2c8\ub2e4.<\/p>\n\n\n\n<p>\uc6b0\ub9ac \ucf58\ud150\uce20\uc5d0 \ub300\ud55c \ub9c1\ud06c \ub9cc\ub4e4\uae30<br>\ub2e4\uc74c \uc870\uc9c1\uc740 \uc0ac\uc804 \uc11c\uba74 \uc2b9\uc778 \uc5c6\uc774 \ub2f9\uc0ac \uc6f9\uc0ac\uc774\ud2b8\uc5d0 \ub9c1\ud06c\ud560 \uc218 \uc788\uc2b5\ub2c8\ub2e4.<\/p>\n\n\n\n<p>\uc815\ubd80 \uae30\uad00<br>\uac80\uc0c9 \uc5d4\uc9c4<br>\ubbf8\ub514\uc5b4 \uc870\uc9c1<br>\uc628\ub77c\uc778 \ub514\ub809\ud1a0\ub9ac \ubc30\ud3ec\uc790\ub294 \ub2e4\ub978 \uc0c1\uc7a5 \uae30\uc5c5\uc758 \uc6f9\uc0ac\uc774\ud2b8\uc5d0 \ud558\uc774\ud37c\ub9c1\ud06c\ud558\ub294 \uac83\uacfc \ub3d9\uc77c\ud55c \ubc29\uc2dd\uc73c\ub85c \ub2f9\uc0ac \uc6f9\uc0ac\uc774\ud2b8\uc5d0 \ud558\uc774\ud37c\ub9c1\ud06c\ud560 \uc218 \uc788\uc2b5\ub2c8\ub2e4. \uadf8\ub9ac\uace0<br>\ube44\uc601\ub9ac \ubaa8\uae08 \ub2e8\uccb4 \ubc0f \uc790\uc120 \ubaa8\uae08 \ub2e8\uccb4\ub97c \uc81c\uc678\ud55c \uacf5\uc778 \uae30\uc5c5\uc740 \uc0ac\uc804 \uc2b9\uc778 \uc5c6\uc774 \ub2f9\uc0ac \uc0ac\uc774\ud2b8\uc5d0 \ub9c1\ud06c\ud560 \uc218 \uc5c6\uc2b5\ub2c8\ub2e4.<br>\uc774\ub7ec\ud55c \uc870\uc9c1\uc740 \ub9c1\ud06c\uac00 \ub2e4\uc74c\uacfc \uac19\uc740 \uacbd\uc6b0\uc5d0 \ud55c\ud574 \ub2f9\uc0ac \ud648 \ud398\uc774\uc9c0, \uac04\ud589\ubb3c \ub610\ub294 \uae30\ud0c0 \uc6f9\uc0ac\uc774\ud2b8 \uc815\ubcf4\uc5d0 \ub300\ud55c \ub9c1\ud06c\ub97c \uac8c\uc2dc\ud560 \uc218 \uc788\uc2b5\ub2c8\ub2e4. (b) \uc81c\ud488 \ubc0f\/\ub610\ub294 \uc11c\ube44\uc2a4\uc640 \uad00\ub828\ud558\uc5ec \ub2f9\uc0ac\uc640\uc758 \ud6c4\uc6d0, \ubcf4\uc99d \ub610\ub294 \uc2b9\uc778 \uad00\uacc4\uac00 \uc874\uc7ac\ud55c\ub2e4\uace0 \uac70\uc9d3\uc73c\ub85c \uc554\uc2dc\ud558\uc9c0 \ub9c8\uc2ed\uc2dc\uc624. (c) \uc0bd\uc785\ub418\ub294 \ubb38\ub9e5\uc5d0 \uc801\ud569\ud569\ub2c8\ub2e4.<\/p>\n\n\n\n<p>\ub2f9\uc0ac\ub294 \ub2e4\uc74c \uc720\ud615\uc758 \uc870\uc9c1\uc73c\ub85c\ubd80\ud130\uc758 \uc5f0\uacb0 \uc694\uccad\uc744 \uace0\ub824\ud558\uace0 \uc2b9\uc778\ud560 \uc218 \uc788\uc2b5\ub2c8\ub2e4.<\/p>\n\n\n\n<p>\uc81c\ud488 \ubc0f \uc0ac\uc5c5\uc5d0 \uad00\ud55c \uc798 \uc54c\ub824\uc9c4 \uc815\ubcf4 \ucd9c\ucc98<br>dot.com \ucee4\ubba4\ub2c8\ud2f0 \uc0ac\uc774\ud2b8;<br>\uc790\uc120\ub2e8\uccb4\ub97c \ub300\ud45c\ud558\ub294 \ud611\ud68c \ubc0f \uae30\ud0c0 \ub2e8\uccb4;<br>\uc628\ub77c\uc778 \ub514\ub809\ud1a0\ub9ac \ubc30\ud3ec\uc790;<br>\uc778\ud130\ub137 \ud3ec\ud138;<br>\ud68c\uacc4, \ubc95\ub960 \ubc0f \ucee8\uc124\ud305 \ud68c\uc0ac; \uadf8\ub9ac\uace0<br>\uad50\uc721 \uae30\uad00 \ubc0f \ud559\uae09 \ud611\ud68c.<br>\ub2f9\uc0ac\ub294 \ub2e4\uc74c\uacfc \uac19\uc774 \ud310\ub2e8\ud558\ub294 \uacbd\uc6b0 \uc704\uc5d0 \ub098\uc5f4\ub41c \uc870\uc9c1 \uc720\ud615\uc758 \ub9c1\ud06c \uc694\uccad\uc744 \uc2b9\uc778\ud569\ub2c8\ub2e4. (a) \ub9c1\ud06c\uac00 \ub2f9\uc0ac \uc774\ubbf8\uc9c0 \ubc0f\/\ub610\ub294 \uc778\uc99d\ub41c \ud68c\uc0ac\uc758 \uc774\ubbf8\uc9c0\uc5d0 \ubd88\ub9ac\ud558\uc9c0 \uc54a\uc2b5\ub2c8\ub2e4. (b) \uc694\uccad \uc870\uc9c1\uc740 \ub2f9\uc0ac\uc640 \ubd80\uc815\uc801\uc778 \uc774\ub825\uc744 \uac16\uace0 \uc788\uc9c0 \uc54a\uc2b5\ub2c8\ub2e4. (c) \ub9c1\ud06c\uc758 \uac00\uc2dc\uc131\uc744 \ud1b5\ud574 \uc6b0\ub9ac\uac00 \uc5bb\ub294 \uc774\uc810\uc740 Mobzin\uc758 \ubd80\uc7ac\ub97c \ubcf4\uc0c1\ud569\ub2c8\ub2e4. (d) \ub9c1\ud06c\ub294 \uc77c\ubc18\uc801\uc778 \uc815\ubcf4 \uc81c\uacf5 \ubaa9\uc801\uc73c\ub85c \ubc30\uce58\ub429\ub2c8\ub2e4.<\/p>\n\n\n\n<p>\uc774\ub7ec\ud55c \uc870\uc9c1\uc740 \ub9c1\ud06c\uac00 \ub2e4\uc74c\uacfc \uac19\uc740 \uacbd\uc6b0\uc5d0 \ud55c\ud574 \ub2f9\uc0ac \ud648 \ud398\uc774\uc9c0\uc5d0 \ub300\ud55c \ub9c1\ud06c\ub97c \uac8c\uc2dc\ud560 \uc218 \uc788\uc2b5\ub2c8\ub2e4. (b) \ub2f9\uc0ac \uce21\uc5d0\uc11c \uc81c\ud488 \ubc0f\/\ub610\ub294 \uc11c\ube44\uc2a4\uc5d0 \ub300\ud55c \ud6c4\uc6d0, \ubcf4\uc99d \ub610\ub294 \uc2b9\uc778\uc774 \uc874\uc7ac\ud55c\ub2e4\ub294 \uc0ac\uc2e4\uc744 \uac70\uc9d3\uc73c\ub85c \uc554\uc2dc\ud558\uc9c0 \ub9c8\uc2ed\uc2dc\uc624. (c) \uc0bd\uc785\ub418\ub294 \ubb38\ub9e5\uc5d0 \uc801\ud569\ud569\ub2c8\ub2e4.<\/p>\n\n\n\n<p>\uc704\uc758 2\ud56d\uc5d0 \ub098\uc5f4\ub41c \uc870\uc9c1 \uc911 \ud558\ub098\ub97c \ub300\ud45c\ud558\uace0 \ub2f9\uc0ac \uc6f9\uc0ac\uc774\ud2b8\uc5d0 \ub300\ud55c \ub9c1\ud06c\ub97c \uac8c\uc2dc\ud558\ub294 \ub370 \uad00\uc2ec\uc774 \uc788\ub294 \uacbd\uc6b0 Mobzin\uc5d0 \uc774\uba54\uc77c\uc744 \ubcf4\ub0b4 \uad00\uc2ec\uc744 \uc54c\ub824\uc57c \ud569\ub2c8\ub2e4. \uadc0\ud558\uc758 \uc774\ub984, \uc870\uc9c1 \uc774\ub984, \uc5f0\ub77d\ucc98 \uc815\ubcf4, \uc0ac\uc774\ud2b8 URL, \ub9c1\ud06c\ud558\ub824\ub294 \ub2f9\uc0ac \uc0ac\uc774\ud2b8\uc758 URL \ubaa9\ub85d, \ub2f9\uc0ac\ub97c \uac8c\uc2dc\ud558\ub824\ub294 \uc0ac\uc774\ud2b8 \ubaa9\ub85d\uc744 \ud3ec\ud568\ud558\uc2ed\uc2dc\uc624. URL\uc744 \ubc1b\uc73c\ub824\uba74 2~3\uc8fc\uac00 \uc18c\uc694\ub429\ub2c8\ub2e4.<\/p>\n\n\n\n<p>\uc2b9\uc778\ub41c \uc870\uc9c1\uc740 \ub2e4\uc74c\uacfc \uac19\uc740 \ubc29\ubc95\uc73c\ub85c \ub2f9\uc0ac \uc0ac\uc774\ud2b8\uc5d0 \ub300\ud55c \ub9c1\ud06c\ub97c \uac8c\uc2dc\ud560 \uc218 \uc788\uc2b5\ub2c8\ub2e4.<\/p>\n\n\n\n<p>\ud68c\uc0ac \uc774\ub984\uc744 \uc0ac\uc6a9\ud558\ub294 \uacbd\uc6b0 \ub610\ub294<br>\ub9c1\ud06c\uac00 \ub9ac\ub514\ub809\uc158\ub418\ub294 URL\uc744 \uc0ac\uc6a9\ud569\ub2c8\ub2e4. \ub610\ub294<br>\ub9c1\ud06c\uac00 \uc0bd\uc785\ub418\ub294 \ucf58\ud150\uce20\uc758 \ub9e5\ub77d\uacfc \ud615\uc2dd \ub0b4\uc5d0\uc11c \uc758\ubbf8\uac00 \uc788\ub294 \ub2f9\uc0ac \uc0ac\uc774\ud2b8\uc5d0 \ub300\ud55c \uae30\ud0c0 \uc124\uba85\uc744 \uc0ac\uc6a9\ud569\ub2c8\ub2e4.<br>Mobzin\uc758 \ub85c\uace0 \ubc0f\/\ub610\ub294 \uae30\ud0c0 \uc2dc\uac01\uc801 \uc694\uc18c\uc5d0 \ub300\ud55c \ub9c1\ud06c\uc758 \uc0ac\uc6a9 \ub610\ub294 \uac8c\uc2dc\ub294 \uc0c1\ud45c \uc0ac\uc6a9\uc5d0 \ub300\ud55c \ub77c\uc774\uc13c\uc2a4 \uacc4\uc57d \uc5c6\uc774\ub294 \ud5c8\uc6a9\ub418\uc9c0 \uc54a\uc2b5\ub2c8\ub2e4.<\/p>\n\n\n\n<p><strong>\ucf58\ud150\uce20\uc5d0 \ub300\ud55c \ucc45\uc784<\/strong>:<br>\ub2f9\uc0ac\ub294 \uadc0\ud558\uc758 \uc0ac\uc774\ud2b8\uc5d0 \ub098\ud0c0\ub098\ub294 \ubaa8\ub4e0 \ucf58\ud150\uce20\uc5d0 \ub300\ud574 \ubc95\uc801 \ucc45\uc784\uc744 \uc9c0\uc9c0 \uc54a\uc2b5\ub2c8\ub2e4. \uadc0\ud558\ub294 \uadc0\ud558\uc758 \uc0ac\uc774\ud2b8\uc5d0\uc11c \uc81c\uae30\ub41c \ubaa8\ub4e0 \uc8fc\uc7a5\uc73c\ub85c\ubd80\ud130 \ub2f9\uc0ac\ub97c \ubcf4\ud638\ud558\uace0 \ubcc0\ud638\ud558\ub294 \ub370 \ub3d9\uc758\ud569\ub2c8\ub2e4. \ube44\ubc29, \uc678\uc124, \ubc94\uc8c4\ub85c \ud574\uc11d\ub420 \uc218 \uc788\uac70\ub098 \uc81c3\uc790\uc758 \uad8c\ub9ac\ub97c \uce68\ud574, \uce68\ud574 \ub610\ub294 \uc639\ud638\ud558\ub294 \uc6f9\uc0ac\uc774\ud2b8\uc5d0\ub294 \ub9c1\ud06c\uac00 \ud45c\uc2dc\ub418\uc5b4\uc11c\ub294 \uc548 \ub429\ub2c8\ub2e4.<\/p>\n\n\n\n<p><strong>\uad8c\ub9ac\uc758 \uc720\ubcf4<\/strong>:<br>\ub2f9\uc0ac\ub294 \uadc0\ud558\uc5d0\uac8c \ub2f9\uc0ac \uc6f9\uc0ac\uc774\ud2b8\ub85c \ub9ac\ub514\ub809\uc158\ub418\ub294 \ubaa8\ub4e0 \ub9c1\ud06c \ub610\ub294 \ubaa8\ub4e0 \ub9c1\ud06c\ub97c \uc81c\uac70\ud558\ub3c4\ub85d \uc694\uccad\ud560 \uad8c\ub9ac\uac00 \uc788\uc2b5\ub2c8\ub2e4. \uadc0\ud558\ub294 \uc0ad\uc81c \uc694\uccad \uc2dc \ub2f9\uc0ac \uc6f9\uc0ac\uc774\ud2b8\uc5d0 \ub300\ud55c \ubaa8\ub4e0 \ub9c1\ud06c\ub97c \uc989\uc2dc \uc0ad\uc81c\ud558\ub294 \ub370 \ub3d9\uc758\ud569\ub2c8\ub2e4. \ub610\ud55c \ub2f9\uc0ac\ub294 \uc5b8\uc81c\ub4e0\uc9c0 \ubcf8 \uc774\uc6a9 \uc57d\uad00\uc744 \uc218\uc815\ud558\uace0 \ubcc0\uacbd\ud560 \uad8c\ub9ac\ub97c \ubcf4\uc720\ud569\ub2c8\ub2e4. \ub2f9\uc0ac \uc6f9\uc0ac\uc774\ud2b8\uc5d0 \ub300\ud55c \ub9c1\ud06c\ub97c \uc9c0\uc18d\uc801\uc73c\ub85c \uac8c\uc2dc\ud568\uc73c\ub85c\uc368 \uadc0\ud558\ub294 \ubcf8 \ub9c1\ud06c \uc774\uc6a9\uc57d\uad00\uc744 \uc900\uc218\ud560 \uac83\uc5d0 \ub3d9\uc758\ud558\uac8c \ub429\ub2c8\ub2e4.<\/p>\n\n\n\n<p><strong>\ub2f9\uc0ac \uc6f9\uc0ac\uc774\ud2b8\uc5d0 \uac8c\uc2dc\ub41c \ub9c1\ud06c \uc81c\uac70<\/strong>:<br>\ub2f9\uc0ac \uc6f9\uc0ac\uc774\ud2b8\uc5d0\uc11c \uc5b4\ub5a4 \uc2dd\uc73c\ub85c\ub4e0 \ubd88\ucf8c\ud55c \ub9c1\ud06c\ub97c \ubc1c\uacac\ud55c \uacbd\uc6b0 \uc5b8\uc81c\ub4e0\uc9c0 \ub2f9\uc0ac\uc5d0 \uc5f0\ub77d\ud558\uc5ec \ubb38\uc81c\ub97c \uc54c\ub9b4 \uc218 \uc788\uc2b5\ub2c8\ub2e4. \ub2f9\uc0ac\ub294 \ub9c1\ud06c \uc81c\uac70 \uc694\uccad\uc744 \uace0\ub824\ud560 \uac83\uc774\uc9c0\ub9cc \ub2f9\uc0ac \uc6f9\uc0ac\uc774\ud2b8\uc5d0 \ub300\ud55c \ub9c1\ud06c\ub97c \uc81c\uac70\ud558\uac70\ub098 \uadc0\ud558\uc758 \uc694\uccad\uc5d0 \uc9c1\uc811 \uc751\ub2f5\ud560 \uc758\ubb34\ub294 \uc5c6\uc2b5\ub2c8\ub2e4.<\/p>\n\n\n\n<p>\uc6b0\ub9ac\ub294 \uc774 \uc6f9\uc0ac\uc774\ud2b8\uc5d0 \ud3ec\ud568\ub41c \uc815\ubcf4\uac00 \uc815\ud655\ud558\ub2e4\ub294 \uac83\uc744 \ubcf4\uc7a5\ud558\uc9c0 \uc54a\uc2b5\ub2c8\ub2e4. \uc6b0\ub9ac\ub294 \ub0b4\uc6a9\uc758 \uc644\uc804\uc131\uc774\ub098 \uc815\ud655\uc131\uc744 \ubcf4\uc7a5\ud558\uc9c0 \uc54a\uc2b5\ub2c8\ub2e4. \ub2f9\uc0ac\ub294 \uc6f9\uc0ac\uc774\ud2b8\uac00 \uacc4\uc18d \uc0ac\uc6a9 \uac00\ub2a5\ud558\uac70\ub098 \uc6f9\uc0ac\uc774\ud2b8\uc758 \uc790\ub8cc\uac00 \ucd5c\uc2e0 \uc0c1\ud0dc\ub85c \uc720\uc9c0\ub41c\ub2e4\ub294 \uc810\uc744 \ubcf4\uc7a5\ud558\uc9c0 \uc54a\uc2b5\ub2c8\ub2e4.<\/p>\n\n\n\n<p><strong>\ubd80\uc778 \uc131\uba85<\/strong>:<br>\ubc95\ub960\uc774 \ud5c8\uc6a9\ud558\ub294 \ucd5c\ub300 \ud55c\ub3c4 \ub0b4\uc5d0\uc11c \ub2f9\uc0ac\ub294 \ub2f9\uc0ac \uc6f9\uc0ac\uc774\ud2b8 \ubc0f \uc774 \uc6f9\uc0ac\uc774\ud2b8\uc758 \uc0ac\uc6a9\uacfc \uad00\ub828\ub41c \ubaa8\ub4e0 \uc9c4\uc220, \ubcf4\uc99d \ubc0f \uc870\uac74\uc744 \ubc30\uc81c\ud569\ub2c8\ub2e4. \uc774 \uba74\ucc45 \uc870\ud56d\uc5d0\ub294 \ub2e4\uc74c \uc0ac\ud56d\uc774 \ud3ec\ud568\ub418\uc9c0 \uc54a\uc2b5\ub2c8\ub2e4.<\/p>\n\n\n\n<p>\uc0ac\ub9dd \ub610\ub294 \ubd80\uc0c1\uc5d0 \ub300\ud55c \ub2f9\uc0ac \ub610\ub294 \uadc0\ud558\uc758 \ucc45\uc784\uc744 \uc81c\ud55c\ud558\uac70\ub098 \ubc30\uc81c\ud569\ub2c8\ub2e4.<br>\uc0ac\uae30 \ub610\ub294 \ud5c8\uc704 \uc9c4\uc220\uc5d0 \ub300\ud55c \ub2f9\uc0ac \ub610\ub294 \uadc0\ud558\uc758 \ucc45\uc784\uc744 \uc81c\ud55c\ud558\uac70\ub098 \ubc30\uc81c\ud569\ub2c8\ub2e4.<br>\ubc95\uc5d0 \ub530\ub77c \ud5c8\uc6a9\ub418\uc9c0 \uc54a\ub294 \ubc29\uc2dd\uc73c\ub85c \ub2f9\uc0ac \ub610\ub294 \uadc0\ud558\uc758 \ucc45\uc784\uc744 \uc81c\ud55c\ud569\ub2c8\ub2e4.<br>\ud574\ub2f9 \ubc95\ub960\uc5d0 \ub530\ub77c \uc81c\uc678\ub420 \uc218 \uc5c6\ub294 \uadc0\ud558 \ub610\ub294 \ub2f9\uc0ac\uc758 \ubaa8\ub4e0 \ucc45\uc784\uc744 \uc81c\uc678\ud569\ub2c8\ub2e4.<br>\ubcf8 \uc870\ud56d\uacfc \ubcf8 \uc815\ucc45\uc758 \ub2e4\ub978 \ubd80\ubd84\uc5d0 \ub098\uc5f4\ub41c \ucc45\uc784\uc758 \uc81c\ud55c \ubc0f \uae08\uc9c0\ub294 \ub2e4\uc74c\uacfc \uac19\uc2b5\ub2c8\ub2e4. (a) \uc774\uc804 \ub2e8\ub77d\uc758 \uc801\uc6a9\uc744 \ubc1b\uc2b5\ub2c8\ub2e4. (b) \uacc4\uc57d, \ubd88\ubc95 \ud589\uc704 \ubc0f \ubc95\uc801 \uc758\ubb34 \uc704\ubc18\uc73c\ub85c \uc778\ud574 \ubc1c\uc0dd\ud558\ub294 \ucc45\uc784\uc744 \ud3ec\ud568\ud558\uc5ec \uc120\uc5b8\uc5d0 \ub530\ub77c \ubc1c\uc0dd\ud558\ub294 \ubaa8\ub4e0 \ucc45\uc784\uc744 \uad00\ub9ac\ud569\ub2c8\ub2e4.<\/p>\n\n\n\n<p>\uc6f9\uc0ac\uc774\ud2b8\uc640 \uc6f9\uc0ac\uc774\ud2b8\uc758 \uc815\ubcf4 \ubc0f \uc11c\ube44\uc2a4\uac00 \ubb34\ub8cc\ub85c \uc81c\uacf5\ub418\ub294 \ud55c, \ub2f9\uc0ac\ub294 \uc5b4\ub5a0\ud55c \uc131\uaca9\uc758 \uc190\uc2e4\uc774\ub098 \uc190\ud574\uc5d0 \ub300\ud574\uc11c\ub3c4 \ucc45\uc784\uc744 \uc9c0\uc9c0 \uc54a\uc2b5\ub2c8\ub2e4.<\/p>","protected":false},"excerpt":{"rendered":"<p>Termos e Condi\u00e7\u00f5es de UsoSeja bem-vindo ao Mobzin!Estes termos e condi\u00e7\u00f5es descrevem as regras de uso do site da empresa Mobzin, localizado no endere\u00e7o https:\/\/mobzin.com\/. Ao acessar este site, consideramos que voc\u00ea est\u00e1 de acordo com os termos e condi\u00e7\u00f5es abaixo. N\u00e3o continue a usar o Mobzin caso voc\u00ea discorde dos termos e condi\u00e7\u00f5es descritos [&hellip;]<\/p>\n","protected":false},"author":4,"featured_media":0,"parent":0,"menu_order":0,"comment_status":"closed","ping_status":"closed","template":"","meta":{"footnotes":""},"class_list":["post-89","page","type-page","status-publish"],"_links":{"self":[{"href":"https:\/\/mobzin.com\/ko\/wp-json\/wp\/v2\/pages\/89","targetHints":{"allow":["GET"]}}],"collection":[{"href":"https:\/\/mobzin.com\/ko\/wp-json\/wp\/v2\/pages"}],"about":[{"href":"https:\/\/mobzin.com\/ko\/wp-json\/wp\/v2\/types\/page"}],"author":[{"embeddable":true,"href":"https:\/\/mobzin.com\/ko\/wp-json\/wp\/v2\/users\/4"}],"replies":[{"embeddable":true,"href":"https:\/\/mobzin.com\/ko\/wp-json\/wp\/v2\/comments?post=89"}],"version-history":[{"count":5,"href":"https:\/\/mobzin.com\/ko\/wp-json\/wp\/v2\/pages\/89\/revisions"}],"predecessor-version":[{"id":346,"href":"https:\/\/mobzin.com\/ko\/wp-json\/wp\/v2\/pages\/89\/revisions\/346"}],"wp:attachment":[{"href":"https:\/\/mobzin.com\/ko\/wp-json\/wp\/v2\/media?parent=89"}],"curies":[{"name":"wp","href":"https:\/\/api.w.org\/{rel}","templated":true}]}}