{"id":3,"date":"2022-10-24T23:31:41","date_gmt":"2022-10-24T23:31:41","guid":{"rendered":"https:\/\/mobzin.com\/?page_id=3"},"modified":"2023-10-31T07:48:30","modified_gmt":"2023-10-31T07:48:30","slug":"privatumo-politika","status":"publish","type":"page","link":"https:\/\/mobzin.com\/lt\/privatumo-politika\/","title":{"rendered":"Privatumo politika"},"content":{"rendered":"<p>J\u016bs\u0173 privatumas mums svarbus. \u201eMobzin\u201c politika gerbti j\u016bs\u0173 privatum\u0105, susijusi\u0105 su bet kokia informacija, kuri\u0105 galime rinkti i\u0161 j\u016bs\u0173 svetain\u0117je <a href=\"https:\/\/mobzin.com\/lt\/\">mobzin<\/a>, ir kitose mums priklausan\u010diose ir valdomose svetain\u0117se.<\/p>\n\n\n\n<p>Mes pra\u0161ome asmenin\u0117s informacijos tik tada, kai mums jos tikrai reikia norint suteikti jums paslaug\u0105. Tai darome s\u0105\u017einingomis ir teis\u0117tomis priemon\u0117mis, jums \u017einant ir sutikus. Taip pat pasakojame, kod\u0117l j\u012f renkame ir kaip jis bus naudojamas.<\/p>\n\n\n\n<p>Surinkt\u0105 informacij\u0105 saugome tik tiek, kiek reikia norint suteikti pra\u0161om\u0105 paslaug\u0105. Kai saugome duomenis, saugome juos komerci\u0161kai priimtinomis priemon\u0117mis, kad i\u0161vengtume praradimo ir vagyst\u0117s, taip pat neteis\u0117tos prieigos, atskleidimo, kopijavimo, naudojimo ar modifikavimo.<\/p>\n\n\n\n<p>Mes nesidaliname asmen\u012f identifikuojan\u010dia informacija vie\u0161ai ar su tre\u010diosiomis \u0161alimis, i\u0161skyrus atvejus, kai to reikalauja \u012fstatymai.<\/p>\n\n\n\n<p>M\u016bs\u0173 svetain\u0117je gali b\u016bti nuorod\u0173 \u012f i\u0161orines svetaines, kuri\u0173 nevaldome mes. Atminkite, kad mes nekontroliuojame \u0161i\u0173 svetaini\u0173 turinio ir praktikos ir negalime prisiimti atsakomyb\u0117s u\u017e atitinkam\u0105 privatumo politik\u0105.<\/p>\n\n\n\n<p>J\u016bs galite laisvai atmesti m\u016bs\u0173 pra\u0161ym\u0105 d\u0117l j\u016bs\u0173 asmenin\u0117s informacijos, suprasdami, kad galime nesuteikti jums kai kuri\u0173 pageidaujam\u0173 paslaug\u0173.<\/p>\n\n\n\n<p>J\u016bs\u0173 tolesnis naudojimasis m\u016bs\u0173 svetaine bus laikomas sutinkantis su m\u016bs\u0173 praktika, susijusia su privatumu ir asmenine informacija. Jei turite klausim\u0173, kaip tvarkome vartotojo duomenis ir asmenin\u0119 informacij\u0105, susisiekite su mumis.<\/p>\n\n\n\n<ul class=\"wp-block-list\">\n<li>\u201eGoogle AdSense\u201c paslauga, kuri\u0105 naudojame reklamai teikti, naudoja \u201eDoubleClick\u201c slapuk\u0105, kad pateikt\u0173 tinkamesnius skelbimus \u017einiatinklyje ir apribot\u0173 konkretaus skelbimo parodym\u0173 jums skai\u010di\u0173.<\/li>\n\n\n\n<li>Daugiau informacijos apie \u201eGoogle AdSense\u201c rasite oficialiuose \u201eGoogle AdSense\u201c privatumo DUK.<\/li>\n\n\n\n<li>Naudojame skelbimus, kad kompensuotume \u0161ios svetain\u0117s eksploatavimo i\u0161laidas ir finansuotume b\u016bsimai pl\u0117trai. \u0160ioje svetain\u0117je naudojami elgsenos reklamos slapukai yra skirti u\u017etikrinti, kad, jei \u012fmanoma, pateiktume jums aktualiausius skelbimus, anonimi\u0161kai sekdami j\u016bs\u0173 pom\u0117gius ir pateikdami pana\u0161ius dalykus, kurie jus gali sudominti.<\/li>\n\n\n\n<li>Keletas partneri\u0173 reklamuojasi m\u016bs\u0173 vardu, o filial\u0173 steb\u0117jimo slapukai papras\u010diausiai leid\u017eia mums pamatyti, ar m\u016bs\u0173 klientai prisijung\u0117 prie svetain\u0117s per vien\u0105 i\u0161 m\u016bs\u0173 partneri\u0173 svetaini\u0173, kad gal\u0117tume tinkamai juos kredituoti ir, kai taikoma, leisti m\u016bs\u0173 filialams pasi\u016blyti bet koki\u0105 reklam\u0105, gali suteikti jums galimyb\u0119 \u012fsigyti.<\/li>\n<\/ul>\n\n\n\n<h3 class=\"wp-block-heading\">Vartotojo \u012fsipareigojimas<\/h3>\n\n\n\n<p>Vartotojas \u012fsipareigoja tinkamai naudoti turin\u012f ir informacij\u0105, kuri\u0105 \u201eMobzin\u201c si\u016blo svetain\u0117je, d\u0117sningu, bet neapsiribojant:<\/p>\n\n\n\n<ul class=\"wp-block-list\">\n<li>A) Neu\u017esiimti veikla, kuri yra neteis\u0117ta arba prie\u0161tarauja s\u0105\u017einingumui ir vie\u0161ajai tvarkai;<\/li>\n\n\n\n<li>B) neskleiskite propagandos ar rasistinio, ksenofobinio, betano ar blogo pob\u016bd\u017eio turinio, jokios nelegalios pornografijos, remian\u010dios terorizm\u0105 arba prie\u0161 \u017emogaus teises;<\/li>\n\n\n\n<li>C) Nedaryti \u017ealos Mobzin, jo tiek\u0117j\u0173 ar tre\u010di\u0173j\u0173 \u0161ali\u0173 fizin\u0117ms (aparatin\u0117s) ir login\u0117ms (programin\u0117s \u012frangos) sistemoms, \u012fvesti ar platinti kompiuterinius virusus ar bet kokias kitas technin\u0117s ar programin\u0117s \u012frangos sistemas, galin\u010dias sukelti pirmiau min\u0117t\u0105 \u017eal\u0105.<\/li>\n<\/ul>\n\n\n\n<h3 class=\"wp-block-heading\">Daugiau informacijos<\/h3>\n\n\n\n<p>Tikim\u0117s, kad tai ai\u0161ku, ir, kaip min\u0117ta anks\u010diau, jei nesate tikri, ar jums to reikia, paprastai saugiau palikti slapukus \u012fjungtus, jei jie s\u0105veikauja su viena i\u0161 m\u016bs\u0173 svetain\u0117je naudojam\u0173 funkcij\u0173.<\/p>\n\n\n\n<p>\u0160i politika galioja nuo 2023 m. baland\u017eio 16 d. 22.42 val<\/p>\n\n\n\n<p><\/p>","protected":false},"excerpt":{"rendered":"<p>A sua privacidade \u00e9 importante para n\u00f3s. \u00c9 pol\u00edtica do Mobzin respeitar a sua privacidade em rela\u00e7\u00e3o a qualquer informa\u00e7\u00e3o sua que possamos coletar no site mobzin, e outros sites que possu\u00edmos e operamos. Solicitamos informa\u00e7\u00f5es pessoais apenas quando realmente precisamos delas para lhe fornecer um servi\u00e7o. Fazemo-lo por meios justos e legais, com o [&hellip;]<\/p>\n","protected":false},"author":4,"featured_media":0,"parent":0,"menu_order":0,"comment_status":"closed","ping_status":"closed","template":"","meta":{"footnotes":""},"class_list":["post-3","page","type-page","status-publish"],"_links":{"self":[{"href":"https:\/\/mobzin.com\/lt\/wp-json\/wp\/v2\/pages\/3","targetHints":{"allow":["GET"]}}],"collection":[{"href":"https:\/\/mobzin.com\/lt\/wp-json\/wp\/v2\/pages"}],"about":[{"href":"https:\/\/mobzin.com\/lt\/wp-json\/wp\/v2\/types\/page"}],"author":[{"embeddable":true,"href":"https:\/\/mobzin.com\/lt\/wp-json\/wp\/v2\/users\/4"}],"replies":[{"embeddable":true,"href":"https:\/\/mobzin.com\/lt\/wp-json\/wp\/v2\/comments?post=3"}],"version-history":[{"count":4,"href":"https:\/\/mobzin.com\/lt\/wp-json\/wp\/v2\/pages\/3\/revisions"}],"predecessor-version":[{"id":465,"href":"https:\/\/mobzin.com\/lt\/wp-json\/wp\/v2\/pages\/3\/revisions\/465"}],"wp:attachment":[{"href":"https:\/\/mobzin.com\/lt\/wp-json\/wp\/v2\/media?parent=3"}],"curies":[{"name":"wp","href":"https:\/\/api.w.org\/{rel}","templated":true}]}}