{"id":3,"date":"2022-10-24T23:31:41","date_gmt":"2022-10-24T23:31:41","guid":{"rendered":"https:\/\/mobzin.com\/?page_id=3"},"modified":"2023-10-31T07:48:30","modified_gmt":"2023-10-31T07:48:30","slug":"polityka-prywatnosci","status":"publish","type":"page","link":"https:\/\/mobzin.com\/pl\/polityka-prywatnosci\/","title":{"rendered":"Polityka prywatno\u015bci"},"content":{"rendered":"<p>Twoja prywatno\u015b\u0107 jest dla nas wa\u017cna. Polityk\u0105 Mobzin jest szanowanie Twojej prywatno\u015bci w odniesieniu do wszelkich informacji, kt\u00f3re mo\u017cemy od Ciebie zebra\u0107 na stronie internetowej <a href=\"https:\/\/mobzin.com\/pl\/\">mobzin<\/a>i inne witryny, kt\u00f3rych jeste\u015bmy w\u0142a\u015bcicielami i kt\u00f3rymi zarz\u0105dzamy.<\/p>\n\n\n\n<p>Prosimy o podanie danych osobowych tylko wtedy, gdy naprawd\u0119 ich potrzebujemy, aby \u015bwiadczy\u0107 Pa\u0144stwu us\u0142ug\u0119. Robimy to w spos\u00f3b uczciwy i zgodny z prawem, za Twoj\u0105 wiedz\u0105 i zgod\u0105. M\u00f3wimy r\u00f3wnie\u017c, dlaczego je zbieramy i w jaki spos\u00f3b b\u0119d\u0105 wykorzystywane.<\/p>\n\n\n\n<p>Przechowujemy zebrane informacje tylko tak d\u0142ugo, jak jest to konieczne do \u015bwiadczenia \u017c\u0105danej us\u0142ugi. Kiedy przechowujemy dane, chronimy je w komercyjnie akceptowalne \u015brodki, aby zapobiec utracie i kradzie\u017cy, a tak\u017ce nieuprawnionemu dost\u0119powi, ujawnieniu, kopiowaniu, wykorzystaniu lub modyfikacji.<\/p>\n\n\n\n<p>Nie udost\u0119pniamy danych osobowych publicznie ani stronom trzecim, chyba \u017ce jest to wymagane przez prawo.<\/p>\n\n\n\n<p>Na naszej stronie internetowej mog\u0105 znajdowa\u0107 si\u0119 linki do zewn\u0119trznych stron internetowych, kt\u00f3re nie s\u0105 przez nas obs\u0142ugiwane. Nale\u017cy pami\u0119ta\u0107, \u017ce nie mamy kontroli nad tre\u015bci\u0105 i praktykami tych witryn i nie mo\u017cemy przej\u0105\u0107 odpowiedzialno\u015bci za ich polityk\u0119 prywatno\u015bci.<\/p>\n\n\n\n<p>Mo\u017cesz odrzuci\u0107 nasz\u0105 pro\u015bb\u0119 o udost\u0119pnienie Twoich danych osobowych, maj\u0105c \u015bwiadomo\u015b\u0107, \u017ce mo\u017cemy nie by\u0107 w stanie zapewni\u0107 Ci niekt\u00f3rych po\u017c\u0105danych us\u0142ug.<\/p>\n\n\n\n<p>Dalsze korzystanie z naszej witryny internetowej b\u0119dzie uznane za akceptacj\u0119 naszych praktyk dotycz\u0105cych prywatno\u015bci i danych osobowych. Je\u015bli masz jakiekolwiek pytania dotycz\u0105ce sposobu, w jaki post\u0119pujemy z danymi u\u017cytkownik\u00f3w i danymi osobowymi, skontaktuj si\u0119 z nami.<\/p>\n\n\n\n<ul class=\"wp-block-list\">\n<li>Us\u0142uga Google AdSense, z kt\u00f3rej korzystamy do wy\u015bwietlania reklam, korzysta z pliku cookie DoubleClick, aby wy\u015bwietla\u0107 trafniejsze reklamy w Internecie i ogranicza\u0107 liczb\u0119 wy\u015bwietle\u0144 danej reklamy.<\/li>\n\n\n\n<li>Wi\u0119cej informacji na temat Google AdSense mo\u017cna znale\u017a\u0107 w oficjalnych odpowiedziach na najcz\u0119\u015bciej zadawane pytania dotycz\u0105ce prywatno\u015bci w Google AdSense.<\/li>\n\n\n\n<li>U\u017cywamy reklam, aby zr\u00f3wnowa\u017cy\u0107 koszty prowadzenia tej witryny i zapewni\u0107 fundusze na przysz\u0142y rozw\u00f3j. Pliki cookie dotycz\u0105ce reklamy behawioralnej u\u017cywane na tej stronie maj\u0105 na celu zapewnienie, w miar\u0119 mo\u017cliwo\u015bci, dostarczania Ci najtrafniejszych reklam poprzez anonimowe \u015bledzenie Twoich zainteresowa\u0144 i prezentowanie podobnych rzeczy, kt\u00f3re mog\u0105 Ci\u0119 zainteresowa\u0107.<\/li>\n\n\n\n<li>Kilku partner\u00f3w reklamuje si\u0119 w naszym imieniu, a pliki cookie s\u0142u\u017c\u0105ce do \u015bledzenia partner\u00f3w pozwalaj\u0105 nam po prostu sprawdzi\u0107, czy nasi klienci weszli na witryn\u0119 za po\u015brednictwem witryn naszych partner\u00f3w, dzi\u0119ki czemu mo\u017cemy im odpowiednio przyzna\u0107 uznanie i, w stosownych przypadkach, umo\u017cliwi\u0107 naszym partnerom stowarzyszonym oferowanie wszelkich promocji, kt\u00f3re mo\u017ce umo\u017cliwi\u0107 Ci dokonanie zakupu.<\/li>\n<\/ul>\n\n\n\n<h3 class=\"wp-block-heading\">Zaanga\u017cowanie u\u017cytkownika<\/h3>\n\n\n\n<p>U\u017cytkownik zobowi\u0105zuje si\u0119 do odpowiedniego wykorzystania tre\u015bci i informacji oferowanych przez Mobzin na stronie internetowej, o charakterze informacyjnym, ale nie ograniczaj\u0105cym:<\/p>\n\n\n\n<ul class=\"wp-block-list\">\n<li>A) Nie anga\u017cowa\u0107 si\u0119 w dzia\u0142ania niezgodne z prawem lub sprzeczne z dobr\u0105 wiar\u0105 i porz\u0105dkiem publicznym;<\/li>\n\n\n\n<li>B) Nie rozpowszechniaj propagandy ani tre\u015bci o charakterze rasistowskim, ksenofobicznym, betano lub o z\u0142ym charakterze, \u017cadnego rodzaju nielegalnej pornografii, wspieraj\u0105cych terroryzm lub sprzecznych z prawami cz\u0142owieka;<\/li>\n\n\n\n<li>C) Nie powodowa\u0107 uszkodze\u0144 system\u00f3w fizycznych (sprz\u0119tu) i logicznych (oprogramowania) firmy Mobzin, jej dostawc\u00f3w lub os\u00f3b trzecich, wprowadza\u0107 lub rozpowszechnia\u0107 wirus\u00f3w komputerowych lub innych system\u00f3w sprz\u0119tu lub oprogramowania, kt\u00f3re mog\u0105 spowodowa\u0107 wy\u017cej wymienione szkody.<\/li>\n<\/ul>\n\n\n\n<h3 class=\"wp-block-heading\">Wi\u0119cej informacji<\/h3>\n\n\n\n<p>Mamy nadziej\u0119, \u017ce to jasne i jak wspomniano wcze\u015bniej, je\u015bli jest co\u015b, czego nie jeste\u015b pewien, czy potrzebujesz, czy nie, zazwyczaj bezpieczniej jest pozostawi\u0107 w\u0142\u0105czon\u0105 obs\u0142ug\u0119 plik\u00f3w cookie na wypadek, gdyby wchodzi\u0142o to w interakcj\u0119 z jedn\u0105 z funkcji, kt\u00f3rych u\u017cywasz w naszej witrynie.<\/p>\n\n\n\n<p>Niniejsza polityka obowi\u0105zuje od dnia 16 kwietnia 2023 r. o godzinie 22:42<\/p>\n\n\n\n<p><\/p>","protected":false},"excerpt":{"rendered":"<p>A sua privacidade \u00e9 importante para n\u00f3s. \u00c9 pol\u00edtica do Mobzin respeitar a sua privacidade em rela\u00e7\u00e3o a qualquer informa\u00e7\u00e3o sua que possamos coletar no site mobzin, e outros sites que possu\u00edmos e operamos. Solicitamos informa\u00e7\u00f5es pessoais apenas quando realmente precisamos delas para lhe fornecer um servi\u00e7o. Fazemo-lo por meios justos e legais, com o [&hellip;]<\/p>\n","protected":false},"author":4,"featured_media":0,"parent":0,"menu_order":0,"comment_status":"closed","ping_status":"closed","template":"","meta":{"footnotes":""},"class_list":["post-3","page","type-page","status-publish"],"_links":{"self":[{"href":"https:\/\/mobzin.com\/pl\/wp-json\/wp\/v2\/pages\/3","targetHints":{"allow":["GET"]}}],"collection":[{"href":"https:\/\/mobzin.com\/pl\/wp-json\/wp\/v2\/pages"}],"about":[{"href":"https:\/\/mobzin.com\/pl\/wp-json\/wp\/v2\/types\/page"}],"author":[{"embeddable":true,"href":"https:\/\/mobzin.com\/pl\/wp-json\/wp\/v2\/users\/4"}],"replies":[{"embeddable":true,"href":"https:\/\/mobzin.com\/pl\/wp-json\/wp\/v2\/comments?post=3"}],"version-history":[{"count":4,"href":"https:\/\/mobzin.com\/pl\/wp-json\/wp\/v2\/pages\/3\/revisions"}],"predecessor-version":[{"id":465,"href":"https:\/\/mobzin.com\/pl\/wp-json\/wp\/v2\/pages\/3\/revisions\/465"}],"wp:attachment":[{"href":"https:\/\/mobzin.com\/pl\/wp-json\/wp\/v2\/media?parent=3"}],"curies":[{"name":"wp","href":"https:\/\/api.w.org\/{rel}","templated":true}]}}