{"id":89,"date":"2022-11-02T00:36:48","date_gmt":"2022-11-02T00:36:48","guid":{"rendered":"https:\/\/mobzin.com\/?page_id=89"},"modified":"2023-10-06T05:22:34","modified_gmt":"2023-10-06T05:22:34","slug":"warunki-korzystania","status":"publish","type":"page","link":"https:\/\/mobzin.com\/pl\/warunki-korzystania\/","title":{"rendered":"Warunki korzystania"},"content":{"rendered":"<p>Regulamin u\u017cytkowania<br>Witamy w Mobzinie!<br>Niniejszy regulamin opisuje zasady korzystania ze strony internetowej firmy Mobzin, znajduj\u0105cej si\u0119 pod adresem https:\/\/mobzin.com\/.<\/p>\n\n\n\n<p>Wchodz\u0105c na t\u0119 stron\u0119 internetow\u0105, uznajemy, \u017ce zgadzasz si\u0119 z poni\u017cszymi warunkami. Nie kontynuuj korzystania z Mobzin, je\u015bli nie zgadzasz si\u0119 z warunkami opisanymi w tej umowie.<\/p>\n\n\n\n<p><strong>Ciasteczka<\/strong>:<br>Strona korzysta z plik\u00f3w cookies, kt\u00f3re pomagaj\u0105 personalizowa\u0107 korzystanie z Internetu. Wchodz\u0105c na stron\u0119 Mobzin wyra\u017casz zgod\u0119 na u\u017cywanie wymaganych plik\u00f3w cookies.<\/p>\n\n\n\n<p>Cookies to pliki tekstowe umieszczane na Twoim dysku twardym przez serwer strony internetowej. Pliki cookies nie pozwalaj\u0105 na uruchamianie program\u00f3w ani przenoszenie wirus\u00f3w na Tw\u00f3j komputer. Pliki cookie s\u0105 jednoznacznie powi\u0105zane z Tob\u0105 i mog\u0105 by\u0107 odczytywane wy\u0142\u0105cznie przez serwer internetowy domeny, kt\u00f3ra wygenerowa\u0142a plik cookie.<\/p>\n\n\n\n<p>Mo\u017cemy u\u017cywa\u0107 plik\u00f3w cookie do gromadzenia, przechowywania lub \u015bledzenia informacji w celach statystycznych i marketingowych na naszej stronie internetowej. Masz mo\u017cliwo\u015b\u0107 zaakceptowania lub odrzucenia opcjonalnych plik\u00f3w cookie. Istniej\u0105 obowi\u0105zkowe pliki cookie, kt\u00f3re s\u0105 niezb\u0119dne do dzia\u0142ania naszej witryny. Te obowi\u0105zkowe pliki cookie wymagaj\u0105 Twojej zgody. Pami\u0119taj, \u017ce akceptuj\u0105c obowi\u0105zkowe pliki cookies, akceptujesz tak\u017ce pliki cookies podmiot\u00f3w trzecich, kt\u00f3re mog\u0105 by\u0107 wykorzystywane przez podmioty trzecie, je\u015bli skorzystasz z us\u0142ug \u015bwiadczonych przez nie na naszej stronie \u2013 np. okno odtwarzania wideo udost\u0119pniane przez firmy zewn\u0119trzne i zintegrowane z nasz\u0105 stron\u0105 internetow\u0105.<\/p>\n\n\n\n<p><strong>Licencja<\/strong>:<br>O ile nie wskazano inaczej, Mobzin i jego licencjodawcy s\u0105 uprawnieni do praw w\u0142asno\u015bci intelektualnej do wszystkich materia\u0142\u00f3w opublikowanych w Mobzin. Wszelkie prawa w\u0142asno\u015bci intelektualnej s\u0105 zastrze\u017cone.<\/p>\n\n\n\n<p><strong>Nie masz pozwolenia, aby<\/strong>:<\/p>\n\n\n\n<p>Kopiuj lub ponownie publikuj materia\u0142y z Mobzin<br>Sprzedawaj, wynajmuj lub podnajmuj materia\u0142y od Mobzin<br>Reprodukuj, powielaj lub kopiuj materia\u0142y z Mobzin<br>Redystrybuuj tre\u015bci Mobzin<br>Niniejsza Umowa b\u0119dzie obowi\u0105zywa\u0107 od chwili obecnej.<\/p>\n\n\n\n<p>Cz\u0119\u015bci tej witryny oferuj\u0105 u\u017cytkownikowi mo\u017cliwo\u015b\u0107 zamieszczania i omawiania opinii i informacji w okre\u015blonych obszarach. Mobzin nie filtruje, nie edytuje, nie publikuje ani nie przegl\u0105da komentarzy przed ich pojawieniem si\u0119 na stronie. Komentarze odzwierciedlaj\u0105 opinie osoby je zamieszczaj\u0105cej. W zakresie, w jakim pozwalaj\u0105 na to obowi\u0105zuj\u0105ce przepisy, Mobzin nie ponosi prawnej odpowiedzialno\u015bci za Komentarze ani za jakiekolwiek szkody, ryzyko lub wydatki spowodowane lub poniesione w wyniku wykorzystania i\/lub opublikowania i\/lub pojawienia si\u0119 Komentarzy na tej stronie.<\/p>\n\n\n\n<p>Mobzin zastrzega sobie prawo do usuni\u0119cia wszelkich Komentarzy, kt\u00f3re mog\u0105 zosta\u0107 uznane za niew\u0142a\u015bciwe, obra\u017aliwe lub naruszaj\u0105ce Warunki niniejszej umowy.<\/p>\n\n\n\n<p><strong>Ty to o\u015bwiadczasz i gwarantujesz<\/strong>:<\/p>\n\n\n\n<p>Masz prawo do zamieszczania komentarzy na naszej stronie internetowej oraz posiadasz na to wszelkie licencje i zgody;<br>Twoje komentarze nie naruszaj\u0105 \u017cadnej w\u0142asno\u015bci intelektualnej, w tym praw autorskich, patent\u00f3w ani znak\u00f3w towarowych jakiejkolwiek strony trzeciej;<br>Twoje komentarze nie zawieraj\u0105 materia\u0142\u00f3w znies\u0142awiaj\u0105cych, oszczerczych, obra\u017aliwych, nieprzyzwoitych lub w inny spos\u00f3b niezgodnych z prawem, kt\u00f3re stanowi\u0105 naruszenie prywatno\u015bci.<br>Twoje komentarze nie b\u0119d\u0105 wykorzystywane do pozyskiwania lub promowania dzia\u0142alno\u015bci gospodarczej, ani do przedstawiania dzia\u0142a\u0144 komercyjnych lub dzia\u0142a\u0144 niezgodnych z prawem.<br>Niniejszym udzielasz Mobzin niewy\u0142\u0105cznej licencji na u\u017cywanie, powielanie, edytowanie i upowa\u017cnianie innych do u\u017cywania, powielania lub edytowania dowolnych Twoich komentarzy we wszystkich formach, formatach i mediach.<\/p>\n\n\n\n<p>Tworzenie link\u00f3w do naszych tre\u015bci<br>Nast\u0119puj\u0105ce organizacje mog\u0105 zamieszcza\u0107 \u0142\u0105cza do naszej Witryny bez uprzedniej pisemnej zgody:<\/p>\n\n\n\n<p>Agencje rz\u0105dowe;<br>Wyszukiwarki;<br>Organizacje medialne;<br>Dystrybutorzy katalog\u00f3w online mog\u0105 zamieszcza\u0107 hiper\u0142\u0105cza do naszej Witryny w taki sam spos\u00f3b, w jaki umieszczaj\u0105 hiper\u0142\u0105cza do witryn internetowych innych firm notowanych na gie\u0142dzie; To jest<br>Akredytowane firmy, z wyj\u0105tkiem organizacji non-profit zbieraj\u0105cych fundusze i charytatywnych grup zbieraj\u0105cych fundusze, nie mog\u0105 zamieszcza\u0107 link\u00f3w do naszej Witryny bez uprzedniej zgody.<br>Organizacje te mog\u0105 zamieszcza\u0107 linki do naszej strony g\u0142\u00f3wnej, publikacji lub innych informacji w Witrynie, o ile link: (a) nie wprowadza w \u017caden spos\u00f3b w b\u0142\u0105d; (b) nie sugeruj\u0105 fa\u0142szywie istnienia relacji sponsorowania, poparcia lub zatwierdzenia z nami w odniesieniu do produkt\u00f3w i\/lub us\u0142ug; oraz c) jest odpowiedni do kontekstu, w kt\u00f3rym jest wstawiony.<\/p>\n\n\n\n<p>Mo\u017cemy rozpatrywa\u0107 i zatwierdza\u0107 pro\u015bby o po\u0142\u0105czenie od nast\u0119puj\u0105cych typ\u00f3w organizacji:<\/p>\n\n\n\n<p>dobrze znane \u017ar\u00f3d\u0142a informacji o produktach i przedsi\u0119biorstwach;<br>witryny spo\u0142eczno\u015bci dot.com;<br>stowarzyszenia i inne grupy reprezentuj\u0105ce organizacje charytatywne;<br>dystrybutorzy katalog\u00f3w online;<br>portale internetowe;<br>firmy ksi\u0119gowe, prawne i konsultingowe; To jest<br>instytucje o\u015bwiatowe i stowarzyszenia klasowe.<br>Zatwierdzimy pro\u015bby o linki z\u0142o\u017cone przez organizacje wymienione powy\u017cej, je\u015bli uznamy, \u017ce: (a) link nie jest niekorzystny dla naszego wizerunku i\/lub wizerunku akredytowanych firm; (b) organizacja sk\u0142adaj\u0105ca wniosek nie ma z nami negatywnej historii; (c) korzy\u015b\u0107, jak\u0105 uzyskujemy z widoczno\u015bci linku, rekompensuje nieobecno\u015b\u0107 Mobzina; oraz (d) link zostanie umieszczony w og\u00f3lnym kontek\u015bcie informacyjnym.<\/p>\n\n\n\n<p>Organizacje te mog\u0105 zamieszcza\u0107 linki do naszej strony g\u0142\u00f3wnej, o ile link: (a) nie wprowadza w \u017caden spos\u00f3b w b\u0142\u0105d; (b) nie sugeruj\u0105 fa\u0142szywie istnienia sponsorowania, poparcia lub zatwierdzenia produkt\u00f3w i\/lub us\u0142ug z naszej strony; oraz c) jest odpowiedni do kontekstu, w kt\u00f3rym jest wstawiony.<\/p>\n\n\n\n<p>Je\u015bli reprezentujesz jedn\u0105 z organizacji wymienionych w ust. 2 powy\u017cej i jeste\u015b zainteresowany zamieszczeniem linku do naszej strony internetowej, musisz poinformowa\u0107 nas o swoim zainteresowaniu wysy\u0142aj\u0105c wiadomo\u015b\u0107 e-mail do Mobzin. Prosz\u0119 poda\u0107 swoje imi\u0119 i nazwisko, nazw\u0119 swojej organizacji oraz dane kontaktowe, a tak\u017ce adres URL swojej witryny, list\u0119 adres\u00f3w URL w naszej witrynie, do kt\u00f3rych chcesz utworzy\u0107 \u0142\u0105cze, oraz list\u0119 witryn, w kt\u00f3rych zamierzasz publikowa\u0107 nasze Adresy URL. Odpowied\u017a mo\u017ce zaj\u0105\u0107 od 2 do 3 tygodni.<\/p>\n\n\n\n<p>Zatwierdzone organizacje mog\u0105 publikowa\u0107 \u0142\u0105cza do naszej Witryny w nast\u0119puj\u0105cy spos\u00f3b:<\/p>\n\n\n\n<p>U\u017cywanie naszej nazwy firmy; Lub<br>Korzystanie z adresu URL, na kt\u00f3ry przekierowuje link; Lub<br>Korzystanie z dowolnego innego opisu naszej Strony, kt\u00f3ry ma sens w kontek\u015bcie i formacie tre\u015bci, do kt\u00f3rej wstawiane jest \u0142\u0105cze.<br>U\u017cywanie lub publikacja link\u00f3w do logo Mobzin i\/lub innych element\u00f3w wizualnych nie b\u0119dzie dozwolona bez umowy licencyjnej na u\u017cywanie znaku towarowego.<\/p>\n\n\n\n<p><strong>Odpowiedzialno\u015b\u0107 za tre\u015b\u0107<\/strong>:<br>Nie ponosimy odpowiedzialno\u015bci prawnej za jakiekolwiek tre\u015bci pojawiaj\u0105ce si\u0119 w Twojej Witrynie. Zgadzasz si\u0119 chroni\u0107 i broni\u0107 nas przed wszystkimi zarzutami podniesionymi w Twojej Witrynie. W \u017cadnej Witrynie nie powinny pojawia\u0107 si\u0119 \u017cadne linki, kt\u00f3re mo\u017cna zinterpretowa\u0107 jako znies\u0142awiaj\u0105ce, obsceniczne, przest\u0119pcze lub kt\u00f3re naruszaj\u0105, naruszaj\u0105 lub nawo\u0142uj\u0105 do naruszenia jakichkolwiek praw os\u00f3b trzecich.<\/p>\n\n\n\n<p><strong>Zastrze\u017cenie Praw<\/strong>:<br>Zastrzegamy sobie prawo do za\u017c\u0105dania usuni\u0119cia wszystkich link\u00f3w lub odno\u015bnik\u00f3w przekierowuj\u0105cych do naszej Strony internetowej. Wyra\u017casz zgod\u0119 na natychmiastowe usuni\u0119cie wszystkich link\u00f3w do naszej Witryny po za\u017c\u0105daniu ich usuni\u0119cia. Zastrzegamy sobie r\u00f3wnie\u017c prawo do zmiany i zmiany niniejszych warunk\u00f3w w dowolnym momencie. Poprzez ci\u0105g\u0142e publikowanie link\u00f3w do naszej Strony internetowej, zgadzasz si\u0119 na przestrzeganie niniejszych warunk\u00f3w dotycz\u0105cych link\u00f3w.<\/p>\n\n\n\n<p><strong>Usuni\u0119cie link\u00f3w zamieszczonych na naszej stronie internetowej<\/strong>:<br>Je\u015bli znajdziesz w naszej Witrynie jakikolwiek link, kt\u00f3ry jest w jakikolwiek spos\u00f3b obra\u017aliwy, mo\u017cesz w ka\u017cdej chwili skontaktowa\u0107 si\u0119 z nami i poinformowa\u0107 nas o problemie. Rozwa\u017cymy pro\u015bby o usuni\u0119cie link\u00f3w, ale nie jeste\u015bmy zobowi\u0105zani do usuwania jakichkolwiek link\u00f3w do naszej Strony internetowej ani do bezpo\u015bredniej odpowiedzi na Twoj\u0105 pro\u015bb\u0119.<\/p>\n\n\n\n<p>Nie gwarantujemy, \u017ce informacje zawarte na tej stronie s\u0105 prawid\u0142owe. Nie gwarantujemy kompletno\u015bci ani dok\u0142adno\u015bci tre\u015bci. Nie gwarantujemy, \u017ce strona internetowa b\u0119dzie nadal dost\u0119pna ani \u017ce materia\u0142y na niej zawarte b\u0119d\u0105 aktualne.<\/p>\n\n\n\n<p><strong>Zastrze\u017cenie<\/strong>:<br>W maksymalnym zakresie dozwolonym przez prawo wykluczamy wszelkie o\u015bwiadczenia, gwarancje i warunki dotycz\u0105ce naszej witryny internetowej i korzystania z niej. \u017badne z postanowie\u0144 tego zastrze\u017cenia nie b\u0119dzie:<\/p>\n\n\n\n<p>ogranicza\u0107 lub wyklucza\u0107 nasz\u0105 lub Twoj\u0105 odpowiedzialno\u015b\u0107 za \u015bmier\u0107 lub obra\u017cenia cia\u0142a;<br>ogranicza\u0107 lub wyklucza\u0107 nasz\u0105 lub Twoj\u0105 odpowiedzialno\u015b\u0107 za oszustwo lub oszuka\u0144cze wprowadzenie w b\u0142\u0105d;<br>ogranicza\u0107 nasz\u0105 lub Twoj\u0105 odpowiedzialno\u015b\u0107 w jakikolwiek spos\u00f3b niedozwolony przez prawo;<br>wykluczy\u0107 wszelkie zobowi\u0105zania Twoje lub nas, kt\u00f3re nie mog\u0105 zosta\u0107 wy\u0142\u0105czone na mocy obowi\u0105zuj\u0105cego prawa.<br>Ograniczenia i zakazy odpowiedzialno\u015bci wymienione w niniejszej sekcji oraz w innych miejscach niniejszego o\u015bwiadczenia: (a) podlegaj\u0105 przepisom poprzedniego akapitu; oraz (b) reguluj\u0105 wszystkie zobowi\u0105zania wynikaj\u0105ce z o\u015bwiadczenia, w tym zobowi\u0105zania wynikaj\u0105ce z umowy, czynu niedozwolonego i naruszenia obowi\u0105zku prawnego.<\/p>\n\n\n\n<p>Dop\u00f3ki strona internetowa oraz zawarte w niej informacje i us\u0142ugi s\u0105 bezp\u0142atne, nie ponosimy odpowiedzialno\u015bci za jakiekolwiek straty lub szkody jakiegokolwiek rodzaju.<\/p>","protected":false},"excerpt":{"rendered":"<p>Termos e Condi\u00e7\u00f5es de UsoSeja bem-vindo ao Mobzin!Estes termos e condi\u00e7\u00f5es descrevem as regras de uso do site da empresa Mobzin, localizado no endere\u00e7o https:\/\/mobzin.com\/. Ao acessar este site, consideramos que voc\u00ea est\u00e1 de acordo com os termos e condi\u00e7\u00f5es abaixo. N\u00e3o continue a usar o Mobzin caso voc\u00ea discorde dos termos e condi\u00e7\u00f5es descritos [&hellip;]<\/p>\n","protected":false},"author":4,"featured_media":0,"parent":0,"menu_order":0,"comment_status":"closed","ping_status":"closed","template":"","meta":{"footnotes":""},"class_list":["post-89","page","type-page","status-publish"],"_links":{"self":[{"href":"https:\/\/mobzin.com\/pl\/wp-json\/wp\/v2\/pages\/89","targetHints":{"allow":["GET"]}}],"collection":[{"href":"https:\/\/mobzin.com\/pl\/wp-json\/wp\/v2\/pages"}],"about":[{"href":"https:\/\/mobzin.com\/pl\/wp-json\/wp\/v2\/types\/page"}],"author":[{"embeddable":true,"href":"https:\/\/mobzin.com\/pl\/wp-json\/wp\/v2\/users\/4"}],"replies":[{"embeddable":true,"href":"https:\/\/mobzin.com\/pl\/wp-json\/wp\/v2\/comments?post=89"}],"version-history":[{"count":5,"href":"https:\/\/mobzin.com\/pl\/wp-json\/wp\/v2\/pages\/89\/revisions"}],"predecessor-version":[{"id":346,"href":"https:\/\/mobzin.com\/pl\/wp-json\/wp\/v2\/pages\/89\/revisions\/346"}],"wp:attachment":[{"href":"https:\/\/mobzin.com\/pl\/wp-json\/wp\/v2\/media?parent=89"}],"curies":[{"name":"wp","href":"https:\/\/api.w.org\/{rel}","templated":true}]}}