{"id":89,"date":"2022-11-02T00:36:48","date_gmt":"2022-11-02T00:36:48","guid":{"rendered":"https:\/\/mobzin.com\/?page_id=89"},"modified":"2023-10-06T05:22:34","modified_gmt":"2023-10-06T05:22:34","slug":"termeni-de-utilizare","status":"publish","type":"page","link":"https:\/\/mobzin.com\/ro\/termeni-de-utilizare\/","title":{"rendered":"Termeni de utilizare"},"content":{"rendered":"<p>Termeni \u0219i condi\u021bii de utilizare<br>Bun venit la Mobzin!<br>Ace\u0219ti termeni \u0219i condi\u021bii descriu regulile de utilizare a site-ului web al companiei Mobzin, aflat la https:\/\/mobzin.com\/.<\/p>\n\n\n\n<p>Prin accesarea acestui site, consider\u0103m c\u0103 sunte\u021bi de acord cu termenii \u0219i condi\u021biile de mai jos. Nu continua\u021bi s\u0103 utiliza\u021bi Mobzin dac\u0103 nu sunte\u021bi de acord cu termenii \u0219i condi\u021biile descrise \u00een acest acord.<\/p>\n\n\n\n<p><strong>Cookie-uri<\/strong>:<br>Site-ul web folose\u0219te cookie-uri pentru a v\u0103 ajuta s\u0103 v\u0103 personaliza\u021bi experien\u021ba pe internet. Acces\u00e2nd site-ul web Mobzin, sunte\u021bi de acord cu utilizarea cookie-urilor necesare.<\/p>\n\n\n\n<p>Cookie-urile sunt fi\u0219iere text plasate pe hard disk de un server de pagini web. Cookie-urile nu au voie s\u0103 ruleze programe sau s\u0103 transfere viru\u0219i pe computerul dumneavoastr\u0103. Cookie-urile sunt asociate \u00een mod unic cu dvs. \u0219i pot fi citite numai de serverul web al domeniului care a emis cookie-ul.<\/p>\n\n\n\n<p>Putem folosi cookie-uri pentru a colecta, stoca sau urm\u0103ri informa\u021bii \u00een scopuri statistice \u0219i de marketing pe site-ul nostru. Ave\u021bi op\u021biunea de a accepta sau de a respinge cookie-urile op\u021bionale. Exist\u0103 c\u00e2teva module cookie obligatorii, care sunt necesare pentru ca site-ul nostru s\u0103 func\u021bioneze. Aceste cookie-uri obligatorii necesit\u0103 acordul dumneavoastr\u0103. V\u0103 rug\u0103m s\u0103 re\u021bine\u021bi c\u0103, accept\u00e2nd cookie-uri obligatorii, accepta\u021bi \u0219i cookie-uri de la ter\u021bi, care pot fi folosite de ter\u021bi dac\u0103 utiliza\u021bi servicii furnizate de ace\u0219tia pe site-ul nostru web \u2013 de exemplu, o fereastr\u0103 de redare video furnizat\u0103 de companii ter\u021be. \u0219i integrat \u00een site-ul nostru web.<\/p>\n\n\n\n<p><strong>Licen\u0163\u0103<\/strong>:<br>Cu excep\u021bia cazurilor \u00een care se indic\u0103 altfel, Mobzin \u0219i licen\u021biatorii s\u0103i au dreptul la drepturile de proprietate intelectual\u0103 a tuturor materialelor postate pe Mobzin. Toate drepturile de proprietate intelectual\u0103 sunt rezervate.<\/p>\n\n\n\n<p><strong>Nu ai voie<\/strong>:<\/p>\n\n\n\n<p>Copia\u021bi sau republica\u021bi materiale din Mobzin<br>Vinde\u021bi, \u00eenchiria\u021bi sau sub\u00eenchiria\u021bi materiale de la Mobzin<br>Reproduce\u021bi, duplica\u021bi sau copia\u021bi materiale din Mobzin<br>Redistribui\u021bi con\u021binutul Mobzin<br>Prezentul acord va intra \u00een vigoare de la data prezent\u0103.<\/p>\n\n\n\n<p>P\u0103r\u021bi ale acestui site ofer\u0103 utilizatorului posibilitatea de a posta \u0219i discuta opinii \u0219i informa\u021bii \u00een anumite domenii. Mobzin nu filtreaz\u0103, editeaz\u0103, public\u0103 sau revizuie\u0219te comentariile \u00eenainte ca acestea s\u0103 apar\u0103 pe site. Comentariile reflect\u0103 opiniile persoanei care le posteaz\u0103. \u00cen m\u0103sura \u00een care legile aplicabile permit, Mobzin nu va fi responsabil din punct de vedere legal pentru Comentarii sau pentru orice daune, riscuri sau cheltuieli cauzate sau suferite ca urmare a utiliz\u0103rii, \u0219i\/sau post\u0103rii \u0219i\/sau apari\u021biei Comentariilor pe acest site web.<\/p>\n\n\n\n<p>Mobzin \u00ee\u0219i rezerv\u0103 dreptul de a elimina orice comentarii care pot fi considerate nepotrivite, ofensatoare sau care \u00eencalc\u0103 Termenii \u0219i condi\u021biile acestui acord.<\/p>\n\n\n\n<p><strong>Reprezenta\u021bi \u0219i garanta\u021bi asta<\/strong>:<\/p>\n\n\n\n<p>Ave\u021bi dreptul de a posta comentarii pe site-ul nostru web \u0219i ave\u021bi toate licen\u021bele \u0219i consim\u021b\u0103m\u00e2ntul pentru a face acest lucru;<br>Comentariile dvs. nu invadeaz\u0103 nicio proprietate intelectual\u0103, inclusiv drepturi de autor, brevet sau marc\u0103 comercial\u0103 a oric\u0103rei ter\u021be p\u0103r\u021bi;<br>Comentariile dvs. nu con\u021bin materiale def\u0103im\u0103toare, calomniatoare, ofensatoare, indecente sau ilegale, care sunt o invazie a vie\u021bii private.<br>Comentariile dumneavoastr\u0103 nu vor fi folosite pentru a solicita sau promova afaceri sau pentru a prezenta activit\u0103\u021bi comerciale sau activit\u0103\u021bi ilegale.<br>Prin prezenta, acorda\u021bi Mobzin o licen\u021b\u0103 neexclusiv\u0103 de a utiliza, reproduce, edita \u0219i autoriza pe al\u021bii s\u0103 utilizeze, reproduce sau edita oricare dintre Comentariile dumneavoastr\u0103 \u00een orice form\u0103, formate \u0219i suporturi.<\/p>\n\n\n\n<p>Crearea de link-uri c\u0103tre con\u021binutul nostru<br>Urm\u0103toarele organiza\u021bii se pot conecta la site-ul nostru f\u0103r\u0103 aprobare prealabil\u0103 \u00een scris:<\/p>\n\n\n\n<p>Agen\u021bii guvernamentale;<br>Motoare de c\u0103utare;<br>Organiza\u021bii media;<br>Distribuitorii de directoare online pot face hyperlink c\u0103tre site-ul nostru \u00een acela\u0219i mod \u00een care fac hyperlink c\u0103tre site-urile altor companii listate; \u015fi<br>\u00centreprinderile acreditate, cu excep\u021bia organiza\u021biilor non-profit de str\u00e2ngere de fonduri \u0219i a grupurilor caritabile de str\u00e2ngere de fonduri, nu pot face leg\u0103tura c\u0103tre site-ul nostru f\u0103r\u0103 aprobare prealabil\u0103.<br>Aceste organiza\u021bii pot posta link-uri c\u0103tre pagina noastr\u0103 de pornire, publica\u021bii sau alte informa\u021bii ale site-ului web, at\u00e2ta timp c\u00e2t linkul: (a) nu este \u00een niciun fel \u00een\u0219el\u0103tor; (b) nu implic\u0103 \u00een mod fals existen\u021ba unei rela\u021bii de sponsorizare, sus\u021binere sau aprobare cu noi \u00een ceea ce prive\u0219te produsele \u0219i\/sau serviciile; \u0219i (c) este adecvat\u0103 contextului \u00een care este inserat\u0103.<\/p>\n\n\n\n<p>Putem lua \u00een considerare \u0219i aproba solicit\u0103rile de linkuri de la urm\u0103toarele tipuri de organiza\u021bii:<\/p>\n\n\n\n<p>surse cunoscute de informa\u021bii despre produse \u0219i afaceri;<br>site-urile comunit\u0103\u021bii dot.com;<br>asocia\u021bii \u0219i alte grupuri care reprezint\u0103 organiza\u021bii de caritate;<br>distribuitori de directoare online;<br>portaluri de internet;<br>firme de contabilitate, avocatura si consultanta; \u015fi<br>institu\u021bii de \u00eenv\u0103\u021b\u0103m\u00e2nt \u0219i asocia\u021bii de clas\u0103.<br>Vom aproba cererile de linkuri f\u0103cute de tipurile de organiza\u021bii enumerate mai sus dac\u0103 consider\u0103m c\u0103: (a) linkul nu este defavorabil imaginii noastre \u0219i\/sau imaginii companiilor acreditate; (b) organiza\u021bia solicitant\u0103 nu are un istoric negativ cu noi; (c) beneficiul pe care \u00eel ob\u021binem din vizibilitatea leg\u0103turii compenseaz\u0103 absen\u021ba Mobzin; \u0219i (d) leg\u0103tura va fi plasat\u0103 \u00eentr-un context informa\u021bional general.<\/p>\n\n\n\n<p>Aceste organiza\u021bii pot posta link-uri c\u0103tre pagina noastr\u0103 de pornire at\u00e2ta timp c\u00e2t linkul: (a) nu este \u00een niciun fel \u00een\u0219el\u0103tor; (b) nu implic\u0103 \u00een mod fals existen\u021ba unei sponsoriz\u0103ri, aprob\u0103ri sau aprob\u0103ri de produse \u0219i\/sau servicii din partea noastr\u0103; \u0219i (c) este adecvat\u0103 contextului \u00een care este inserat\u0103.<\/p>\n\n\n\n<p>Dac\u0103 reprezenta\u021bi una dintre organiza\u021biile enumerate la paragraful 2 de mai sus \u0219i sunte\u021bi interesat s\u0103 posta\u021bi un link c\u0103tre site-ul nostru web, trebuie s\u0103 ne informa\u021bi despre interesul dvs. trimi\u021b\u00e2nd un e-mail c\u0103tre Mobzin. V\u0103 rug\u0103m s\u0103 include\u021bi numele dvs., numele organiza\u021biei dvs. \u0219i informa\u021biile de contact, precum \u0219i adresa URL a site-ului dvs., o list\u0103 a adreselor URL de pe site-ul nostru c\u0103tre care inten\u021biona\u021bi s\u0103 trimite\u021bi \u0219i o list\u0103 a site-urilor pe care inten\u021biona\u021bi s\u0103 publica\u021bi Adrese URL. V\u0103 rug\u0103m s\u0103 acorda\u021bi 2 p\u00e2n\u0103 la 3 s\u0103pt\u0103m\u00e2ni pentru a primi un r\u0103spuns.<\/p>\n\n\n\n<p>Organiza\u021biile aprobate pot posta link-uri c\u0103tre site-ul nostru \u00een urm\u0103toarele moduri:<\/p>\n\n\n\n<p>Folosind numele nostru corporativ; sau<br>Utilizarea URL-ului unde redirec\u021bioneaz\u0103 linkul; sau<br>Folosind orice alt\u0103 descriere a Site-ului nostru care are sens \u00een contextul \u0219i formatul con\u021binutului c\u0103tre care este inserat linkul.<br>Utilizarea sau publicarea de link-uri c\u0103tre logo-ul Mobzin \u0219i\/sau alte elemente vizuale nu va fi permis\u0103 f\u0103r\u0103 un acord de licen\u021b\u0103 de utilizare a m\u0103rcii comerciale.<\/p>\n\n\n\n<p><strong>Responsabilitatea pentru Con\u021binut<\/strong>:<br>Nu vom fi f\u0103cu\u021bi responsabili din punct de vedere legal pentru niciun con\u021binut care apare pe site-ul dvs. Sunte\u021bi de acord s\u0103 ne proteja\u021bi \u0219i s\u0103 ne ap\u0103ra\u021bi \u00eempotriva tuturor acuza\u021biilor ridicate pe site-ul dvs. Niciun link-uri nu ar trebui s\u0103 apar\u0103 pe niciun site web care poate fi interpretat ca def\u0103im\u0103tor, obscen, criminal sau care \u00eencalc\u0103, \u00eencalc\u0103 sau sus\u021bine \u00eenc\u0103lcarea oric\u0103ror drepturi ale ter\u021bilor.<\/p>\n\n\n\n<p><strong>Rezervarea drepturilor<\/strong>:<br>Ne rezerv\u0103m dreptul de a solicita s\u0103 elimina\u021bi toate linkurile sau orice link-uri care redirec\u021bioneaz\u0103 c\u0103tre site-ul nostru. Sunte\u021bi de acord s\u0103 elimina\u021bi imediat toate leg\u0103turile c\u0103tre site-ul nostru web, dup\u0103 eliminarea solicitat\u0103. De asemenea, ne rezerv\u0103m dreptul de a modifica \u0219i modifica ace\u0219ti termeni \u0219i condi\u021bii \u00een orice moment. Post\u00e2nd continuu link-uri c\u0103tre site-ul nostru, sunte\u021bi de acord s\u0103 respecta\u021bi ace\u0219ti termeni \u0219i condi\u021bii de conectare.<\/p>\n\n\n\n<p><strong>Eliminarea link-urilor postate pe site-ul nostru web<\/strong>:<br>Dac\u0103 g\u0103si\u021bi pe site-ul nostru vreun link care este ofensator \u00een vreun fel, sunte\u021bi liber s\u0103 ne contacta\u021bi \u0219i s\u0103 ne informa\u021bi despre problem\u0103 \u00een orice moment. Vom lua \u00een considerare cererile de eliminare a link-urilor, dar nu suntem obliga\u021bi s\u0103 elimin\u0103m niciun link c\u0103tre site-ul nostru web sau s\u0103 r\u0103spundem direct la cererea dumneavoastr\u0103.<\/p>\n\n\n\n<p>Nu garant\u0103m c\u0103 informa\u021biile con\u021binute pe acest site web sunt corecte. Nu garant\u0103m integralitatea sau acurate\u021bea con\u021binutului. Nu garant\u0103m c\u0103 site-ul web va r\u0103m\u00e2ne disponibil sau c\u0103 materialul de pe site va fi \u021binut la zi.<\/p>\n\n\n\n<p><strong>Disclaimer<\/strong>:<br>\u00cen m\u0103sura maxim\u0103 permis\u0103 de lege, excludem toate reprezent\u0103rile, garan\u021biile \u0219i condi\u021biile referitoare la site-ul nostru web \u0219i la utilizarea acestui site. Nimic din aceast\u0103 clauz\u0103 de declinare a r\u0103spunderii nu va:<\/p>\n\n\n\n<p>limita\u021bi sau exclude\u021bi r\u0103spunderea noastr\u0103 sau a dumneavoastr\u0103 pentru deces sau v\u0103t\u0103mare corporal\u0103;<br>limita\u021bi sau exclude\u021bi r\u0103spunderea noastr\u0103 sau a dumneavoastr\u0103 pentru fraud\u0103 sau declara\u021bii false frauduloase;<br>limita\u021bi r\u0103spunderea noastr\u0103 sau a dumneavoastr\u0103 \u00een orice mod care nu este permis de lege;<br>exclude\u021bi orice r\u0103spundere a dvs. sau a noastr\u0103 care nu poate fi exclus\u0103 \u00een conformitate cu legea aplicabil\u0103.<br>Limit\u0103rile \u0219i interdic\u021biile de r\u0103spundere enumerate \u00een aceast\u0103 sec\u021biune \u0219i \u00een alt\u0103 parte \u00een aceast\u0103 declara\u021bie: (a) sunt supuse paragrafului precedent; \u0219i (b) guverneaz\u0103 toate r\u0103spunderile care decurg din declara\u021bie, inclusiv r\u0103spunderile care decurg din contract, \u00een caz de delict \u0219i pentru \u00eenc\u0103lcarea obliga\u021biei legale.<\/p>\n\n\n\n<p>At\u00e2ta timp c\u00e2t site-ul web \u0219i informa\u021biile \u0219i serviciile de pe site sunt furnizate gratuit, nu vom fi r\u0103spunz\u0103tori pentru nicio pierdere sau daune de orice natur\u0103.<\/p>","protected":false},"excerpt":{"rendered":"<p>Termos e Condi\u00e7\u00f5es de UsoSeja bem-vindo ao Mobzin!Estes termos e condi\u00e7\u00f5es descrevem as regras de uso do site da empresa Mobzin, localizado no endere\u00e7o https:\/\/mobzin.com\/. Ao acessar este site, consideramos que voc\u00ea est\u00e1 de acordo com os termos e condi\u00e7\u00f5es abaixo. N\u00e3o continue a usar o Mobzin caso voc\u00ea discorde dos termos e condi\u00e7\u00f5es descritos [&hellip;]<\/p>\n","protected":false},"author":4,"featured_media":0,"parent":0,"menu_order":0,"comment_status":"closed","ping_status":"closed","template":"","meta":{"footnotes":""},"class_list":["post-89","page","type-page","status-publish"],"_links":{"self":[{"href":"https:\/\/mobzin.com\/ro\/wp-json\/wp\/v2\/pages\/89","targetHints":{"allow":["GET"]}}],"collection":[{"href":"https:\/\/mobzin.com\/ro\/wp-json\/wp\/v2\/pages"}],"about":[{"href":"https:\/\/mobzin.com\/ro\/wp-json\/wp\/v2\/types\/page"}],"author":[{"embeddable":true,"href":"https:\/\/mobzin.com\/ro\/wp-json\/wp\/v2\/users\/4"}],"replies":[{"embeddable":true,"href":"https:\/\/mobzin.com\/ro\/wp-json\/wp\/v2\/comments?post=89"}],"version-history":[{"count":5,"href":"https:\/\/mobzin.com\/ro\/wp-json\/wp\/v2\/pages\/89\/revisions"}],"predecessor-version":[{"id":346,"href":"https:\/\/mobzin.com\/ro\/wp-json\/wp\/v2\/pages\/89\/revisions\/346"}],"wp:attachment":[{"href":"https:\/\/mobzin.com\/ro\/wp-json\/wp\/v2\/media?parent=89"}],"curies":[{"name":"wp","href":"https:\/\/api.w.org\/{rel}","templated":true}]}}