{"id":3,"date":"2022-10-24T23:31:41","date_gmt":"2022-10-24T23:31:41","guid":{"rendered":"https:\/\/mobzin.com\/?page_id=3"},"modified":"2023-10-31T07:48:30","modified_gmt":"2023-10-31T07:48:30","slug":"zasady-ochrany-osobnych-udajov","status":"publish","type":"page","link":"https:\/\/mobzin.com\/sk\/zasady-ochrany-osobnych-udajov\/","title":{"rendered":"Z\u00e1sady ochrany osobn\u00fdch \u00fadajov"},"content":{"rendered":"<p>Va\u0161e s\u00fakromie je pre n\u00e1s d\u00f4le\u017eit\u00e9. Z\u00e1sadou spolo\u010dnosti Mobzin je re\u0161pektova\u0165 va\u0161e s\u00fakromie v s\u00favislosti s ak\u00fdmiko\u013evek inform\u00e1ciami, ktor\u00e9 od v\u00e1s m\u00f4\u017eeme z\u00edska\u0165 na webovej str\u00e1nke <a href=\"https:\/\/mobzin.com\/sk\/\">mobzin<\/a>a \u010fal\u0161ie str\u00e1nky, ktor\u00e9 vlastn\u00edme a prev\u00e1dzkujeme.<\/p>\n\n\n\n<p>Osobn\u00e9 \u00fadaje po\u017eadujeme len vtedy, ke\u010f ich skuto\u010dne potrebujeme na to, aby sme v\u00e1m mohli poskytn\u00fa\u0165 slu\u017ebu. Rob\u00edme tak spravodliv\u00fdmi a z\u00e1konn\u00fdmi prostriedkami, s va\u0161\u00edm vedom\u00edm a s\u00fahlasom. Tie\u017e v\u00e1m povieme, pre\u010do ho zbierame a ako sa bude pou\u017e\u00edva\u0165.<\/p>\n\n\n\n<p>Zhroma\u017eden\u00e9 inform\u00e1cie uchov\u00e1vame len tak dlho, ako je potrebn\u00e9 na poskytnutie po\u017eadovanej slu\u017eby. Ke\u010f \u00fadaje uchov\u00e1vame, chr\u00e1nime ich komer\u010dne prijate\u013en\u00fdmi prostriedkami, aby sme zabr\u00e1nili strate a kr\u00e1de\u017ei, ako aj neopr\u00e1vnen\u00e9mu pr\u00edstupu, zverejneniu, kop\u00edrovaniu, pou\u017eitiu alebo \u00faprave.<\/p>\n\n\n\n<p>Osobne identifikovate\u013en\u00e9 inform\u00e1cie nezdie\u013eame verejne ani s tret\u00edmi stranami okrem pr\u00edpadov, ke\u010f to vy\u017eaduje z\u00e1kon.<\/p>\n\n\n\n<p>Na\u0161a webov\u00e1 str\u00e1nka m\u00f4\u017ee obsahova\u0165 odkazy na extern\u00e9 webov\u00e9 str\u00e1nky, ktor\u00e9 neprev\u00e1dzkujeme. Upozor\u0148ujeme, \u017ee nem\u00e1me \u017eiadnu kontrolu nad obsahom a postupmi t\u00fdchto str\u00e1nok a nem\u00f4\u017eeme prija\u0165 zodpovednos\u0165 za pr\u00edslu\u0161n\u00e9 z\u00e1sady ochrany osobn\u00fdch \u00fadajov.<\/p>\n\n\n\n<p>M\u00f4\u017eete slobodne odmietnu\u0165 na\u0161u \u017eiados\u0165 o va\u0161e osobn\u00e9 \u00fadaje s t\u00fdm, \u017ee v\u00e1m mo\u017eno nebudeme m\u00f4c\u0165 poskytn\u00fa\u0165 niektor\u00e9 z va\u0161ich po\u017eadovan\u00fdch slu\u017eieb.<\/p>\n\n\n\n<p>Va\u0161e \u010fal\u0161ie pou\u017e\u00edvanie na\u0161ej webovej str\u00e1nky bude pova\u017eovan\u00e9 za prijatie na\u0161ich prakt\u00edk v oblasti ochrany osobn\u00fdch \u00fadajov a osobn\u00fdch \u00fadajov. Ak m\u00e1te ak\u00e9ko\u013evek ot\u00e1zky o tom, ako naklad\u00e1me s pou\u017e\u00edvate\u013esk\u00fdmi \u00fadajmi a osobn\u00fdmi \u00fadajmi, kontaktujte n\u00e1s.<\/p>\n\n\n\n<ul class=\"wp-block-list\">\n<li>Slu\u017eba Google AdSense, ktor\u00fa pou\u017e\u00edvame na zobrazovanie rekl\u00e1m, pou\u017e\u00edva s\u00fabor cookie DoubleClick na zobrazovanie relevantnej\u0161\u00edch rekl\u00e1m na webe a na obmedzenie po\u010dtu zobrazen\u00ed konkr\u00e9tnej reklamy.<\/li>\n\n\n\n<li>\u010eal\u0161ie inform\u00e1cie o slu\u017ebe Google AdSense n\u00e1jdete v ofici\u00e1lnych \u010dast\u00fdch ot\u00e1zkach t\u00fdkaj\u00facich sa ochrany osobn\u00fdch \u00fadajov slu\u017eby Google AdSense.<\/li>\n\n\n\n<li>Reklamy pou\u017e\u00edvame na kompenz\u00e1ciu n\u00e1kladov na prev\u00e1dzku tejto str\u00e1nky a poskytovanie finan\u010dn\u00fdch prostriedkov na bud\u00faci rozvoj. Behavior\u00e1lne reklamn\u00e9 cookies pou\u017e\u00edvan\u00e9 touto str\u00e1nkou s\u00fa navrhnut\u00e9 tak, aby zabezpe\u010dili, \u017ee v\u00e1m poskytneme tie najrelevantnej\u0161ie reklamy, ak je to mo\u017en\u00e9, anonymn\u00fdm sledovan\u00edm va\u0161ich z\u00e1ujmov a prezentovan\u00edm podobn\u00fdch vec\u00ed, ktor\u00e9 by v\u00e1s mohli zauj\u00edma\u0165.<\/li>\n\n\n\n<li>Nieko\u013eko partnerov inzeruje v na\u0161om mene a s\u00fabory cookie na sledovanie pridru\u017een\u00fdch spolo\u010dnost\u00ed n\u00e1m jednoducho umo\u017e\u0148uj\u00fa zisti\u0165, \u010di na\u0161i z\u00e1kazn\u00edci prist\u00fapili na str\u00e1nku prostredn\u00edctvom str\u00e1nok niektor\u00e9ho z na\u0161ich partnerov, aby sme im mohli primerane prip\u00edsa\u0165 kredit a pr\u00edpadne umo\u017eni\u0165 na\u0161im pridru\u017een\u00fdm partnerom pon\u00faka\u0165 ak\u00fako\u013evek propag\u00e1ciu, ktor\u00e1 v\u00e1m m\u00f4\u017ee poskytn\u00fa\u0165 n\u00e1kup.<\/li>\n<\/ul>\n\n\n\n<h3 class=\"wp-block-heading\">Z\u00e1v\u00e4zok pou\u017e\u00edvate\u013ea<\/h3>\n\n\n\n<p>Pou\u017e\u00edvate\u013e sa zav\u00e4zuje primerane vyu\u017e\u00edva\u0165 obsah a inform\u00e1cie, ktor\u00e9 Mobzin pon\u00faka na webovej str\u00e1nke, a to s v\u00fdslovn\u00fdm, ale nie obmedzuj\u00facim charakterom:<\/p>\n\n\n\n<ul class=\"wp-block-list\">\n<li>A) nezap\u00e1ja\u0165 sa do \u010dinnost\u00ed, ktor\u00e9 s\u00fa nez\u00e1konn\u00e9 alebo odporuj\u00face dobrej viere a verejn\u00e9mu poriadku;<\/li>\n\n\n\n<li>B) Ne\u0161\u00edrte propagandu alebo obsah rasistickej, xenof\u00f3bnej, betano alebo zlej povahy, ak\u00fdko\u013evek druh neleg\u00e1lnej pornografie na podporu terorizmu alebo proti \u013eudsk\u00fdm pr\u00e1vam;<\/li>\n\n\n\n<li>C) Nepo\u0161kodzova\u0165 fyzick\u00e9 (hardv\u00e9rov\u00e9) a logick\u00e9 (softv\u00e9rov\u00e9) syst\u00e9my spolo\u010dnosti Mobzin, jej dod\u00e1vate\u013eov alebo tret\u00edch str\u00e1n, zav\u00e1dza\u0165 alebo \u0161\u00edri\u0165 po\u010d\u00edta\u010dov\u00e9 v\u00edrusy alebo ak\u00e9ko\u013evek in\u00e9 hardv\u00e9rov\u00e9 alebo softv\u00e9rov\u00e9 syst\u00e9my, ktor\u00e9 s\u00fa schopn\u00e9 sp\u00f4sobi\u0165 vy\u0161\u0161ie uveden\u00e9 \u0161kody.<\/li>\n<\/ul>\n\n\n\n<h3 class=\"wp-block-heading\">Viac inform\u00e1ci\u00ed<\/h3>\n\n\n\n<p>D\u00fafajme, \u017ee je to jasn\u00e9 a ako u\u017e bolo spomenut\u00e9, ak si nie ste ist\u00fd, \u010di nie\u010do potrebujete alebo nie, zvy\u010dajne je bezpe\u010dnej\u0161ie ponecha\u0165 s\u00fabory cookie povolen\u00e9 v pr\u00edpade, \u017ee to interaguje s niektorou z funkci\u00ed, ktor\u00e9 pou\u017e\u00edvate na na\u0161ej str\u00e1nke.<\/p>\n\n\n\n<p>Tieto z\u00e1sady s\u00fa \u00fa\u010dinn\u00e9 od 16. apr\u00edla 2023 22:42<\/p>\n\n\n\n<p><\/p>","protected":false},"excerpt":{"rendered":"<p>A sua privacidade \u00e9 importante para n\u00f3s. \u00c9 pol\u00edtica do Mobzin respeitar a sua privacidade em rela\u00e7\u00e3o a qualquer informa\u00e7\u00e3o sua que possamos coletar no site mobzin, e outros sites que possu\u00edmos e operamos. Solicitamos informa\u00e7\u00f5es pessoais apenas quando realmente precisamos delas para lhe fornecer um servi\u00e7o. Fazemo-lo por meios justos e legais, com o [&hellip;]<\/p>\n","protected":false},"author":4,"featured_media":0,"parent":0,"menu_order":0,"comment_status":"closed","ping_status":"closed","template":"","meta":{"footnotes":""},"class_list":["post-3","page","type-page","status-publish"],"_links":{"self":[{"href":"https:\/\/mobzin.com\/sk\/wp-json\/wp\/v2\/pages\/3","targetHints":{"allow":["GET"]}}],"collection":[{"href":"https:\/\/mobzin.com\/sk\/wp-json\/wp\/v2\/pages"}],"about":[{"href":"https:\/\/mobzin.com\/sk\/wp-json\/wp\/v2\/types\/page"}],"author":[{"embeddable":true,"href":"https:\/\/mobzin.com\/sk\/wp-json\/wp\/v2\/users\/4"}],"replies":[{"embeddable":true,"href":"https:\/\/mobzin.com\/sk\/wp-json\/wp\/v2\/comments?post=3"}],"version-history":[{"count":4,"href":"https:\/\/mobzin.com\/sk\/wp-json\/wp\/v2\/pages\/3\/revisions"}],"predecessor-version":[{"id":465,"href":"https:\/\/mobzin.com\/sk\/wp-json\/wp\/v2\/pages\/3\/revisions\/465"}],"wp:attachment":[{"href":"https:\/\/mobzin.com\/sk\/wp-json\/wp\/v2\/media?parent=3"}],"curies":[{"name":"wp","href":"https:\/\/api.w.org\/{rel}","templated":true}]}}