{"id":89,"date":"2022-11-02T00:36:48","date_gmt":"2022-11-02T00:36:48","guid":{"rendered":"https:\/\/mobzin.com\/?page_id=89"},"modified":"2023-10-06T05:22:34","modified_gmt":"2023-10-06T05:22:34","slug":"podmienky-pouzivania","status":"publish","type":"page","link":"https:\/\/mobzin.com\/sk\/podmienky-pouzivania\/","title":{"rendered":"Podmienky pou\u017e\u00edvania"},"content":{"rendered":"<p>Podmienky pou\u017e\u00edvania<br>Vitajte v Mobzine!<br>Tieto obchodn\u00e9 podmienky popisuj\u00fa pravidl\u00e1 pou\u017e\u00edvania webovej str\u00e1nky spolo\u010dnosti Mobzin, ktor\u00e1 sa nach\u00e1dza na adrese https:\/\/mobzin.com\/.<\/p>\n\n\n\n<p>Vstupom na t\u00fato webov\u00fa str\u00e1nku pova\u017eujeme za s\u00fahlas s podmienkami uveden\u00fdmi ni\u017e\u0161ie. Nepokra\u010dujte v pou\u017e\u00edvan\u00ed Mobzinu, ak nes\u00fahlas\u00edte s podmienkami op\u00edsan\u00fdmi v tejto zmluve.<\/p>\n\n\n\n<p><strong>Cookies<\/strong>:<br>Webov\u00e1 str\u00e1nka pou\u017e\u00edva s\u00fabory cookie, ktor\u00e9 v\u00e1m pom\u00f4\u017eu prisp\u00f4sobi\u0165 v\u00e1\u0161 internetov\u00fd z\u00e1\u017eitok. Vstupom na webov\u00fa str\u00e1nku Mobzin s\u00fahlas\u00edte s pou\u017e\u00edvan\u00edm po\u017eadovan\u00fdch s\u00faborov cookie.<\/p>\n\n\n\n<p>Cookies s\u00fa textov\u00e9 s\u00fabory, ktor\u00e9 na v\u00e1\u0161 pevn\u00fd disk uklad\u00e1 server webovej str\u00e1nky. S\u00fabory cookie nemaj\u00fa povolen\u00e9 sp\u00fa\u0161\u0165a\u0165 programy alebo pren\u00e1\u0161a\u0165 v\u00edrusy do v\u00e1\u0161ho po\u010d\u00edta\u010da. S\u00fabory cookie s\u00fa s vami jedine\u010dne spojen\u00e9 a m\u00f4\u017ee ich \u010d\u00edta\u0165 iba webov\u00fd server dom\u00e9ny, ktor\u00e1 s\u00fabor cookie vydala.<\/p>\n\n\n\n<p>S\u00fabory cookie m\u00f4\u017eeme pou\u017e\u00edva\u0165 na zhroma\u017e\u010fovanie, ukladanie alebo sledovanie inform\u00e1ci\u00ed na \u0161tatistick\u00e9 a marketingov\u00e9 \u00fa\u010dely na na\u0161ej webovej str\u00e1nke. M\u00e1te mo\u017enos\u0165 prija\u0165 alebo odmietnu\u0165 volite\u013en\u00e9 s\u00fabory cookie. Existuje nieko\u013eko povinn\u00fdch s\u00faborov cookie, ktor\u00e9 s\u00fa potrebn\u00e9 na fungovanie na\u0161ej webovej str\u00e1nky. Tieto povinn\u00e9 s\u00fabory cookie vy\u017eaduj\u00fa v\u00e1\u0161 s\u00fahlas. Majte pros\u00edm na pam\u00e4ti, \u017ee akceptovan\u00edm povinn\u00fdch s\u00faborov cookie akceptujete aj s\u00fabory cookie tret\u00edch str\u00e1n, ktor\u00e9 m\u00f4\u017eu pou\u017e\u00edva\u0165 tretie strany, ak vyu\u017e\u00edvate slu\u017eby nimi poskytovan\u00e9 na na\u0161ej webovej str\u00e1nke \u2013 napr\u00edklad okno na prehr\u00e1vanie videa poskytovan\u00e9 spolo\u010dnos\u0165ami tret\u00edch str\u00e1n a integrovan\u00e1 do na\u0161ej webovej str\u00e1nky.<\/p>\n\n\n\n<p><strong>Licencia<\/strong>:<br>Ak nie je uveden\u00e9 inak, spolo\u010dnos\u0165 Mobzin a jej poskytovatelia licenci\u00ed maj\u00fa n\u00e1rok na pr\u00e1va du\u0161evn\u00e9ho vlastn\u00edctva na v\u0161etky materi\u00e1ly zverejnen\u00e9 na str\u00e1nkach Mobzin. V\u0161etky pr\u00e1va du\u0161evn\u00e9ho vlastn\u00edctva s\u00fa vyhraden\u00e9.<\/p>\n\n\n\n<p><strong>Nie je v\u00e1m to dovolen\u00e9<\/strong>:<\/p>\n\n\n\n<p>Skop\u00edrujte alebo znova publikujte materi\u00e1ly z Mobzinu<br>Predaj, pren\u00e1jom alebo podn\u00e1jom materi\u00e1lov od Mobzin<br>Reprodukujte, duplikujte alebo kop\u00edrujte materi\u00e1ly z Mobzinu<br>Redistribuujte obsah Mobzin<br>T\u00e1to dohoda nadobudne \u00fa\u010dinnos\u0165 od s\u00fa\u010dasn\u00e9ho d\u00e1tumu.<\/p>\n\n\n\n<p>\u010casti tejto webovej str\u00e1nky pon\u00fakaj\u00fa pou\u017e\u00edvate\u013eovi mo\u017enos\u0165 uverej\u0148ova\u0165 a diskutova\u0165 o n\u00e1zoroch a inform\u00e1ci\u00e1ch v ur\u010dit\u00fdch oblastiach. Mobzin nefiltruje, neupravuje, nepublikuje ani nekontroluje koment\u00e1re predt\u00fdm, ako sa objavia na str\u00e1nke. Koment\u00e1re odr\u00e1\u017eaj\u00fa n\u00e1zory osoby, ktor\u00e1 ich uverej\u0148uje. V rozsahu, v akom to dovo\u013euj\u00fa platn\u00e9 z\u00e1kony, Mobzin nenesie pr\u00e1vnu zodpovednos\u0165 za Koment\u00e1re ani \u017eiadne \u0161kody, rizik\u00e1 alebo v\u00fddavky sp\u00f4soben\u00e9 alebo vzniknut\u00e9 v d\u00f4sledku pou\u017e\u00edvania a\/alebo zverejnenia a\/alebo zobrazenia Koment\u00e1rov na tejto webovej str\u00e1nke.<\/p>\n\n\n\n<p>Mobzin si vyhradzuje pr\u00e1vo odstr\u00e1ni\u0165 ak\u00e9ko\u013evek koment\u00e1re, ktor\u00e9 m\u00f4\u017eu by\u0165 pova\u017eovan\u00e9 za nevhodn\u00e9, ur\u00e1\u017eliv\u00e9 alebo poru\u0161uj\u00face podmienky tejto zmluvy.<\/p>\n\n\n\n<p><strong>To zastupujete a zaru\u010dujete<\/strong>:<\/p>\n\n\n\n<p>M\u00e1te pr\u00e1vo uverej\u0148ova\u0165 koment\u00e1re na na\u0161ej webovej str\u00e1nke a m\u00e1te na to v\u0161etky licencie a s\u00fahlasy;<br>Va\u0161e koment\u00e1re nenaru\u0161uj\u00fa \u017eiadne du\u0161evn\u00e9 vlastn\u00edctvo, vr\u00e1tane autorsk\u00fdch pr\u00e1v, patentov alebo ochrann\u00fdch zn\u00e1mok akejko\u013evek tretej strany;<br>Va\u0161e koment\u00e1re neobsahuj\u00fa hanliv\u00fd, ur\u00e1\u017eliv\u00fd, ur\u00e1\u017eliv\u00fd, neslu\u0161n\u00fd alebo inak nez\u00e1konn\u00fd materi\u00e1l, ktor\u00fd je z\u00e1sahom do s\u00fakromia.<br>Va\u0161e koment\u00e1re nebud\u00fa pou\u017eit\u00e9 na vy\u017eiadanie alebo propag\u00e1ciu podnikania alebo prezentovanie komer\u010dn\u00fdch aktiv\u00edt alebo nez\u00e1konn\u00fdch aktiv\u00edt.<br>T\u00fdmto ude\u013eujete spolo\u010dnosti Mobzin nev\u00fdhradn\u00fa licenciu na pou\u017e\u00edvanie, reprodukovanie, \u00fapravu a opr\u00e1v\u0148ujete ostatn\u00fdch na pou\u017e\u00edvanie, reprodukovanie alebo \u00fapravu ak\u00fdchko\u013evek va\u0161ich koment\u00e1rov v akejko\u013evek forme, vo v\u0161etk\u00fdch form\u00e1toch a m\u00e9di\u00e1ch.<\/p>\n\n\n\n<p>Vytv\u00e1ranie odkazov na n\u00e1\u0161 obsah<br>Nasleduj\u00face organiz\u00e1cie m\u00f4\u017eu odkazova\u0165 na na\u0161u webov\u00fa str\u00e1nku bez predch\u00e1dzaj\u00faceho p\u00edsomn\u00e9ho s\u00fahlasu:<\/p>\n\n\n\n<p>Vl\u00e1dne agent\u00fary;<br>Vyh\u013ead\u00e1va\u010de;<br>Medi\u00e1lne organiz\u00e1cie;<br>Distrib\u00fatori online adres\u00e1rov m\u00f4\u017eu hyperlinkova\u0165 na na\u0161u webov\u00fa str\u00e1nku rovnak\u00fdm sp\u00f4sobom, ako hyperlinkuj\u00fa na webov\u00e9 str\u00e1nky in\u00fdch k\u00f3tovan\u00fdch spolo\u010dnost\u00ed; to je<br>Akreditovan\u00e9 podniky, s v\u00fdnimkou neziskov\u00fdch fundraisingov\u00fdch organiz\u00e1ci\u00ed a charitat\u00edvnych fundraisingov\u00fdch skup\u00edn, nem\u00f4\u017eu odkazova\u0165 na na\u0161u str\u00e1nku bez predch\u00e1dzaj\u00faceho s\u00fahlasu.<br>Tieto organiz\u00e1cie m\u00f4\u017eu uverej\u0148ova\u0165 odkazy na na\u0161u domovsk\u00fa str\u00e1nku, publik\u00e1cie alebo in\u00e9 inform\u00e1cie na webovej lokalite, pokia\u013e odkaz: (a) nie je v \u017eiadnom pr\u00edpade zav\u00e1dzaj\u00faci; (b) nepravdivo nenazna\u010dova\u0165 existenciu sponzorsk\u00e9ho, schva\u013eovacieho alebo schva\u013eovacieho vz\u0165ahu s nami, pokia\u013e ide o produkty a\/alebo slu\u017eby; a c) je vhodn\u00fd pre kontext, do ktor\u00e9ho sa vklad\u00e1.<\/p>\n\n\n\n<p>M\u00f4\u017eeme zv\u00e1\u017ei\u0165 a schv\u00e1li\u0165 \u017eiadosti o prepojenie od nasleduj\u00facich typov organiz\u00e1ci\u00ed:<\/p>\n\n\n\n<p>dobre zn\u00e1me zdroje inform\u00e1ci\u00ed o produktoch a podnikoch;<br>str\u00e1nky komunity dot.com;<br>zdru\u017eenia a in\u00e9 skupiny zastupuj\u00face charitat\u00edvne organiz\u00e1cie;<br>distrib\u00fatori online adres\u00e1rov;<br>internetov\u00e9 port\u00e1ly;<br>\u00fa\u010dtovn\u00edcke, pr\u00e1vnick\u00e9 a poradensk\u00e9 firmy; to je<br>vzdel\u00e1vacie in\u0161tit\u00facie a triedne zdru\u017eenia.<br>\u017diadosti o prepojenie podan\u00e9 typmi organiz\u00e1ci\u00ed uveden\u00fdch vy\u0161\u0161ie schv\u00e1lime, ak us\u00fadime, \u017ee: (a) prepojenie nie je nepriazniv\u00e9 pre n\u00e1\u0161 imid\u017e a\/alebo imid\u017e akreditovan\u00fdch spolo\u010dnost\u00ed; (b) \u017eiadaj\u00faca organiz\u00e1cia nem\u00e1 u n\u00e1s negat\u00edvnu minulos\u0165; (c) \u00fa\u017eitok, ktor\u00fd z\u00edskame z vidite\u013enosti odkazu, kompenzuje absenciu Mobzinu; a (d) odkaz bude umiestnen\u00fd vo v\u0161eobecnom informa\u010dnom kontexte.<\/p>\n\n\n\n<p>Tieto organiz\u00e1cie m\u00f4\u017eu uverej\u0148ova\u0165 odkazy na na\u0161u domovsk\u00fa str\u00e1nku, pokia\u013e odkaz: (a) nie je v \u017eiadnom pr\u00edpade zav\u00e1dzaj\u00faci; (b) nepravdivo nenazna\u010dova\u0165 existenciu sponzorstva, podpory alebo schv\u00e1lenia produktov a\/alebo slu\u017eieb z na\u0161ej strany; a c) je vhodn\u00fd pre kontext, do ktor\u00e9ho sa vklad\u00e1.<\/p>\n\n\n\n<p>Ak zastupujete jednu z organiz\u00e1ci\u00ed uveden\u00fdch v odseku 2 vy\u0161\u0161ie a m\u00e1te z\u00e1ujem zverejni\u0165 odkaz na na\u0161u webov\u00fa str\u00e1nku, mus\u00edte n\u00e1s o svojom z\u00e1ujme informova\u0165 zaslan\u00edm e-mailu na adresu Mobzin. Uve\u010fte svoje meno, n\u00e1zov va\u0161ej organiz\u00e1cie a kontaktn\u00e9 inform\u00e1cie, ako aj adresu URL va\u0161ej lokality, zoznam adries URL na na\u0161ej lokalite, na ktor\u00e9 chcete odkazova\u0165, a zoznam lokal\u00edt, na ktor\u00fdch m\u00e1te v \u00famysle uverejni\u0165 na\u0161e Webov\u00e9 adresy. Odpove\u010f dostanete do 2 a\u017e 3 t\u00fd\u017ed\u0148ov.<\/p>\n\n\n\n<p>Schv\u00e1len\u00e9 organiz\u00e1cie m\u00f4\u017eu uverej\u0148ova\u0165 odkazy na na\u0161u str\u00e1nku nasleduj\u00facimi sp\u00f4sobmi:<\/p>\n\n\n\n<p>Pou\u017e\u00edvanie mena na\u0161ej spolo\u010dnosti; alebo<br>Pou\u017eitie adresy URL, na ktor\u00fa odkaz presmeruje; alebo<br>Pou\u017e\u00edvanie ak\u00e9hoko\u013evek in\u00e9ho popisu na\u0161ej str\u00e1nky, ktor\u00fd d\u00e1va zmysel v kontexte a form\u00e1te obsahu, na ktor\u00fd sa vklad\u00e1 odkaz.<br>Pou\u017eitie alebo zverejnenie odkazov na logo Mobzin a\/alebo in\u00e9 vizu\u00e1lne prvky nebude povolen\u00e9 bez licen\u010dnej zmluvy na pou\u017e\u00edvanie ochrannej zn\u00e1mky.<\/p>\n\n\n\n<p><strong>Zodpovednos\u0165 za obsah<\/strong>:<br>Nenesieme pr\u00e1vnu zodpovednos\u0165 za ak\u00fdko\u013evek obsah, ktor\u00fd sa objav\u00ed na va\u0161ej str\u00e1nke. S\u00fahlas\u00edte s t\u00fdm, \u017ee n\u00e1s budete chr\u00e1ni\u0165 a br\u00e1ni\u0165 proti v\u0161etk\u00fdm obvineniam vznesen\u00fdm na va\u0161ej lokalite. Na \u017eiadnej webovej str\u00e1nke by sa nemali objavi\u0165 \u017eiadne odkazy, ktor\u00e9 by mohli by\u0165 interpretovan\u00e9 ako ur\u00e1\u017eliv\u00e9, obsc\u00e9nne, trestn\u00e9 alebo ktor\u00e9 poru\u0161uj\u00fa, poru\u0161uj\u00fa alebo obhajuj\u00fa poru\u0161ovanie pr\u00e1v tret\u00edch str\u00e1n.<\/p>\n\n\n\n<p><strong>V\u00fdhrada pr\u00e1v<\/strong>:<br>Vyhradzujeme si pr\u00e1vo po\u017eiada\u0165 v\u00e1s o odstr\u00e1nenie v\u0161etk\u00fdch odkazov alebo ak\u00fdchko\u013evek odkazov, ktor\u00e9 presmeruj\u00fa na na\u0161u webov\u00fa str\u00e1nku. S\u00fahlas\u00edte s t\u00fdm, \u017ee po vy\u017eiadanom odstr\u00e1nen\u00ed okam\u017eite odstr\u00e1nite v\u0161etky odkazy na na\u0161u webov\u00fa str\u00e1nku. Vyhradzujeme si tie\u017e pr\u00e1vo tieto podmienky kedyko\u013evek doplni\u0165 a zmeni\u0165. Neust\u00e1lym uverej\u0148ovan\u00edm odkazov na na\u0161u webov\u00fa str\u00e1nku s\u00fahlas\u00edte s t\u00fdm, \u017ee budete viazan\u00ed t\u00fdmito podmienkami prepojenia.<\/p>\n\n\n\n<p><strong>Odstr\u00e1nenie odkazov uverejnen\u00fdch na na\u0161ej webovej str\u00e1nke<\/strong>:<br>Ak na na\u0161ej webovej str\u00e1nke n\u00e1jdete ak\u00fdko\u013evek odkaz, ktor\u00fd je ak\u00fdmko\u013evek sp\u00f4sobom ur\u00e1\u017eliv\u00fd, m\u00f4\u017eete n\u00e1s kedyko\u013evek kontaktova\u0165 a informova\u0165 n\u00e1s o probl\u00e9me. \u017diadosti o odstr\u00e1nenie odkazov zv\u00e1\u017eime, ale nie sme povinn\u00ed odstra\u0148ova\u0165 \u017eiadne odkazy na na\u0161u webov\u00fa str\u00e1nku alebo priamo odpoveda\u0165 na va\u0161u \u017eiados\u0165.<\/p>\n\n\n\n<p>Nezaru\u010dujeme, \u017ee inform\u00e1cie uveden\u00e9 na tejto webovej str\u00e1nke s\u00fa spr\u00e1vne. Nezaru\u010dujeme \u00faplnos\u0165 ani presnos\u0165 obsahu. Nezaru\u010dujeme, \u017ee webov\u00e1 lokalita zostane dostupn\u00e1 alebo \u017ee materi\u00e1ly na webovej lokalite bud\u00fa aktu\u00e1lne.<\/p>\n\n\n\n<p><strong>Vyl\u00fa\u010denie zodpovednosti<\/strong>:<br>V maxim\u00e1lnom rozsahu povolenom z\u00e1konom vylu\u010dujeme v\u0161etky vyhl\u00e1senia, z\u00e1ruky a podmienky t\u00fdkaj\u00face sa na\u0161ej webovej str\u00e1nky a pou\u017e\u00edvania tejto webovej str\u00e1nky. Ni\u010d v tomto vyl\u00fa\u010den\u00ed zodpovednosti:<\/p>\n\n\n\n<p>obmedzi\u0165 alebo vyl\u00fa\u010di\u0165 na\u0161u alebo va\u0161u zodpovednos\u0165 za smr\u0165 alebo zranenie os\u00f4b;<br>obmedzi\u0165 alebo vyl\u00fa\u010di\u0165 na\u0161u alebo va\u0161u zodpovednos\u0165 za podvod alebo podvodn\u00e9 skreslenie inform\u00e1ci\u00ed;<br>obmedzi\u0165 na\u0161u alebo va\u0161u zodpovednos\u0165 ak\u00fdmko\u013evek sp\u00f4sobom, ktor\u00fd z\u00e1kon nepovo\u013euje;<br>vyl\u00fa\u010di\u0165 ak\u00e9ko\u013evek z\u00e1v\u00e4zky v\u00e1s alebo n\u00e1s, ktor\u00e9 nemo\u017eno vyl\u00fa\u010di\u0165 pod\u013ea platn\u00fdch z\u00e1konov.<br>Obmedzenia a z\u00e1kazy zodpovednosti uveden\u00e9 v tejto \u010dasti a inde v tomto vyhl\u00e1sen\u00ed: (a) podliehaj\u00fa predch\u00e1dzaj\u00facemu odseku; a (b) upravuj\u00fa v\u0161etky z\u00e1v\u00e4zky vypl\u00fdvaj\u00face z vyhl\u00e1senia, vr\u00e1tane z\u00e1v\u00e4zkov vypl\u00fdvaj\u00facich zo zmluvy, z deliktu a za poru\u0161enie pr\u00e1vnej povinnosti.<\/p>\n\n\n\n<p>Pokia\u013e s\u00fa webov\u00e1 str\u00e1nka a inform\u00e1cie a slu\u017eby na webovej str\u00e1nke poskytovan\u00e9 bezplatne, nenesieme zodpovednos\u0165 za stratu alebo po\u0161kodenie ak\u00e9hoko\u013evek charakteru.<\/p>","protected":false},"excerpt":{"rendered":"<p>Termos e Condi\u00e7\u00f5es de UsoSeja bem-vindo ao Mobzin!Estes termos e condi\u00e7\u00f5es descrevem as regras de uso do site da empresa Mobzin, localizado no endere\u00e7o https:\/\/mobzin.com\/. Ao acessar este site, consideramos que voc\u00ea est\u00e1 de acordo com os termos e condi\u00e7\u00f5es abaixo. N\u00e3o continue a usar o Mobzin caso voc\u00ea discorde dos termos e condi\u00e7\u00f5es descritos [&hellip;]<\/p>\n","protected":false},"author":4,"featured_media":0,"parent":0,"menu_order":0,"comment_status":"closed","ping_status":"closed","template":"","meta":{"footnotes":""},"class_list":["post-89","page","type-page","status-publish"],"_links":{"self":[{"href":"https:\/\/mobzin.com\/sk\/wp-json\/wp\/v2\/pages\/89","targetHints":{"allow":["GET"]}}],"collection":[{"href":"https:\/\/mobzin.com\/sk\/wp-json\/wp\/v2\/pages"}],"about":[{"href":"https:\/\/mobzin.com\/sk\/wp-json\/wp\/v2\/types\/page"}],"author":[{"embeddable":true,"href":"https:\/\/mobzin.com\/sk\/wp-json\/wp\/v2\/users\/4"}],"replies":[{"embeddable":true,"href":"https:\/\/mobzin.com\/sk\/wp-json\/wp\/v2\/comments?post=89"}],"version-history":[{"count":5,"href":"https:\/\/mobzin.com\/sk\/wp-json\/wp\/v2\/pages\/89\/revisions"}],"predecessor-version":[{"id":346,"href":"https:\/\/mobzin.com\/sk\/wp-json\/wp\/v2\/pages\/89\/revisions\/346"}],"wp:attachment":[{"href":"https:\/\/mobzin.com\/sk\/wp-json\/wp\/v2\/media?parent=89"}],"curies":[{"name":"wp","href":"https:\/\/api.w.org\/{rel}","templated":true}]}}