{"id":3,"date":"2022-10-24T23:31:41","date_gmt":"2022-10-24T23:31:41","guid":{"rendered":"https:\/\/mobzin.com\/?page_id=3"},"modified":"2023-10-31T07:48:30","modified_gmt":"2023-10-31T07:48:30","slug":"politika-zasebnosti","status":"publish","type":"page","link":"https:\/\/mobzin.com\/sl\/politika-zasebnosti\/","title":{"rendered":"Politika zasebnosti"},"content":{"rendered":"<p>Va\u0161a zasebnost nam je pomembna. Politika Mobzina je, da spo\u0161tuje va\u0161o zasebnost glede kakr\u0161nih koli informacij, ki jih lahko zberemo od vas na spletnem mestu <a href=\"https:\/\/mobzin.com\/sl\/\">mobzin<\/a>, in druga spletna mesta, ki jih imamo v lasti in jih upravljamo.<\/p>\n\n\n\n<p>Osebne podatke zahtevamo le, kadar jih resni\u010dno potrebujemo, da vam zagotovimo storitev. To po\u010dnemo na po\u0161ten in zakonit na\u010din, z va\u0161o vednostjo in soglasjem. Povemo vam tudi, zakaj ga zbiramo in kako ga bomo uporabljali.<\/p>\n\n\n\n<p>Zbrane podatke hranimo le toliko \u010dasa, kolikor je potrebno za zagotavljanje zahtevane storitve. Ko shranjujemo podatke, jih varujemo s komercialno sprejemljivimi sredstvi, da prepre\u010dimo izgubo in krajo ter nepoobla\u0161\u010den dostop, razkritje, kopiranje, uporabo ali spreminjanje.<\/p>\n\n\n\n<p>Osebnih podatkov ne delimo javno ali s tretjimi osebami, razen \u010de to zahteva zakon.<\/p>\n\n\n\n<p>Na\u0161e spletno mesto ima lahko povezave do zunanjih spletnih mest, ki jih ne upravljamo mi. Zavedajte se, da nimamo nadzora nad vsebino in praksami teh spletnih mest in ne moremo prevzeti odgovornosti za njihove politike zasebnosti.<\/p>\n\n\n\n<p>Na\u0161o zahtevo po va\u0161ih osebnih podatkih lahko zavrnete, pri \u010demer se zavedate, da vam morda ne bomo mogli zagotoviti nekaterih \u017eelenih storitev.<\/p>\n\n\n\n<p>Va\u0161a nadaljnja uporaba na\u0161ega spletnega mesta se bo \u0161tela za sprejemanje na\u0161ih praks glede zasebnosti in osebnih podatkov. \u010ce imate kakr\u0161na koli vpra\u0161anja o tem, kako ravnamo s podatki uporabnikov in osebnimi podatki, se obrnite na nas.<\/p>\n\n\n\n<ul class=\"wp-block-list\">\n<li>Storitev Google AdSense, ki jo uporabljamo za ogla\u0161evanje, uporablja pi\u0161kotek DoubleClick za prikazovanje ustreznej\u0161ih oglasov po spletu in omejevanje \u0161tevila prikazov dolo\u010denega oglasa.<\/li>\n\n\n\n<li>Za ve\u010d informacij o Google AdSense glejte uradna pogosta vpra\u0161anja o zasebnosti Google AdSense.<\/li>\n\n\n\n<li>Z oglasi pokrivamo stro\u0161ke delovanja te strani in zagotavljamo sredstva za prihodnji razvoj. Pi\u0161kotki za vedenjsko ogla\u0161evanje, ki jih uporablja to spletno mesto, so zasnovani tako, da vam zagotovijo najustreznej\u0161e oglase, kjer je to mogo\u010de, tako da anonimno sledijo va\u0161im zanimanjem in predstavijo podobne stvari, ki bi vas lahko zanimale.<\/li>\n\n\n\n<li>Ve\u010d partnerjev ogla\u0161uje v na\u0161em imenu in pi\u0161kotki za sledenje pridru\u017eenih partnerjev nam preprosto omogo\u010dajo, da vidimo, ali so na\u0161e stranke dostopale do spletnega mesta prek spletnih mest enega od na\u0161ih partnerjev, tako da jih lahko ustrezno pripi\u0161emo in, kjer je primerno, omogo\u010dimo na\u0161im pridru\u017eenim partnerjem, da ponudijo kakr\u0161no koli promocijo, ki vam lahko zagotovi nakup.<\/li>\n<\/ul>\n\n\n\n<h3 class=\"wp-block-heading\">Zaveza uporabnika<\/h3>\n\n\n\n<p>Uporabnik se zavezuje, da bo vsebine in informacije, ki jih Mobzin ponuja na spletnem mestu, uporabljal ustrezno, a ne omejujo\u010de narave:<\/p>\n\n\n\n<ul class=\"wp-block-list\">\n<li>A) ne sodelujejo v dejavnostih, ki so nezakonite ali v nasprotju z dobro vero in javnim redom;<\/li>\n\n\n\n<li>B) Ne raz\u0161irjajte propagande ali vsebine rasisti\u010dne, ksenofobne, betano ali slabe narave, katere koli vrste nezakonite pornografije, ki podpira terorizem ali nasprotuje \u010dlovekovim pravicam;<\/li>\n\n\n\n<li>C) Ne povzro\u010dajte \u0161kode na fizi\u010dnih (strojna oprema) in logi\u010dnih (programska oprema) sistemih Mobzina, njegovih dobaviteljev ali tretjih oseb, da bi vnesli ali raz\u0161irjali ra\u010dunalni\u0161ke viruse ali druge sisteme strojne ali programske opreme, ki lahko povzro\u010dijo prej omenjeno \u0161kodo.<\/li>\n<\/ul>\n\n\n\n<h3 class=\"wp-block-heading\">Ve\u010d informacij<\/h3>\n\n\n\n<p>Upajmo, da je to jasno in kot je bilo \u017ee omenjeno, \u010de obstaja nekaj, za kar niste prepri\u010dani, ali ga potrebujete ali ne, je obi\u010dajno varneje pustiti pi\u0161kotke omogo\u010dene, \u010de so v interakciji z eno od funkcij, ki jih uporabljate na na\u0161em spletnem mestu.<\/p>\n\n\n\n<p>Ta pravilnik velja od 16. aprila 2023 ob 22:42<\/p>\n\n\n\n<p><\/p>","protected":false},"excerpt":{"rendered":"<p>A sua privacidade \u00e9 importante para n\u00f3s. \u00c9 pol\u00edtica do Mobzin respeitar a sua privacidade em rela\u00e7\u00e3o a qualquer informa\u00e7\u00e3o sua que possamos coletar no site mobzin, e outros sites que possu\u00edmos e operamos. Solicitamos informa\u00e7\u00f5es pessoais apenas quando realmente precisamos delas para lhe fornecer um servi\u00e7o. Fazemo-lo por meios justos e legais, com o [&hellip;]<\/p>\n","protected":false},"author":4,"featured_media":0,"parent":0,"menu_order":0,"comment_status":"closed","ping_status":"closed","template":"","meta":{"footnotes":""},"class_list":["post-3","page","type-page","status-publish"],"_links":{"self":[{"href":"https:\/\/mobzin.com\/sl\/wp-json\/wp\/v2\/pages\/3","targetHints":{"allow":["GET"]}}],"collection":[{"href":"https:\/\/mobzin.com\/sl\/wp-json\/wp\/v2\/pages"}],"about":[{"href":"https:\/\/mobzin.com\/sl\/wp-json\/wp\/v2\/types\/page"}],"author":[{"embeddable":true,"href":"https:\/\/mobzin.com\/sl\/wp-json\/wp\/v2\/users\/4"}],"replies":[{"embeddable":true,"href":"https:\/\/mobzin.com\/sl\/wp-json\/wp\/v2\/comments?post=3"}],"version-history":[{"count":4,"href":"https:\/\/mobzin.com\/sl\/wp-json\/wp\/v2\/pages\/3\/revisions"}],"predecessor-version":[{"id":465,"href":"https:\/\/mobzin.com\/sl\/wp-json\/wp\/v2\/pages\/3\/revisions\/465"}],"wp:attachment":[{"href":"https:\/\/mobzin.com\/sl\/wp-json\/wp\/v2\/media?parent=3"}],"curies":[{"name":"wp","href":"https:\/\/api.w.org\/{rel}","templated":true}]}}