{"id":89,"date":"2022-11-02T00:36:48","date_gmt":"2022-11-02T00:36:48","guid":{"rendered":"https:\/\/mobzin.com\/?page_id=89"},"modified":"2023-10-06T05:22:34","modified_gmt":"2023-10-06T05:22:34","slug":"pogoji-uporabe","status":"publish","type":"page","link":"https:\/\/mobzin.com\/sl\/pogoji-uporabe\/","title":{"rendered":"Pogoji uporabe"},"content":{"rendered":"<p>Pravila in pogoji uporabe<br>Dobrodo\u0161li v Mobzinu!<br>Ti pogoji opisujejo pravila uporabe spletne strani podjetja Mobzin, ki se nahaja na naslovu https:\/\/mobzin.com\/.<\/p>\n\n\n\n<p>Z dostopom do te spletne strani menimo, da se strinjate s spodnjimi pogoji. Ne nadaljujte z uporabo Mobzina, \u010de se ne strinjate s pogoji, opisanimi v tej pogodbi.<\/p>\n\n\n\n<p><strong>Pi\u0161kotki<\/strong>:<br>Spletna stran uporablja pi\u0161kotke za pomo\u010d pri prilagajanju va\u0161e internetne izku\u0161nje. Z dostopom do spletne strani Mobzin se strinjate z uporabo obveznih pi\u0161kotkov.<\/p>\n\n\n\n<p>Pi\u0161kotki so besedilne datoteke, ki jih na va\u0161 trdi disk shrani stre\u017enik spletne strani. Pi\u0161kotki ne smejo izvajati programov ali prena\u0161ati virusov na va\u0161 ra\u010dunalnik. Pi\u0161kotki so enoli\u010dno povezani z vami in jih lahko prebere samo spletni stre\u017enik domene, ki je pi\u0161kotek izdala.<\/p>\n\n\n\n<p>Pi\u0161kotke lahko uporabljamo za zbiranje, shranjevanje ali sledenje informacij za statisti\u010dne in tr\u017eenjske namene na na\u0161i spletni strani. Imate mo\u017enost sprejeti ali zavrniti neobvezne pi\u0161kotke. Obstaja nekaj obveznih pi\u0161kotkov, ki so potrebni za delovanje na\u0161e spletne strani. Ti obvezni pi\u0161kotki zahtevajo va\u0161e soglasje. Upo\u0161tevajte, da s sprejetjem obveznih pi\u0161kotkov sprejemate tudi pi\u0161kotke tretjih oseb, ki jih lahko uporabljajo tretje osebe, \u010de uporabljate storitve, ki jih ponujajo na na\u0161em spletnem mestu \u2013 na primer okno za predvajanje videa, ki ga zagotavljajo tretja podjetja. in integrirani v na\u0161o spletno stran.<\/p>\n\n\n\n<p><strong>Licenca<\/strong>:<br>Razen kjer je navedeno druga\u010de, so Mobzin in njegovi dajalci licenc upravi\u010deni do pravic intelektualne lastnine vsega gradiva, objavljenega na Mobzinu. Vse pravice intelektualne lastnine so pridr\u017eane.<\/p>\n\n\n\n<p><strong>Ni vam dovoljeno<\/strong>:<\/p>\n\n\n\n<p>Kopirajte ali ponovno objavite materiale iz Mobzina<br>Prodaja, najem ali podnajem gradiva podjetja Mobzin<br>Razmno\u017eevanje, podvajanje ali kopiranje materialov iz Mobzina<br>Prerazporedite vsebino Mobzin<br>Ta sporazum bo veljal od sedanjega datuma.<\/p>\n\n\n\n<p>Deli te spletne strani ponujajo uporabniku mo\u017enost objave in razprave o mnenjih in informacijah na dolo\u010denih podro\u010djih. Mobzin ne filtrira, ureja, objavlja ali pregleduje komentarjev, preden se pojavijo na spletnem mestu. Komentarji odra\u017eajo mnenja osebe, ki jih je objavila. V obsegu, ki ga dovoljuje veljavna zakonodaja, Mobzin ni pravno odgovoren za komentarje ali kakr\u0161no koli \u0161kodo, tveganja ali stro\u0161ke, ki so povzro\u010deni ali utrpeni kot posledica uporabe in\/ali objave in\/ali videza komentarjev na tej spletni strani.<\/p>\n\n\n\n<p>Mobzin si pridr\u017euje pravico do odstranitve vseh komentarjev, ki se lahko \u0161tejejo za neprimerne, \u017ealjive ali kr\u0161ijo dolo\u010dila in pogoje te pogodbe.<\/p>\n\n\n\n<p><strong>To predstavljate in jam\u010dite<\/strong>:<\/p>\n\n\n\n<p>Imate pravico do objavljanja komentarjev na na\u0161i spletni strani in imate vse licence in soglasja za to;<br>Va\u0161i komentarji ne posegajo v nobeno intelektualno lastnino, vklju\u010dno z avtorskimi pravicami, patentom ali blagovno znamko katere koli tretje osebe;<br>Va\u0161i komentarji ne vsebujejo obrekljivega, obrekljivega, \u017ealjivega, nespodobnega ali kako druga\u010de nezakonitega gradiva, ki bi predstavljalo vdor v zasebnost.<br>Va\u0161i komentarji ne bodo uporabljeni za spodbujanje ali spodbujanje poslovanja ali predstavljanje komercialnih dejavnosti ali nezakonitih dejavnosti.<br>Podjetju Mobzin podeljujete neizklju\u010dno licenco za uporabo, reprodukcijo, urejanje in dovoljenje drugim za uporabo, reprodukcijo ali urejanje katerega koli od va\u0161ih komentarjev v vseh in vseh oblikah, formatih in medijih.<\/p>\n\n\n\n<p>Ustvarjanje povezav do na\u0161e vsebine<br>Naslednje organizacije se lahko pove\u017eejo z na\u0161im spletnim mestom brez predhodne pisne odobritve:<\/p>\n\n\n\n<p>Vladne agencije;<br>Iskalniki;<br>Medijske organizacije;<br>Distributerji spletnih imenikov se lahko hiperpovezajo do na\u0161ega spletnega mesta na enak na\u010din kot hiperpovezave do spletnih mest drugih podjetij, ki kotirajo na borzi; je<br>Poobla\u0161\u010dena podjetja, razen neprofitnih organizacij za zbiranje sredstev in dobrodelnih skupin za zbiranje sredstev, se ne smejo povezovati na na\u0161e spletno mesto brez predhodne odobritve.<br>Te organizacije lahko objavijo povezave do na\u0161e doma\u010de strani, publikacij ali drugih informacij na spletnem mestu, \u010de povezava: (a) na noben na\u010din ni zavajajo\u010da; (b) ne namigujejo na obstoj sponzorstva, podpore ali odobritvenega razmerja z nami v zvezi z izdelki in\/ali storitvami; in (c) ustreza kontekstu, v katerega je vstavljen.<\/p>\n\n\n\n<p>Upo\u0161tevamo in odobrimo lahko zahteve za povezavo naslednjih vrst organizacij:<\/p>\n\n\n\n<p>znani viri informacij o izdelkih in podjetjih;<br>spletna mesta skupnosti dot.com;<br>zdru\u017eenja in druge skupine, ki zastopajo dobrodelne organizacije;<br>distributerji spletnih imenikov;<br>internetni portali;<br>ra\u010dunovodske, odvetni\u0161ke in svetovalne dru\u017ebe; je<br>izobra\u017eevalne ustanove in razredna zdru\u017eenja.<br>Odobrili bomo zahteve za povezave zgoraj navedenih vrst organizacij, \u010de presodimo, da: (a) povezava ni neugodna za na\u0161o podobo in\/ali podobo akreditiranih podjetij; (b) organizacija prosilka nima negativne zgodovine pri nas; (c) korist, ki jo pridobimo z vidnostjo povezave, nadomesti odsotnost Mobzina; in (d) povezava bo postavljena v splo\u0161ni informacijski kontekst.<\/p>\n\n\n\n<p>Te organizacije lahko objavljajo povezave do na\u0161e doma\u010de strani, \u010de povezava: (a) na noben na\u010din ni zavajajo\u010da; (b) ne navajajo la\u017eno obstoja sponzorstva, podpore ali odobritve izdelkov in\/ali storitev z na\u0161e strani; in (c) ustreza kontekstu, v katerega je vstavljen.<\/p>\n\n\n\n<p>\u010ce predstavljate eno od organizacij, navedenih v 2. odstavku zgoraj, in \u017eelite objaviti povezavo do na\u0161e spletne strani, nas morate o svojem interesu obvestiti tako, da po\u0161ljete e-po\u0161to na Mobzin. Vklju\u010dite svoje ime, ime va\u0161e organizacije in kontaktne podatke, kot tudi URL va\u0161ega spletnega mesta, seznam URL-jev na na\u0161em spletnem mestu, do katerih se nameravate povezati, in seznam spletnih mest, na katerih nameravate objaviti na\u0161e URL-ji. Po\u010dakajte 2 do 3 tedne, da prejmete odgovor.<\/p>\n\n\n\n<p>Odobrene organizacije lahko objavijo povezave do na\u0161ega spletnega mesta na naslednje na\u010dine:<\/p>\n\n\n\n<p>Uporaba na\u0161ega imena podjetja; oz<br>Uporaba URL-ja, kamor preusmerja povezava; oz<br>Uporaba katerega koli drugega opisa na\u0161ega spletnega mesta, ki je smiseln v kontekstu in obliki vsebine, do katere je vstavljena povezava.<br>Uporaba ali objava povezav do Mobzinovega logotipa in\/ali drugih vizualnih elementov ne bo dovoljena brez licen\u010dne pogodbe za uporabo blagovne znamke.<\/p>\n\n\n\n<p><strong>Odgovornost za vsebino<\/strong>:<br>Ne bomo pravno odgovorni za kakr\u0161no koli vsebino, prikazano na va\u0161em spletnem mestu. Strinjate se, da nas boste za\u0161\u010ditili in branili pred vsemi obto\u017ebami na va\u0161em spletnem mestu. Na nobenem spletnem mestu se ne sme pojaviti nobena(-e) povezava(-e), ki bi jo lahko razlagali kot klevetni\u0161ko, nespodobno, kriminalno ali ki kr\u0161i, kr\u0161i ali zagovarja kr\u0161itev pravic tretjih oseb.<\/p>\n\n\n\n<p><strong>Pridr\u017eek pravic<\/strong>:<br>Pridr\u017eujemo si pravico zahtevati, da odstranite vse povezave ali povezave, ki preusmerjajo na na\u0161e spletno mesto. Strinjate se, da boste po zahtevi za odstranitev takoj odstranili vse povezave do na\u0161ega spletnega mesta. Prav tako si pridr\u017eujemo pravico, da kadar koli dopolnimo in spremenimo te pogoje. Z nenehnim objavljanjem povezav do na\u0161ega spletnega mesta se strinjate, da vas zavezujejo ti pogoji in dolo\u010dila povezovanja.<\/p>\n\n\n\n<p><strong>Odstranitev povezav, objavljenih na na\u0161i spletni strani<\/strong>:<br>\u010ce na na\u0161i spletni strani najdete katero koli povezavo, ki je na kakr\u0161en koli na\u010din \u017ealjiva, nas lahko kontaktirate in nas kadar koli obvestite o te\u017eavi. Upo\u0161tevali bomo zahteve za odstranitev povezav, vendar nismo dol\u017eni odstraniti nobenih povezav do na\u0161e spletne strani ali neposredno odgovoriti na va\u0161o zahtevo.<\/p>\n\n\n\n<p>Ne jam\u010dimo, da so informacije na tej spletni strani pravilne. Ne jam\u010dimo za popolnost ali to\u010dnost vsebine. Ne jam\u010dimo, da bo spletno mesto ostalo na voljo ali da bo gradivo na spletnem mestu posodobljeno.<\/p>\n\n\n\n<p><strong>Zavrnitev odgovornosti<\/strong>:<br>V najve\u010djem obsegu, ki ga dovoljuje zakonodaja, izklju\u010dujemo vsa zastopanja, jamstva in pogoje v zvezi z na\u0161o spletno stranjo in uporabo te spletne strani. Ni\u010d v tej izjavi o omejitvi odgovornosti ne bo:<\/p>\n\n\n\n<p>omejiti ali izklju\u010diti na\u0161o ali va\u0161o odgovornost za smrt ali telesne po\u0161kodbe;<br>omejiti ali izklju\u010diti na\u0161o ali va\u0161o odgovornost za goljufijo ali la\u017eno la\u017eno predstavljanje;<br>omejiti na\u0161o ali va\u0161o odgovornost na kakr\u0161en koli na\u010din, ki ni dovoljen z zakonom;<br>izklju\u010duje vse va\u0161e ali na\u0161e odgovornosti, ki jih po veljavni zakonodaji ni mogo\u010de izklju\u010diti.<br>Omejitve in prepovedi odgovornosti, navedene v tem razdelku in drugje v tej izjavi: (a) so predmet prej\u0161njega odstavka; in (b) ureja vse obveznosti, ki izhajajo iz izjave, vklju\u010dno z obveznostmi, ki izhajajo iz pogodbe, od\u0161kodninske odgovornosti in kr\u0161itve zakonskih obveznosti.<\/p>\n\n\n\n<p>Dokler so spletno mesto ter informacije in storitve na spletnem mestu na voljo brezpla\u010dno, ne bomo odgovorni za kakr\u0161no koli izgubo ali \u0161kodo kakr\u0161ne koli narave.<\/p>","protected":false},"excerpt":{"rendered":"<p>Termos e Condi\u00e7\u00f5es de UsoSeja bem-vindo ao Mobzin!Estes termos e condi\u00e7\u00f5es descrevem as regras de uso do site da empresa Mobzin, localizado no endere\u00e7o https:\/\/mobzin.com\/. Ao acessar este site, consideramos que voc\u00ea est\u00e1 de acordo com os termos e condi\u00e7\u00f5es abaixo. N\u00e3o continue a usar o Mobzin caso voc\u00ea discorde dos termos e condi\u00e7\u00f5es descritos [&hellip;]<\/p>\n","protected":false},"author":4,"featured_media":0,"parent":0,"menu_order":0,"comment_status":"closed","ping_status":"closed","template":"","meta":{"footnotes":""},"class_list":["post-89","page","type-page","status-publish"],"_links":{"self":[{"href":"https:\/\/mobzin.com\/sl\/wp-json\/wp\/v2\/pages\/89","targetHints":{"allow":["GET"]}}],"collection":[{"href":"https:\/\/mobzin.com\/sl\/wp-json\/wp\/v2\/pages"}],"about":[{"href":"https:\/\/mobzin.com\/sl\/wp-json\/wp\/v2\/types\/page"}],"author":[{"embeddable":true,"href":"https:\/\/mobzin.com\/sl\/wp-json\/wp\/v2\/users\/4"}],"replies":[{"embeddable":true,"href":"https:\/\/mobzin.com\/sl\/wp-json\/wp\/v2\/comments?post=89"}],"version-history":[{"count":5,"href":"https:\/\/mobzin.com\/sl\/wp-json\/wp\/v2\/pages\/89\/revisions"}],"predecessor-version":[{"id":346,"href":"https:\/\/mobzin.com\/sl\/wp-json\/wp\/v2\/pages\/89\/revisions\/346"}],"wp:attachment":[{"href":"https:\/\/mobzin.com\/sl\/wp-json\/wp\/v2\/media?parent=89"}],"curies":[{"name":"wp","href":"https:\/\/api.w.org\/{rel}","templated":true}]}}