{"id":3,"date":"2022-10-24T23:31:41","date_gmt":"2022-10-24T23:31:41","guid":{"rendered":"https:\/\/mobzin.com\/?page_id=3"},"modified":"2023-10-31T07:48:30","modified_gmt":"2023-10-31T07:48:30","slug":"gizlilik-politikasi","status":"publish","type":"page","link":"https:\/\/mobzin.com\/tr\/gizlilik-politikasi\/","title":{"rendered":"Gizlilik Politikas\u0131"},"content":{"rendered":"<p>Gizlili\u011finiz bizim i\u00e7in \u00f6nemlidir. Web sitesinde sizden toplayabilece\u011fimiz her t\u00fcrl\u00fc bilgiyle ilgili olarak gizlili\u011finize sayg\u0131 duymak Mobzin&#039;in politikas\u0131d\u0131r. <a href=\"https:\/\/mobzin.com\/tr\/\">mafya<\/a>, sahibi oldu\u011fumuz ve i\u015fletti\u011fimiz di\u011fer siteler.<\/p>\n\n\n\n<p>Ki\u015fisel bilgileri yaln\u0131zca size bir hizmet sunmak i\u00e7in ger\u00e7ekten ihtiyac\u0131m\u0131z oldu\u011funda talep ederiz. Bunu sizin bilginiz ve izninizle, adil ve yasal yollarla yap\u0131yoruz. Ayr\u0131ca bunlar\u0131 neden toplad\u0131\u011f\u0131m\u0131z\u0131 ve nas\u0131l kullan\u0131laca\u011f\u0131n\u0131 da anlat\u0131yoruz.<\/p>\n\n\n\n<p>Toplanan bilgileri yaln\u0131zca talep edilen hizmeti sa\u011flamak i\u00e7in gerekli oldu\u011fu s\u00fcrece saklar\u0131z. Verileri saklad\u0131\u011f\u0131m\u0131zda, bunlar\u0131 kay\u0131p ve h\u0131rs\u0131zl\u0131\u011f\u0131n yan\u0131 s\u0131ra yetkisiz eri\u015fim, if\u015fa, kopyalama, kullan\u0131m veya de\u011fi\u015ftirmeyi \u00f6nlemek i\u00e7in ticari olarak kabul edilebilir y\u00f6ntemlerle koruruz.<\/p>\n\n\n\n<p>Ki\u015fisel olarak tan\u0131mlanabilecek bilgileri, yasalar\u0131n gerektirdi\u011fi durumlar d\u0131\u015f\u0131nda kamuya a\u00e7\u0131k olarak veya \u00fc\u00e7\u00fcnc\u00fc taraflarla payla\u015fm\u0131yoruz.<\/p>\n\n\n\n<p>Web sitemizde taraf\u0131m\u0131zca i\u015fletilmeyen harici web sitelerine ba\u011flant\u0131lar bulunabilir. Bu sitelerin i\u00e7eri\u011fi ve uygulamalar\u0131 \u00fczerinde hi\u00e7bir kontrol\u00fcm\u00fcz olmad\u0131\u011f\u0131n\u0131 ve ilgili gizlilik politikalar\u0131na ili\u015fkin sorumluluk kabul edemeyece\u011fimizi l\u00fctfen unutmay\u0131n.<\/p>\n\n\n\n<p>\u0130stedi\u011finiz hizmetlerden baz\u0131lar\u0131n\u0131 size sa\u011flayamayabilece\u011fimizi kabul ederek, ki\u015fisel bilgilerinize ili\u015fkin talebimizi reddetmekte \u00f6zg\u00fcrs\u00fcn\u00fcz.<\/p>\n\n\n\n<p>Web sitemizi kullanmaya devam etmeniz, gizlilik ve ki\u015fisel bilgilerle ilgili uygulamalar\u0131m\u0131z\u0131 kabul etti\u011finiz anlam\u0131na gelecektir. Kullan\u0131c\u0131 verilerini ve ki\u015fisel bilgileri nas\u0131l i\u015fledi\u011fimize ili\u015fkin sorular\u0131n\u0131z varsa l\u00fctfen bizimle ileti\u015fime ge\u00e7in.<\/p>\n\n\n\n<ul class=\"wp-block-list\">\n<li>Reklam sunmak i\u00e7in kulland\u0131\u011f\u0131m\u0131z Google AdSense hizmeti, web \u00fczerinde daha alakal\u0131 reklamlar sunmak ve belirli bir reklam\u0131n size g\u00f6sterilme say\u0131s\u0131n\u0131 s\u0131n\u0131rlamak i\u00e7in bir DoubleClick \u00e7erezi kullan\u0131r.<\/li>\n\n\n\n<li>Google AdSense hakk\u0131nda daha fazla bilgi i\u00e7in resmi Google AdSense Gizlilik SSS&#039;lerine bak\u0131n.<\/li>\n\n\n\n<li>Bu siteyi i\u015fletme maliyetlerini dengelemek ve gelecekteki geli\u015ftirmeler i\u00e7in finansman sa\u011flamak i\u00e7in reklamlar\u0131 kullan\u0131yoruz. Bu site taraf\u0131ndan kullan\u0131lan davran\u0131\u015fsal reklam \u00e7erezleri, ilgi alanlar\u0131n\u0131z\u0131 anonim olarak takip ederek ve ilginizi \u00e7ekebilecek benzer \u015feyleri sunarak size m\u00fcmk\u00fcn olan en uygun reklamlar\u0131 sunmam\u0131z\u0131 sa\u011flamak i\u00e7in tasarlanm\u0131\u015ft\u0131r.<\/li>\n\n\n\n<li>Bir\u00e7ok ortak bizim ad\u0131m\u0131za reklam verir ve ba\u011fl\u0131 kurulu\u015f izleme \u00e7erezleri, m\u00fc\u015fterilerimizin siteye ortaklar\u0131m\u0131z\u0131n sitelerinden biri arac\u0131l\u0131\u011f\u0131yla eri\u015fip eri\u015fmedi\u011fini g\u00f6rmemize olanak tan\u0131r, b\u00f6ylece onlar\u0131 uygun \u015fekilde kredilendirebiliriz ve uygulanabilir oldu\u011funda, ba\u011fl\u0131 ortaklar\u0131m\u0131z\u0131n herhangi bir promosyon sunmas\u0131na izin verebiliriz. sat\u0131n alma yapman\u0131z\u0131 sa\u011flayabilir.<\/li>\n<\/ul>\n\n\n\n<h3 class=\"wp-block-heading\">Kullan\u0131c\u0131 Taahh\u00fcd\u00fc<\/h3>\n\n\n\n<p>Kullan\u0131c\u0131, Mobzin&#039;in web sitesinde sundu\u011fu i\u00e7erik ve bilgileri a\u00e7\u0131klay\u0131c\u0131 ancak s\u0131n\u0131rlay\u0131c\u0131 olmayan nitelikte kullanmay\u0131 taahh\u00fct eder:<\/p>\n\n\n\n<ul class=\"wp-block-list\">\n<li>A) Kanuna ayk\u0131r\u0131 veya iyi niyet ve kamu d\u00fczenine ayk\u0131r\u0131 faaliyetlerde bulunmamak;<\/li>\n\n\n\n<li>B) Ter\u00f6rizmi destekleyen veya insan haklar\u0131na ayk\u0131r\u0131 olan \u0131rk\u00e7\u0131, yabanc\u0131 d\u00fc\u015fmanl\u0131\u011f\u0131, betano veya k\u00f6t\u00fc nitelikteki propaganda veya i\u00e7eri\u011fi, her t\u00fcrl\u00fc yasa d\u0131\u015f\u0131 pornografiyi yaymay\u0131n;<\/li>\n\n\n\n<li>C) Mobzin&#039;in, tedarik\u00e7ilerinin veya \u00fc\u00e7\u00fcnc\u00fc taraflar\u0131n fiziksel (donan\u0131m) ve mant\u0131ksal (yaz\u0131l\u0131m) sistemlerine zarar vermemek, bilgisayar vir\u00fcsleri veya yukar\u0131da belirtilen zararlara neden olabilecek di\u011fer donan\u0131m veya yaz\u0131l\u0131m sistemlerini sokmamak veya yaymamak.<\/li>\n<\/ul>\n\n\n\n<h3 class=\"wp-block-heading\">Daha fazla bilgi<\/h3>\n\n\n\n<p>Umar\u0131m bu a\u00e7\u0131kt\u0131r ve daha \u00f6nce de belirtildi\u011fi gibi, ihtiyac\u0131n\u0131z olup olmad\u0131\u011f\u0131ndan emin olmad\u0131\u011f\u0131n\u0131z bir \u015fey varsa, sitemizde kulland\u0131\u011f\u0131n\u0131z \u00f6zelliklerden biriyle etkile\u015fime girmesi durumunda \u00e7erezleri etkin b\u0131rakmak genellikle daha g\u00fcvenlidir.<\/p>\n\n\n\n<p>Bu politika 16 Nisan 2023 22:42 tarihinden itibaren ge\u00e7erlidir.<\/p>\n\n\n\n<p><\/p>","protected":false},"excerpt":{"rendered":"<p>A sua privacidade \u00e9 importante para n\u00f3s. \u00c9 pol\u00edtica do Mobzin respeitar a sua privacidade em rela\u00e7\u00e3o a qualquer informa\u00e7\u00e3o sua que possamos coletar no site mobzin, e outros sites que possu\u00edmos e operamos. Solicitamos informa\u00e7\u00f5es pessoais apenas quando realmente precisamos delas para lhe fornecer um servi\u00e7o. Fazemo-lo por meios justos e legais, com o [&hellip;]<\/p>\n","protected":false},"author":4,"featured_media":0,"parent":0,"menu_order":0,"comment_status":"closed","ping_status":"closed","template":"","meta":{"footnotes":""},"class_list":["post-3","page","type-page","status-publish"],"_links":{"self":[{"href":"https:\/\/mobzin.com\/tr\/wp-json\/wp\/v2\/pages\/3","targetHints":{"allow":["GET"]}}],"collection":[{"href":"https:\/\/mobzin.com\/tr\/wp-json\/wp\/v2\/pages"}],"about":[{"href":"https:\/\/mobzin.com\/tr\/wp-json\/wp\/v2\/types\/page"}],"author":[{"embeddable":true,"href":"https:\/\/mobzin.com\/tr\/wp-json\/wp\/v2\/users\/4"}],"replies":[{"embeddable":true,"href":"https:\/\/mobzin.com\/tr\/wp-json\/wp\/v2\/comments?post=3"}],"version-history":[{"count":4,"href":"https:\/\/mobzin.com\/tr\/wp-json\/wp\/v2\/pages\/3\/revisions"}],"predecessor-version":[{"id":465,"href":"https:\/\/mobzin.com\/tr\/wp-json\/wp\/v2\/pages\/3\/revisions\/465"}],"wp:attachment":[{"href":"https:\/\/mobzin.com\/tr\/wp-json\/wp\/v2\/media?parent=3"}],"curies":[{"name":"wp","href":"https:\/\/api.w.org\/{rel}","templated":true}]}}