{"id":89,"date":"2022-11-02T00:36:48","date_gmt":"2022-11-02T00:36:48","guid":{"rendered":"https:\/\/mobzin.com\/?page_id=89"},"modified":"2023-10-06T05:22:34","modified_gmt":"2023-10-06T05:22:34","slug":"kullanim-sartlari","status":"publish","type":"page","link":"https:\/\/mobzin.com\/tr\/kullanim-sartlari\/","title":{"rendered":"Kullan\u0131m \u015eartlar\u0131"},"content":{"rendered":"<p>kullan\u0131m Ko\u015fullar\u0131<br>Mobzin&#039;e ho\u015f geldiniz!<br>Bu \u015fartlar ve ko\u015fullar, https:\/\/mobzin.com\/ adresinde bulunan Mobzin \u015firket web sitesinin kullan\u0131m\u0131na ili\u015fkin kurallar\u0131 a\u00e7\u0131klamaktad\u0131r.<\/p>\n\n\n\n<p>Bu web sitesine eri\u015ferek a\u015fa\u011f\u0131daki \u015fart ve ko\u015fullar\u0131 kabul etti\u011finizi d\u00fc\u015f\u00fcn\u00fcyoruz. Bu s\u00f6zle\u015fmede a\u00e7\u0131klanan \u015fart ve ko\u015fullar\u0131 kabul etmiyorsan\u0131z Mobzin&#039;i kullanmaya devam etmeyin.<\/p>\n\n\n\n<p><strong>Kurabiye<\/strong>:<br>Web sitesi, internet deneyiminizi ki\u015fiselle\u015ftirmenize yard\u0131mc\u0131 olmak i\u00e7in \u00e7erezleri kullan\u0131r. Mobzin web sitesine eri\u015ferek gerekli \u00e7erezlerin kullan\u0131m\u0131n\u0131 kabul etmi\u015f olursunuz.<\/p>\n\n\n\n<p>\u00c7erezler, bir web sayfas\u0131 sunucusu taraf\u0131ndan sabit diskinize yerle\u015ftirilen metin dosyalar\u0131d\u0131r. \u00c7erezlerin bilgisayar\u0131n\u0131za program \u00e7al\u0131\u015ft\u0131rmas\u0131na veya vir\u00fcs aktarmas\u0131na izin verilmez. \u00c7erezler sizinle benzersiz bir \u015fekilde ili\u015fkilendirilir ve yaln\u0131zca \u00e7erezi yay\u0131nlayan alan ad\u0131n\u0131n web sunucusu taraf\u0131ndan okunabilir.<\/p>\n\n\n\n<p>Web sitemizde istatistiksel ve pazarlama ama\u00e7l\u0131 bilgi toplamak, saklamak veya izlemek i\u00e7in \u00e7erezleri kullanabiliriz. \u0130ste\u011fe ba\u011fl\u0131 \u00e7erezleri kabul etme veya reddetme se\u00e7ene\u011finiz vard\u0131r. Web sitemizin \u00e7al\u0131\u015fmas\u0131 i\u00e7in gerekli olan baz\u0131 zorunlu \u00e7erezler bulunmaktad\u0131r. Bu zorunlu \u00e7erezler sizin izninizi gerektirir. L\u00fctfen zorunlu \u00e7erezleri kabul ederek, web sitemizde onlar taraf\u0131ndan sa\u011flanan hizmetleri (\u00f6rne\u011fin, \u00fc\u00e7\u00fcnc\u00fc taraf \u015firketlerin sa\u011flad\u0131\u011f\u0131 video oynatma penceresi) kullanman\u0131z durumunda \u00fc\u00e7\u00fcnc\u00fc taraflarca kullan\u0131labilecek \u00fc\u00e7\u00fcnc\u00fc taraf \u00e7erezlerini de kabul etti\u011finizi unutmay\u0131n. ve web sitemize entegre edilmi\u015ftir.<\/p>\n\n\n\n<p><strong>Lisans<\/strong>:<br>Aksi belirtilmedik\u00e7e Mobzin ve lisans verenleri, Mobzin&#039;de yay\u0131nlanan t\u00fcm materyallerin fikri m\u00fclkiyet haklar\u0131na sahiptir. T\u00fcm fikri m\u00fclkiyet haklar\u0131 sakl\u0131d\u0131r.<\/p>\n\n\n\n<p><strong>\u0130zniniz yok<\/strong>:<\/p>\n\n\n\n<p>Mobzin&#039;deki materyalleri kopyalay\u0131n veya yeniden yay\u0131nlay\u0131n<br>Malzemeleri Mobzin&#039;den sat\u0131n, kiralay\u0131n veya alt kiraya verin<br>Mobzin&#039;deki materyalleri \u00e7o\u011falt\u0131n, \u00e7o\u011falt\u0131n veya kopyalay\u0131n<br>Mobzin i\u00e7eri\u011fini yeniden da\u011f\u0131t\u0131n<br>Bu Anla\u015fma, bu tarihten itibaren ge\u00e7erli olacakt\u0131r.<\/p>\n\n\n\n<p>Bu web sitesinin baz\u0131 b\u00f6l\u00fcmleri, kullan\u0131c\u0131ya belirli alanlarda g\u00f6r\u00fc\u015f ve bilgi g\u00f6nderme ve tart\u0131\u015fma f\u0131rsat\u0131 sunmaktad\u0131r. Mobzin, Yorumlar\u0131 sitede g\u00f6r\u00fcnmeden \u00f6nce filtrelemez, d\u00fczenlemez, yay\u0131nlamaz veya incelemez. Yorumlar, onlar\u0131 yay\u0131nlayan ki\u015finin g\u00f6r\u00fc\u015flerini yans\u0131t\u0131r. Ge\u00e7erli yasalar\u0131n izin verdi\u011fi \u00f6l\u00e7\u00fcde Mobzin, Yorumlardan veya Yorumlar\u0131n bu web sitesinde kullan\u0131lmas\u0131 ve\/veya yay\u0131nlanmas\u0131 ve\/veya g\u00f6r\u00fcnmesi sonucunda ortaya \u00e7\u0131kan veya maruz kal\u0131nan hi\u00e7bir zarar, risk veya masraftan yasal olarak sorumlu olmayacakt\u0131r.<\/p>\n\n\n\n<p>Mobzin, uygunsuz, sald\u0131rgan veya bu s\u00f6zle\u015fmenin H\u00fck\u00fcm ve Ko\u015fullar\u0131n\u0131 ihlal eden Yorumlar\u0131 kald\u0131rma hakk\u0131n\u0131 sakl\u0131 tutar.<\/p>\n\n\n\n<p><strong>Bunu beyan ve garanti ediyorsunuz<\/strong>:<\/p>\n\n\n\n<p>Web sitemizde Yorum yay\u0131nlama hakk\u0131na sahipsiniz ve bunu yapmak i\u00e7in t\u00fcm lisanslara ve izinlere sahipsiniz;<br>Yorumlar\u0131n\u0131z herhangi bir \u00fc\u00e7\u00fcnc\u00fc taraf\u0131n telif hakk\u0131, patenti veya ticari markas\u0131 da dahil olmak \u00fczere hi\u00e7bir fikri m\u00fclkiyeti ihlal etmez;<br>Yorumlar\u0131n\u0131z karalay\u0131c\u0131, iftira niteli\u011finde, sald\u0131rgan, uygunsuz veya ba\u015fka bir \u015fekilde gizlili\u011fi ihlal eden yasa d\u0131\u015f\u0131 materyal i\u00e7ermemektedir.<br>Yorumlar\u0131n\u0131z i\u015f te\u015fvik etmek veya te\u015fvik etmek veya ticari faaliyetler veya yasa d\u0131\u015f\u0131 faaliyetler sunmak i\u00e7in kullan\u0131lmayacakt\u0131r.<br>\u0130\u015fbu belge ile Mobzin&#039;e, Yorumlar\u0131n\u0131z\u0131 her t\u00fcrl\u00fc form, format ve ortamda kullanmas\u0131, \u00e7o\u011faltmas\u0131, d\u00fczenlemesi ve ba\u015fkalar\u0131na da bunlar\u0131 kullanmas\u0131, \u00e7o\u011faltmas\u0131 veya d\u00fczenlemesi i\u00e7in yetki vermek \u00fczere m\u00fcnhas\u0131r olmayan bir lisans veriyorsunuz.<\/p>\n\n\n\n<p>\u0130\u00e7eri\u011fimize ba\u011flant\u0131lar olu\u015fturma<br>A\u015fa\u011f\u0131daki kurulu\u015flar \u00f6nceden yaz\u0131l\u0131 onay olmaks\u0131z\u0131n Web Sitemize ba\u011flant\u0131 verebilir:<\/p>\n\n\n\n<p>Devlet kurumlar\u0131;<br>Arama motorlar\u0131;<br>Medya kurulu\u015flar\u0131;<br>\u00c7evrimi\u00e7i dizin da\u011f\u0131t\u0131c\u0131lar\u0131, listelenen di\u011fer i\u015fletmelerin Web sitelerine hiper ba\u011flant\u0131 yapt\u0131klar\u0131 gibi Web Sitemize de hiper ba\u011flant\u0131 verebilirler; Bu<br>K\u00e2r amac\u0131 g\u00fctmeyen ba\u011f\u0131\u015f toplama kurulu\u015flar\u0131 ve hay\u0131r ama\u00e7l\u0131 ba\u011f\u0131\u015f toplama gruplar\u0131 d\u0131\u015f\u0131ndaki akredite i\u015fletmeler, \u00f6nceden onay al\u0131nmadan Sitemize ba\u011flant\u0131 veremez.<br>Bu kurulu\u015flar, ba\u011flant\u0131n\u0131n: (a) hi\u00e7bir \u015fekilde yan\u0131lt\u0131c\u0131 olmamas\u0131; (b) \u00fcr\u00fcnler ve\/veya hizmetlerle ilgili olarak bizimle bir sponsorluk, onay veya onay ili\u015fkisinin varl\u0131\u011f\u0131n\u0131 yanl\u0131\u015f bir \u015fekilde ima etmemelisiniz; ve (c) eklendi\u011fi ba\u011flama uygun olmal\u0131d\u0131r.<\/p>\n\n\n\n<p>A\u015fa\u011f\u0131daki kurulu\u015f t\u00fcrlerinden gelen ba\u011flant\u0131 isteklerini de\u011ferlendirebilir ve onaylayabiliriz:<\/p>\n\n\n\n<p>\u00fcr\u00fcnler ve i\u015fletmeler hakk\u0131nda iyi bilinen bilgi kaynaklar\u0131;<br>dot.com topluluk siteleri;<br>hay\u0131r kurumlar\u0131n\u0131 temsil eden dernekler ve di\u011fer gruplar;<br>\u00e7evrimi\u00e7i rehber da\u011f\u0131t\u0131c\u0131lar\u0131;<br>internet portallar\u0131;<br>muhasebe, hukuk ve dan\u0131\u015fmanl\u0131k firmalar\u0131; Bu<br>e\u011fitim kurumlar\u0131 ve s\u0131n\u0131f dernekleri.<br>Yukar\u0131da listelenen t\u00fcrdeki kurulu\u015flar\u0131n yapt\u0131\u011f\u0131 ba\u011flant\u0131 taleplerini, (a) ba\u011flant\u0131n\u0131n bizim imaj\u0131m\u0131za ve\/veya akredite \u015firketlerin imaj\u0131na olumsuz olmad\u0131\u011f\u0131; (b) talepte bulunan kurulu\u015fun bizimle olumsuz bir ge\u00e7mi\u015finin olmamas\u0131; (c) ba\u011flant\u0131n\u0131n g\u00f6r\u00fcn\u00fcrl\u00fc\u011f\u00fcnden elde etti\u011fimiz fayda, Mobzin&#039;in yoklu\u011funu telafi eder; ve (d) ba\u011flant\u0131 genel bir bilgilendirme ba\u011flam\u0131na yerle\u015ftirilecektir.<\/p>\n\n\n\n<p>Bu kurulu\u015flar, ba\u011flant\u0131n\u0131n: (a) hi\u00e7bir \u015fekilde yan\u0131lt\u0131c\u0131 olmamas\u0131; (b) taraf\u0131m\u0131zca \u00fcr\u00fcn ve\/veya hizmetlerin sponsorlu\u011funun, onay\u0131n\u0131n veya onay\u0131n\u0131n varl\u0131\u011f\u0131n\u0131 yanl\u0131\u015f bir \u015fekilde ima etmemelisiniz; ve (c) eklendi\u011fi ba\u011flama uygun olmal\u0131d\u0131r.<\/p>\n\n\n\n<p>Yukar\u0131daki 2. paragrafta listelenen kurulu\u015flardan birini temsil ediyorsan\u0131z ve web sitemize bir ba\u011flant\u0131 g\u00f6ndermekle ilgileniyorsan\u0131z, Mobzin&#039;e bir e-posta g\u00f6ndererek ilginizi bize bildirmelisiniz. L\u00fctfen ad\u0131n\u0131z\u0131, kurulu\u015funuzun ad\u0131n\u0131 ve ileti\u015fim bilgilerinizin yan\u0131 s\u0131ra sitenizin URL&#039;sini, sitemizdeki ba\u011flant\u0131 vermek istedi\u011finiz URL&#039;lerin listesini ve mesajlar\u0131m\u0131z\u0131 yay\u0131nlamay\u0131 d\u00fc\u015f\u00fcnd\u00fc\u011f\u00fcn\u00fcz sitelerin listesini ekleyin. URL&#039;ler. Yan\u0131t alman\u0131z i\u00e7in l\u00fctfen 2 ila 3 hafta bekleyin.<\/p>\n\n\n\n<p>Onayl\u0131 kurulu\u015flar Sitemize ba\u011flant\u0131lar\u0131 a\u015fa\u011f\u0131daki \u015fekillerde yay\u0131nlayabilir:<\/p>\n\n\n\n<p>Kurumsal ad\u0131m\u0131z\u0131 kullanarak; veya<br>Ba\u011flant\u0131n\u0131n y\u00f6nlendirdi\u011fi URL&#039;yi kullanma; veya<br>Sitemizin, ba\u011flant\u0131n\u0131n eklendi\u011fi i\u00e7eri\u011fin ba\u011flam\u0131 ve bi\u00e7imi a\u00e7\u0131s\u0131ndan anlaml\u0131 olan ba\u015fka bir a\u00e7\u0131klamas\u0131n\u0131n kullan\u0131lmas\u0131.<br>Ticari markan\u0131n kullan\u0131m\u0131na ili\u015fkin bir lisans s\u00f6zle\u015fmesi olmadan Mobzin logosuna ve\/veya di\u011fer g\u00f6rsel unsurlara ba\u011flant\u0131lar\u0131n kullan\u0131lmas\u0131na veya yay\u0131nlanmas\u0131na izin verilmeyecektir.<\/p>\n\n\n\n<p><strong>\u0130\u00e7erik Sorumlulu\u011fu<\/strong>:<br>Sitenizde g\u00f6r\u00fcnen hi\u00e7bir i\u00e7erikten yasal olarak sorumlu tutulmayaca\u011f\u0131z. Sitenizde ileri s\u00fcr\u00fclen t\u00fcm iddialara kar\u015f\u0131 bizi korumay\u0131 ve savunmay\u0131 kabul edersiniz. Hi\u00e7bir Web Sitesinde iftira niteli\u011finde, m\u00fcstehcen, su\u00e7 olarak yorumlanabilecek veya herhangi bir \u00fc\u00e7\u00fcnc\u00fc taraf hakk\u0131n\u0131 ihlal eden, ihlal eden veya ihlalini savunan hi\u00e7bir ba\u011flant\u0131\/ba\u011flant\u0131lar g\u00f6r\u00fcnmemelidir.<\/p>\n\n\n\n<p><strong>Haklar\u0131n Sakl\u0131 Tutulmas\u0131<\/strong>:<br>Web sitemize y\u00f6nlendiren t\u00fcm ba\u011flant\u0131lar\u0131 veya ba\u011flant\u0131lar\u0131 kald\u0131rman\u0131z\u0131 talep etme hakk\u0131m\u0131z\u0131 sakl\u0131 tutuyoruz. Kald\u0131rma talebi \u00fczerine Web Sitemize olan t\u00fcm ba\u011flant\u0131lar\u0131 derhal kald\u0131rmay\u0131 kabul edersiniz. Ayr\u0131ca bu h\u00fck\u00fcm ve ko\u015fullar\u0131 herhangi bir zamanda tadil etme ve de\u011fi\u015ftirme hakk\u0131m\u0131z\u0131 da sakl\u0131 tutuyoruz. S\u00fcrekli olarak web sitemize ba\u011flant\u0131lar g\u00f6ndererek, bu ba\u011flant\u0131 \u015fart ve ko\u015fullar\u0131na ba\u011fl\u0131 kalmay\u0131 kabul etmi\u015f olursunuz.<\/p>\n\n\n\n<p><strong>Web sitemizde yay\u0131nlanan ba\u011flant\u0131lar\u0131n kald\u0131r\u0131lmas\u0131<\/strong>:<br>Web sitemizde herhangi bir \u015fekilde rahats\u0131z edici bir ba\u011flant\u0131 bulursan\u0131z, istedi\u011finiz zaman bizimle ileti\u015fime ge\u00e7ebilir ve sorunu bize bildirebilirsiniz. Ba\u011flant\u0131lar\u0131n kald\u0131r\u0131lmas\u0131na y\u00f6nelik talepleri dikkate alaca\u011f\u0131z ancak Web Sitemize giden herhangi bir ba\u011flant\u0131y\u0131 kald\u0131rmak veya iste\u011finize do\u011frudan yan\u0131t vermek zorunda de\u011filiz.<\/p>\n\n\n\n<p>Bu web sitesinde yer alan bilgilerin do\u011fru oldu\u011funu garanti etmiyoruz. \u0130\u00e7eri\u011fin eksiksizli\u011fini veya do\u011frulu\u011funu garanti etmiyoruz. Web sitesinin kullan\u0131labilir kalaca\u011f\u0131n\u0131 veya web sitesindeki materyalin g\u00fcncel tutulaca\u011f\u0131n\u0131 garanti etmiyoruz.<\/p>\n\n\n\n<p><strong>Sorumluluk reddi beyan\u0131<\/strong>:<br>Yasalar\u0131n izin verdi\u011fi azami \u00f6l\u00e7\u00fcde, web sitemize ve bu web sitesinin kullan\u0131m\u0131na ili\u015fkin t\u00fcm beyanlar\u0131, garantileri ve ko\u015fullar\u0131 hari\u00e7 tutuyoruz. Bu sorumluluk reddi beyan\u0131ndaki hi\u00e7bir \u015fey:<\/p>\n\n\n\n<p>\u00f6l\u00fcm veya ki\u015fisel yaralanmaya ili\u015fkin sorumlulu\u011fumuzu veya sorumlulu\u011funuzu s\u0131n\u0131rlamak veya hari\u00e7 tutmak;<br>Doland\u0131r\u0131c\u0131l\u0131k veya hileli yanl\u0131\u015f beyana ili\u015fkin sorumlulu\u011fumuzu veya sorumlulu\u011funuzu s\u0131n\u0131rlamak veya hari\u00e7 tutmak;<br>Yasalar\u0131n izin vermedi\u011fi herhangi bir \u015fekilde sorumlulu\u011fumuzu veya sorumlulu\u011funuzu s\u0131n\u0131rlamak;<br>Sizin veya bizim, y\u00fcr\u00fcrl\u00fckteki kanunlar kapsam\u0131nda hari\u00e7 tutulamayacak olan y\u00fck\u00fcml\u00fcl\u00fckleri hari\u00e7 tutaca\u011f\u0131z.<br>Bu B\u00f6l\u00fcmde ve bu bildirimin ba\u015fka yerlerinde listelenen sorumluluk s\u0131n\u0131rlamalar\u0131 ve yasaklar\u0131: (a) \u00f6nceki paragrafa tabidir; ve (b) s\u00f6zle\u015fmeden, haks\u0131z fiilden ve yasal y\u00fck\u00fcml\u00fcl\u00fc\u011f\u00fcn ihlalinden kaynaklanan y\u00fck\u00fcml\u00fcl\u00fckler de dahil olmak \u00fczere, beyan kapsam\u0131nda ortaya \u00e7\u0131kan t\u00fcm y\u00fck\u00fcml\u00fcl\u00fckleri y\u00f6netecektir.<\/p>\n\n\n\n<p>Web sitesi ve web sitesindeki bilgi ve hizmetler \u00fccretsiz olarak sa\u011fland\u0131\u011f\u0131 s\u00fcrece, her t\u00fcrl\u00fc kay\u0131p veya zarardan sorumlu olmayaca\u011f\u0131z.<\/p>","protected":false},"excerpt":{"rendered":"<p>Termos e Condi\u00e7\u00f5es de UsoSeja bem-vindo ao Mobzin!Estes termos e condi\u00e7\u00f5es descrevem as regras de uso do site da empresa Mobzin, localizado no endere\u00e7o https:\/\/mobzin.com\/. Ao acessar este site, consideramos que voc\u00ea est\u00e1 de acordo com os termos e condi\u00e7\u00f5es abaixo. N\u00e3o continue a usar o Mobzin caso voc\u00ea discorde dos termos e condi\u00e7\u00f5es descritos [&hellip;]<\/p>\n","protected":false},"author":4,"featured_media":0,"parent":0,"menu_order":0,"comment_status":"closed","ping_status":"closed","template":"","meta":{"footnotes":""},"class_list":["post-89","page","type-page","status-publish"],"_links":{"self":[{"href":"https:\/\/mobzin.com\/tr\/wp-json\/wp\/v2\/pages\/89","targetHints":{"allow":["GET"]}}],"collection":[{"href":"https:\/\/mobzin.com\/tr\/wp-json\/wp\/v2\/pages"}],"about":[{"href":"https:\/\/mobzin.com\/tr\/wp-json\/wp\/v2\/types\/page"}],"author":[{"embeddable":true,"href":"https:\/\/mobzin.com\/tr\/wp-json\/wp\/v2\/users\/4"}],"replies":[{"embeddable":true,"href":"https:\/\/mobzin.com\/tr\/wp-json\/wp\/v2\/comments?post=89"}],"version-history":[{"count":5,"href":"https:\/\/mobzin.com\/tr\/wp-json\/wp\/v2\/pages\/89\/revisions"}],"predecessor-version":[{"id":346,"href":"https:\/\/mobzin.com\/tr\/wp-json\/wp\/v2\/pages\/89\/revisions\/346"}],"wp:attachment":[{"href":"https:\/\/mobzin.com\/tr\/wp-json\/wp\/v2\/media?parent=89"}],"curies":[{"name":"wp","href":"https:\/\/api.w.org\/{rel}","templated":true}]}}