{"id":3,"date":"2022-10-24T23:31:41","date_gmt":"2022-10-24T23:31:41","guid":{"rendered":"https:\/\/mobzin.com\/?page_id=3"},"modified":"2023-10-31T07:48:30","modified_gmt":"2023-10-31T07:48:30","slug":"chinh-sach-bao-mat","status":"publish","type":"page","link":"https:\/\/mobzin.com\/vi\/chinh-sach-bao-mat\/","title":{"rendered":"Ch\u00ednh s\u00e1ch b\u1ea3o m\u1eadt"},"content":{"rendered":"<p>Quy\u1ec1n ri\u00eang t\u01b0 c\u1ee7a b\u1ea1n r\u1ea5t quan tr\u1ecdng v\u1edbi ch\u00fang t\u00f4i. Ch\u00ednh s\u00e1ch c\u1ee7a Mobzin l\u00e0 t\u00f4n tr\u1ecdng quy\u1ec1n ri\u00eang t\u01b0 c\u1ee7a b\u1ea1n v\u1ec1 b\u1ea5t k\u1ef3 th\u00f4ng tin n\u00e0o ch\u00fang t\u00f4i c\u00f3 th\u1ec3 thu th\u1eadp t\u1eeb b\u1ea1n tr\u00ean trang web <a href=\"https:\/\/mobzin.com\/vi\/\">\u0111\u00e1m \u0111\u00f4ng<\/a>v\u00e0 c\u00e1c trang web kh\u00e1c m\u00e0 ch\u00fang t\u00f4i s\u1edf h\u1eefu v\u00e0 v\u1eadn h\u00e0nh.<\/p>\n\n\n\n<p>Ch\u00fang t\u00f4i ch\u1ec9 y\u00eau c\u1ea7u th\u00f4ng tin c\u00e1 nh\u00e2n khi ch\u00fang t\u00f4i th\u1ef1c s\u1ef1 c\u1ea7n n\u00f3 \u0111\u1ec3 cung c\u1ea5p d\u1ecbch v\u1ee5 cho b\u1ea1n. Ch\u00fang t\u00f4i l\u00e0m nh\u01b0 v\u1eady b\u1eb1ng c\u00e1c bi\u1ec7n ph\u00e1p c\u00f4ng b\u1eb1ng v\u00e0 h\u1ee3p ph\u00e1p, v\u1edbi s\u1ef1 hi\u1ec3u bi\u1ebft v\u00e0 \u0111\u1ed3ng \u00fd c\u1ee7a b\u1ea1n. Ch\u00fang t\u00f4i c\u0169ng cho b\u1ea1n bi\u1ebft l\u00fd do t\u1ea1i sao ch\u00fang t\u00f4i thu th\u1eadp n\u00f3 v\u00e0 n\u00f3 s\u1ebd \u0111\u01b0\u1ee3c s\u1eed d\u1ee5ng nh\u01b0 th\u1ebf n\u00e0o.<\/p>\n\n\n\n<p>Ch\u00fang t\u00f4i ch\u1ec9 l\u01b0u gi\u1eef th\u00f4ng tin \u0111\u00e3 thu th\u1eadp trong kho\u1ea3ng th\u1eddi gian c\u1ea7n thi\u1ebft \u0111\u1ec3 cung c\u1ea5p d\u1ecbch v\u1ee5 \u0111\u01b0\u1ee3c y\u00eau c\u1ea7u. Khi l\u01b0u tr\u1eef d\u1eef li\u1ec7u, ch\u00fang t\u00f4i b\u1ea3o v\u1ec7 d\u1eef li\u1ec7u \u0111\u00f3 b\u1eb1ng c\u00e1c ph\u01b0\u01a1ng ti\u1ec7n \u0111\u01b0\u1ee3c ch\u1ea5p nh\u1eadn v\u1ec1 m\u1eb7t th\u01b0\u01a1ng m\u1ea1i \u0111\u1ec3 ng\u0103n ng\u1eeba m\u1ea5t m\u00e1t v\u00e0 tr\u1ed9m c\u1eafp c\u0169ng nh\u01b0 truy c\u1eadp, ti\u1ebft l\u1ed9, sao ch\u00e9p, s\u1eed d\u1ee5ng ho\u1eb7c s\u1eeda \u0111\u1ed5i tr\u00e1i ph\u00e9p.<\/p>\n\n\n\n<p>Ch\u00fang t\u00f4i kh\u00f4ng chia s\u1ebb th\u00f4ng tin nh\u1eadn d\u1ea1ng c\u00e1 nh\u00e2n m\u1ed9t c\u00e1ch c\u00f4ng khai ho\u1eb7c v\u1edbi b\u00ean th\u1ee9 ba tr\u1eeb khi ph\u00e1p lu\u1eadt y\u00eau c\u1ea7u.<\/p>\n\n\n\n<p>Trang web c\u1ee7a ch\u00fang t\u00f4i c\u00f3 th\u1ec3 c\u00f3 li\u00ean k\u1ebft \u0111\u1ebfn c\u00e1c trang web b\u00ean ngo\u00e0i kh\u00f4ng do ch\u00fang t\u00f4i \u0111i\u1ec1u h\u00e0nh. Xin l\u01b0u \u00fd r\u1eb1ng ch\u00fang t\u00f4i kh\u00f4ng ki\u1ec3m so\u00e1t n\u1ed9i dung v\u00e0 ho\u1ea1t \u0111\u1ed9ng c\u1ee7a c\u00e1c trang web n\u00e0y v\u00e0 kh\u00f4ng th\u1ec3 ch\u1ecbu tr\u00e1ch nhi\u1ec7m v\u1ec1 ch\u00ednh s\u00e1ch b\u1ea3o m\u1eadt t\u01b0\u01a1ng \u1ee9ng c\u1ee7a h\u1ecd.<\/p>\n\n\n\n<p>B\u1ea1n c\u00f3 quy\u1ec1n t\u1eeb ch\u1ed1i y\u00eau c\u1ea7u c\u1ee7a ch\u00fang t\u00f4i v\u1ec1 th\u00f4ng tin c\u00e1 nh\u00e2n c\u1ee7a b\u1ea1n v\u1edbi s\u1ef1 hi\u1ec3u bi\u1ebft r\u1eb1ng ch\u00fang t\u00f4i c\u00f3 th\u1ec3 kh\u00f4ng th\u1ec3 cung c\u1ea5p cho b\u1ea1n m\u1ed9t s\u1ed1 d\u1ecbch v\u1ee5 m\u00e0 b\u1ea1n mong mu\u1ed1n.<\/p>\n\n\n\n<p>Vi\u1ec7c b\u1ea1n ti\u1ebfp t\u1ee5c s\u1eed d\u1ee5ng trang web c\u1ee7a ch\u00fang t\u00f4i s\u1ebd \u0111\u01b0\u1ee3c coi l\u00e0 ch\u1ea5p nh\u1eadn c\u00e1c th\u1ef1c ti\u1ec5n c\u1ee7a ch\u00fang t\u00f4i v\u1ec1 quy\u1ec1n ri\u00eang t\u01b0 v\u00e0 th\u00f4ng tin c\u00e1 nh\u00e2n. N\u1ebfu b\u1ea1n c\u00f3 b\u1ea5t k\u1ef3 c\u00e2u h\u1ecfi n\u00e0o v\u1ec1 c\u00e1ch ch\u00fang t\u00f4i x\u1eed l\u00fd d\u1eef li\u1ec7u ng\u01b0\u1eddi d\u00f9ng v\u00e0 th\u00f4ng tin c\u00e1 nh\u00e2n, vui l\u00f2ng li\u00ean h\u1ec7 v\u1edbi ch\u00fang t\u00f4i.<\/p>\n\n\n\n<ul class=\"wp-block-list\">\n<li>D\u1ecbch v\u1ee5 Google AdSense m\u00e0 ch\u00fang t\u00f4i s\u1eed d\u1ee5ng \u0111\u1ec3 ph\u00e2n ph\u00e1t qu\u1ea3ng c\u00e1o s\u1eed d\u1ee5ng cookie DoubleClick \u0111\u1ec3 ph\u00e2n ph\u00e1t c\u00e1c qu\u1ea3ng c\u00e1o c\u00f3 li\u00ean quan h\u01a1n tr\u00ean web v\u00e0 gi\u1edbi h\u1ea1n s\u1ed1 l\u1ea7n m\u1ed9t qu\u1ea3ng c\u00e1o c\u1ee5 th\u1ec3 \u0111\u01b0\u1ee3c hi\u1ec3n th\u1ecb cho b\u1ea1n.<\/li>\n\n\n\n<li>\u0110\u1ec3 bi\u1ebft th\u00eam th\u00f4ng tin v\u1ec1 Google AdSense, h\u00e3y xem C\u00e2u h\u1ecfi th\u01b0\u1eddng g\u1eb7p ch\u00ednh th\u1ee9c v\u1ec1 quy\u1ec1n ri\u00eang t\u01b0 c\u1ee7a Google AdSense.<\/li>\n\n\n\n<li>Ch\u00fang t\u00f4i s\u1eed d\u1ee5ng qu\u1ea3ng c\u00e1o \u0111\u1ec3 b\u00f9 \u0111\u1eafp chi ph\u00ed v\u1eadn h\u00e0nh trang web n\u00e0y v\u00e0 cung c\u1ea5p kinh ph\u00ed cho s\u1ef1 ph\u00e1t tri\u1ec3n trong t\u01b0\u01a1ng lai. Cookie qu\u1ea3ng c\u00e1o h\u00e0nh vi \u0111\u01b0\u1ee3c trang web n\u00e0y s\u1eed d\u1ee5ng \u0111\u01b0\u1ee3c thi\u1ebft k\u1ebf \u0111\u1ec3 \u0111\u1ea3m b\u1ea3o r\u1eb1ng ch\u00fang t\u00f4i cung c\u1ea5p cho b\u1ea1n nh\u1eefng qu\u1ea3ng c\u00e1o ph\u00f9 h\u1ee3p nh\u1ea5t c\u00f3 th\u1ec3 b\u1eb1ng c\u00e1ch theo d\u00f5i \u1ea9n danh s\u1edf th\u00edch c\u1ee7a b\u1ea1n v\u00e0 tr\u00ecnh b\u00e0y nh\u1eefng \u0111i\u1ec1u t\u01b0\u01a1ng t\u1ef1 m\u00e0 b\u1ea1n c\u00f3 th\u1ec3 quan t\u00e2m.<\/li>\n\n\n\n<li>M\u1ed9t s\u1ed1 \u0111\u1ed1i t\u00e1c thay m\u1eb7t ch\u00fang t\u00f4i qu\u1ea3ng c\u00e1o v\u00e0 cookie theo d\u00f5i li\u00ean k\u1ebft ch\u1ec9 cho ph\u00e9p ch\u00fang t\u00f4i xem li\u1ec7u kh\u00e1ch h\u00e0ng c\u1ee7a ch\u00fang t\u00f4i c\u00f3 truy c\u1eadp trang web th\u00f4ng qua m\u1ed9t trong c\u00e1c trang web c\u1ee7a \u0111\u1ed1i t\u00e1c hay kh\u00f4ng \u0111\u1ec3 ch\u00fang t\u00f4i c\u00f3 th\u1ec3 ghi c\u00f4ng cho h\u1ecd m\u1ed9t c\u00e1ch th\u00edch h\u1ee3p v\u00e0, n\u1ebfu c\u00f3, cho ph\u00e9p c\u00e1c \u0111\u1ed1i t\u00e1c li\u00ean k\u1ebft c\u1ee7a ch\u00fang t\u00f4i \u0111\u01b0a ra b\u1ea5t k\u1ef3 khuy\u1ebfn m\u00e3i n\u00e0o ph\u00f9 h\u1ee3p c\u00f3 th\u1ec3 cung c\u1ea5p cho b\u1ea1n \u0111\u1ec3 th\u1ef1c hi\u1ec7n mua h\u00e0ng.<\/li>\n<\/ul>\n\n\n\n<h3 class=\"wp-block-heading\">Cam k\u1ebft c\u1ee7a ng\u01b0\u1eddi d\u00f9ng<\/h3>\n\n\n\n<p>Ng\u01b0\u1eddi d\u00f9ng cam k\u1ebft s\u1eed d\u1ee5ng h\u1ee3p l\u00fd n\u1ed9i dung v\u00e0 th\u00f4ng tin m\u00e0 Mobzin cung c\u1ea5p tr\u00ean trang web v\u1edbi t\u00ednh ch\u1ea5t r\u00f5 r\u00e0ng nh\u01b0ng kh\u00f4ng gi\u1edbi h\u1ea1n:<\/p>\n\n\n\n<ul class=\"wp-block-list\">\n<li>A) Kh\u00f4ng tham gia c\u00e1c ho\u1ea1t \u0111\u1ed9ng tr\u00e1i ph\u00e1p lu\u1eadt, tr\u00e1i v\u1edbi thi\u1ec7n ch\u00ed, tr\u1eadt t\u1ef1 c\u00f4ng c\u1ed9ng;<\/li>\n\n\n\n<li>B) Kh\u00f4ng ph\u1ed5 bi\u1ebfn tuy\u00ean truy\u1ec1n ho\u1eb7c n\u1ed9i dung c\u00f3 t\u00ednh ch\u1ea5t ph\u00e2n bi\u1ec7t ch\u1ee7ng t\u1ed9c, b\u00e0i ngo\u1ea1i, betano ho\u1eb7c x\u1ea5u, b\u1ea5t k\u1ef3 h\u00ecnh th\u1ee9c khi\u00eau d\u00e2m b\u1ea5t h\u1ee3p ph\u00e1p n\u00e0o, \u1ee7ng h\u1ed9 kh\u1ee7ng b\u1ed1 ho\u1eb7c ch\u1ed1ng l\u1ea1i nh\u00e2n quy\u1ec1n;<\/li>\n\n\n\n<li>C) Kh\u00f4ng g\u00e2y thi\u1ec7t h\u1ea1i cho h\u1ec7 th\u1ed1ng v\u1eadt l\u00fd (ph\u1ea7n c\u1ee9ng) v\u00e0 logic (ph\u1ea7n m\u1ec1m) c\u1ee7a Mobzin, nh\u00e0 cung c\u1ea5p ho\u1eb7c b\u00ean th\u1ee9 ba c\u1ee7a Mobzin \u0111\u1ec3 gi\u1edbi thi\u1ec7u ho\u1eb7c ph\u00e1t t\u00e1n vi-r\u00fat m\u00e1y t\u00ednh ho\u1eb7c b\u1ea5t k\u1ef3 h\u1ec7 th\u1ed1ng ph\u1ea7n c\u1ee9ng ho\u1eb7c ph\u1ea7n m\u1ec1m n\u00e0o kh\u00e1c c\u00f3 kh\u1ea3 n\u0103ng g\u00e2y ra nh\u1eefng thi\u1ec7t h\u1ea1i n\u00f3i tr\u00ean.<\/li>\n<\/ul>\n\n\n\n<h3 class=\"wp-block-heading\">Th\u00eam th\u00f4ng tin<\/h3>\n\n\n\n<p>Hy v\u1ecdng r\u1eb1ng \u0111i\u1ec1u \u0111\u00f3 \u0111\u00e3 r\u00f5 r\u00e0ng v\u00e0 nh\u01b0 \u0111\u00e3 \u0111\u1ec1 c\u1eadp tr\u01b0\u1edbc \u0111\u00f3, n\u1ebfu c\u00f3 \u0111i\u1ec1u g\u00ec \u0111\u00f3 b\u1ea1n kh\u00f4ng ch\u1eafc ch\u1eafn li\u1ec7u m\u00ecnh c\u00f3 c\u1ea7n hay kh\u00f4ng th\u00ec vi\u1ec7c b\u1eadt cookie th\u01b0\u1eddng an to\u00e0n h\u01a1n trong tr\u01b0\u1eddng h\u1ee3p n\u00f3 t\u01b0\u01a1ng t\u00e1c v\u1edbi m\u1ed9t trong c\u00e1c t\u00ednh n\u0103ng b\u1ea1n s\u1eed d\u1ee5ng tr\u00ean trang web c\u1ee7a ch\u00fang t\u00f4i.<\/p>\n\n\n\n<p>Ch\u00ednh s\u00e1ch n\u00e0y c\u00f3 hi\u1ec7u l\u1ef1c t\u1eeb ng\u00e0y 16 th\u00e1ng 4 n\u0103m 2023 22:42<\/p>\n\n\n\n<p><\/p>","protected":false},"excerpt":{"rendered":"<p>A sua privacidade \u00e9 importante para n\u00f3s. \u00c9 pol\u00edtica do Mobzin respeitar a sua privacidade em rela\u00e7\u00e3o a qualquer informa\u00e7\u00e3o sua que possamos coletar no site mobzin, e outros sites que possu\u00edmos e operamos. Solicitamos informa\u00e7\u00f5es pessoais apenas quando realmente precisamos delas para lhe fornecer um servi\u00e7o. Fazemo-lo por meios justos e legais, com o [&hellip;]<\/p>\n","protected":false},"author":4,"featured_media":0,"parent":0,"menu_order":0,"comment_status":"closed","ping_status":"closed","template":"","meta":{"footnotes":""},"class_list":["post-3","page","type-page","status-publish"],"_links":{"self":[{"href":"https:\/\/mobzin.com\/vi\/wp-json\/wp\/v2\/pages\/3","targetHints":{"allow":["GET"]}}],"collection":[{"href":"https:\/\/mobzin.com\/vi\/wp-json\/wp\/v2\/pages"}],"about":[{"href":"https:\/\/mobzin.com\/vi\/wp-json\/wp\/v2\/types\/page"}],"author":[{"embeddable":true,"href":"https:\/\/mobzin.com\/vi\/wp-json\/wp\/v2\/users\/4"}],"replies":[{"embeddable":true,"href":"https:\/\/mobzin.com\/vi\/wp-json\/wp\/v2\/comments?post=3"}],"version-history":[{"count":4,"href":"https:\/\/mobzin.com\/vi\/wp-json\/wp\/v2\/pages\/3\/revisions"}],"predecessor-version":[{"id":465,"href":"https:\/\/mobzin.com\/vi\/wp-json\/wp\/v2\/pages\/3\/revisions\/465"}],"wp:attachment":[{"href":"https:\/\/mobzin.com\/vi\/wp-json\/wp\/v2\/media?parent=3"}],"curies":[{"name":"wp","href":"https:\/\/api.w.org\/{rel}","templated":true}]}}