{"id":89,"date":"2022-11-02T00:36:48","date_gmt":"2022-11-02T00:36:48","guid":{"rendered":"https:\/\/mobzin.com\/?page_id=89"},"modified":"2023-10-06T05:22:34","modified_gmt":"2023-10-06T05:22:34","slug":"dieu-khoan-su-dung","status":"publish","type":"page","link":"https:\/\/mobzin.com\/vi\/dieu-khoan-su-dung\/","title":{"rendered":"\u0110i\u1ec1u kho\u1ea3n s\u1eed d\u1ee5ng"},"content":{"rendered":"<p>\u0110i\u1ec1u kho\u1ea3n v\u00e0 \u0111i\u1ec1u ki\u1ec7n s\u1eed d\u1ee5ng<br>Ch\u00e0o m\u1eebng \u0111\u1ebfn v\u1edbi Mobzin!<br>C\u00e1c \u0111i\u1ec1u kho\u1ea3n v\u00e0 \u0111i\u1ec1u ki\u1ec7n n\u00e0y m\u00f4 t\u1ea3 c\u00e1c quy t\u1eafc s\u1eed d\u1ee5ng trang web c\u1ee7a c\u00f4ng ty Mobzin, c\u00f3 t\u1ea1i https:\/\/mobzin.com\/.<\/p>\n\n\n\n<p>B\u1eb1ng c\u00e1ch truy c\u1eadp trang web n\u00e0y, ch\u00fang t\u00f4i coi nh\u01b0 b\u1ea1n \u0111\u00e3 \u0111\u1ed3ng \u00fd v\u1edbi c\u00e1c \u0111i\u1ec1u kho\u1ea3n v\u00e0 \u0111i\u1ec1u ki\u1ec7n d\u01b0\u1edbi \u0111\u00e2y. Kh\u00f4ng ti\u1ebfp t\u1ee5c s\u1eed d\u1ee5ng Mobzin n\u1ebfu b\u1ea1n kh\u00f4ng \u0111\u1ed3ng \u00fd v\u1edbi c\u00e1c \u0111i\u1ec1u kho\u1ea3n v\u00e0 \u0111i\u1ec1u ki\u1ec7n \u0111\u01b0\u1ee3c m\u00f4 t\u1ea3 trong th\u1ecfa thu\u1eadn n\u00e0y.<\/p>\n\n\n\n<p><strong>B\u00e1nh quy<\/strong>:<br>Trang web s\u1eed d\u1ee5ng cookie \u0111\u1ec3 gi\u00fap c\u00e1 nh\u00e2n h\u00f3a tr\u1ea3i nghi\u1ec7m internet c\u1ee7a b\u1ea1n. B\u1eb1ng c\u00e1ch truy c\u1eadp trang web Mobzin, b\u1ea1n \u0111\u1ed3ng \u00fd v\u1edbi vi\u1ec7c s\u1eed d\u1ee5ng c\u00e1c cookie \u0111\u01b0\u1ee3c y\u00eau c\u1ea7u.<\/p>\n\n\n\n<p>Cookie l\u00e0 c\u00e1c t\u1ec7p v\u0103n b\u1ea3n \u0111\u01b0\u1ee3c m\u00e1y ch\u1ee7 trang web \u0111\u1eb7t tr\u00ean \u1ed5 c\u1ee9ng c\u1ee7a b\u1ea1n. Cookies kh\u00f4ng \u0111\u01b0\u1ee3c ph\u00e9p ch\u1ea1y ch\u01b0\u01a1ng tr\u00ecnh ho\u1eb7c truy\u1ec1n virus v\u00e0o m\u00e1y t\u00ednh c\u1ee7a b\u1ea1n. Cookie \u0111\u01b0\u1ee3c li\u00ean k\u1ebft duy nh\u1ea5t v\u1edbi b\u1ea1n v\u00e0 ch\u1ec9 c\u00f3 th\u1ec3 \u0111\u01b0\u1ee3c \u0111\u1ecdc b\u1edfi m\u00e1y ch\u1ee7 web c\u1ee7a mi\u1ec1n \u0111\u00e3 c\u1ea5p cookie.<\/p>\n\n\n\n<p>Ch\u00fang t\u00f4i c\u00f3 th\u1ec3 s\u1eed d\u1ee5ng cookie \u0111\u1ec3 thu th\u1eadp, l\u01b0u tr\u1eef ho\u1eb7c theo d\u00f5i th\u00f4ng tin cho m\u1ee5c \u0111\u00edch th\u1ed1ng k\u00ea v\u00e0 ti\u1ebfp th\u1ecb tr\u00ean trang web c\u1ee7a ch\u00fang t\u00f4i. B\u1ea1n c\u00f3 t\u00f9y ch\u1ecdn ch\u1ea5p nh\u1eadn ho\u1eb7c t\u1eeb ch\u1ed1i c\u00e1c cookie t\u00f9y ch\u1ecdn. C\u00f3 m\u1ed9t s\u1ed1 cookie b\u1eaft bu\u1ed9c c\u1ea7n thi\u1ebft \u0111\u1ec3 trang web c\u1ee7a ch\u00fang t\u00f4i ho\u1ea1t \u0111\u1ed9ng. Nh\u1eefng cookie b\u1eaft bu\u1ed9c n\u00e0y c\u1ea7n c\u00f3 s\u1ef1 \u0111\u1ed3ng \u00fd c\u1ee7a b\u1ea1n. Xin l\u01b0u \u00fd r\u1eb1ng b\u1eb1ng c\u00e1ch ch\u1ea5p nh\u1eadn cookie b\u1eaft bu\u1ed9c, b\u1ea1n c\u0169ng ch\u1ea5p nh\u1eadn cookie c\u1ee7a b\u00ean th\u1ee9 ba, c\u00e1c cookie n\u00e0y c\u00f3 th\u1ec3 \u0111\u01b0\u1ee3c b\u00ean th\u1ee9 ba s\u1eed d\u1ee5ng n\u1ebfu b\u1ea1n s\u1eed d\u1ee5ng c\u00e1c d\u1ecbch v\u1ee5 do h\u1ecd cung c\u1ea5p tr\u00ean trang web c\u1ee7a ch\u00fang t\u00f4i \u2013 v\u00ed d\u1ee5: c\u1eeda s\u1ed5 ph\u00e1t l\u1ea1i video do c\u00e1c c\u00f4ng ty b\u00ean th\u1ee9 ba cung c\u1ea5p v\u00e0 t\u00edch h\u1ee3p v\u00e0o trang web c\u1ee7a ch\u00fang t\u00f4i.<\/p>\n\n\n\n<p><strong>Gi\u1ea5y ph\u00e9p<\/strong>:<br>Tr\u1eeb khi c\u00f3 quy \u0111\u1ecbnh kh\u00e1c, Mobzin v\u00e0 ng\u01b0\u1eddi c\u1ea5p ph\u00e9p c\u1ee7a Mobzin c\u00f3 quy\u1ec1n s\u1edf h\u1eefu tr\u00ed tu\u1ec7 \u0111\u1ed1i v\u1edbi t\u1ea5t c\u1ea3 t\u00e0i li\u1ec7u \u0111\u01b0\u1ee3c \u0111\u0103ng tr\u00ean Mobzin. T\u1ea5t c\u1ea3 c\u00e1c quy\u1ec1n s\u1edf h\u1eefu tr\u00ed tu\u1ec7 \u0111\u1ec1u \u0111\u01b0\u1ee3c b\u1ea3o l\u01b0u.<\/p>\n\n\n\n<p><strong>B\u1ea1n kh\u00f4ng \u0111\u01b0\u1ee3c cho ph\u00e9p<\/strong>:<\/p>\n\n\n\n<p>Sao ch\u00e9p ho\u1eb7c xu\u1ea5t b\u1ea3n l\u1ea1i t\u00e0i li\u1ec7u t\u1eeb Mobzin<br>B\u00e1n, thu\u00ea ho\u1eb7c cho thu\u00ea l\u1ea1i t\u00e0i li\u1ec7u t\u1eeb Mobzin<br>T\u00e1i s\u1ea3n xu\u1ea5t, sao ch\u00e9p ho\u1eb7c sao ch\u00e9p t\u00e0i li\u1ec7u t\u1eeb Mobzin<br>Ph\u00e2n ph\u1ed1i l\u1ea1i n\u1ed9i dung Mobzin<br>Th\u1ecfa thu\u1eadn n\u00e0y s\u1ebd c\u00f3 hi\u1ec7u l\u1ef1c k\u1ec3 t\u1eeb ng\u00e0y hi\u1ec7n t\u1ea1i.<\/p>\n\n\n\n<p>C\u00e1c ph\u1ea7n c\u1ee7a trang web n\u00e0y cung c\u1ea5p cho ng\u01b0\u1eddi d\u00f9ng c\u01a1 h\u1ed9i \u0111\u0103ng v\u00e0 th\u1ea3o lu\u1eadn c\u00e1c \u00fd ki\u1ebfn v\u00e0 th\u00f4ng tin trong m\u1ed9t s\u1ed1 l\u0129nh v\u1ef1c nh\u1ea5t \u0111\u1ecbnh. Mobzin kh\u00f4ng l\u1ecdc, ch\u1ec9nh s\u1eeda, xu\u1ea5t b\u1ea3n ho\u1eb7c \u0111\u00e1nh gi\u00e1 Nh\u1eadn x\u00e9t tr\u01b0\u1edbc khi ch\u00fang xu\u1ea5t hi\u1ec7n tr\u00ean trang web. B\u00ecnh lu\u1eadn ph\u1ea3n \u00e1nh quan \u0111i\u1ec3m c\u1ee7a ng\u01b0\u1eddi \u0111\u0103ng ch\u00fang. Trong ph\u1ea1m vi lu\u1eadt ph\u00e1p hi\u1ec7n h\u00e0nh cho ph\u00e9p, Mobzin s\u1ebd kh\u00f4ng ch\u1ecbu tr\u00e1ch nhi\u1ec7m ph\u00e1p l\u00fd \u0111\u1ed1i v\u1edbi Nh\u1eadn x\u00e9t ho\u1eb7c b\u1ea5t k\u1ef3 thi\u1ec7t h\u1ea1i, r\u1ee7i ro ho\u1eb7c chi ph\u00ed n\u00e0o g\u00e2y ra ho\u1eb7c ph\u1ea3i g\u00e1nh ch\u1ecbu do vi\u1ec7c s\u1eed d\u1ee5ng v\u00e0\/ho\u1eb7c \u0111\u0103ng v\u00e0\/ho\u1eb7c xu\u1ea5t hi\u1ec7n Nh\u1eadn x\u00e9t tr\u00ean trang web n\u00e0y.<\/p>\n\n\n\n<p>Mobzin c\u00f3 quy\u1ec1n x\u00f3a b\u1ea5t k\u1ef3 Nh\u1eadn x\u00e9t n\u00e0o c\u00f3 th\u1ec3 b\u1ecb coi l\u00e0 kh\u00f4ng ph\u00f9 h\u1ee3p, mang t\u00ednh x\u00fac ph\u1ea1m ho\u1eb7c vi ph\u1ea1m \u0110i\u1ec1u kho\u1ea3n v\u00e0 \u0110i\u1ec1u ki\u1ec7n c\u1ee7a th\u1ecfa thu\u1eadn n\u00e0y.<\/p>\n\n\n\n<p><strong>B\u1ea1n tuy\u00ean b\u1ed1 v\u00e0 b\u1ea3o \u0111\u1ea3m r\u1eb1ng<\/strong>:<\/p>\n\n\n\n<p>B\u1ea1n c\u00f3 quy\u1ec1n \u0111\u0103ng Nh\u1eadn x\u00e9t tr\u00ean trang web c\u1ee7a ch\u00fang t\u00f4i v\u00e0 c\u00f3 t\u1ea5t c\u1ea3 c\u00e1c gi\u1ea5y ph\u00e9p v\u00e0 s\u1ef1 \u0111\u1ed3ng \u00fd \u0111\u1ec3 l\u00e0m nh\u01b0 v\u1eady;<br>Nh\u1eadn x\u00e9t c\u1ee7a b\u1ea1n kh\u00f4ng x\u00e2m ph\u1ea1m b\u1ea5t k\u1ef3 t\u00e0i s\u1ea3n tr\u00ed tu\u1ec7 n\u00e0o, bao g\u1ed3m b\u1ea3n quy\u1ec1n, b\u1eb1ng s\u00e1ng ch\u1ebf ho\u1eb7c nh\u00e3n hi\u1ec7u c\u1ee7a b\u1ea5t k\u1ef3 b\u00ean th\u1ee9 ba n\u00e0o;<br>Nh\u1eadn x\u00e9t c\u1ee7a b\u1ea1n kh\u00f4ng ch\u1ee9a t\u00e0i li\u1ec7u ph\u1ec9 b\u00e1ng, b\u00f4i nh\u1ecd, x\u00fac ph\u1ea1m, kh\u00f4ng \u0111\u1ee9ng \u0111\u1eafn ho\u1eb7c b\u1ea5t h\u1ee3p ph\u00e1p kh\u00e1c, x\u00e2m ph\u1ea1m quy\u1ec1n ri\u00eang t\u01b0.<br>Nh\u1eadn x\u00e9t c\u1ee7a b\u1ea1n s\u1ebd kh\u00f4ng \u0111\u01b0\u1ee3c s\u1eed d\u1ee5ng \u0111\u1ec3 thu h\u00fat ho\u1eb7c qu\u1ea3ng b\u00e1 kinh doanh ho\u1eb7c tr\u00ecnh b\u00e0y c\u00e1c ho\u1ea1t \u0111\u1ed9ng th\u01b0\u01a1ng m\u1ea1i ho\u1eb7c ho\u1ea1t \u0111\u1ed9ng b\u1ea5t h\u1ee3p ph\u00e1p.<br>Theo \u0111\u00e2y, b\u1ea1n c\u1ea5p cho Mobzin gi\u1ea5y ph\u00e9p kh\u00f4ng \u0111\u1ed9c quy\u1ec1n \u0111\u1ec3 s\u1eed d\u1ee5ng, sao ch\u00e9p, ch\u1ec9nh s\u1eeda v\u00e0 \u1ee7y quy\u1ec1n cho ng\u01b0\u1eddi kh\u00e1c s\u1eed d\u1ee5ng, sao ch\u00e9p ho\u1eb7c ch\u1ec9nh s\u1eeda b\u1ea5t k\u1ef3 Nh\u1eadn x\u00e9t n\u00e0o c\u1ee7a b\u1ea1n d\u01b0\u1edbi m\u1ecdi h\u00ecnh th\u1ee9c, \u0111\u1ecbnh d\u1ea1ng v\u00e0 ph\u01b0\u01a1ng ti\u1ec7n.<\/p>\n\n\n\n<p>T\u1ea1o li\u00ean k\u1ebft \u0111\u1ebfn n\u1ed9i dung c\u1ee7a ch\u00fang t\u00f4i<br>C\u00e1c t\u1ed5 ch\u1ee9c sau \u0111\u00e2y c\u00f3 th\u1ec3 li\u00ean k\u1ebft \u0111\u1ebfn Trang web c\u1ee7a ch\u00fang t\u00f4i m\u00e0 kh\u00f4ng c\u1ea7n c\u00f3 s\u1ef1 ch\u1ea5p thu\u1eadn tr\u01b0\u1edbc b\u1eb1ng v\u0103n b\u1ea3n:<\/p>\n\n\n\n<p>C\u01a1 quan ch\u00ednh ph\u1ee7;<br>C\u00f4ng c\u1ee5 t\u00ecm ki\u1ebfm;<br>C\u00e1c t\u1ed5 ch\u1ee9c truy\u1ec1n th\u00f4ng;<br>C\u00e1c nh\u00e0 ph\u00e2n ph\u1ed1i th\u01b0 m\u1ee5c tr\u1ef1c tuy\u1ebfn c\u00f3 th\u1ec3 si\u00eau li\u00ean k\u1ebft \u0111\u1ebfn Trang web c\u1ee7a ch\u00fang t\u00f4i theo c\u00e1ch t\u01b0\u01a1ng t\u1ef1 nh\u01b0 c\u00e1ch h\u1ecd si\u00eau li\u00ean k\u1ebft \u0111\u1ebfn Trang web c\u1ee7a c\u00e1c doanh nghi\u1ec7p \u0111\u01b0\u1ee3c li\u1ec7t k\u00ea kh\u00e1c; N\u00f3 l\u00e0<br>C\u00e1c doanh nghi\u1ec7p \u0111\u01b0\u1ee3c c\u00f4ng nh\u1eadn, ngo\u1ea1i tr\u1eeb c\u00e1c t\u1ed5 ch\u1ee9c g\u00e2y qu\u1ef9 phi l\u1ee3i nhu\u1eadn v\u00e0 c\u00e1c nh\u00f3m g\u00e2y qu\u1ef9 t\u1eeb thi\u1ec7n, kh\u00f4ng \u0111\u01b0\u1ee3c li\u00ean k\u1ebft \u0111\u1ebfn Trang web c\u1ee7a ch\u00fang t\u00f4i m\u00e0 kh\u00f4ng c\u00f3 s\u1ef1 ch\u1ea5p thu\u1eadn tr\u01b0\u1edbc.<br>C\u00e1c t\u1ed5 ch\u1ee9c n\u00e0y c\u00f3 th\u1ec3 \u0111\u0103ng li\u00ean k\u1ebft \u0111\u1ebfn trang ch\u1ee7, \u1ea5n ph\u1ea9m ho\u1eb7c th\u00f4ng tin Trang web kh\u00e1c c\u1ee7a ch\u00fang t\u00f4i mi\u1ec5n l\u00e0 li\u00ean k\u1ebft \u0111\u00f3: (a) kh\u00f4ng g\u00e2y hi\u1ec3u l\u1ea7m d\u01b0\u1edbi b\u1ea5t k\u1ef3 h\u00ecnh th\u1ee9c n\u00e0o; (b) kh\u00f4ng ng\u1ee5 \u00fd sai s\u1ef1 th\u1eadt v\u1ec1 s\u1ef1 t\u1ed3n t\u1ea1i c\u1ee7a m\u1ed1i quan h\u1ec7 t\u00e0i tr\u1ee3, ch\u1ee9ng th\u1ef1c ho\u1eb7c ph\u00ea duy\u1ec7t v\u1edbi ch\u00fang t\u00f4i v\u1ec1 c\u00e1c s\u1ea3n ph\u1ea9m v\u00e0\/ho\u1eb7c d\u1ecbch v\u1ee5; v\u00e0 (c) ph\u00f9 h\u1ee3p v\u1edbi b\u1ed1i c\u1ea3nh m\u00e0 n\u00f3 \u0111\u01b0\u1ee3c ch\u00e8n v\u00e0o.<\/p>\n\n\n\n<p>Ch\u00fang t\u00f4i c\u00f3 th\u1ec3 xem x\u00e9t v\u00e0 ph\u00ea duy\u1ec7t c\u00e1c y\u00eau c\u1ea7u li\u00ean k\u1ebft t\u1eeb c\u00e1c lo\u1ea1i t\u1ed5 ch\u1ee9c sau:<\/p>\n\n\n\n<p>ngu\u1ed3n th\u00f4ng tin n\u1ed5i ti\u1ebfng v\u1ec1 s\u1ea3n ph\u1ea9m, doanh nghi\u1ec7p;<br>c\u00e1c trang c\u1ed9ng \u0111\u1ed3ng dot.com;<br>c\u00e1c hi\u1ec7p h\u1ed9i v\u00e0 c\u00e1c nh\u00f3m kh\u00e1c \u0111\u1ea1i di\u1ec7n cho c\u00e1c t\u1ed5 ch\u1ee9c t\u1eeb thi\u1ec7n;<br>nh\u00e0 ph\u00e2n ph\u1ed1i th\u01b0 m\u1ee5c tr\u1ef1c tuy\u1ebfn;<br>c\u1ed5ng internet;<br>c\u00e1c c\u00f4ng ty k\u1ebf to\u00e1n, lu\u1eadt v\u00e0 t\u01b0 v\u1ea5n; N\u00f3 l\u00e0<br>c\u00e1c c\u01a1 s\u1edf gi\u00e1o d\u1ee5c v\u00e0 c\u00e1c hi\u1ec7p h\u1ed9i giai c\u1ea5p.<br>Ch\u00fang t\u00f4i s\u1ebd ch\u1ea5p thu\u1eadn c\u00e1c y\u00eau c\u1ea7u li\u00ean k\u1ebft do c\u00e1c lo\u1ea1i t\u1ed5 ch\u1ee9c \u0111\u01b0\u1ee3c li\u1ec7t k\u00ea \u1edf tr\u00ean \u0111\u01b0a ra n\u1ebfu ch\u00fang t\u00f4i \u0111\u00e1nh gi\u00e1 r\u1eb1ng: (a) li\u00ean k\u1ebft \u0111\u00f3 kh\u00f4ng g\u00e2y b\u1ea5t l\u1ee3i cho h\u00ecnh \u1ea3nh c\u1ee7a ch\u00fang t\u00f4i v\u00e0\/ho\u1eb7c h\u00ecnh \u1ea3nh c\u1ee7a c\u00e1c c\u00f4ng ty \u0111\u01b0\u1ee3c c\u00f4ng nh\u1eadn; (b) t\u1ed5 ch\u1ee9c y\u00eau c\u1ea7u kh\u00f4ng c\u00f3 l\u1ecbch s\u1eed ti\u00eau c\u1ef1c v\u1edbi ch\u00fang t\u00f4i; (c) l\u1ee3i \u00edch ch\u00fang t\u00f4i thu \u0111\u01b0\u1ee3c t\u1eeb kh\u1ea3 n\u0103ng hi\u1ec3n th\u1ecb c\u1ee7a li\u00ean k\u1ebft s\u1ebd b\u00f9 \u0111\u1eafp cho s\u1ef1 v\u1eafng m\u1eb7t c\u1ee7a Mobzin; v\u00e0 (d) li\u00ean k\u1ebft s\u1ebd \u0111\u01b0\u1ee3c \u0111\u1eb7t trong b\u1ed1i c\u1ea3nh th\u00f4ng tin chung.<\/p>\n\n\n\n<p>C\u00e1c t\u1ed5 ch\u1ee9c n\u00e0y c\u00f3 th\u1ec3 \u0111\u0103ng li\u00ean k\u1ebft \u0111\u1ebfn trang ch\u1ee7 c\u1ee7a ch\u00fang t\u00f4i mi\u1ec5n l\u00e0 li\u00ean k\u1ebft \u0111\u00f3: (a) kh\u00f4ng g\u00e2y hi\u1ec3u l\u1ea7m d\u01b0\u1edbi b\u1ea5t k\u1ef3 h\u00ecnh th\u1ee9c n\u00e0o; (b) kh\u00f4ng ng\u1ee5 \u00fd sai s\u1ef1 th\u1eadt v\u1ec1 s\u1ef1 t\u1ed3n t\u1ea1i c\u1ee7a vi\u1ec7c t\u00e0i tr\u1ee3, ch\u1ee9ng th\u1ef1c ho\u1eb7c ph\u00ea duy\u1ec7t c\u00e1c s\u1ea3n ph\u1ea9m v\u00e0\/ho\u1eb7c d\u1ecbch v\u1ee5 t\u1eeb ph\u00eda ch\u00fang t\u00f4i; v\u00e0 (c) ph\u00f9 h\u1ee3p v\u1edbi b\u1ed1i c\u1ea3nh m\u00e0 n\u00f3 \u0111\u01b0\u1ee3c ch\u00e8n v\u00e0o.<\/p>\n\n\n\n<p>N\u1ebfu b\u1ea1n \u0111\u1ea1i di\u1ec7n cho m\u1ed9t trong nh\u1eefng t\u1ed5 ch\u1ee9c \u0111\u01b0\u1ee3c li\u1ec7t k\u00ea trong \u0111o\u1ea1n 2 \u1edf tr\u00ean v\u00e0 quan t\u00e2m \u0111\u1ebfn vi\u1ec7c \u0111\u0103ng li\u00ean k\u1ebft t\u1edbi trang web c\u1ee7a ch\u00fang t\u00f4i, b\u1ea1n ph\u1ea3i th\u00f4ng b\u00e1o cho ch\u00fang t\u00f4i v\u1ec1 s\u1ef1 quan t\u00e2m c\u1ee7a m\u00ecnh b\u1eb1ng c\u00e1ch g\u1eedi e-mail \u0111\u1ebfn Mobzin. Vui l\u00f2ng bao g\u1ed3m t\u00ean c\u1ee7a b\u1ea1n, t\u00ean t\u1ed5 ch\u1ee9c c\u1ee7a b\u1ea1n v\u00e0 th\u00f4ng tin li\u00ean h\u1ec7 c\u0169ng nh\u01b0 URL trang web c\u1ee7a b\u1ea1n, danh s\u00e1ch c\u00e1c URL tr\u00ean trang web c\u1ee7a ch\u00fang t\u00f4i m\u00e0 b\u1ea1n d\u1ef1 \u0111\u1ecbnh li\u00ean k\u1ebft \u0111\u1ebfn v\u00e0 danh s\u00e1ch c\u00e1c trang web m\u00e0 b\u1ea1n \u0111\u1ecbnh xu\u1ea5t b\u1ea3n c\u1ee7a ch\u00fang t\u00f4i. URL. Vui l\u00f2ng ch\u1edd 2 \u0111\u1ebfn 3 tu\u1ea7n \u0111\u1ec3 nh\u1eadn \u0111\u01b0\u1ee3c ph\u1ea3n h\u1ed3i.<\/p>\n\n\n\n<p>C\u00e1c t\u1ed5 ch\u1ee9c \u0111\u01b0\u1ee3c ph\u00ea duy\u1ec7t c\u00f3 th\u1ec3 \u0111\u0103ng li\u00ean k\u1ebft \u0111\u1ebfn Trang web c\u1ee7a ch\u00fang t\u00f4i theo nh\u1eefng c\u00e1ch sau:<\/p>\n\n\n\n<p>S\u1eed d\u1ee5ng t\u00ean c\u00f4ng ty c\u1ee7a ch\u00fang t\u00f4i; ho\u1eb7c<br>S\u1eed d\u1ee5ng URL n\u01a1i li\u00ean k\u1ebft chuy\u1ec3n h\u01b0\u1edbng; ho\u1eb7c<br>S\u1eed d\u1ee5ng b\u1ea5t k\u1ef3 m\u00f4 t\u1ea3 n\u00e0o kh\u00e1c v\u1ec1 Trang web c\u1ee7a ch\u00fang t\u00f4i c\u00f3 \u00fd ngh\u0129a trong b\u1ed1i c\u1ea3nh v\u00e0 \u0111\u1ecbnh d\u1ea1ng c\u1ee7a n\u1ed9i dung m\u00e0 li\u00ean k\u1ebft \u0111\u01b0\u1ee3c ch\u00e8n v\u00e0o.<br>Vi\u1ec7c s\u1eed d\u1ee5ng ho\u1eb7c c\u00f4ng b\u1ed1 c\u00e1c li\u00ean k\u1ebft t\u1edbi logo c\u1ee7a Mobzin v\u00e0\/ho\u1eb7c c\u00e1c y\u1ebfu t\u1ed1 h\u00ecnh \u1ea3nh kh\u00e1c s\u1ebd kh\u00f4ng \u0111\u01b0\u1ee3c ph\u00e9p n\u1ebfu kh\u00f4ng c\u00f3 th\u1ecfa thu\u1eadn c\u1ea5p ph\u00e9p s\u1eed d\u1ee5ng nh\u00e3n hi\u1ec7u.<\/p>\n\n\n\n<p><strong>Tr\u00e1ch nhi\u1ec7m v\u1ec1 n\u1ed9i dung<\/strong>:<br>Ch\u00fang t\u00f4i s\u1ebd kh\u00f4ng ch\u1ecbu tr\u00e1ch nhi\u1ec7m ph\u00e1p l\u00fd \u0111\u1ed1i v\u1edbi b\u1ea5t k\u1ef3 n\u1ed9i dung n\u00e0o xu\u1ea5t hi\u1ec7n tr\u00ean Trang web c\u1ee7a b\u1ea1n. B\u1ea1n \u0111\u1ed3ng \u00fd b\u1ea3o v\u1ec7 v\u00e0 b\u1ea3o v\u1ec7 ch\u00fang t\u00f4i tr\u01b0\u1edbc m\u1ecdi c\u00e1o bu\u1ed9c \u0111\u01b0\u1ee3c \u0111\u01b0a ra tr\u00ean Trang web c\u1ee7a b\u1ea1n. Kh\u00f4ng (c\u00e1c) li\u00ean k\u1ebft n\u00e0o \u0111\u01b0\u1ee3c xu\u1ea5t hi\u1ec7n tr\u00ean b\u1ea5t k\u1ef3 Trang web n\u00e0o c\u00f3 th\u1ec3 \u0111\u01b0\u1ee3c hi\u1ec3u l\u00e0 b\u00f4i nh\u1ecd, t\u1ee5c t\u0129u, t\u1ed9i ph\u1ea1m ho\u1eb7c vi ph\u1ea1m, vi ph\u1ea1m ho\u1eb7c \u1ee7ng h\u1ed9 vi\u1ec7c vi ph\u1ea1m b\u1ea5t k\u1ef3 quy\u1ec1n n\u00e0o c\u1ee7a b\u00ean th\u1ee9 ba.<\/p>\n\n\n\n<p><strong>B\u1ea3o l\u01b0u quy\u1ec1n<\/strong>:<br>Ch\u00fang t\u00f4i c\u00f3 quy\u1ec1n y\u00eau c\u1ea7u b\u1ea1n x\u00f3a t\u1ea5t c\u1ea3 c\u00e1c li\u00ean k\u1ebft ho\u1eb7c b\u1ea5t k\u1ef3 li\u00ean k\u1ebft n\u00e0o chuy\u1ec3n h\u01b0\u1edbng \u0111\u1ebfn Trang web c\u1ee7a ch\u00fang t\u00f4i. B\u1ea1n \u0111\u1ed3ng \u00fd x\u00f3a ngay l\u1eadp t\u1ee9c t\u1ea5t c\u1ea3 c\u00e1c li\u00ean k\u1ebft \u0111\u1ebfn Trang web c\u1ee7a ch\u00fang t\u00f4i khi \u0111\u01b0\u1ee3c y\u00eau c\u1ea7u x\u00f3a. Ch\u00fang t\u00f4i c\u0169ng c\u00f3 quy\u1ec1n s\u1eeda \u0111\u1ed5i v\u00e0 thay \u0111\u1ed5i c\u00e1c \u0111i\u1ec1u kho\u1ea3n v\u00e0 \u0111i\u1ec1u ki\u1ec7n n\u00e0y b\u1ea5t k\u1ef3 l\u00fac n\u00e0o. B\u1eb1ng c\u00e1ch li\u00ean t\u1ee5c \u0111\u0103ng c\u00e1c li\u00ean k\u1ebft \u0111\u1ebfn Trang web c\u1ee7a ch\u00fang t\u00f4i, b\u1ea1n \u0111\u1ed3ng \u00fd b\u1ecb r\u00e0ng bu\u1ed9c b\u1edfi c\u00e1c \u0111i\u1ec1u kho\u1ea3n v\u00e0 \u0111i\u1ec1u ki\u1ec7n li\u00ean k\u1ebft n\u00e0y.<\/p>\n\n\n\n<p><strong>X\u00f3a c\u00e1c li\u00ean k\u1ebft \u0111\u01b0\u1ee3c \u0111\u0103ng tr\u00ean trang web c\u1ee7a ch\u00fang t\u00f4i<\/strong>:<br>N\u1ebfu b\u1ea1n t\u00ecm th\u1ea5y b\u1ea5t k\u1ef3 li\u00ean k\u1ebft n\u00e0o tr\u00ean Trang web c\u1ee7a ch\u00fang t\u00f4i mang t\u00ednh x\u00fac ph\u1ea1m d\u01b0\u1edbi b\u1ea5t k\u1ef3 h\u00ecnh th\u1ee9c n\u00e0o, b\u1ea1n c\u00f3 th\u1ec3 li\u00ean h\u1ec7 v\u1edbi ch\u00fang t\u00f4i v\u00e0 th\u00f4ng b\u00e1o cho ch\u00fang t\u00f4i v\u1ec1 v\u1ea5n \u0111\u1ec1 n\u00e0y b\u1ea5t c\u1ee9 l\u00fac n\u00e0o. Ch\u00fang t\u00f4i s\u1ebd xem x\u00e9t c\u00e1c y\u00eau c\u1ea7u x\u00f3a li\u00ean k\u1ebft nh\u01b0ng ch\u00fang t\u00f4i kh\u00f4ng c\u00f3 ngh\u0129a v\u1ee5 ph\u1ea3i x\u00f3a b\u1ea5t k\u1ef3 li\u00ean k\u1ebft n\u00e0o \u0111\u1ebfn Trang web c\u1ee7a ch\u00fang t\u00f4i ho\u1eb7c ph\u1ea3n h\u1ed3i tr\u1ef1c ti\u1ebfp y\u00eau c\u1ea7u c\u1ee7a b\u1ea1n.<\/p>\n\n\n\n<p>Ch\u00fang t\u00f4i kh\u00f4ng \u0111\u1ea3m b\u1ea3o r\u1eb1ng th\u00f4ng tin tr\u00ean trang web n\u00e0y l\u00e0 ch\u00ednh x\u00e1c. Ch\u00fang t\u00f4i kh\u00f4ng \u0111\u1ea3m b\u1ea3o t\u00ednh \u0111\u1ea7y \u0111\u1ee7 ho\u1eb7c ch\u00ednh x\u00e1c c\u1ee7a n\u1ed9i dung. Ch\u00fang t\u00f4i kh\u00f4ng \u0111\u1ea3m b\u1ea3o r\u1eb1ng trang web s\u1ebd v\u1eabn c\u00f3 s\u1eb5n ho\u1eb7c t\u00e0i li\u1ec7u tr\u00ean trang web s\u1ebd \u0111\u01b0\u1ee3c c\u1eadp nh\u1eadt.<\/p>\n\n\n\n<p><strong>Tuy\u00ean b\u1ed1 mi\u1ec5n tr\u1eeb tr\u00e1ch nhi\u1ec7m<\/strong>:<br>Trong ph\u1ea1m vi t\u1ed1i \u0111a \u0111\u01b0\u1ee3c ph\u00e1p lu\u1eadt cho ph\u00e9p, ch\u00fang t\u00f4i lo\u1ea1i tr\u1eeb m\u1ecdi tuy\u00ean b\u1ed1, b\u1ea3o \u0111\u1ea3m v\u00e0 \u0111i\u1ec1u ki\u1ec7n li\u00ean quan \u0111\u1ebfn trang web c\u1ee7a ch\u00fang t\u00f4i v\u00e0 vi\u1ec7c s\u1eed d\u1ee5ng trang web n\u00e0y. Kh\u00f4ng c\u00f3 g\u00ec trong tuy\u00ean b\u1ed1 t\u1eeb ch\u1ed1i tr\u00e1ch nhi\u1ec7m n\u00e0y s\u1ebd:<\/p>\n\n\n\n<p>gi\u1edbi h\u1ea1n ho\u1eb7c lo\u1ea1i tr\u1eeb tr\u00e1ch nhi\u1ec7m ph\u00e1p l\u00fd c\u1ee7a ch\u00fang t\u00f4i ho\u1eb7c c\u1ee7a b\u1ea1n \u0111\u1ed1i v\u1edbi tr\u01b0\u1eddng h\u1ee3p t\u1eed vong ho\u1eb7c th\u01b0\u01a1ng t\u00edch c\u00e1 nh\u00e2n;<br>gi\u1edbi h\u1ea1n ho\u1eb7c lo\u1ea1i tr\u1eeb tr\u00e1ch nhi\u1ec7m ph\u00e1p l\u00fd c\u1ee7a ch\u00fang t\u00f4i ho\u1eb7c c\u1ee7a b\u1ea1n \u0111\u1ed1i v\u1edbi h\u00e0nh vi gian l\u1eadn ho\u1eb7c xuy\u00ean t\u1ea1c mang t\u00ednh gian l\u1eadn;<br>gi\u1edbi h\u1ea1n tr\u00e1ch nhi\u1ec7m ph\u00e1p l\u00fd c\u1ee7a ch\u00fang t\u00f4i ho\u1eb7c c\u1ee7a b\u1ea1n theo b\u1ea5t k\u1ef3 c\u00e1ch n\u00e0o kh\u00f4ng \u0111\u01b0\u1ee3c ph\u00e1p lu\u1eadt cho ph\u00e9p;<br>lo\u1ea1i tr\u1eeb m\u1ecdi tr\u00e1ch nhi\u1ec7m ph\u00e1p l\u00fd c\u1ee7a b\u1ea1n ho\u1eb7c ch\u00fang t\u00f4i m\u00e0 c\u00f3 th\u1ec3 kh\u00f4ng \u0111\u01b0\u1ee3c lo\u1ea1i tr\u1eeb theo lu\u1eadt hi\u1ec7n h\u00e0nh.<br>C\u00e1c gi\u1edbi h\u1ea1n v\u00e0 c\u1ea5m tr\u00e1ch nhi\u1ec7m ph\u00e1p l\u00fd \u0111\u01b0\u1ee3c li\u1ec7t k\u00ea trong Ph\u1ea7n n\u00e0y v\u00e0 c\u00e1c ph\u1ea7n kh\u00e1c trong tuy\u00ean b\u1ed1 n\u00e0y: (a) tu\u00e2n theo \u0111o\u1ea1n tr\u01b0\u1edbc; v\u00e0 (b) chi ph\u1ed1i t\u1ea5t c\u1ea3 c\u00e1c tr\u00e1ch nhi\u1ec7m ph\u00e1p l\u00fd ph\u00e1t sinh theo tuy\u00ean b\u1ed1, bao g\u1ed3m c\u00e1c tr\u00e1ch nhi\u1ec7m ph\u00e1p l\u00fd ph\u00e1t sinh trong h\u1ee3p \u0111\u1ed3ng, do vi ph\u1ea1m h\u1ee3p \u0111\u1ed3ng v\u00e0 do vi ph\u1ea1m ngh\u0129a v\u1ee5 ph\u00e1p l\u00fd.<\/p>\n\n\n\n<p>Mi\u1ec5n l\u00e0 trang web c\u0169ng nh\u01b0 th\u00f4ng tin v\u00e0 d\u1ecbch v\u1ee5 tr\u00ean trang web \u0111\u01b0\u1ee3c cung c\u1ea5p mi\u1ec5n ph\u00ed, ch\u00fang t\u00f4i s\u1ebd kh\u00f4ng ch\u1ecbu tr\u00e1ch nhi\u1ec7m v\u1ec1 b\u1ea5t k\u1ef3 t\u1ed5n th\u1ea5t ho\u1eb7c thi\u1ec7t h\u1ea1i n\u00e0o d\u01b0\u1edbi b\u1ea5t k\u1ef3 h\u00ecnh th\u1ee9c n\u00e0o.<\/p>","protected":false},"excerpt":{"rendered":"<p>Termos e Condi\u00e7\u00f5es de UsoSeja bem-vindo ao Mobzin!Estes termos e condi\u00e7\u00f5es descrevem as regras de uso do site da empresa Mobzin, localizado no endere\u00e7o https:\/\/mobzin.com\/. Ao acessar este site, consideramos que voc\u00ea est\u00e1 de acordo com os termos e condi\u00e7\u00f5es abaixo. N\u00e3o continue a usar o Mobzin caso voc\u00ea discorde dos termos e condi\u00e7\u00f5es descritos [&hellip;]<\/p>\n","protected":false},"author":4,"featured_media":0,"parent":0,"menu_order":0,"comment_status":"closed","ping_status":"closed","template":"","meta":{"footnotes":""},"class_list":["post-89","page","type-page","status-publish"],"_links":{"self":[{"href":"https:\/\/mobzin.com\/vi\/wp-json\/wp\/v2\/pages\/89","targetHints":{"allow":["GET"]}}],"collection":[{"href":"https:\/\/mobzin.com\/vi\/wp-json\/wp\/v2\/pages"}],"about":[{"href":"https:\/\/mobzin.com\/vi\/wp-json\/wp\/v2\/types\/page"}],"author":[{"embeddable":true,"href":"https:\/\/mobzin.com\/vi\/wp-json\/wp\/v2\/users\/4"}],"replies":[{"embeddable":true,"href":"https:\/\/mobzin.com\/vi\/wp-json\/wp\/v2\/comments?post=89"}],"version-history":[{"count":5,"href":"https:\/\/mobzin.com\/vi\/wp-json\/wp\/v2\/pages\/89\/revisions"}],"predecessor-version":[{"id":346,"href":"https:\/\/mobzin.com\/vi\/wp-json\/wp\/v2\/pages\/89\/revisions\/346"}],"wp:attachment":[{"href":"https:\/\/mobzin.com\/vi\/wp-json\/wp\/v2\/media?parent=89"}],"curies":[{"name":"wp","href":"https:\/\/api.w.org\/{rel}","templated":true}]}}