{"id":89,"date":"2022-11-02T00:36:48","date_gmt":"2022-11-02T00:36:48","guid":{"rendered":"https:\/\/mobzin.com\/?page_id=89"},"modified":"2023-10-06T05:22:34","modified_gmt":"2023-10-06T05:22:34","slug":"%e4%bd%bf%e7%94%a8%e6%a2%9d%e6%ac%be","status":"publish","type":"page","link":"https:\/\/mobzin.com\/zh\/%e4%bd%bf%e7%94%a8%e6%a2%9d%e6%ac%be\/","title":{"rendered":"\u4f7f\u7528\u689d\u6b3e"},"content":{"rendered":"<p>\u4f7f\u7528\u689d\u6b3e\u53ca\u689d\u4ef6<br>\u6b61\u8fce\u4f86\u5230\u83ab\u5e03\u6d25\uff01<br>\u9019\u4e9b\u689d\u6b3e\u548c\u689d\u4ef6\u63cf\u8ff0\u4e86\u4f7f\u7528 Mobzin \u516c\u53f8\u7db2\u7ad9\uff08\u4f4d\u65bc https:\/\/mobzin.com\/\uff09\u7684\u898f\u5247\u3002<\/p>\n\n\n\n<p>\u900f\u904e\u9020\u8a2a\u672c\u7db2\u7ad9\uff0c\u6211\u5011\u8a8d\u70ba\u60a8\u540c\u610f\u4ee5\u4e0b\u689d\u6b3e\u548c\u689d\u4ef6\u3002\u5982\u679c\u60a8\u4e0d\u540c\u610f\u672c\u5354\u8b70\u4e2d\u6240\u8ff0\u7684\u689d\u6b3e\u548c\u689d\u4ef6\uff0c\u8acb\u52ff\u7e7c\u7e8c\u4f7f\u7528 Mobzin\u3002<\/p>\n\n\n\n<p><strong>\u9905\u4e7e<\/strong>:<br>\u8a72\u7db2\u7ad9\u4f7f\u7528 cookie \u4f86\u5e6b\u52a9\u500b\u4eba\u5316\u60a8\u7684\u7db2\u8def\u9ad4\u9a57\u3002\u9020\u8a2a Mobzin \u7db2\u7ad9\u5373\u8868\u793a\u60a8\u540c\u610f\u4f7f\u7528\u6240\u9700\u7684 cookie\u3002<\/p>\n\n\n\n<p>Cookie \u662f\u7db2\u9801\u4f3a\u670d\u5668\u653e\u7f6e\u5728\u60a8\u7684\u786c\u789f\u4e0a\u7684\u6587\u5b57\u6a94\u6848\u3002 Cookie \u4e0d\u5141\u8a31\u57f7\u884c\u7a0b\u5f0f\u6216\u5c07\u75c5\u6bd2\u50b3\u8f38\u5230\u60a8\u7684\u96fb\u8166\u3002 Cookie \u8207\u60a8\u552f\u4e00\u95dc\u806f\uff0c\u4e14\u53ea\u80fd\u7531\u767c\u5e03 Cookie \u7684\u7db2\u57df\u7684 Web \u4f3a\u670d\u5668\u8b80\u53d6\u3002<\/p>\n\n\n\n<p>\u6211\u5011\u53ef\u80fd\u6703\u4f7f\u7528 cookie \u4f86\u6536\u96c6\u3001\u5132\u5b58\u6216\u8ffd\u8e64\u8a0a\u606f\uff0c\u4ee5\u7528\u65bc\u6211\u5011\u7db2\u7ad9\u4e0a\u7684\u7d71\u8a08\u548c\u884c\u92b7\u76ee\u7684\u3002\u60a8\u53ef\u4ee5\u9078\u64c7\u63a5\u53d7\u6216\u62d2\u7d55\u9078\u7528 cookie\u3002\u6709\u4e00\u4e9b\u5f37\u5236\u6027 cookie\uff0c\u9019\u662f\u6211\u5011\u7db2\u7ad9\u6b63\u5e38\u904b\u4f5c\u6240\u5fc5\u9700\u7684\u3002\u9019\u4e9b\u5f37\u5236\u6027 cookie \u9700\u8981\u60a8\u7684\u540c\u610f\u3002\u8acb\u8a18\u4f4f\uff0c\u63a5\u53d7\u5f37\u5236\u6027 Cookie\uff0c\u5373\u8868\u793a\u60a8\u4e5f\u63a5\u53d7\u7b2c\u4e09\u65b9 Cookie\uff0c\u5982\u679c\u60a8\u4f7f\u7528\u7b2c\u4e09\u65b9\u5728\u6211\u5011\u7db2\u7ad9\u4e0a\u63d0\u4f9b\u7684\u670d\u52d9\uff0c\u5247\u7b2c\u4e09\u65b9\u53ef\u80fd\u6703\u4f7f\u7528\u9019\u4e9b Cookie\uff0c\u4f8b\u5982\u7b2c\u4e09\u65b9\u516c\u53f8\u63d0\u4f9b\u7684\u8996\u8a0a\u64ad\u653e\u8996\u7a97\u4e26\u6574\u5408\u5230\u6211\u5011\u7684\u7db2\u7ad9\u4e2d\u3002<\/p>\n\n\n\n<p><strong>\u57f7\u7167<\/strong>:<br>\u9664\u975e\u53e6\u6709\u8aaa\u660e\uff0cMobzin \u53ca\u5176\u6388\u6b0a\u4eba\u4eab\u6709 Mobzin \u4e0a\u767c\u5e03\u7684\u6240\u6709\u8cc7\u6599\u7684\u667a\u6167\u8ca1\u7522\u6b0a\u3002\u4fdd\u7559\u6240\u6709\u77e5\u8b58\u7522\u6b0a\u3002<\/p>\n\n\n\n<p><strong>\u4f60\u4e0d\u88ab\u5141\u8a31<\/strong>:<\/p>\n\n\n\n<p>\u5f9e Mobzin \u8907\u88fd\u6216\u91cd\u65b0\u767c\u5e03\u8cc7\u6599<br>\u5f9e Mobzin \u51fa\u552e\u3001\u51fa\u79df\u6216\u8f49\u79df\u6750\u6599<br>\u8907\u88fd\u3001\u8907\u88fd\u6216\u8907\u88fd Mobzin \u7684\u8cc7\u6599<br>\u91cd\u65b0\u6563\u4f48 Mobzin \u5167\u5bb9<br>\u672c\u5354\u8b70\u81ea\u5373\u65e5\u8d77\u751f\u6548\u3002<\/p>\n\n\n\n<p>\u672c\u7db2\u7ad9\u7684\u67d0\u4e9b\u90e8\u5206\u70ba\u4f7f\u7528\u8005\u63d0\u4f9b\u4e86\u5728\u67d0\u4e9b\u9818\u57df\u767c\u5e03\u548c\u8a0e\u8ad6\u610f\u898b\u548c\u8cc7\u8a0a\u7684\u6a5f\u6703\u3002 Mobzin \u5728\u8a55\u8ad6\u51fa\u73fe\u5728\u7db2\u7ad9\u4e0a\u4e4b\u524d\u4e0d\u6703\u5c0d\u5176\u9032\u884c\u904e\u6ffe\u3001\u7de8\u8f2f\u3001\u767c\u5e03\u6216\u5be9\u67e5\u3002\u8a55\u8ad6\u53cd\u6620\u4e86\u767c\u5e03\u8005\u7684\u610f\u898b\u3002\u5728\u9069\u7528\u6cd5\u5f8b\u5141\u8a31\u7684\u7bc4\u570d\u5167\uff0cMobzin \u4e0d\u5c0d\u8a55\u8ad6\u6216\u56e0\u5728\u672c\u7db2\u7ad9\u4e0a\u4f7f\u7528\u548c\/\u6216\u767c\u5e03\u548c\/\u6216\u51fa\u73fe\u8a55\u8ad6\u800c\u9020\u6210\u6216\u906d\u53d7\u7684\u4efb\u4f55\u640d\u5bb3\u3001\u98a8\u96aa\u6216\u8cbb\u7528\u627f\u64d4\u6cd5\u5f8b\u8cac\u4efb\u3002<\/p>\n\n\n\n<p>Mobzin \u4fdd\u7559\u522a\u9664\u4efb\u4f55\u53ef\u80fd\u88ab\u8996\u70ba\u4e0d\u7576\u3001\u5192\u72af\u6216\u9055\u53cd\u672c\u5354\u8b70\u689d\u6b3e\u548c\u689d\u4ef6\u7684\u8a55\u8ad6\u7684\u6b0a\u5229\u3002<\/p>\n\n\n\n<p><strong>\u60a8\u8072\u660e\u4e26\u4fdd\u8b49<\/strong>:<\/p>\n\n\n\n<p>\u60a8\u6709\u6b0a\u5728\u6211\u5011\u7684\u7db2\u7ad9\u4e0a\u767c\u8868\u8a55\u8ad6\uff0c\u4e26\u64c1\u6709\u6240\u6709\u9019\u6a23\u505a\u7684\u8a31\u53ef\u548c\u540c\u610f\uff1b<br>\u60a8\u7684\u8a55\u8ad6\u4e0d\u4fb5\u72af\u4efb\u4f55\u667a\u6167\u8ca1\u7522\u6b0a\uff0c\u5305\u62ec\u4efb\u4f55\u7b2c\u4e09\u65b9\u7684\u7248\u6b0a\u3001\u5c08\u5229\u6216\u5546\u6a19\uff1b<br>\u60a8\u7684\u8a55\u8ad6\u4e0d\u5305\u542b\u8ab9\u8b17\u3001\u8ab9\u8b17\u3001\u5192\u72af\u3001\u4e0d\u96c5\u6216\u5176\u4ed6\u4fb5\u72af\u96b1\u79c1\u7684\u975e\u6cd5\u8cc7\u6599\u3002<br>\u60a8\u7684\u8a55\u8ad6\u4e0d\u6703\u7528\u65bc\u62db\u652c\u6216\u63a8\u5ee3\u696d\u52d9\u6216\u5c55\u793a\u5546\u696d\u6d3b\u52d5\u6216\u975e\u6cd5\u6d3b\u52d5\u3002<br>\u60a8\u7279\u6b64\u6388\u4e88 Mobzin \u975e\u6392\u4ed6\u6027\u8a31\u53ef\uff0c\u4ee5\u4f7f\u7528\u3001\u8907\u88fd\u3001\u7de8\u8f2f\u4e26\u6388\u6b0a\u5176\u4ed6\u4eba\u4ee5\u4efb\u4f55\u53ca\u6240\u6709\u5f62\u5f0f\u3001\u683c\u5f0f\u548c\u5a92\u9ad4\u4f7f\u7528\u3001\u8907\u88fd\u6216\u7de8\u8f2f\u60a8\u7684\u4efb\u4f55\u8a55\u8ad6\u3002<\/p>\n\n\n\n<p>\u5275\u5efa\u6307\u5411\u6211\u5011\u5167\u5bb9\u7684\u93c8\u63a5<br>\u4ee5\u4e0b\u7d44\u7e54\u53ef\u4ee5\u5728\u672a\u7d93\u4e8b\u5148\u66f8\u9762\u6279\u51c6\u7684\u60c5\u6cc1\u4e0b\u9023\u7d50\u5230\u6211\u5011\u7684\u7db2\u7ad9\uff1a<\/p>\n\n\n\n<p>\u653f\u5e9c\u6a5f\u69cb;<br>\u641c\u5c0b\u5f15\u64ce;<br>\u5a92\u9ad4\u7d44\u7e54\uff1b<br>\u7dda\u4e0a\u76ee\u9304\u5206\u767c\u8005\u53ef\u4ee5\u50cf\u8d85\u9023\u7d50\u5230\u5176\u4ed6\u5217\u51fa\u7684\u4f01\u696d\u7684\u7db2\u7ad9\u4e00\u6a23\u8d85\u9023\u7d50\u5230\u6211\u5011\u7684\u7db2\u7ad9\uff1b\u9019\u662f<br>\u9664\u975e\u71df\u5229\u7c4c\u6b3e\u7d44\u7e54\u548c\u6148\u5584\u7c4c\u6b3e\u5718\u9ad4\u5916\uff0c\u7d93\u8a8d\u53ef\u7684\u4f01\u696d\u672a\u7d93\u4e8b\u5148\u6279\u51c6\u4e0d\u5f97\u9023\u7d50\u5230\u6211\u5011\u7684\u7db2\u7ad9\u3002<br>\u9019\u4e9b\u7d44\u7e54\u53ef\u80fd\u6703\u767c\u5e03\u6307\u5411\u6211\u5011\u4e3b\u9801\u3001\u51fa\u7248\u7269\u6216\u5176\u4ed6\u7db2\u7ad9\u8cc7\u8a0a\u7684\u93c8\u63a5\uff0c\u53ea\u8981\u8a72\u93c8\u63a5\uff1a (a) \u4e0d\u4ee5\u4efb\u4f55\u65b9\u5f0f\u8aa4\u5c0e\uff1b (b) \u4e0d\u5f97\u932f\u8aa4\u5730\u6697\u793a\u8207\u6211\u5011\u5c31\u7522\u54c1\u548c\/\u6216\u670d\u52d9\u6709\u8d0a\u52a9\u3001\u8a8d\u53ef\u6216\u6279\u51c6\u95dc\u4fc2\uff1b (c) \u9069\u5408\u5176\u63d2\u5165\u7684\u4e0a\u4e0b\u6587\u3002<\/p>\n\n\n\n<p>\u6211\u5011\u53ef\u80fd\u6703\u8003\u616e\u4e26\u6279\u51c6\u4f86\u81ea\u4ee5\u4e0b\u985e\u578b\u7d44\u7e54\u7684\u9023\u7d50\u8acb\u6c42\uff1a<\/p>\n\n\n\n<p>\u6709\u95dc\u7522\u54c1\u548c\u696d\u52d9\u7684\u77e5\u540d\u8cc7\u8a0a\u4f86\u6e90\uff1b<br>dot.com \u793e\u7fa4\u7db2\u7ad9\uff1b<br>\u4ee3\u8868\u6148\u5584\u6a5f\u69cb\u7684\u5354\u6703\u548c\u5176\u4ed6\u5718\u9ad4\uff1b<br>\u7dda\u4e0a\u76ee\u9304\u5206\u92b7\u5546\uff1b<br>\u7db2\u969b\u7db2\u8def\u5165\u53e3\u7db2\u7ad9\uff1b<br>\u6703\u8a08\u3001\u6cd5\u5f8b\u548c\u8aee\u8a62\u516c\u53f8\uff1b\u9019\u662f<br>\u6559\u80b2\u6a5f\u69cb\u548c\u73ed\u7d1a\u5354\u6703\u3002<br>\u5982\u679c\u6211\u5011\u8a8d\u70ba\u4ee5\u4e0b\u60c5\u6cc1\uff0c\u6211\u5011\u5c07\u6279\u51c6\u4e0a\u8ff0\u985e\u578b\u7d44\u7e54\u63d0\u51fa\u7684\u9023\u7d50\u8acb\u6c42\uff1a (a) \u8a72\u9023\u7d50\u4e0d\u6703\u5c0d\u6211\u5011\u7684\u5f62\u8c61\u548c\/\u6216\u7d93\u8a8d\u53ef\u7684\u516c\u53f8\u7684\u5f62\u50cf\u4e0d\u5229\uff1b (b) \u63d0\u51fa\u8acb\u6c42\u7684\u7d44\u7e54\u8207\u6211\u5011\u6c92\u6709\u4e0d\u826f\u7d00\u9304\uff1b (c) \u6211\u5011\u5f9e\u9023\u7d50\u7684\u53ef\u898b\u6027\u4e2d\u7372\u5f97\u7684\u597d\u8655\u5f4c\u88dc\u4e86 Mobzin \u7684\u7f3a\u5931\uff1b (d) \u8a72\u9023\u7d50\u5c07\u88ab\u653e\u7f6e\u5728\u4e00\u822c\u8cc7\u8a0a\u4e0a\u4e0b\u6587\u4e2d\u3002<\/p>\n\n\n\n<p>\u9019\u4e9b\u7d44\u7e54\u53ef\u80fd\u6703\u767c\u5e03\u6307\u5411\u6211\u5011\u4e3b\u9801\u7684\u93c8\u63a5\uff0c\u53ea\u8981\u8a72\u93c8\u63a5\uff1a (a) \u4e0d\u5b58\u5728\u4efb\u4f55\u8aa4\u5c0e\u6027\uff1b (b) \u4e0d\u5f97\u932f\u8aa4\u5730\u6697\u793a\u6211\u5011\u5c0d\u7522\u54c1\u548c\/\u6216\u670d\u52d9\u9032\u884c\u8d0a\u52a9\u3001\u8a8d\u53ef\u6216\u6279\u51c6\uff1b (c) \u9069\u5408\u5176\u63d2\u5165\u7684\u4e0a\u4e0b\u6587\u3002<\/p>\n\n\n\n<p>\u5982\u679c\u60a8\u4ee3\u8868\u4e0a\u8ff0\u7b2c 2 \u6bb5\u4e2d\u5217\u51fa\u7684\u7d44\u7e54\u4e4b\u4e00\uff0c\u4e26\u4e14\u6709\u8208\u8da3\u767c\u5e03\u6211\u5011\u7db2\u7ad9\u7684\u93c8\u63a5\uff0c\u60a8\u5fc5\u9808\u900f\u904e\u5411 Mobzin \u767c\u9001\u96fb\u5b50\u90f5\u4ef6\u544a\u77e5\u6211\u5011\u60a8\u7684\u8208\u8da3\u3002\u8acb\u5305\u542b\u60a8\u7684\u59d3\u540d\u3001\u60a8\u6240\u5728\u7d44\u7e54\u7684\u540d\u7a31\u548c\u806f\u7d61\u4fe1\u606f\uff0c\u4ee5\u53ca\u60a8\u7db2\u7ad9\u7684 URL\u3001\u60a8\u60f3\u8981\u9023\u7d50\u5230\u7684\u6211\u5011\u7db2\u7ad9\u4e0a\u7684 URL \u5217\u8868\uff0c\u4ee5\u53ca\u60a8\u60f3\u8981\u5728\u5176\u4e0a\u767c\u5e03\u6211\u5011\u7684\u8cc7\u8a0a\u7684\u7db2\u7ad9\u5217\u8868\u3002\u7db2\u5740\u3002\u8acb\u7b49\u5f852 \u52303 \u9031\u624d\u80fd\u6536\u5230\u56de\u8986\u3002<\/p>\n\n\n\n<p>\u7d93\u6279\u51c6\u7684\u7d44\u7e54\u53ef\u4ee5\u900f\u904e\u4ee5\u4e0b\u65b9\u5f0f\u767c\u5e03\u6211\u5011\u7db2\u7ad9\u7684\u9023\u7d50\uff1a<\/p>\n\n\n\n<p>\u4f7f\u7528\u6211\u5011\u7684\u516c\u53f8\u540d\u7a31\uff1b\u6216\u8005<br>\u4f7f\u7528\u9023\u7d50\u91cd\u5b9a\u5411\u7684 URL\uff1b\u6216\u8005<br>\u4f7f\u7528\u5728\u63d2\u5165\u9023\u7d50\u7684\u5167\u5bb9\u7684\u4e0a\u4e0b\u6587\u548c\u683c\u5f0f\u4e2d\u6709\u610f\u7fa9\u7684\u5c0d\u6211\u5011\u7db2\u7ad9\u7684\u4efb\u4f55\u5176\u4ed6\u63cf\u8ff0\u3002<br>\u672a\u7d93\u5546\u6a19\u4f7f\u7528\u8a31\u53ef\u5354\u8b70\uff0c\u4e0d\u5f97\u4f7f\u7528\u6216\u767c\u5e03 Mobzin \u6a19\u8a8c\u548c\/\u6216\u5176\u4ed6\u8996\u89ba\u5143\u7d20\u7684\u9023\u7d50\u3002<\/p>\n\n\n\n<p><strong>\u5167\u5bb9\u7684\u8cac\u4efb<\/strong>:<br>\u6211\u5011\u4e0d\u5c0d\u60a8\u7db2\u7ad9\u4e0a\u51fa\u73fe\u7684\u4efb\u4f55\u5167\u5bb9\u627f\u64d4\u6cd5\u5f8b\u8cac\u4efb\u3002\u60a8\u540c\u610f\u4fdd\u8b77\u6211\u5011\u4e26\u70ba\u6211\u5011\u8faf\u8b77\uff0c\u4f7f\u5176\u514d\u53d7\u60a8\u7db2\u7ad9\u4e0a\u63d0\u51fa\u7684\u6240\u6709\u6307\u63a7\u3002\u4efb\u4f55\u7db2\u7ad9\u4e0a\u4e0d\u5f97\u51fa\u73fe\u53ef\u80fd\u88ab\u89e3\u91cb\u70ba\u8ab9\u8b17\u3001\u7325\u893b\u3001\u72af\u7f6a\u6216\u4fb5\u72af\u3001\u4fb5\u72af\u6216\u4e3b\u5f35\u4fb5\u72af\u4efb\u4f55\u7b2c\u4e09\u65b9\u6b0a\u5229\u7684\u9023\u7d50\u3002<\/p>\n\n\n\n<p><strong>\u6b0a\u5229\u4fdd\u7559<\/strong>:<br>\u6211\u5011\u4fdd\u7559\u8981\u6c42\u60a8\u522a\u9664\u6240\u6709\u9023\u7d50\u6216\u91cd\u5b9a\u5411\u5230\u6211\u5011\u7db2\u7ad9\u7684\u4efb\u4f55\u9023\u7d50\u7684\u6b0a\u5229\u3002\u60a8\u540c\u610f\u6839\u64da\u8981\u6c42\u7acb\u5373\u522a\u9664\u6307\u5411\u6211\u5011\u7db2\u7ad9\u7684\u6240\u6709\u9023\u7d50\u3002\u6211\u5011\u4e5f\u4fdd\u7559\u96a8\u6642\u4fee\u6539\u548c\u66f4\u6539\u9019\u4e9b\u689d\u6b3e\u548c\u689d\u4ef6\u7684\u6b0a\u5229\u3002\u900f\u904e\u4e0d\u65b7\u767c\u4f48\u5230\u6211\u5011\u7db2\u7ad9\u7684\u93c8\u63a5\uff0c\u60a8\u540c\u610f\u53d7\u9019\u4e9b\u9023\u7d50\u689d\u6b3e\u548c\u689d\u4ef6\u7684\u7d04\u675f\u3002<\/p>\n\n\n\n<p><strong>\u522a\u9664\u6211\u5011\u7db2\u7ad9\u4e0a\u767c\u5e03\u7684\u93c8\u63a5<\/strong>:<br>\u5982\u679c\u60a8\u5728\u6211\u5011\u7684\u7db2\u7ad9\u4e0a\u767c\u73fe\u4efb\u4f55\u5177\u6709\u653b\u64ca\u6027\u7684\u93c8\u63a5\uff0c\u60a8\u53ef\u4ee5\u96a8\u6642\u8207\u6211\u5011\u806f\u7e6b\u4e26\u544a\u77e5\u6211\u5011\u8a72\u554f\u984c\u3002\u6211\u5011\u6703\u8003\u616e\u522a\u9664\u9023\u7d50\u7684\u8acb\u6c42\uff0c\u4f46\u6211\u5011\u6c92\u6709\u7fa9\u52d9\u522a\u9664\u6307\u5411\u6211\u5011\u7db2\u7ad9\u7684\u4efb\u4f55\u9023\u7d50\u6216\u76f4\u63a5\u56de\u61c9\u60a8\u7684\u8acb\u6c42\u3002<\/p>\n\n\n\n<p>\u6211\u5011\u4e0d\u4fdd\u8b49\u672c\u7db2\u7ad9\u6240\u5305\u542b\u7684\u8cc7\u8a0a\u662f\u6b63\u78ba\u7684\u3002\u6211\u5011\u4e0d\u4fdd\u8b49\u5167\u5bb9\u7684\u5b8c\u6574\u6027\u6216\u6e96\u78ba\u6027\u3002\u6211\u5011\u4e0d\u4fdd\u8b49\u7db2\u7ad9\u5c07\u4fdd\u6301\u53ef\u7528\u6216\u7db2\u7ad9\u4e0a\u7684\u8cc7\u6599\u5c07\u4fdd\u6301\u6700\u65b0\u3002<\/p>\n\n\n\n<p><strong>\u514d\u8cac\u8072\u660e<\/strong>:<br>\u5728\u6cd5\u5f8b\u5141\u8a31\u7684\u6700\u5927\u7bc4\u570d\u5167\uff0c\u6211\u5011\u6392\u9664\u8207\u6211\u5011\u7684\u7db2\u7ad9\u548c\u672c\u7db2\u7ad9\u7684\u4f7f\u7528\u76f8\u95dc\u7684\u6240\u6709\u9673\u8ff0\u3001\u4fdd\u8b49\u548c\u689d\u4ef6\u3002\u672c\u514d\u8cac\u8072\u660e\u4e2d\u7684\u4efb\u4f55\u5167\u5bb9\u90fd\u4e0d\u6703\uff1a<\/p>\n\n\n\n<p>\u9650\u88fd\u6216\u6392\u9664\u6211\u5011\u6216\u60a8\u5c0d\u6b7b\u4ea1\u6216\u4eba\u8eab\u50b7\u5bb3\u7684\u8cac\u4efb\uff1b<br>\u9650\u88fd\u6216\u6392\u9664\u6211\u5011\u6216\u60a8\u5c0d\u8a50\u6b3a\u6216\u8a50\u6b3a\u6027\u4e0d\u5be6\u9673\u8ff0\u7684\u8cac\u4efb\uff1b<br>\u4ee5\u6cd5\u5f8b\u4e0d\u5141\u8a31\u7684\u4efb\u4f55\u65b9\u5f0f\u9650\u5236\u6211\u5011\u6216\u60a8\u7684\u8cac\u4efb\uff1b<br>\u6392\u9664\u60a8\u6216\u6211\u5011\u4f9d\u9069\u7528\u6cd5\u5f8b\u4e0d\u5f97\u6392\u9664\u7684\u4efb\u4f55\u8cac\u4efb\u3002<br>\u672c\u7bc0\u548c\u672c\u8072\u660e\u5176\u4ed6\u5730\u65b9\u5217\u51fa\u7684\u8cac\u4efb\u9650\u5236\u548c\u7981\u6b62\uff1a (a) \u53d7\u524d\u6bb5\u7684\u7d04\u675f\uff1b (b) \u7ba1\u8f44\u6839\u64da\u8072\u660e\u7522\u751f\u7684\u6240\u6709\u8cac\u4efb\uff0c\u5305\u62ec\u56e0\u5408\u7d04\u3001\u4fb5\u6b0a\u548c\u9055\u53cd\u6cd5\u5f8b\u7fa9\u52d9\u800c\u7522\u751f\u7684\u8cac\u4efb\u3002<\/p>\n\n\n\n<p>\u53ea\u8981\u7db2\u7ad9\u4ee5\u53ca\u7db2\u7ad9\u4e0a\u7684\u8cc7\u8a0a\u548c\u670d\u52d9\u662f\u514d\u8cbb\u63d0\u4f9b\u7684\uff0c\u6211\u5011\u5c07\u4e0d\u5c0d\u4efb\u4f55\u6027\u8cea\u7684\u640d\u5931\u6216\u640d\u5bb3\u627f\u64d4\u8cac\u4efb\u3002<\/p>","protected":false},"excerpt":{"rendered":"<p>Termos e Condi\u00e7\u00f5es de UsoSeja bem-vindo ao Mobzin!Estes termos e condi\u00e7\u00f5es descrevem as regras de uso do site da empresa Mobzin, localizado no endere\u00e7o https:\/\/mobzin.com\/. Ao acessar este site, consideramos que voc\u00ea est\u00e1 de acordo com os termos e condi\u00e7\u00f5es abaixo. N\u00e3o continue a usar o Mobzin caso voc\u00ea discorde dos termos e condi\u00e7\u00f5es descritos [&hellip;]<\/p>\n","protected":false},"author":4,"featured_media":0,"parent":0,"menu_order":0,"comment_status":"closed","ping_status":"closed","template":"","meta":{"footnotes":""},"class_list":["post-89","page","type-page","status-publish"],"_links":{"self":[{"href":"https:\/\/mobzin.com\/zh\/wp-json\/wp\/v2\/pages\/89","targetHints":{"allow":["GET"]}}],"collection":[{"href":"https:\/\/mobzin.com\/zh\/wp-json\/wp\/v2\/pages"}],"about":[{"href":"https:\/\/mobzin.com\/zh\/wp-json\/wp\/v2\/types\/page"}],"author":[{"embeddable":true,"href":"https:\/\/mobzin.com\/zh\/wp-json\/wp\/v2\/users\/4"}],"replies":[{"embeddable":true,"href":"https:\/\/mobzin.com\/zh\/wp-json\/wp\/v2\/comments?post=89"}],"version-history":[{"count":5,"href":"https:\/\/mobzin.com\/zh\/wp-json\/wp\/v2\/pages\/89\/revisions"}],"predecessor-version":[{"id":346,"href":"https:\/\/mobzin.com\/zh\/wp-json\/wp\/v2\/pages\/89\/revisions\/346"}],"wp:attachment":[{"href":"https:\/\/mobzin.com\/zh\/wp-json\/wp\/v2\/media?parent=89"}],"curies":[{"name":"wp","href":"https:\/\/api.w.org\/{rel}","templated":true}]}}